{"id":28292,"date":"2026-03-31T14:35:04","date_gmt":"2026-03-31T12:59:52","guid":{"rendered":"https:\/\/www.espiroflex.com\/cobra-superelastic\/"},"modified":"2026-04-06T08:57:11","modified_gmt":"2026-04-06T06:57:11","slug":"cobra-superelastic","status":"publish","type":"product","link":"https:\/\/www.espiroflex.com\/pl\/produkt\/cobra-superelastic\/","title":{"rendered":"COBRA SUPERELASTIC"},"content":{"rendered":"","protected":false},"excerpt":{"rendered":"<p>W\u0105\u017c ogrodowy z PVC, wzmocniony siatk\u0105 poliestrow\u0105, odporny na ci\u015bnienie wody z sieci wodoci\u0105gowej. Wyposa\u017cony w najnowocze\u015bniejsze rozwi\u0105zania konstrukcyjne. Niezr\u00f3wnana elastyczno\u015b\u0107 i \u0142atwo\u015b\u0107 obs\u0142ugi.<\/p>\n<ul>\n<li>Niezwykle lekki, o g\u0142adkiej powierzchni i bardzo elastyczny.<\/li>\n<li>Dobra odporno\u015b\u0107 chemiczna zgodna z tabel\u0105 odporno\u015bci PVC.<\/li>\n<li>Zalecana temperatura u\u017cytkowania wynosi od -10\u00b0C do 60\u00b0C.<\/li>\n<\/ul>\n","protected":false},"featured_media":28016,"template":"","meta":[],"product_brand":[],"product_cat":[393,286],"product_tag":[],"class_list":{"0":"post-28292","1":"product","2":"type-product","3":"status-publish","4":"has-post-thumbnail","6":"product_cat-ogrodniczych","7":"product_cat-waz-pcv","8":"pa_diametro-externo-mm-17-0-pl","9":"pa_diametro-externo-mm-19-0-pl","10":"pa_diametro-externo-mm-24-5-pl","11":"pa_diametro-externo-mm-38-0-pl","12":"pa_diametro-externo-mm-32-0-pl","13":"pa_diametro-interno-mm-12-5-pl","14":"pa_diametro-interno-mm-15-0-pl","15":"pa_diametro-interno-mm-19-0-pl","16":"pa_diametro-interno-mm-25-0-pl","17":"pa_diametro-interno-mm-30-0-pl","18":"pa_diametro-interno-pulg-1-1-8-pl-2","19":"pa_diametro-interno-pulg-1-pl","20":"pa_diametro-interno-pulg-1-2-pl","21":"pa_diametro-interno-pulg-3-4-2-pl","22":"pa_diametro-interno-pulg-5-8-pl","23":"pa_peso-gr-m-150-0-pl","24":"pa_peso-gr-m-420-0-pl","25":"pa_peso-gr-m-120-0-pl","26":"pa_peso-gr-m-250-0-pl","27":"pa_peso-gr-m-580-0-pl","28":"pa_presion-rotura-bar-18-0-pl","29":"pa_presion-rotura-bar-24-0-pl","30":"pa_presion-rotura-bar-30-0-pl","32":"first","33":"instock","34":"shipping-taxable","35":"product-type-variable"},"_links":{"self":[{"href":"https:\/\/www.espiroflex.com\/pl\/wp-json\/wp\/v2\/product\/28292","targetHints":{"allow":["GET"]}}],"collection":[{"href":"https:\/\/www.espiroflex.com\/pl\/wp-json\/wp\/v2\/product"}],"about":[{"href":"https:\/\/www.espiroflex.com\/pl\/wp-json\/wp\/v2\/types\/product"}],"wp:featuredmedia":[{"embeddable":true,"href":"https:\/\/www.espiroflex.com\/pl\/wp-json\/wp\/v2\/media\/28016"}],"wp:attachment":[{"href":"https:\/\/www.espiroflex.com\/pl\/wp-json\/wp\/v2\/media?parent=28292"}],"wp:term":[{"taxonomy":"product_brand","embeddable":true,"href":"https:\/\/www.espiroflex.com\/pl\/wp-json\/wp\/v2\/product_brand?post=28292"},{"taxonomy":"product_cat","embeddable":true,"href":"https:\/\/www.espiroflex.com\/pl\/wp-json\/wp\/v2\/product_cat?post=28292"},{"taxonomy":"product_tag","embeddable":true,"href":"https:\/\/www.espiroflex.com\/pl\/wp-json\/wp\/v2\/product_tag?post=28292"}],"curies":[{"name":"wp","href":"https:\/\/api.w.org\/{rel}","templated":true}]}}