{"id":28256,"date":"2026-03-24T13:24:27","date_gmt":"2026-03-31T12:08:23","guid":{"rendered":"https:\/\/www.espiroflex.com\/espirolatex\/"},"modified":"2026-04-06T09:55:36","modified_gmt":"2026-04-06T07:55:36","slug":"espirolatex","status":"publish","type":"product","link":"https:\/\/www.espiroflex.com\/pl\/produkt\/espirolatex\/","title":{"rendered":"ESPIROLATEX"},"content":{"rendered":"","protected":false},"excerpt":{"rendered":"<p>W\u0105\u017c z PVC o specjalnej formule lateksowej, przeznaczony do kontaktu z \u017cywno\u015bci\u0105, bardzo odporny na zginanie i skr\u0119canie, niezwykle por\u0119czny. Odporny na promieniowanie UV.<br \/>\nPrzeznaczony do zastosowa\u0144 domowych i ogrodniczych.<\/p>\n<p>Bardzo elastyczna, jednowarstwowa i ca\u0142kowicie g\u0142adka.<\/p>\n","protected":false},"featured_media":28133,"template":"","meta":[],"product_brand":[],"product_cat":[393,230],"product_tag":[],"class_list":{"0":"post-28256","1":"product","2":"type-product","3":"status-publish","4":"has-post-thumbnail","6":"product_cat-ogrodniczych","7":"product_cat-spozywczy","8":"pa_diametro-externo-mm-21-0-pl","9":"pa_diametro-externo-mm-27-0-pl","10":"pa_diametro-externo-mm-33-0-pl","11":"pa_diametro-externo-mm-38-0-pl","12":"pa_diametro-interno-mm-15-0-pl","13":"pa_diametro-interno-mm-19-0-pl","14":"pa_diametro-interno-mm-25-0-pl","15":"pa_diametro-interno-mm-30-0-pl","16":"pa_diametro-interno-pulg-1-pl","17":"pa_diametro-interno-pulg-1-1-8-pl","18":"pa_diametro-interno-pulg-3-4-pl","19":"pa_diametro-interno-pulg-5-8-pl","20":"pa_peso-gr-m-205-0-pl","21":"pa_peso-gr-m-515-0-pl","22":"pa_peso-gr-m-350-0-pl","23":"pa_peso-gr-m-440-0-pl","24":"pa_presion-rotura-bar-9-0-pl","26":"first","27":"instock","28":"shipping-taxable","29":"product-type-variable"},"_links":{"self":[{"href":"https:\/\/www.espiroflex.com\/pl\/wp-json\/wp\/v2\/product\/28256","targetHints":{"allow":["GET"]}}],"collection":[{"href":"https:\/\/www.espiroflex.com\/pl\/wp-json\/wp\/v2\/product"}],"about":[{"href":"https:\/\/www.espiroflex.com\/pl\/wp-json\/wp\/v2\/types\/product"}],"wp:featuredmedia":[{"embeddable":true,"href":"https:\/\/www.espiroflex.com\/pl\/wp-json\/wp\/v2\/media\/28133"}],"wp:attachment":[{"href":"https:\/\/www.espiroflex.com\/pl\/wp-json\/wp\/v2\/media?parent=28256"}],"wp:term":[{"taxonomy":"product_brand","embeddable":true,"href":"https:\/\/www.espiroflex.com\/pl\/wp-json\/wp\/v2\/product_brand?post=28256"},{"taxonomy":"product_cat","embeddable":true,"href":"https:\/\/www.espiroflex.com\/pl\/wp-json\/wp\/v2\/product_cat?post=28256"},{"taxonomy":"product_tag","embeddable":true,"href":"https:\/\/www.espiroflex.com\/pl\/wp-json\/wp\/v2\/product_tag?post=28256"}],"curies":[{"name":"wp","href":"https:\/\/api.w.org\/{rel}","templated":true}]}}