{"id":27106,"date":"2025-07-22T17:29:09","date_gmt":"2025-07-22T15:29:09","guid":{"rendered":"https:\/\/www.espiroflex.com\/poliuretano-flex-rock-2-5-est\/"},"modified":"2025-12-02T08:04:33","modified_gmt":"2025-12-02T07:04:33","slug":"poliuretano-flex-rock-2-5-est","status":"publish","type":"product","link":"https:\/\/www.espiroflex.com\/pl\/produkt\/poliuretano-flex-rock-2-5-est\/","title":{"rendered":"Poliuretano Flex Rock 2.5 EST"},"content":{"rendered":"<p>Przew\u00f3d wykonany z elastycznego, przezroczystego poliuretanu na bazie polieteru, z wewn\u0119trzn\u0105 spiral\u0105 z miedziowanej stali o w\u0142a\u015bciwo\u015bciach antystatycznych, odpowiedni do instalacji zgodnych z norm\u0105 ATEX, przeznaczony do zasysania produkt\u00f3w o wysokiej \u015bcieralno\u015bci. Wysoka odporno\u015b\u0107 na \u015bcieranie, wilgo\u0107 i mikroorganizmy. Dobra odporno\u015b\u0107 chemiczna zgodnie z tabel\u0105 PU. Produkt dostarczany w rolkach.<\/p>\n","protected":false},"excerpt":{"rendered":"<p>Przew\u00f3d wykonany z elastycznego, przezroczystego poliuretanu na bazie polieteru, z wewn\u0119trzn\u0105 spiral\u0105 z miedziowanej stali o w\u0142a\u015bciwo\u015bciach antystatycznych, odpowiedni do instalacji zgodnych z norm\u0105 ATEX, przeznaczony do zasysania produkt\u00f3w o wysokiej \u015bcieralno\u015bci. Wysoka odporno\u015b\u0107 na \u015bcieranie, wilgo\u0107 i mikroorganizmy. Dobra odporno\u015b\u0107 chemiczna zgodnie z tabel\u0105 PU. Produkt dostarczany w rolkach.<\/p>\n","protected":false},"featured_media":5849,"template":"","meta":[],"product_brand":[919],"product_cat":[330,4226,297,4922,345,301,282,270,235,230],"product_tag":[],"class_list":{"0":"post-27106","1":"product","2":"type-product","3":"status-publish","4":"has-post-thumbnail","6":"product_brand-poliuretano","7":"product_cat-drewno","8":"product_cat-industrial-3-pl","9":"product_cat-napowietrzanie-dymu-i-gazow2","10":"product_cat-powietrze","11":"product_cat-przemyslowy","12":"product_cat-ssanie-abrazyjnych","13":"product_cat-ssanie-scierne2","14":"product_cat-waz-pu","15":"product_cat-rolniczy","16":"product_cat-spozywczy","17":"pa_antiestatico-antystatyczny","18":"pa_aplicaciones-aspiracja","19":"pa_aplicaciones-pellet-pl","20":"pa_aplicaciones-przemyslowy","21":"pa_aplicaciones-zywnosc","22":"pa_color-szary","23":"pa_construccion-manguera-poliuretan-ze-spirala-druciana","24":"pa_diametro-interno-mm-40-0-pl","25":"pa_diametro-interno-mm-45-0-pl","26":"pa_diametro-interno-mm-51-0-pl","27":"pa_diametro-interno-mm-60-0-pl","28":"pa_diametro-interno-mm-70-0-pl","29":"pa_diametro-interno-mm-76-0-pl","30":"pa_diametro-interno-mm-80-0-pl","31":"pa_diametro-interno-mm-90-0-pl","32":"pa_diametro-interno-mm-102-0-pl","33":"pa_diametro-interno-mm-110-0-pl","34":"pa_diametro-interno-mm-120-0-pl","35":"pa_diametro-interno-mm-127-0-pl","36":"pa_diametro-interno-mm-130-0-pl","37":"pa_diametro-interno-mm-140-0-pl","38":"pa_diametro-interno-mm-152-0-pl","39":"pa_diametro-interno-mm-180-0-pl","40":"pa_diametro-interno-mm-203-0-pl","41":"pa_diametro-interno-mm-225-0-pl","42":"pa_diametro-interno-mm-254-0-pl","43":"pa_diametro-interno-mm-305-0-pl","44":"pa_diametro-interno-mm-356-0-pl","45":"pa_diametro-interno-mm-406-0-pl","46":"pa_diametro-interno-mm-450-0-pl","47":"pa_diametro-interno-pulg-1-3-4-pl","48":"pa_diametro-interno-pulg-1-5-8-pl","49":"pa_diametro-interno-pulg-10-pl","50":"pa_diametro-interno-pulg-12-pl","51":"pa_diametro-interno-pulg-14-pl","52":"pa_diametro-interno-pulg-16-pl","53":"pa_diametro-interno-pulg-18-pl","54":"pa_diametro-interno-pulg-2-pl","55":"pa_diametro-interno-pulg-2-1-4-pl","56":"pa_diametro-interno-pulg-2-3-4-pl","57":"pa_diametro-interno-pulg-3-pl","58":"pa_diametro-interno-pulg-3-1-2-pl","59":"pa_diametro-interno-pulg-3-1-8-pl","60":"pa_diametro-interno-pulg-4-pl","61":"pa_diametro-interno-pulg-4-3-4-pl","62":"pa_diametro-interno-pulg-4-5-16-pl","63":"pa_diametro-interno-pulg-5-pl","64":"pa_diametro-interno-pulg-5-1-2-pl","65":"pa_diametro-interno-pulg-5-1-4-pl","66":"pa_diametro-interno-pulg-6-pl","67":"pa_diametro-interno-pulg-7-pl","68":"pa_diametro-interno-pulg-8-pl","69":"pa_diametro-interno-pulg-9-pl","70":"pa_material-flexible-poliuretan-pl","71":"pa_material-manguera-tpu-pl","72":"pa_opacidad-przezroczysty","73":"pa_refuerzo-stal-miedziowana","74":"pa_resistencia-r-dicromato-de-potasio-40-pl","75":"pa_resistencia-r-acetamida-pl","76":"pa_resistencia-r-aceton-pl","77":"pa_resistencia-r-alkohol-butylowy","78":"pa_resistencia-r-alumbre-pl","79":"pa_resistencia-r-amoniak-gaz-pl","80":"pa_resistencia-r-nitrato-de-amonio-25-pl","81":"pa_resistencia-r-nitrato-sodico-pl","82":"pa_resistencia-r-azotan-wapnia-50","83":"pa_resistencia-r-azotan-wapnia-koncentrat","84":"pa_resistencia-r-borax-5-pl","85":"pa_resistencia-r-chlorek-amonu-25","86":"pa_resistencia-r-chlorek-glinu-25","87":"pa_resistencia-r-chlorek-potasu","88":"pa_resistencia-r-chlorek-rteci","89":"pa_resistencia-r-cloruro-de-calcio-20-pl","90":"pa_resistencia-r-cloruro-de-calcio-25-pl","91":"pa_resistencia-r-cloruro-ferrico-pl","92":"pa_resistencia-r-sidra-pl","93":"pa_resistencia-r-cianuro-de-sodio-pl","94":"pa_resistencia-r-dichloroethan","95":"pa_resistencia-r-dicromato-de-potasio-todas-conc-pl","96":"pa_resistencia-r-anhidrido-carbonico-pl","97":"pa_resistencia-r-dioxido-de-carbono-pl","98":"pa_resistencia-r-eter-izopropylowy","99":"pa_resistencia-r-fenylamina","100":"pa_resistencia-r-freon-12-czynnik-chlodniczy","101":"pa_resistencia-r-ftalany","102":"pa_resistencia-r-glicerina-pl","103":"pa_resistencia-r-glicol-de-etileno-pl","104":"pa_resistencia-r-heksan","105":"pa_resistencia-r-detergentes-concentrados-pl","106":"pa_resistencia-r-silicatos-aluminicos-pl","107":"pa_resistencia-r-silicatos-potasicos-pl","108":"pa_resistencia-r-acido-borico-5-pl","109":"pa_resistencia-r-acido-clorhidrico-5-pl","110":"pa_resistencia-r-acido-cromico-5-pl","111":"pa_resistencia-r-acido-citrico-5-pl","112":"pa_resistencia-r-acido-lactico-sol-acu-10-pl","113":"pa_resistencia-r-acido-acetico-3-pl","114":"pa_resistencia-r-acido-sulfurico-5-pl","115":"pa_resistencia-r-acido-carbonico-5-pl","116":"pa_resistencia-r-lakiery-bazowe-na-bazie-rozpuszczalnika","117":"pa_resistencia-r-manganato-potasico-pl","118":"pa_resistencia-r-metan-pl","119":"pa_resistencia-r-metylooktanol","120":"pa_resistencia-r-mocznik-ad-blue","121":"pa_resistencia-r-nafta","122":"pa_resistencia-r-nitrogeno-pl","123":"pa_resistencia-r-olej-astm-1-pl","124":"pa_resistencia-r-olej-astm-2-pl","125":"pa_resistencia-r-olej-astm-3-pl","126":"pa_resistencia-r-olej-hydrauliczny","127":"pa_resistencia-r-olej-napedowy-i-biodiesel","128":"pa_resistencia-r-olej-silikonowy","129":"pa_resistencia-r-oleje-roslinne","130":"pa_resistencia-r-ozon-pl","131":"pa_resistencia-r-parafina-pl","132":"pa_resistencia-r-perborato-sodico-pl","133":"pa_resistencia-r-cerveza-pl","134":"pa_resistencia-r-plomotetraetilo-pl","135":"pa_resistencia-r-potasio-pl","136":"pa_resistencia-r-powietrze","137":"pa_resistencia-r-roztwor-mydla-wszystkie-stezenia","138":"pa_resistencia-r-sebacynian-dioktylu","139":"pa_resistencia-r-siarczan-miedzi-sol-sat","140":"pa_resistencia-r-siarczan-potasu","141":"pa_resistencia-r-sulfuro-de-bario-pl","142":"pa_resistencia-r-siarczek-wapnia","143":"pa_resistencia-r-sulfuro-ferrico-pl","144":"pa_resistencia-r-azufre-pl","145":"pa_resistencia-r-silicatos-sodicos-pl","146":"pa_resistencia-r-skalica","147":"pa_resistencia-r-szczawian-etylu","148":"pa_resistencia-r-oxigeno-pl","149":"pa_resistencia-r-oxidos-sulfurosos-pl","150":"pa_resistencia-r-tluszcze-litowe-sodowe-i-wapniowe","151":"pa_resistencia-r-tluszcze-silikonowe","152":"pa_resistencia-r-tluszcze-zwierzece","153":"pa_resistencia-r-trisulfat-sodu","154":"pa_resistencia-r-carbonato-magnesico-pl","155":"pa_resistencia-r-carbonato-de-sodio-pl","156":"pa_resistencia-r-carbonato-calcico-pl","157":"pa_resistencia-r-woda","158":"pa_resistencia-r-woda-morska","159":"pa_resistencia-r-woda-utleniona-slonce-alkaliczna","160":"pa_resistencia-r-wodor","161":"pa_resistencia-r-hidroxido-de-potasio-5-pl","162":"pa_resistencia-r-hidroxido-de-sodio-sosa-5-pl","163":"pa_resistencia-r-zelatyna","164":"pa_resistente-a-la-abrasion-odporny-na-scieranie","165":"pa_resistente-lr-alkohol-etylowy-50","166":"pa_resistente-lr-alkohol-izobutylowy","167":"pa_resistente-lr-alkohol-izopropylowy","168":"pa_resistente-lr-benzyna","169":"pa_resistente-lr-bezwodnik-siarkowy","170":"pa_resistente-lr-butyloamina","171":"pa_resistente-lr-chlorek-sodu-25","172":"pa_resistente-lr-ciclohexano-pl","173":"pa_resistente-lr-dietyloenglikol","174":"pa_resistente-lr-etano-pl","175":"pa_resistente-lr-formaldehyd-20-pl","176":"pa_resistente-lr-formaldehyd-30-pl","177":"pa_resistente-lr-gaz-ziemny","178":"pa_resistente-lr-glikole","179":"pa_resistente-lr-kwas-azotowy-5","180":"pa_resistente-lr-kwas-borowy-10","181":"pa_resistente-lr-kwas-chlorowodorowy-10","182":"pa_resistente-lr-permanganates-potassique-10-pl","183":"pa_resistente-lr-nadtlenek-wodoru-30-obj","184":"pa_resistente-lr-nafta-pl","185":"pa_resistente-lr-olej-opalowy","186":"pa_resistente-lr-oleje-smarowe-ropa-naftowa","187":"pa_resistente-lr-podchloryn-wapnia","188":"pa_resistente-lr-ropa-naftowa","189":"pa_resistente-lr-white-spirit-pl","190":"pa_resistente-lr-wodorotlenek-sodu-soda-10","191":"pa_resistente-nr-15-podchloryn-sodu-cl2","192":"pa_resistente-nr-acetatos-de-alquilo-pl","193":"pa_resistente-nr-acido-sulfurico-98-pl","194":"pa_resistente-nr-acido-sulfurico-conc-fuming-pl","195":"pa_resistente-nr-acetaldehido-pl","196":"pa_resistente-nr-aldehidos-pl","197":"pa_resistente-nr-alcohol-etilico-96-pl","198":"pa_resistente-nr-alcohol-etilico-max-conc-pl","199":"pa_resistente-nr-alkohol-metylowy-6","200":"pa_resistente-nr-nitrito-sodico-pl","201":"pa_resistente-nr-benzaldehido-pl","202":"pa_resistente-nr-anhidrido-acetico-pl","203":"pa_resistente-nr-bisulfat-sodu","204":"pa_resistente-nr-bromo-pl","205":"pa_resistente-nr-bromuro-de-alquilo-pl","206":"pa_resistente-nr-cloro-100-gas-seco-pl","207":"pa_resistente-nr-chlorek-metylenu","208":"pa_resistente-nr-chlorek-metylu","209":"pa_resistente-nr-cicloalcanos-pl","210":"pa_resistente-nr-cicloalcoholes-pl","211":"pa_resistente-nr-cykloheksanol","212":"pa_resistente-nr-ciclohexanona-pl","213":"pa_resistente-nr-ciclocetonas-pl","214":"pa_resistente-nr-tetracloruro-de-carbono2-pl","215":"pa_resistente-nr-dietyloamina","216":"pa_resistente-nr-dimetil-formamida-pl","217":"pa_resistente-nr-etere-di-dietile-pl","218":"pa_resistente-nr-etilico-etere-pl","219":"pa_resistente-nr-fenol-pl","220":"pa_resistente-nr-formaldehyd-37-pl","221":"pa_resistente-nr-formaldehyd-40","222":"pa_resistente-nr-freon-11-czynnik-chlodniczy","223":"pa_resistente-nr-freon-22-czynnik-chlodniczy","224":"pa_resistente-nr-hidracina-pl","225":"pa_resistente-nr-hydrochinon-pl","226":"pa_resistente-nr-cetonas-pl","227":"pa_resistente-nr-cresol-pl","228":"pa_resistente-nr-kwas-azotowy-10","229":"pa_resistente-nr-kwas-azotowy-20","230":"pa_resistente-nr-kwas-azotowy-30","231":"pa_resistente-nr-kwas-azotowy-50","232":"pa_resistente-nr-acido-nitrico-70-pl","233":"pa_resistente-nr-acido-nitrico-95-pl","234":"pa_resistente-nr-kwas-bromowodorowy-roztwor-wodny-50","235":"pa_resistente-nr-kwas-chlorowodorowy-20","236":"pa_resistente-nr-kwas-chlorowodorowy-22","237":"pa_resistente-nr-kwas-fluorowodorowy-20","238":"pa_resistente-nr-kwas-fluorowodorowy-30","239":"pa_resistente-nr-acido-fluorhidrico-40-pl","240":"pa_resistente-nr-acido-fluorhidrico-60-pl","241":"pa_resistente-nr-acido-ftalico-pl","242":"pa_resistente-nr-kwas-mrowkowy-20","243":"pa_resistente-nr-acido-formico-25-pl","244":"pa_resistente-nr-acido-formico-85-pl","245":"pa_resistente-nr-kwas-mrowkowy-10","246":"pa_resistente-nr-acido-formico-conc-pl","247":"pa_resistente-nr-acido-peracetico-pl","248":"pa_resistente-nr-kwas-octowy-30","249":"pa_resistente-nr-kwas-octowy-50","250":"pa_resistente-nr-kwas-octowy-80","251":"pa_resistente-nr-acido-acetico-conc-pl","252":"pa_resistente-nr-acido-oleico-pl","253":"pa_resistente-nr-kwas-siarkowy-20","254":"pa_resistente-nr-kwas-siarkowy-25","255":"pa_resistente-nr-kwas-siarkowy-50","256":"pa_resistente-nr-acido-sulfurico-70-pl","257":"pa_resistente-nr-acido-sulfurico-80-pl","258":"pa_resistente-nr-acido-sulfurico-96-pl","259":"pa_resistente-nr-kwas-szczawiowy","260":"pa_resistente-nr-urea-30-pl","261":"pa_resistente-nr-mydla-w-plynie","262":"pa_resistente-nr-olej-zwierzecy","263":"pa_resistente-nr-olio-pl","264":"pa_resistente-nr-pentan-pl","265":"pa_resistente-nr-perchloroetylen","266":"pa_resistente-nr-podchloryn-sodu-14-cl2","267":"pa_resistente-nr-sebacato-de-dioctilo-pl","268":"pa_resistente-nr-siarczan-amonu-sol-sat","269":"pa_resistente-nr-siarczan-glinu","270":"pa_resistente-nr-silicona-pl","271":"pa_resistente-nr-stezony-kwas-chlorowodorowy","272":"pa_resistente-nr-tanino-pl","273":"pa_resistente-nr-tetrahydrofuran-pl","274":"pa_resistente-nr-toluol","275":"pa_resistente-nr-trietanoloamina","276":"pa_resistente-nr-wapniowy-bisulfat","277":"pa_resistente-nr-wilgotny-chlor","278":"pa_resistente-nr-hydroxid-sodny-soda-20-pl","279":"pa_resistente-nr-wodorotlenek-sodu-soda-50","280":"pa_resistente-nr-wodorotlenek-sodu-soda-stezony","281":"pa_resistente-nr-xylen-pl","282":"pa_resistente-nr-zywica-epoksydowa","283":"pa_resistente-sr-olej-mineralny","284":"pa_resistente-sr-olej-z-nasion","285":"pa_resistente-sr-whisky-pl","286":"pa_resistente-sr-wina","287":"pa_superficie-exterior-szorstki","288":"pa_superficie-interior-szorstki","289":"pa_temperatura-maxima-oc-80c-pl","290":"pa_temperatura-minima-oc-30c-pl","291":"pa_vacio-m-h2o-0-8-pl","292":"pa_vacio-m-h2o-1-0-pl","293":"pa_vacio-m-h2o-1-5-pl","294":"pa_vacio-m-h2o-1-8-pl","295":"pa_vacio-m-h2o-2-0-pl","296":"pa_vacio-m-h2o-2-5-pl","297":"pa_vacio-m-h2o-3-0-pl","298":"pa_vacio-m-h2o-3-5-pl","299":"pa_vacio-m-h2o-4-0-pl","300":"pa_vacio-m-h2o-4-5-pl","301":"pa_vacio-m-h2o-5-0-pl","302":"pa_vacio-m-h2o-5-5-pl","303":"pa_vacio-m-h2o-6-0-pl","305":"first","306":"instock","307":"shipping-taxable","308":"product-type-variable"},"_links":{"self":[{"href":"https:\/\/www.espiroflex.com\/pl\/wp-json\/wp\/v2\/product\/27106","targetHints":{"allow":["GET"]}}],"collection":[{"href":"https:\/\/www.espiroflex.com\/pl\/wp-json\/wp\/v2\/product"}],"about":[{"href":"https:\/\/www.espiroflex.com\/pl\/wp-json\/wp\/v2\/types\/product"}],"wp:featuredmedia":[{"embeddable":true,"href":"https:\/\/www.espiroflex.com\/pl\/wp-json\/wp\/v2\/media\/5849"}],"wp:attachment":[{"href":"https:\/\/www.espiroflex.com\/pl\/wp-json\/wp\/v2\/media?parent=27106"}],"wp:term":[{"taxonomy":"product_brand","embeddable":true,"href":"https:\/\/www.espiroflex.com\/pl\/wp-json\/wp\/v2\/product_brand?post=27106"},{"taxonomy":"product_cat","embeddable":true,"href":"https:\/\/www.espiroflex.com\/pl\/wp-json\/wp\/v2\/product_cat?post=27106"},{"taxonomy":"product_tag","embeddable":true,"href":"https:\/\/www.espiroflex.com\/pl\/wp-json\/wp\/v2\/product_tag?post=27106"}],"curies":[{"name":"wp","href":"https:\/\/api.w.org\/{rel}","templated":true}]}}