{"id":27055,"date":"2025-07-22T17:28:02","date_gmt":"2025-07-22T15:28:02","guid":{"rendered":"https:\/\/www.espiroflex.com\/poliuretano-flex-bs-0-4-et\/"},"modified":"2025-12-02T07:44:11","modified_gmt":"2025-12-02T06:44:11","slug":"poliuretano-flex-bs-0-4-et","status":"publish","type":"product","link":"https:\/\/www.espiroflex.com\/pl\/produkt\/poliuretano-flex-bs-0-4-et\/","title":{"rendered":"Poliuretano Flex BS 0.4 ET"},"content":{"rendered":"<p>Przew\u00f3d wykonany z elastycznego, przezroczystego poliuretanu na bazie polieteru, z wewn\u0119trzn\u0105 spiral\u0105 z miedziowanej stali o charakterze antystatycznym, odpowiedni do instalacji zgodnych z norm\u0105 ATEX, do zasysania produkt\u00f3w o niskiej \u015bcieralno\u015bci. Bardzo elastyczny, odporny na \u015bcieranie, wilgo\u0107 i mikroorganizmy. Dobra odporno\u015b\u0107 chemiczna zgodnie z tabel\u0105 odporno\u015bci PU. Produkt dostarczany w formie sprasowanej.<\/p>\n","protected":false},"excerpt":{"rendered":"<p>Przew\u00f3d wykonany z elastycznego, przezroczystego poliuretanu na bazie polieteru, z wewn\u0119trzn\u0105 spiral\u0105 z miedziowanej stali o charakterze antystatycznym, odpowiedni do instalacji zgodnych z norm\u0105 ATEX, do zasysania produkt\u00f3w o niskiej \u015bcieralno\u015bci. Bardzo elastyczny, odporny na \u015bcieranie, wilgo\u0107 i mikroorganizmy. Dobra odporno\u015b\u0107 chemiczna zgodnie z tabel\u0105 odporno\u015bci PU. Produkt dostarczany w formie sprasowanej.<\/p>\n","protected":false},"featured_media":5817,"template":"","meta":[],"product_brand":[919],"product_cat":[330,4226,297,4922,345,282,301,270,235,230],"product_tag":[],"class_list":{"0":"post-27055","1":"product","2":"type-product","3":"status-publish","4":"has-post-thumbnail","6":"product_brand-poliuretano","7":"product_cat-drewno","8":"product_cat-industrial-3-pl","9":"product_cat-napowietrzanie-dymu-i-gazow2","10":"product_cat-powietrze","11":"product_cat-przemyslowy","12":"product_cat-ssanie-scierne2","13":"product_cat-ssanie-abrazyjnych","14":"product_cat-waz-pu","15":"product_cat-rolniczy","16":"product_cat-spozywczy","17":"pa_antiestatico-antystatyczny","18":"pa_aplicaciones-aspiracja","19":"pa_aplicaciones-pellet-pl","20":"pa_aplicaciones-przemyslowy","21":"pa_color-szary","22":"pa_construccion-manguera-poliuretan-ze-spirala-druciana","23":"pa_diametro-interno-mm-40-0-pl","24":"pa_diametro-interno-mm-45-0-pl","25":"pa_diametro-interno-mm-51-0-pl","26":"pa_diametro-interno-mm-60-0-pl","27":"pa_diametro-interno-mm-63-0-pl","28":"pa_diametro-interno-mm-70-0-pl","29":"pa_diametro-interno-mm-76-0-pl","30":"pa_diametro-interno-mm-80-0-pl","31":"pa_diametro-interno-mm-90-0-pl","32":"pa_diametro-interno-mm-102-0-pl","33":"pa_diametro-interno-mm-110-0-pl","34":"pa_diametro-interno-mm-120-0-pl","35":"pa_diametro-interno-mm-127-0-pl","36":"pa_diametro-interno-mm-130-0-pl","37":"pa_diametro-interno-mm-140-0-pl","38":"pa_diametro-interno-mm-152-0-pl","39":"pa_diametro-interno-mm-160-0-pl","40":"pa_diametro-interno-mm-170-0-pl","41":"pa_diametro-interno-mm-180-0-pl","42":"pa_diametro-interno-mm-203-0-pl","43":"pa_diametro-interno-mm-225-0-pl","44":"pa_diametro-interno-mm-254-0-pl","45":"pa_diametro-interno-mm-305-0-pl","46":"pa_diametro-interno-mm-356-0-pl","47":"pa_diametro-interno-mm-406-0-pl","48":"pa_diametro-interno-mm-450-0-pl","49":"pa_diametro-interno-mm-500-0-pl","50":"pa_diametro-interno-mm-600-0-pl","51":"pa_diametro-interno-pulg-1-3-4-pl","52":"pa_diametro-interno-pulg-1-5-8-pl","53":"pa_diametro-interno-pulg-10-pl","54":"pa_diametro-interno-pulg-12-pl","55":"pa_diametro-interno-pulg-14-pl","56":"pa_diametro-interno-pulg-16-pl","57":"pa_diametro-interno-pulg-18-pl","58":"pa_diametro-interno-pulg-2-pl","59":"pa_diametro-interno-pulg-2-1-2-2-pl","60":"pa_diametro-interno-pulg-2-1-32-pl","61":"pa_diametro-interno-pulg-20-pl","62":"pa_diametro-interno-pulg-24-pl","63":"pa_diametro-interno-pulg-3-pl","64":"pa_diametro-interno-pulg-3-1-2-pl","65":"pa_diametro-interno-pulg-3-1-8-pl","66":"pa_diametro-interno-pulg-4-pl","67":"pa_diametro-interno-pulg-4-3-4-pl","68":"pa_diametro-interno-pulg-4-5-16-pl","69":"pa_diametro-interno-pulg-5-pl","70":"pa_diametro-interno-pulg-5-1-2-pl","71":"pa_diametro-interno-pulg-5-1-4-pl","72":"pa_diametro-interno-pulg-6-pl","73":"pa_diametro-interno-pulg-6-1-4-pl","74":"pa_diametro-interno-pulg-6-3-4-pl","75":"pa_diametro-interno-pulg-7-pl","76":"pa_diametro-interno-pulg-8-pl","77":"pa_diametro-interno-pulg-9-pl","78":"pa_material-flexible-poliuretan-pl","79":"pa_material-manguera-tpu-pl","80":"pa_opacidad-przezroczysty","81":"pa_refuerzo-stal-miedziowana","82":"pa_resistente-a-la-abrasion-odporny-na-scieranie","83":"pa_superficie-exterior-szorstki","84":"pa_superficie-interior-szorstki","85":"pa_temperatura-maxima-oc-70c-pl","86":"pa_temperatura-minima-oc-20c-pl","87":"pa_vacio-m-h2o-0-5-pl","88":"pa_vacio-m-h2o-1-0-pl","89":"pa_vacio-m-h2o-1-5-pl","90":"pa_vacio-m-h2o-2-0-pl","91":"pa_vacio-m-h2o-3-0-pl","92":"pa_vacio-m-h2o-4-0-pl","93":"pa_vacio-m-h2o-4-5-pl","94":"pa_vacio-m-h2o-5-0-pl","96":"first","97":"instock","98":"shipping-taxable","99":"product-type-variable"},"_links":{"self":[{"href":"https:\/\/www.espiroflex.com\/pl\/wp-json\/wp\/v2\/product\/27055","targetHints":{"allow":["GET"]}}],"collection":[{"href":"https:\/\/www.espiroflex.com\/pl\/wp-json\/wp\/v2\/product"}],"about":[{"href":"https:\/\/www.espiroflex.com\/pl\/wp-json\/wp\/v2\/types\/product"}],"wp:featuredmedia":[{"embeddable":true,"href":"https:\/\/www.espiroflex.com\/pl\/wp-json\/wp\/v2\/media\/5817"}],"wp:attachment":[{"href":"https:\/\/www.espiroflex.com\/pl\/wp-json\/wp\/v2\/media?parent=27055"}],"wp:term":[{"taxonomy":"product_brand","embeddable":true,"href":"https:\/\/www.espiroflex.com\/pl\/wp-json\/wp\/v2\/product_brand?post=27055"},{"taxonomy":"product_cat","embeddable":true,"href":"https:\/\/www.espiroflex.com\/pl\/wp-json\/wp\/v2\/product_cat?post=27055"},{"taxonomy":"product_tag","embeddable":true,"href":"https:\/\/www.espiroflex.com\/pl\/wp-json\/wp\/v2\/product_tag?post=27055"}],"curies":[{"name":"wp","href":"https:\/\/api.w.org\/{rel}","templated":true}]}}