{"id":26986,"date":"2025-07-22T17:29:25","date_gmt":"2025-07-22T15:29:25","guid":{"rendered":"https:\/\/www.espiroflex.com\/poliuretano-flex-1-6-est\/"},"modified":"2025-12-02T07:41:01","modified_gmt":"2025-12-02T06:41:01","slug":"poliuretano-flex-1-6-est","status":"publish","type":"product","link":"https:\/\/www.espiroflex.com\/pl\/produkt\/poliuretano-flex-1-6-est\/","title":{"rendered":"Poliuretano Flex 1.6 EST"},"content":{"rendered":"<p>Przew\u00f3d wykonany z elastycznego, przezroczystego poliuretanu na bazie polieteru, z wewn\u0119trzn\u0105 spiral\u0105 z miedziowanej stali o charakterze antystatycznym, odpowiedni do instalacji zgodnych z norm\u0105 ATEX, przeznaczony do zasysania materia\u0142\u00f3w o bardzo wysokiej \u015bcieralno\u015bci. Wysoka odporno\u015b\u0107 na \u015bcieranie, wilgo\u0107 i mikroorganizmy. Dobra odporno\u015b\u0107 chemiczna zgodnie z tabel\u0105 odporno\u015bci PU. Mo\u017cliwo\u015b\u0107 produkcji na bazie poliestru na zam\u00f3wienie. Dostarczany w rolkach.<\/p>\n","protected":false},"excerpt":{"rendered":"<p>Przew\u00f3d wykonany z elastycznego, przezroczystego poliuretanu na bazie polieteru, z wewn\u0119trzn\u0105 spiral\u0105 z miedziowanej stali o charakterze antystatycznym, odpowiedni do instalacji zgodnych z norm\u0105 ATEX, przeznaczony do zasysania materia\u0142\u00f3w o bardzo wysokiej \u015bcieralno\u015bci. Wysoka odporno\u015b\u0107 na \u015bcieranie, wilgo\u0107 i mikroorganizmy. Dobra odporno\u015b\u0107 chemiczna zgodnie z tabel\u0105 odporno\u015bci PU. Mo\u017cliwo\u015b\u0107 produkcji na bazie poliestru na zam\u00f3wienie. Dostarczany w rolkach.<\/p>\n","protected":false},"featured_media":5857,"template":"","meta":[],"product_brand":[919],"product_cat":[330,4226,297,4922,345,282,301,270,235,230],"product_tag":[],"class_list":{"0":"post-26986","1":"product","2":"type-product","3":"status-publish","4":"has-post-thumbnail","6":"product_brand-poliuretano","7":"product_cat-drewno","8":"product_cat-industrial-3-pl","9":"product_cat-napowietrzanie-dymu-i-gazow2","10":"product_cat-powietrze","11":"product_cat-przemyslowy","12":"product_cat-ssanie-scierne2","13":"product_cat-ssanie-abrazyjnych","14":"product_cat-waz-pu","15":"product_cat-rolniczy","16":"product_cat-spozywczy","17":"pa_antiestatico-antystatyczny","18":"pa_aplicaciones-aspiracja","19":"pa_aplicaciones-pellet-pl","20":"pa_aplicaciones-przemyslowy","21":"pa_aplicaciones-zywnosc","22":"pa_color-szary","23":"pa_construccion-manguera-poliuretan-ze-spirala-druciana","24":"pa_diametro-interno-mm-45-0-pl","25":"pa_diametro-interno-mm-51-0-pl","26":"pa_diametro-interno-mm-60-0-pl","27":"pa_diametro-interno-mm-76-0-pl","28":"pa_diametro-interno-mm-80-0-pl","29":"pa_diametro-interno-mm-90-0-pl","30":"pa_diametro-interno-mm-102-0-pl","31":"pa_diametro-interno-mm-110-0-pl","32":"pa_diametro-interno-mm-120-0-pl","33":"pa_diametro-interno-mm-125-0-pl","34":"pa_diametro-interno-mm-140-0-pl","35":"pa_diametro-interno-mm-152-0-pl","36":"pa_diametro-interno-mm-180-0-pl","37":"pa_diametro-interno-mm-200-0-pl","38":"pa_diametro-interno-mm-225-0-pl","39":"pa_diametro-interno-mm-250-0-pl","40":"pa_diametro-interno-mm-300-0-pl","41":"pa_diametro-interno-pulg-1-3-4-pl","42":"pa_diametro-interno-pulg-10-pl","43":"pa_diametro-interno-pulg-12-pl","44":"pa_diametro-interno-pulg-2-pl","45":"pa_diametro-interno-pulg-2-1-4-pl","46":"pa_diametro-interno-pulg-3-pl","47":"pa_diametro-interno-pulg-3-1-2-pl","48":"pa_diametro-interno-pulg-3-1-8-pl","49":"pa_diametro-interno-pulg-4-pl","50":"pa_diametro-interno-pulg-4-3-4-pl","51":"pa_diametro-interno-pulg-4-5-16-pl","52":"pa_diametro-interno-pulg-5-pl","53":"pa_diametro-interno-pulg-5-1-2-pl","54":"pa_diametro-interno-pulg-6-pl","55":"pa_diametro-interno-pulg-7-pl","56":"pa_diametro-interno-pulg-8-pl","57":"pa_diametro-interno-pulg-9-pl","58":"pa_material-flexible-poliuretan-pl","59":"pa_material-manguera-tpu-pl","60":"pa_opacidad-przezroczysty","61":"pa_refuerzo-stal-miedziowana","62":"pa_resistencia-r-dicromato-de-potasio-40-pl","63":"pa_resistencia-r-acetamida-pl","64":"pa_resistencia-r-aceton-pl","65":"pa_resistencia-r-alkohol-butylowy","66":"pa_resistencia-r-alumbre-pl","67":"pa_resistencia-r-amoniak-gaz-pl","68":"pa_resistencia-r-nitrato-de-amonio-25-pl","69":"pa_resistencia-r-nitrato-sodico-pl","70":"pa_resistencia-r-azotan-wapnia-50","71":"pa_resistencia-r-azotan-wapnia-koncentrat","72":"pa_resistencia-r-borax-5-pl","73":"pa_resistencia-r-chlorek-amonu-25","74":"pa_resistencia-r-chlorek-glinu-25","75":"pa_resistencia-r-chlorek-potasu","76":"pa_resistencia-r-chlorek-rteci","77":"pa_resistencia-r-cloruro-de-calcio-20-pl","78":"pa_resistencia-r-cloruro-de-calcio-25-pl","79":"pa_resistencia-r-cloruro-ferrico-pl","80":"pa_resistencia-r-sidra-pl","81":"pa_resistencia-r-cianuro-de-sodio-pl","82":"pa_resistencia-r-dichloroethan","83":"pa_resistencia-r-dicromato-de-potasio-todas-conc-pl","84":"pa_resistencia-r-anhidrido-carbonico-pl","85":"pa_resistencia-r-dioxido-de-carbono-pl","86":"pa_resistencia-r-eter-izopropylowy","87":"pa_resistencia-r-fenylamina","88":"pa_resistencia-r-freon-12-czynnik-chlodniczy","89":"pa_resistencia-r-ftalany","90":"pa_resistencia-r-glicerina-pl","91":"pa_resistencia-r-glicol-de-etileno-pl","92":"pa_resistencia-r-heksan","93":"pa_resistencia-r-detergentes-concentrados-pl","94":"pa_resistencia-r-silicatos-aluminicos-pl","95":"pa_resistencia-r-silicatos-potasicos-pl","96":"pa_resistencia-r-acido-borico-5-pl","97":"pa_resistencia-r-acido-clorhidrico-5-pl","98":"pa_resistencia-r-acido-cromico-5-pl","99":"pa_resistencia-r-acido-citrico-5-pl","100":"pa_resistencia-r-acido-lactico-sol-acu-10-pl","101":"pa_resistencia-r-acido-acetico-3-pl","102":"pa_resistencia-r-acido-sulfurico-5-pl","103":"pa_resistencia-r-acido-carbonico-5-pl","104":"pa_resistencia-r-lakiery-bazowe-na-bazie-rozpuszczalnika","105":"pa_resistencia-r-manganato-potasico-pl","106":"pa_resistencia-r-metan-pl","107":"pa_resistencia-r-metylooktanol","108":"pa_resistencia-r-mocznik-ad-blue","109":"pa_resistencia-r-nafta","110":"pa_resistencia-r-nitrogeno-pl","111":"pa_resistencia-r-olej-astm-1-pl","112":"pa_resistencia-r-olej-astm-2-pl","113":"pa_resistencia-r-olej-astm-3-pl","114":"pa_resistencia-r-olej-hydrauliczny","115":"pa_resistencia-r-olej-napedowy-i-biodiesel","116":"pa_resistencia-r-olej-silikonowy","117":"pa_resistencia-r-oleje-roslinne","118":"pa_resistencia-r-ozon-pl","119":"pa_resistencia-r-parafina-pl","120":"pa_resistencia-r-perborato-sodico-pl","121":"pa_resistencia-r-cerveza-pl","122":"pa_resistencia-r-plomotetraetilo-pl","123":"pa_resistencia-r-potasio-pl","124":"pa_resistencia-r-powietrze","125":"pa_resistencia-r-roztwor-mydla-wszystkie-stezenia","126":"pa_resistencia-r-sebacynian-dioktylu","127":"pa_resistencia-r-siarczan-miedzi-sol-sat","128":"pa_resistencia-r-siarczan-potasu","129":"pa_resistencia-r-sulfuro-de-bario-pl","130":"pa_resistencia-r-siarczek-wapnia","131":"pa_resistencia-r-sulfuro-ferrico-pl","132":"pa_resistencia-r-azufre-pl","133":"pa_resistencia-r-silicatos-sodicos-pl","134":"pa_resistencia-r-skalica","135":"pa_resistencia-r-szczawian-etylu","136":"pa_resistencia-r-oxigeno-pl","137":"pa_resistencia-r-oxidos-sulfurosos-pl","138":"pa_resistencia-r-tluszcze-litowe-sodowe-i-wapniowe","139":"pa_resistencia-r-tluszcze-silikonowe","140":"pa_resistencia-r-tluszcze-zwierzece","141":"pa_resistencia-r-trisulfat-sodu","142":"pa_resistencia-r-carbonato-magnesico-pl","143":"pa_resistencia-r-carbonato-de-sodio-pl","144":"pa_resistencia-r-carbonato-calcico-pl","145":"pa_resistencia-r-woda","146":"pa_resistencia-r-woda-morska","147":"pa_resistencia-r-woda-utleniona-slonce-alkaliczna","148":"pa_resistencia-r-wodor","149":"pa_resistencia-r-hidroxido-de-potasio-5-pl","150":"pa_resistencia-r-hidroxido-de-sodio-sosa-5-pl","151":"pa_resistencia-r-zelatyna","152":"pa_resistente-a-la-abrasion-odporny-na-scieranie","153":"pa_resistente-lr-alkohol-etylowy-50","154":"pa_resistente-lr-alkohol-izobutylowy","155":"pa_resistente-lr-alkohol-izopropylowy","156":"pa_resistente-lr-benzyna","157":"pa_resistente-lr-bezwodnik-siarkowy","158":"pa_resistente-lr-butyloamina","159":"pa_resistente-lr-chlorek-sodu-25","160":"pa_resistente-lr-ciclohexano-pl","161":"pa_resistente-lr-dietyloenglikol","162":"pa_resistente-lr-etano-pl","163":"pa_resistente-lr-formaldehyd-20-pl","164":"pa_resistente-lr-formaldehyd-30-pl","165":"pa_resistente-lr-gaz-ziemny","166":"pa_resistente-lr-glikole","167":"pa_resistente-lr-kwas-azotowy-5","168":"pa_resistente-lr-kwas-borowy-10","169":"pa_resistente-lr-kwas-chlorowodorowy-10","170":"pa_resistente-lr-permanganates-potassique-10-pl","171":"pa_resistente-lr-nadtlenek-wodoru-30-obj","172":"pa_resistente-lr-nafta-pl","173":"pa_resistente-lr-olej-opalowy","174":"pa_resistente-lr-oleje-smarowe-ropa-naftowa","175":"pa_resistente-lr-podchloryn-wapnia","176":"pa_resistente-lr-ropa-naftowa","177":"pa_resistente-lr-white-spirit-pl","178":"pa_resistente-lr-wodorotlenek-sodu-soda-10","179":"pa_resistente-nr-15-podchloryn-sodu-cl2","180":"pa_resistente-nr-acetatos-de-alquilo-pl","181":"pa_resistente-nr-acido-sulfurico-98-pl","182":"pa_resistente-nr-acido-sulfurico-conc-fuming-pl","183":"pa_resistente-nr-acetaldehido-pl","184":"pa_resistente-nr-aldehidos-pl","185":"pa_resistente-nr-alcohol-etilico-96-pl","186":"pa_resistente-nr-alcohol-etilico-max-conc-pl","187":"pa_resistente-nr-alkohol-metylowy-6","188":"pa_resistente-nr-nitrito-sodico-pl","189":"pa_resistente-nr-benzaldehido-pl","190":"pa_resistente-nr-anhidrido-acetico-pl","191":"pa_resistente-nr-bisulfat-sodu","192":"pa_resistente-nr-bromo-pl","193":"pa_resistente-nr-bromuro-de-alquilo-pl","194":"pa_resistente-nr-cloro-100-gas-seco-pl","195":"pa_resistente-nr-chlorek-metylenu","196":"pa_resistente-nr-chlorek-metylu","197":"pa_resistente-nr-cicloalcanos-pl","198":"pa_resistente-nr-cicloalcoholes-pl","199":"pa_resistente-nr-cykloheksanol","200":"pa_resistente-nr-ciclohexanona-pl","201":"pa_resistente-nr-ciclocetonas-pl","202":"pa_resistente-nr-tetracloruro-de-carbono2-pl","203":"pa_resistente-nr-dietyloamina","204":"pa_resistente-nr-dimetil-formamida-pl","205":"pa_resistente-nr-etere-di-dietile-pl","206":"pa_resistente-nr-etilico-etere-pl","207":"pa_resistente-nr-fenol-pl","208":"pa_resistente-nr-formaldehyd-37-pl","209":"pa_resistente-nr-formaldehyd-40","210":"pa_resistente-nr-freon-11-czynnik-chlodniczy","211":"pa_resistente-nr-freon-22-czynnik-chlodniczy","212":"pa_resistente-nr-hidracina-pl","213":"pa_resistente-nr-hydrochinon-pl","214":"pa_resistente-nr-cetonas-pl","215":"pa_resistente-nr-cresol-pl","216":"pa_resistente-nr-kwas-azotowy-10","217":"pa_resistente-nr-kwas-azotowy-20","218":"pa_resistente-nr-kwas-azotowy-30","219":"pa_resistente-nr-kwas-azotowy-50","220":"pa_resistente-nr-acido-nitrico-70-pl","221":"pa_resistente-nr-acido-nitrico-95-pl","222":"pa_resistente-nr-kwas-bromowodorowy-roztwor-wodny-50","223":"pa_resistente-nr-kwas-chlorowodorowy-20","224":"pa_resistente-nr-kwas-chlorowodorowy-22","225":"pa_resistente-nr-kwas-fluorowodorowy-20","226":"pa_resistente-nr-kwas-fluorowodorowy-30","227":"pa_resistente-nr-acido-fluorhidrico-40-pl","228":"pa_resistente-nr-acido-fluorhidrico-60-pl","229":"pa_resistente-nr-acido-ftalico-pl","230":"pa_resistente-nr-kwas-mrowkowy-20","231":"pa_resistente-nr-acido-formico-25-pl","232":"pa_resistente-nr-kwas-mrowkowy-10","233":"pa_resistente-nr-acido-formico-85-pl","234":"pa_resistente-nr-acido-formico-conc-pl","235":"pa_resistente-nr-acido-peracetico-pl","236":"pa_resistente-nr-kwas-octowy-30","237":"pa_resistente-nr-kwas-octowy-50","238":"pa_resistente-nr-kwas-octowy-80","239":"pa_resistente-nr-acido-acetico-conc-pl","240":"pa_resistente-nr-acido-oleico-pl","241":"pa_resistente-nr-kwas-siarkowy-20","242":"pa_resistente-nr-kwas-siarkowy-25","243":"pa_resistente-nr-kwas-siarkowy-50","244":"pa_resistente-nr-acido-sulfurico-70-pl","245":"pa_resistente-nr-acido-sulfurico-80-pl","246":"pa_resistente-nr-acido-sulfurico-96-pl","247":"pa_resistente-nr-kwas-szczawiowy","248":"pa_resistente-nr-urea-30-pl","249":"pa_resistente-nr-mydla-w-plynie","250":"pa_resistente-nr-olej-zwierzecy","251":"pa_resistente-nr-olio-pl","252":"pa_resistente-nr-pentan-pl","253":"pa_resistente-nr-perchloroetylen","254":"pa_resistente-nr-podchloryn-sodu-14-cl2","255":"pa_resistente-nr-sebacato-de-dioctilo-pl","256":"pa_resistente-nr-siarczan-amonu-sol-sat","257":"pa_resistente-nr-siarczan-glinu","258":"pa_resistente-nr-silicona-pl","259":"pa_resistente-nr-stezony-kwas-chlorowodorowy","260":"pa_resistente-nr-tanino-pl","261":"pa_resistente-nr-tetrahydrofuran-pl","262":"pa_resistente-nr-toluol","263":"pa_resistente-nr-trietanoloamina","264":"pa_resistente-nr-wapniowy-bisulfat","265":"pa_resistente-nr-wilgotny-chlor","266":"pa_resistente-nr-hydroxid-sodny-soda-20-pl","267":"pa_resistente-nr-wodorotlenek-sodu-soda-50","268":"pa_resistente-nr-wodorotlenek-sodu-soda-stezony","269":"pa_resistente-nr-xylen-pl","270":"pa_resistente-nr-zywica-epoksydowa","271":"pa_resistente-sr-olej-mineralny","272":"pa_resistente-sr-olej-z-nasion","273":"pa_resistente-sr-whisky-pl","274":"pa_resistente-sr-wina","275":"pa_superficie-exterior-szorstki","276":"pa_superficie-interior-szorstki","277":"pa_temperatura-maxima-oc-80c-pl","278":"pa_temperatura-minima-oc-30c-pl","279":"pa_vacio-m-h2o-2-0-pl","280":"pa_vacio-m-h2o-3-0-pl","281":"pa_vacio-m-h2o-4-0-pl","282":"pa_vacio-m-h2o-5-0-pl","283":"pa_vacio-m-h2o-6-0-pl","285":"first","286":"instock","287":"shipping-taxable","288":"product-type-variable"},"_links":{"self":[{"href":"https:\/\/www.espiroflex.com\/pl\/wp-json\/wp\/v2\/product\/26986","targetHints":{"allow":["GET"]}}],"collection":[{"href":"https:\/\/www.espiroflex.com\/pl\/wp-json\/wp\/v2\/product"}],"about":[{"href":"https:\/\/www.espiroflex.com\/pl\/wp-json\/wp\/v2\/types\/product"}],"wp:featuredmedia":[{"embeddable":true,"href":"https:\/\/www.espiroflex.com\/pl\/wp-json\/wp\/v2\/media\/5857"}],"wp:attachment":[{"href":"https:\/\/www.espiroflex.com\/pl\/wp-json\/wp\/v2\/media?parent=26986"}],"wp:term":[{"taxonomy":"product_brand","embeddable":true,"href":"https:\/\/www.espiroflex.com\/pl\/wp-json\/wp\/v2\/product_brand?post=26986"},{"taxonomy":"product_cat","embeddable":true,"href":"https:\/\/www.espiroflex.com\/pl\/wp-json\/wp\/v2\/product_cat?post=26986"},{"taxonomy":"product_tag","embeddable":true,"href":"https:\/\/www.espiroflex.com\/pl\/wp-json\/wp\/v2\/product_tag?post=26986"}],"curies":[{"name":"wp","href":"https:\/\/api.w.org\/{rel}","templated":true}]}}