{"id":26725,"date":"2025-07-22T18:41:48","date_gmt":"2025-07-22T16:41:48","guid":{"rendered":"https:\/\/www.espiroflex.com\/metalpress-milk\/"},"modified":"2025-12-01T14:31:15","modified_gmt":"2025-12-01T13:31:15","slug":"metalpress-milk","status":"publish","type":"product","link":"https:\/\/www.espiroflex.com\/pl\/produkt\/metalpress-milk\/","title":{"rendered":"Metalpress Milk"},"content":{"rendered":"<p>W\u0105\u017c z termoplastycznej gumy (TPV) z podw\u00f3jnym wzmocnieniem tekstylnym i spiral\u0105 metalow\u0105, do zasysania i transferu t\u0142ustych cieczy spo\u017cywczych, szczeg\u00f3lnie mleka. Sterylizowalny do 90\u00b0C.<\/p>\n","protected":false},"excerpt":{"rendered":"<p>W\u0105\u017c z termoplastycznej gumy (TPV) z podw\u00f3jnym wzmocnieniem tekstylnym i spiral\u0105 metalow\u0105, do zasysania i transferu t\u0142ustych cieczy spo\u017cywczych, szczeg\u00f3lnie mleka. Sterylizowalny do 90\u00b0C.<\/p>\n","protected":false},"featured_media":6309,"template":"","meta":[],"product_brand":[983],"product_cat":[291,4226,345,246,235,230],"product_tag":[],"class_list":{"0":"post-26725","1":"product","2":"type-product","3":"status-publish","4":"has-post-thumbnail","6":"product_brand-metalpress","7":"product_cat-aspiracja-cieczy2","8":"product_cat-industrial-3-pl","9":"product_cat-przemyslowy","10":"product_cat-aspiracja-cieczy","11":"product_cat-rolniczy","12":"product_cat-spozywczy","13":"pa_aplicaciones-przemyslowy","14":"pa_aplicaciones-transport-produktow-mlecznych","15":"pa_aplicaciones-zywnosc","16":"pa_color-niebieski-i-szary","17":"pa_construccion-manguera-stalowa-spirala-i-wzmocnienie-siatkowe","18":"pa_diametro-interno-mm-20-0-pl","19":"pa_diametro-interno-mm-25-0-pl","20":"pa_diametro-interno-mm-32-0-pl","21":"pa_diametro-interno-mm-35-0-pl","22":"pa_diametro-interno-mm-38-0-pl","23":"pa_diametro-interno-mm-40-0-pl","24":"pa_diametro-interno-mm-45-0-pl","25":"pa_diametro-interno-mm-51-0-pl","26":"pa_diametro-interno-mm-60-0-pl","27":"pa_diametro-interno-mm-63-0-pl","28":"pa_diametro-interno-mm-76-0-pl","29":"pa_diametro-interno-mm-80-0-pl","30":"pa_diametro-interno-mm-90-0-pl","31":"pa_diametro-interno-mm-102-0-pl","32":"pa_diametro-interno-mm-105-0-pl","33":"pa_diametro-interno-mm-110-0-pl","34":"pa_diametro-interno-mm-120-0-pl","35":"pa_diametro-interno-mm-127-0-pl","36":"pa_diametro-interno-mm-152-0-pl","37":"pa_diametro-interno-pulg-1-pl","38":"pa_diametro-interno-pulg-1-1-2-pl","39":"pa_diametro-interno-pulg-1-1-4-pl","40":"pa_diametro-interno-pulg-1-3-4-pl","41":"pa_diametro-interno-pulg-1-3-8-pl","42":"pa_diametro-interno-pulg-1-5-8-pl","43":"pa_diametro-interno-pulg-2-pl","44":"pa_diametro-interno-pulg-2-1-2-pl","45":"pa_diametro-interno-pulg-2-1-4-pl","46":"pa_diametro-interno-pulg-3-pl","47":"pa_diametro-interno-pulg-3-1-2-pl","48":"pa_diametro-interno-pulg-3-1-8-pl","49":"pa_diametro-interno-pulg-3-4-pl","50":"pa_diametro-interno-pulg-4-pl","51":"pa_diametro-interno-pulg-4-3-4-pl","52":"pa_diametro-interno-pulg-5-3-pl","53":"pa_diametro-interno-pulg-6-3-pl","54":"pa_espesor-total-de-pared-mm-4-0-pl","55":"pa_espesor-total-de-pared-mm-5-0-pl","56":"pa_espesor-total-de-pared-mm-6-0-pl","57":"pa_espesor-total-de-pared-mm-6-5-pl","58":"pa_espesor-total-de-pared-mm-7-0-pl","59":"pa_espesor-total-de-pared-mm-8-0-pl","60":"pa_espesor-total-de-pared-mm-8-5-pl","61":"pa_espesor-total-de-pared-mm-9-0-pl","62":"pa_material-flexible-kauczuk-termoplastyczny","63":"pa_material-manguera-tpv-pl","64":"pa_opacidad-nieprzezroczysty","65":"pa_presion-rotura-bar-21-0-pl","66":"pa_presion-rotura-bar-24-0-pl","67":"pa_presion-rotura-bar-27-0-pl","68":"pa_presion-rotura-bar-30-0-pl","69":"pa_presion-rotura-bar-36-0-pl","70":"pa_presion-rotura-bar-42-0-pl","71":"pa_presion-rotura-bar-48-0-pl","72":"pa_refuerzo-tkanina-poliestrowa-i-stal-ocynkowana","73":"pa_resistencia-r-1-propanol-pl","74":"pa_resistencia-r-14-dioksan","75":"pa_resistencia-r-2-etyloetanol","76":"pa_resistencia-r-2-pilorridona-pl","77":"pa_resistencia-r-24-pentanodiol-pl","78":"pa_resistencia-r-adipinian-dioctylu","79":"pa_resistencia-r-akrylan-etylu","80":"pa_resistencia-r-akrylonitryl-pl","81":"pa_resistencia-r-alcohol-amilico-pl","82":"pa_resistencia-r-alkohol-allilowy-2-propenol-1","83":"pa_resistencia-r-alkohol-etylowy-10","84":"pa_resistencia-r-alkohol-etylowy-35","85":"pa_resistencia-r-alkohol-etylowy-40","86":"pa_resistencia-r-alkohol-etylowy-50","87":"pa_resistencia-r-alkohol-etylowy-96","88":"pa_resistencia-r-alkohol-etylowy-maks-stezenie","89":"pa_resistencia-r-alkohol-metylowy-5","90":"pa_resistencia-r-alkohol-metylowy-50","91":"pa_resistencia-r-alkohol-metylowy-6","92":"pa_resistencia-r-amoniak-plynny","93":"pa_resistencia-r-anilina-pl","94":"pa_resistencia-r-cloruro-de-zinc-20-pl","95":"pa_resistencia-r-cloruro-de-sodio-20-pl","96":"pa_resistencia-r-cloruro-de-calcio-20-pl","97":"pa_resistencia-r-chloroparafiny-c14-c17","98":"pa_resistencia-r-cykloheksanol","99":"pa_resistencia-r-dibutyloeter","100":"pa_resistencia-r-dietyloenglikol","101":"pa_resistencia-r-dihydroksypropylen-glikol","102":"pa_resistencia-r-dimetylformaldehyd","103":"pa_resistencia-r-dimetyloformamid","104":"pa_resistencia-r-eter-dietylowy","105":"pa_resistencia-r-fenol-pl","106":"pa_resistencia-r-formamid-pl","107":"pa_resistencia-r-glicerol-pl","108":"pa_resistencia-r-glicol-de-etileno-pl","109":"pa_resistencia-r-kaprolakton-pl","110":"pa_resistencia-r-detergentes-concentrados-pl","111":"pa_resistencia-r-acido-nitrico-10-pl","112":"pa_resistencia-r-acido-nitrico-20-pl","113":"pa_resistencia-r-acido-nitrico-5-pl","114":"pa_resistencia-r-acido-clorhidrico-10-pl","115":"pa_resistencia-r-acido-clorhidrico-20-pl","116":"pa_resistencia-r-acido-clorhidrico-5-pl","117":"pa_resistencia-r-acido-butirico-20-pl","118":"pa_resistencia-r-kwas-maslowy-koncentrat","119":"pa_resistencia-r-kwas-mrowkowy-10","120":"pa_resistencia-r-kwas-mrowkowy-20","121":"pa_resistencia-r-kwas-mrowkowy-25","122":"pa_resistencia-r-kwas-mrowkowy-85","123":"pa_resistencia-r-kwas-mrowkowy-stezony","124":"pa_resistencia-r-acido-acetico-10-pl","125":"pa_resistencia-r-acido-acetico-3-pl","126":"pa_resistencia-r-kwas-octowy-30","127":"pa_resistencia-r-acido-acetico-5-pl","128":"pa_resistencia-r-kwas-octowy-50","129":"pa_resistencia-r-kwas-octowy-80","130":"pa_resistencia-r-kwas-octowy-stezony","131":"pa_resistencia-r-acido-sulfurico-20-pl","132":"pa_resistencia-r-acido-sulfurico-25-pl","133":"pa_resistencia-r-acido-sulfurico-5-pl","134":"pa_resistencia-r-acido-sulfurico-50-pl","135":"pa_resistencia-r-acido-sulfurico-70-pl","136":"pa_resistencia-r-acido-sulfurico-80-pl","137":"pa_resistencia-r-acido-sulfurico-96-pl","138":"pa_resistencia-r-acido-sulfurico-98-pl","139":"pa_resistencia-r-maksymalne-stezenie-alkoholu-metylowego","140":"pa_resistencia-r-metakrylan-metylu","141":"pa_resistencia-r-nitrogeno-pl","142":"pa_resistencia-r-octan-butylu","143":"pa_resistencia-r-olej-opalowy","144":"pa_resistencia-r-hipoclorito-de-sodio-14-cl2-pl","145":"pa_resistencia-r-powietrze","146":"pa_resistencia-r-pyridyna","147":"pa_resistencia-r-acido-clorhidrico-conc-pl","148":"pa_resistencia-r-oxigeno-pl","149":"pa_resistencia-r-trimelitian-trioktylu-totm","150":"pa_resistencia-r-woda","151":"pa_resistencia-r-woda-morska","152":"pa_resistencia-r-hidroxido-de-amonio-10-pl","153":"pa_resistencia-r-hidroxido-de-amonio-25-pl","154":"pa_resistencia-r-hidroxido-de-amonio-28-pl","155":"pa_resistencia-r-wodorotlenek-amonu-30","156":"pa_resistencia-r-hidroxido-de-amonio-5-pl","157":"pa_resistencia-r-wodorotlenek-amonu-stezony","158":"pa_resistencia-r-hidroxido-de-potasio-10-pl","159":"pa_resistencia-r-hidroxido-de-potasio-5-pl","160":"pa_resistencia-r-hidroxido-de-sodio-sosa-20-pl","161":"pa_resistencia-r-hidroxido-de-sodio-sosa-5-pl","162":"pa_resistente-lr-aceton-pl","163":"pa_resistente-lr-acetonitryl","164":"pa_resistente-lr-chlorek-acetylu","165":"pa_resistente-lr-disulfur-wegla","166":"pa_resistente-lr-eter-diizopropylowy","167":"pa_resistente-lr-furano-pl","168":"pa_resistente-lr-jodek-metylu","169":"pa_resistente-lr-kwas-azotowy-30","170":"pa_resistente-lr-kwas-azotowy-50","171":"pa_resistente-lr-metylooktanol","172":"pa_resistente-lr-nitropropan","173":"pa_resistente-lr-octan-etylu","174":"pa_resistente-lr-olej-mineralny","175":"pa_resistente-lr-olej-zwierzecy","176":"pa_resistente-lr-tetrahydrofuran-pl","177":"pa_resistente-lr-tlenek-propylenu","178":"pa_resistente-nr-chlorek-metylenu","179":"pa_resistente-nr-ciclohexano-pl","180":"pa_resistente-nr-czterochlorek-wegla","181":"pa_resistente-nr-dekalin","182":"pa_resistente-nr-dibromometan","183":"pa_resistente-nr-diizobutylen","184":"pa_resistente-nr-ethylchlorid-pl","185":"pa_resistente-nr-freon-11-czynnik-chlodniczy","186":"pa_resistente-nr-freon-12-czynnik-chlodniczy","187":"pa_resistente-nr-freon-22-czynnik-chlodniczy","188":"pa_resistente-nr-acido-nitrico-70-pl","189":"pa_resistente-nr-acido-nitrico-95-pl","190":"pa_resistente-nr-acido-peracetico-pl","191":"pa_resistente-nr-naftalina-pl","192":"pa_resistente-nr-olej-transformatorowy","193":"pa_resistente-nr-oliwa-z-oliwek-pl","194":"pa_resistente-nr-oliwa-z-oliwek","195":"pa_resistente-nr-perchloroetylen","196":"pa_resistente-nr-proprionitryl","197":"pa_resistente-nr-skalica","198":"pa_resistente-nr-trichloroetylen","199":"pa_resistente-nr-trichlorometan","200":"pa_resistente-nr-hidrocarburos-aromaticos-pl","201":"pa_resistente-nr-xylen-pl","202":"pa_superficie-exterior-gladki","203":"pa_superficie-interior-gladki","204":"pa_temperatura-maxima-oc-90c-pl","205":"pa_temperatura-minima-oc-30c-pl","206":"pa_vacio-m-h2o-9-0-pl","208":"first","209":"instock","210":"shipping-taxable","211":"product-type-variable"},"_links":{"self":[{"href":"https:\/\/www.espiroflex.com\/pl\/wp-json\/wp\/v2\/product\/26725","targetHints":{"allow":["GET"]}}],"collection":[{"href":"https:\/\/www.espiroflex.com\/pl\/wp-json\/wp\/v2\/product"}],"about":[{"href":"https:\/\/www.espiroflex.com\/pl\/wp-json\/wp\/v2\/types\/product"}],"wp:featuredmedia":[{"embeddable":true,"href":"https:\/\/www.espiroflex.com\/pl\/wp-json\/wp\/v2\/media\/6309"}],"wp:attachment":[{"href":"https:\/\/www.espiroflex.com\/pl\/wp-json\/wp\/v2\/media?parent=26725"}],"wp:term":[{"taxonomy":"product_brand","embeddable":true,"href":"https:\/\/www.espiroflex.com\/pl\/wp-json\/wp\/v2\/product_brand?post=26725"},{"taxonomy":"product_cat","embeddable":true,"href":"https:\/\/www.espiroflex.com\/pl\/wp-json\/wp\/v2\/product_cat?post=26725"},{"taxonomy":"product_tag","embeddable":true,"href":"https:\/\/www.espiroflex.com\/pl\/wp-json\/wp\/v2\/product_tag?post=26725"}],"curies":[{"name":"wp","href":"https:\/\/api.w.org\/{rel}","templated":true}]}}