{"id":26696,"date":"2025-07-22T18:42:06","date_gmt":"2025-07-22T16:42:06","guid":{"rendered":"https:\/\/www.espiroflex.com\/metalpress-chemical\/"},"modified":"2025-12-01T14:24:09","modified_gmt":"2025-12-01T13:24:09","slug":"metalpress-chemical","status":"publish","type":"product","link":"https:\/\/www.espiroflex.com\/pl\/produkt\/metalpress-chemical\/","title":{"rendered":"Metalpress Chemical"},"content":{"rendered":"<p>W\u0105\u017c z termoplastycznej gumy (TPV) z podw\u00f3jnym wzmocnieniem tekstylnym i spiral\u0105 metalow\u0105, do zasysania i transferu produkt\u00f3w przemys\u0142u chemicznego. Bardzo elastyczny, nawet w niskich temperaturach.<\/p>\n","protected":false},"excerpt":{"rendered":"<p>W\u0105\u017c z termoplastycznej gumy (TPV) z podw\u00f3jnym wzmocnieniem tekstylnym i spiral\u0105 metalow\u0105, do zasysania i transferu produkt\u00f3w przemys\u0142u chemicznego. Bardzo elastyczny, nawet w niskich temperaturach.<\/p>\n","protected":false},"featured_media":6325,"template":"","meta":[],"product_brand":[983],"product_cat":[291,320,341,4226,345,246,235],"product_tag":[],"class_list":{"0":"post-26696","1":"product","2":"type-product","3":"status-publish","4":"has-post-thumbnail","6":"product_brand-metalpress","7":"product_cat-aspiracja-cieczy2","8":"product_cat-chemikalia","9":"product_cat-farmaceutyczny","10":"product_cat-industrial-3-pl","11":"product_cat-przemyslowy","12":"product_cat-aspiracja-cieczy","13":"product_cat-rolniczy","14":"pa_aplicaciones-przemyslowy","15":"pa_color-zielono-bialy","16":"pa_construccion-manguera-stalowa-spirala-i-wzmocnienie-siatkowe","17":"pa_diametro-interno-mm-20-0-pl","18":"pa_diametro-interno-mm-25-0-pl","19":"pa_diametro-interno-mm-32-0-pl","20":"pa_diametro-interno-mm-35-0-pl","21":"pa_diametro-interno-mm-38-0-pl","22":"pa_diametro-interno-mm-40-0-pl","23":"pa_diametro-interno-mm-45-0-pl","24":"pa_diametro-interno-mm-51-0-pl","25":"pa_diametro-interno-mm-60-0-pl","26":"pa_diametro-interno-mm-63-0-pl","27":"pa_diametro-interno-mm-76-0-pl","28":"pa_diametro-interno-mm-80-0-pl","29":"pa_diametro-interno-mm-90-0-pl","30":"pa_diametro-interno-mm-102-0-pl","31":"pa_diametro-interno-mm-105-0-pl","32":"pa_diametro-interno-mm-110-0-pl","33":"pa_diametro-interno-mm-120-0-pl","34":"pa_diametro-interno-mm-127-0-pl","35":"pa_diametro-interno-mm-152-0-pl","36":"pa_diametro-interno-pulg-1-pl","37":"pa_diametro-interno-pulg-1-1-2-pl","38":"pa_diametro-interno-pulg-1-1-4-pl","39":"pa_diametro-interno-pulg-1-3-4-pl","40":"pa_diametro-interno-pulg-1-3-8-pl","41":"pa_diametro-interno-pulg-1-5-8-pl","42":"pa_diametro-interno-pulg-2-pl","43":"pa_diametro-interno-pulg-2-1-2-pl","44":"pa_diametro-interno-pulg-2-1-32-pl","45":"pa_diametro-interno-pulg-3-pl","46":"pa_diametro-interno-pulg-3-1-2-pl","47":"pa_diametro-interno-pulg-3-1-8-pl","48":"pa_diametro-interno-pulg-3-4-pl","49":"pa_diametro-interno-pulg-4-pl","50":"pa_diametro-interno-pulg-4-3-4-pl","51":"pa_diametro-interno-pulg-5-3-pl","52":"pa_diametro-interno-pulg-6-3-pl","53":"pa_espesor-total-de-pared-mm-4-0-pl","54":"pa_espesor-total-de-pared-mm-5-0-pl","55":"pa_espesor-total-de-pared-mm-6-0-pl","56":"pa_espesor-total-de-pared-mm-6-5-pl","57":"pa_espesor-total-de-pared-mm-7-0-pl","58":"pa_espesor-total-de-pared-mm-8-0-pl","59":"pa_espesor-total-de-pared-mm-8-5-pl","60":"pa_espesor-total-de-pared-mm-9-0-pl","61":"pa_material-flexible-kauczuk-termoplastyczny","62":"pa_material-manguera-tpv-pl","63":"pa_opacidad-nieprzezroczysty","64":"pa_presion-rotura-bar-21-0-pl","65":"pa_presion-rotura-bar-24-0-pl","66":"pa_presion-rotura-bar-27-0-pl","67":"pa_presion-rotura-bar-30-0-pl","68":"pa_presion-rotura-bar-36-0-pl","69":"pa_presion-rotura-bar-42-0-pl","70":"pa_presion-rotura-bar-48-0-pl","71":"pa_refuerzo-tkanina-poliestrowa-i-stal-ocynkowana","72":"pa_resistencia-r-1-propanol-pl","73":"pa_resistencia-r-14-dioksan","74":"pa_resistencia-r-2-etyloetanol","75":"pa_resistencia-r-2-pilorridona-pl","76":"pa_resistencia-r-24-pentanodiol-pl","77":"pa_resistencia-r-adipinian-dioctylu","78":"pa_resistencia-r-akrylan-etylu","79":"pa_resistencia-r-akrylonitryl-pl","80":"pa_resistencia-r-alcohol-amilico-pl","81":"pa_resistencia-r-alkohol-allilowy-2-propenol-1","82":"pa_resistencia-r-alkohol-etylowy-10","83":"pa_resistencia-r-alkohol-etylowy-35","84":"pa_resistencia-r-alkohol-etylowy-40","85":"pa_resistencia-r-alkohol-etylowy-50","86":"pa_resistencia-r-alkohol-etylowy-96","87":"pa_resistencia-r-alkohol-etylowy-maks-stezenie","88":"pa_resistencia-r-alkohol-metylowy-5","89":"pa_resistencia-r-alkohol-metylowy-50","90":"pa_resistencia-r-alkohol-metylowy-6","91":"pa_resistencia-r-amoniak-plynny","92":"pa_resistencia-r-anilina-pl","93":"pa_resistencia-r-cloruro-de-zinc-20-pl","94":"pa_resistencia-r-cloruro-de-sodio-20-pl","95":"pa_resistencia-r-cloruro-de-calcio-20-pl","96":"pa_resistencia-r-chloroparafiny-c14-c17","97":"pa_resistencia-r-cykloheksanol","98":"pa_resistencia-r-dibutyloeter","99":"pa_resistencia-r-dietyloenglikol","100":"pa_resistencia-r-dihydroksypropylen-glikol","101":"pa_resistencia-r-dimetylformaldehyd","102":"pa_resistencia-r-dimetyloformamid","103":"pa_resistencia-r-eter-dietylowy","104":"pa_resistencia-r-fenol-pl","105":"pa_resistencia-r-formamid-pl","106":"pa_resistencia-r-glicerol-pl","107":"pa_resistencia-r-glicol-de-etileno-pl","108":"pa_resistencia-r-kaprolakton-pl","109":"pa_resistencia-r-detergentes-concentrados-pl","110":"pa_resistencia-r-acido-nitrico-10-pl","111":"pa_resistencia-r-acido-nitrico-20-pl","112":"pa_resistencia-r-acido-nitrico-5-pl","113":"pa_resistencia-r-acido-clorhidrico-10-pl","114":"pa_resistencia-r-acido-clorhidrico-20-pl","115":"pa_resistencia-r-acido-clorhidrico-5-pl","116":"pa_resistencia-r-acido-butirico-20-pl","117":"pa_resistencia-r-kwas-maslowy-koncentrat","118":"pa_resistencia-r-kwas-mrowkowy-10","119":"pa_resistencia-r-kwas-mrowkowy-20","120":"pa_resistencia-r-kwas-mrowkowy-25","121":"pa_resistencia-r-kwas-mrowkowy-85","122":"pa_resistencia-r-kwas-mrowkowy-stezony","123":"pa_resistencia-r-acido-acetico-10-pl","124":"pa_resistencia-r-acido-acetico-3-pl","125":"pa_resistencia-r-kwas-octowy-30","126":"pa_resistencia-r-acido-acetico-5-pl","127":"pa_resistencia-r-kwas-octowy-50","128":"pa_resistencia-r-kwas-octowy-80","129":"pa_resistencia-r-kwas-octowy-stezony","130":"pa_resistencia-r-acido-sulfurico-20-pl","131":"pa_resistencia-r-acido-sulfurico-25-pl","132":"pa_resistencia-r-acido-sulfurico-5-pl","133":"pa_resistencia-r-acido-sulfurico-50-pl","134":"pa_resistencia-r-acido-sulfurico-70-pl","135":"pa_resistencia-r-acido-sulfurico-80-pl","136":"pa_resistencia-r-acido-sulfurico-96-pl","137":"pa_resistencia-r-acido-sulfurico-98-pl","138":"pa_resistencia-r-maksymalne-stezenie-alkoholu-metylowego","139":"pa_resistencia-r-metakrylan-metylu","140":"pa_resistencia-r-nitrogeno-pl","141":"pa_resistencia-r-octan-butylu","142":"pa_resistencia-r-olej-opalowy","143":"pa_resistencia-r-hipoclorito-de-sodio-14-cl2-pl","144":"pa_resistencia-r-powietrze","145":"pa_resistencia-r-pyridyna","146":"pa_resistencia-r-acido-clorhidrico-conc-pl","147":"pa_resistencia-r-oxigeno-pl","148":"pa_resistencia-r-trimelitian-trioktylu-totm","149":"pa_resistencia-r-woda","150":"pa_resistencia-r-woda-morska","151":"pa_resistencia-r-hidroxido-de-amonio-10-pl","152":"pa_resistencia-r-hidroxido-de-amonio-25-pl","153":"pa_resistencia-r-hidroxido-de-amonio-28-pl","154":"pa_resistencia-r-wodorotlenek-amonu-30","155":"pa_resistencia-r-hidroxido-de-amonio-5-pl","156":"pa_resistencia-r-wodorotlenek-amonu-stezony","157":"pa_resistencia-r-hidroxido-de-potasio-10-pl","158":"pa_resistencia-r-hidroxido-de-potasio-5-pl","159":"pa_resistencia-r-hidroxido-de-sodio-sosa-20-pl","160":"pa_resistencia-r-hidroxido-de-sodio-sosa-5-pl","161":"pa_resistente-lr-aceton-pl","162":"pa_resistente-lr-acetonitryl","163":"pa_resistente-lr-chlorek-acetylu","164":"pa_resistente-lr-disulfur-wegla","165":"pa_resistente-lr-eter-diizopropylowy","166":"pa_resistente-lr-furano-pl","167":"pa_resistente-lr-jodek-metylu","168":"pa_resistente-lr-kwas-azotowy-30","169":"pa_resistente-lr-kwas-azotowy-50","170":"pa_resistente-lr-metylooktanol","171":"pa_resistente-lr-nitropropan","172":"pa_resistente-lr-octan-etylu","173":"pa_resistente-lr-olej-mineralny","174":"pa_resistente-lr-olej-zwierzecy","175":"pa_resistente-lr-tetrahydrofuran-pl","176":"pa_resistente-lr-tlenek-propylenu","177":"pa_resistente-nr-chlorek-metylenu","178":"pa_resistente-nr-ciclohexano-pl","179":"pa_resistente-nr-czterochlorek-wegla","180":"pa_resistente-nr-dekalin","181":"pa_resistente-nr-dibromometan","182":"pa_resistente-nr-diizobutylen","183":"pa_resistente-nr-ethylchlorid-pl","184":"pa_resistente-nr-freon-11-czynnik-chlodniczy","185":"pa_resistente-nr-freon-12-czynnik-chlodniczy","186":"pa_resistente-nr-freon-22-czynnik-chlodniczy","187":"pa_resistente-nr-acido-nitrico-70-pl","188":"pa_resistente-nr-acido-nitrico-95-pl","189":"pa_resistente-nr-acido-peracetico-pl","190":"pa_resistente-nr-naftalina-pl","191":"pa_resistente-nr-olej-transformatorowy","192":"pa_resistente-nr-oliwa-z-oliwek","193":"pa_resistente-nr-oliwa-z-oliwek-pl","194":"pa_resistente-nr-perchloroetylen","195":"pa_resistente-nr-proprionitryl","196":"pa_resistente-nr-skalica","197":"pa_resistente-nr-trichloroetylen","198":"pa_resistente-nr-trichlorometan","199":"pa_resistente-nr-hidrocarburos-aromaticos-pl","200":"pa_resistente-nr-xylen-pl","201":"pa_superficie-exterior-gladki","202":"pa_superficie-interior-gladki","203":"pa_temperatura-maxima-oc-80c-pl","204":"pa_temperatura-minima-oc-25c-pl","205":"pa_vacio-m-h2o-9-0-pl","207":"first","208":"instock","209":"shipping-taxable","210":"product-type-variable"},"_links":{"self":[{"href":"https:\/\/www.espiroflex.com\/pl\/wp-json\/wp\/v2\/product\/26696","targetHints":{"allow":["GET"]}}],"collection":[{"href":"https:\/\/www.espiroflex.com\/pl\/wp-json\/wp\/v2\/product"}],"about":[{"href":"https:\/\/www.espiroflex.com\/pl\/wp-json\/wp\/v2\/types\/product"}],"wp:featuredmedia":[{"embeddable":true,"href":"https:\/\/www.espiroflex.com\/pl\/wp-json\/wp\/v2\/media\/6325"}],"wp:attachment":[{"href":"https:\/\/www.espiroflex.com\/pl\/wp-json\/wp\/v2\/media?parent=26696"}],"wp:term":[{"taxonomy":"product_brand","embeddable":true,"href":"https:\/\/www.espiroflex.com\/pl\/wp-json\/wp\/v2\/product_brand?post=26696"},{"taxonomy":"product_cat","embeddable":true,"href":"https:\/\/www.espiroflex.com\/pl\/wp-json\/wp\/v2\/product_cat?post=26696"},{"taxonomy":"product_tag","embeddable":true,"href":"https:\/\/www.espiroflex.com\/pl\/wp-json\/wp\/v2\/product_tag?post=26696"}],"curies":[{"name":"wp","href":"https:\/\/api.w.org\/{rel}","templated":true}]}}