{"id":26652,"date":"2025-07-22T19:06:15","date_gmt":"2025-07-22T17:06:15","guid":{"rendered":"https:\/\/www.espiroflex.com\/mallatrans\/"},"modified":"2025-12-01T14:07:24","modified_gmt":"2025-12-01T13:07:24","slug":"mallatrans","status":"publish","type":"product","link":"https:\/\/www.espiroflex.com\/pl\/produkt\/mallatrans\/","title":{"rendered":"MALLATRANS"},"content":{"rendered":"<p>Wielo warstwowy przezroczysty w\u0105\u017c z plastyfikowanego PVC wzmocniony siatk\u0105 poliestrow\u0105, specjalnie do przesy\u0142u cieczy spo\u017cywczych. Bardzo por\u0119czny. Dobra odporno\u015b\u0107 chemiczna zgodna z tabel\u0105 odporno\u015bci PVC. Bardzo elastyczny w\u0105\u017c wysokiej jako\u015bci ze wzmocnieniem poliestrowym, kt\u00f3re pozwala wytrzyma\u0107 wysokie ci\u015bnienie robocze i zapobiega p\u0119kaniu przy rozci\u0105gni\u0119ciu.<\/p>\n","protected":false},"excerpt":{"rendered":"<p>Wielo warstwowy przezroczysty w\u0105\u017c z plastyfikowanego PVC wzmocniony siatk\u0105 poliestrow\u0105, specjalnie do przesy\u0142u cieczy spo\u017cywczych. Bardzo por\u0119czny. Dobra odporno\u015b\u0107 chemiczna zgodna z tabel\u0105 odporno\u015bci PVC. Bardzo elastyczny w\u0105\u017c wysokiej jako\u015bci ze wzmocnieniem poliestrowym, kt\u00f3re pozwala wytrzyma\u0107 wysokie ci\u015bnienie robocze i zapobiega p\u0119kaniu przy rozci\u0105gni\u0119ciu.<\/p>\n","protected":false},"featured_media":27344,"template":"","meta":[],"product_brand":[993],"product_cat":[4226,304,345,286,258,235,230],"product_tag":[],"class_list":{"0":"post-26652","1":"product","2":"type-product","3":"status-publish","4":"has-post-thumbnail","6":"product_brand-mallatrans","7":"product_cat-industrial-3-pl","8":"product_cat-praca-pod-cisnieniem2","9":"product_cat-przemyslowy","10":"product_cat-waz-pcv","11":"product_cat-praca-pod-cisnieniem","12":"product_cat-rolniczy","13":"product_cat-spozywczy","14":"pa_aplicaciones-przemyslowy","15":"pa_aplicaciones-zywnosc","16":"pa_diametro-interno-mm-6-0-pl","17":"pa_diametro-interno-mm-8-0-pl","18":"pa_diametro-interno-mm-10-0-pl","19":"pa_diametro-interno-mm-12-0-pl","20":"pa_diametro-interno-mm-15-0-pl","21":"pa_diametro-interno-mm-19-0-pl","22":"pa_diametro-interno-mm-20-0-pl","23":"pa_diametro-interno-mm-25-0-pl","24":"pa_diametro-interno-mm-30-0-pl","25":"pa_diametro-interno-mm-40-0-pl","26":"pa_diametro-interno-mm-51-0-pl","27":"pa_diametro-interno-pulg-1-pl","28":"pa_diametro-interno-pulg-1-1-4-pl","29":"pa_diametro-interno-pulg-1-5-8-pl","30":"pa_diametro-interno-pulg-1-2-pl","31":"pa_diametro-interno-pulg-1-4-pl","32":"pa_diametro-interno-pulg-2-pl","33":"pa_diametro-interno-pulg-3-4-pl","34":"pa_diametro-interno-pulg-3-8-pl","35":"pa_diametro-interno-pulg-5-16-pl","36":"pa_diametro-interno-pulg-5-8-pl","37":"pa_espesor-total-de-pared-mm-1-5-pl","38":"pa_espesor-total-de-pared-mm-2-0-pl","39":"pa_espesor-total-de-pared-mm-2-5-pl","40":"pa_espesor-total-de-pared-mm-3-0-pl","41":"pa_espesor-total-de-pared-mm-3-5-pl","42":"pa_espesor-total-de-pared-mm-4-5-pl","43":"pa_espesor-total-de-pared-mm-5-0-pl","44":"pa_espesor-total-de-pared-mm-6-0-pl","45":"pa_material-flexible-pvc-pl","46":"pa_opacidad-przezroczysty","47":"pa_presion-rotura-bar-15-0-pl","48":"pa_presion-rotura-bar-18-0-pl","49":"pa_presion-rotura-bar-21-0-pl","50":"pa_presion-rotura-bar-30-0-pl","51":"pa_presion-rotura-bar-45-0-pl","52":"pa_refuerzo-nici-poliestrowe","53":"pa_superficie-exterior-gladki","54":"pa_superficie-interior-gladki","55":"pa_temperatura-maxima-oc-60c-pl","56":"pa_temperatura-minima-oc-10c-pl","58":"first","59":"instock","60":"shipping-taxable","61":"product-type-variable"},"_links":{"self":[{"href":"https:\/\/www.espiroflex.com\/pl\/wp-json\/wp\/v2\/product\/26652","targetHints":{"allow":["GET"]}}],"collection":[{"href":"https:\/\/www.espiroflex.com\/pl\/wp-json\/wp\/v2\/product"}],"about":[{"href":"https:\/\/www.espiroflex.com\/pl\/wp-json\/wp\/v2\/types\/product"}],"wp:featuredmedia":[{"embeddable":true,"href":"https:\/\/www.espiroflex.com\/pl\/wp-json\/wp\/v2\/media\/27344"}],"wp:attachment":[{"href":"https:\/\/www.espiroflex.com\/pl\/wp-json\/wp\/v2\/media?parent=26652"}],"wp:term":[{"taxonomy":"product_brand","embeddable":true,"href":"https:\/\/www.espiroflex.com\/pl\/wp-json\/wp\/v2\/product_brand?post=26652"},{"taxonomy":"product_cat","embeddable":true,"href":"https:\/\/www.espiroflex.com\/pl\/wp-json\/wp\/v2\/product_cat?post=26652"},{"taxonomy":"product_tag","embeddable":true,"href":"https:\/\/www.espiroflex.com\/pl\/wp-json\/wp\/v2\/product_tag?post=26652"}],"curies":[{"name":"wp","href":"https:\/\/api.w.org\/{rel}","templated":true}]}}