{"id":26645,"date":"2025-07-23T17:32:17","date_gmt":"2025-07-22T15:32:17","guid":{"rendered":"https:\/\/www.espiroflex.com\/mallalatex\/"},"modified":"2025-12-01T14:05:55","modified_gmt":"2025-12-01T13:05:55","slug":"mallalatex","status":"publish","type":"product","link":"https:\/\/www.espiroflex.com\/pl\/produkt\/mallalatex\/","title":{"rendered":"MALLALATEX"},"content":{"rendered":"<p>W\u0105\u017c wykonany z plastyfikowanego PVC z wewn\u0119trznym wzmocnieniem z siatki poliestrowej. Anti-UV. Dobra odporno\u015b\u0107 chemiczna zgodna z tabel\u0105 odporno\u015bci PVC. Wytrzymuje \u015brednie ci\u015bnienia robocze. W\u0105\u017c wysokiej jako\u015bci i bardzo elastyczny. Bardzo por\u0119czny i lekki. Ekonomiczny.<\/p>\n","protected":false},"excerpt":{"rendered":"<p>W\u0105\u017c wykonany z plastyfikowanego PVC z wewn\u0119trznym wzmocnieniem z siatki poliestrowej. Anti-UV. Dobra odporno\u015b\u0107 chemiczna zgodna z tabel\u0105 odporno\u015bci PVC. Wytrzymuje \u015brednie ci\u015bnienia robocze. W\u0105\u017c wysokiej jako\u015bci i bardzo elastyczny. Bardzo por\u0119czny i lekki. Ekonomiczny.<\/p>\n","protected":false},"featured_media":27960,"template":"","meta":[],"product_brand":[966],"product_cat":[4919,393,4925,311,286],"product_tag":[],"class_list":{"0":"post-26645","1":"product","2":"type-product","3":"status-publish","4":"has-post-thumbnail","6":"product_brand-mallalatex","7":"product_cat-kanalizacja","8":"product_cat-ogrodniczych","9":"product_cat-sklep-z-artykulami-metalowymi","10":"product_cat-uzytku-domowego2","11":"product_cat-waz-pcv","12":"pa_aplicaciones-krajowy-pl","13":"pa_aplicaciones-zywnosc","14":"pa_color-zielony","15":"pa_construccion-manguera-siatka","16":"pa_diametro-interno-mm-15-0-pl","17":"pa_diametro-interno-mm-19-0-pl","18":"pa_diametro-interno-mm-25-0-pl","19":"pa_diametro-interno-pulg-1-pl","20":"pa_diametro-interno-pulg-3-4-pl","21":"pa_diametro-interno-pulg-5-8-pl","22":"pa_espesor-total-de-pared-mm-3-0-pl","23":"pa_espesor-total-de-pared-mm-3-5-pl","24":"pa_material-flexible-lateks","25":"pa_material-manguera-pvc-pl","26":"pa_opacidad-nieprzezroczysty","27":"pa_presion-rotura-bar-24-0-pl","28":"pa_refuerzo-lateks-nic-poliestrowa","29":"pa_resistencia-r-dicromato-de-potasio-40-pl","30":"pa_resistencia-r-acetat-glinu","31":"pa_resistencia-r-alcohol-amilico-pl","32":"pa_resistencia-r-alkohol-etylowy-10","33":"pa_resistencia-r-alkohol-etylowy-35","34":"pa_resistencia-r-alkohol-etylowy-40","35":"pa_resistencia-r-alkohol-izobutylowy","36":"pa_resistencia-r-alkohol-izopropylowy","37":"pa_resistencia-r-alkohol-metylowy-5","38":"pa_resistencia-r-alkohol-metylowy-6","39":"pa_resistencia-r-alumbre-pl","40":"pa_resistencia-r-nitrato-de-amonio-25-pl","41":"pa_resistencia-r-nitrato-de-amonio-sol-sat-pl","42":"pa_resistencia-r-nitrato-sodico-pl","43":"pa_resistencia-r-anhidrido-sulfuroso-pl","44":"pa_resistencia-r-bisulfato-sodico-pl","45":"pa_resistencia-r-bisulfatos-y-bisulfatos-met-pl","46":"pa_resistencia-r-borax-5-pl","47":"pa_resistencia-r-borax-conc-pl","48":"pa_resistencia-r-carbonato-de-amonio-pl","49":"pa_resistencia-r-cloruro-de-zinc-20-pl","50":"pa_resistencia-r-cloruro-de-zinc-conc-pl","51":"pa_resistencia-r-cloruro-de-sodio-20-pl","52":"pa_resistencia-r-cloruro-de-sodio-25-pl","53":"pa_resistencia-r-cloruro-de-sodio-conc-pl","54":"pa_resistencia-r-cloruro-de-calcio-20-pl","55":"pa_resistencia-r-cloruro-de-calcio-25-pl","56":"pa_resistencia-r-cloruro-de-calcio-sol-sat-pl","57":"pa_resistencia-r-cloruro-ferrico-pl","58":"pa_resistencia-r-sidra-pl","59":"pa_resistencia-r-cianuro-de-sodio-pl","60":"pa_resistencia-r-sulfuro-de-hidrogeno-gaseoso-pl","61":"pa_resistencia-r-dextrosa-pl","62":"pa_resistencia-r-dextrina-pl","63":"pa_resistencia-r-dicromato-de-potasio-todas-conc-pl","64":"pa_resistencia-r-dodecanol-pl","65":"pa_resistencia-r-anhidrido-carbonico-pl","66":"pa_resistencia-r-dioxido-de-carbono-pl","67":"pa_resistencia-r-emulsionantes-pl","68":"pa_resistencia-r-formaldehido-30-pl","69":"pa_resistencia-r-formaldehido-37-pl","70":"pa_resistencia-r-fructosa-pl","71":"pa_resistencia-r-glicerol-pl","72":"pa_resistencia-r-glicerina-pl","73":"pa_resistencia-r-glicol-de-etileno-pl","74":"pa_resistencia-r-hidroquinona-pl","75":"pa_resistencia-r-caseina-pl","76":"pa_resistencia-r-detergentes-concentrados-pl","77":"pa_resistencia-r-silicatos-aluminicos-pl","78":"pa_resistencia-r-silicatos-potasicos-pl","79":"pa_resistencia-r-acido-adipico-pl","80":"pa_resistencia-r-acido-nitrico-10-pl","81":"pa_resistencia-r-acido-nitrico-20-pl","82":"pa_resistencia-r-acido-nitrico-30-pl","83":"pa_resistencia-r-acido-nitrico-5-pl","84":"pa_resistencia-r-acido-nitrico-50-pl","85":"pa_resistencia-r-acido-borico-10-pl","86":"pa_resistencia-r-acido-borico-5-pl","87":"pa_resistencia-r-acido-borico-conc-pl","88":"pa_resistencia-r-acido-bromhidrico-sol-acu-30-pl","89":"pa_resistencia-r-acido-bromhidrico-sol-acu-50-pl","90":"pa_resistencia-r-acido-clorhidrico-10-pl","91":"pa_resistencia-r-acido-clorhidrico-20-pl","92":"pa_resistencia-r-acido-clorhidrico-22-pl","93":"pa_resistencia-r-acido-clorhidrico-5-pl","94":"pa_resistencia-r-acido-cromico-5-pl","95":"pa_resistencia-r-acido-citrico-5-pl","96":"pa_resistencia-r-acido-fluorhidrico-4-pl","97":"pa_resistencia-r-acido-fosforico-20-pl","98":"pa_resistencia-r-acido-fosforico-30-pl","99":"pa_resistencia-r-acido-fosforico-5-pl","100":"pa_resistencia-r-acido-hiplocoroso-20-pl","101":"pa_resistencia-r-acido-hiplocoroso-sol-acu-conc-pl","102":"pa_resistencia-r-acido-butirico-20-pl","103":"pa_resistencia-r-acido-lactico-sol-acu-10-pl","104":"pa_resistencia-r-acido-lactico-sol-acu-3-pl","105":"pa_resistencia-r-acido-acetico-10-pl","106":"pa_resistencia-r-acido-acetico-3-pl","107":"pa_resistencia-r-acido-acetico-5-pl","108":"pa_resistencia-r-acido-sulfurico-20-pl","109":"pa_resistencia-r-acido-sulfurico-25-pl","110":"pa_resistencia-r-acido-sulfurico-5-pl","111":"pa_resistencia-r-acido-estearico-pl","112":"pa_resistencia-r-acido-oxalico-pl","113":"pa_resistencia-r-acido-carbonico-5-pl","114":"pa_resistencia-r-acido-carbonico-conc-pl","115":"pa_resistencia-r-acidos-grasos-c6-pl","116":"pa_resistencia-r-lanolina-pl","117":"pa_resistencia-r-manganato-potasico-pl","118":"pa_resistencia-r-permanganatos-potasico-10-pl","119":"pa_resistencia-r-peroxido-de-hidrogeno-30-vol-pl","120":"pa_resistencia-r-nitrogeno-pl","121":"pa_resistencia-r-vinagre-pl","122":"pa_resistencia-r-octan-sodu","123":"pa_resistencia-r-octan-wapnia","124":"pa_resistencia-r-parafina-pl","125":"pa_resistencia-r-perborato-sodico-pl","126":"pa_resistencia-r-persulfato-de-amonio-pl","127":"pa_resistencia-r-cerveza-pl","128":"pa_resistencia-r-plomotetraetilo-pl","129":"pa_resistencia-r-hipoclorito-de-sodio-14-cl2-pl","130":"pa_resistencia-r-hipoclorito-de-sodio-15-cl2-pl","131":"pa_resistencia-r-hipoclorito-de-calcio-pl","132":"pa_resistencia-r-potasio-pl","133":"pa_resistencia-r-powietrze","134":"pa_resistencia-r-hipoclorito-de-sodio-sol-sat-pl","135":"pa_resistencia-r-jabones-liquidos-pl","136":"pa_resistencia-r-sulfuro-de-amonio-pl","137":"pa_resistencia-r-sulfuro-de-bario-pl","138":"pa_resistencia-r-sulfuro-ferrico-pl","139":"pa_resistencia-r-azufre-pl","140":"pa_resistencia-r-silicatos-sodicos-pl","141":"pa_resistencia-r-acido-clorhidrico-conc-pl","142":"pa_resistencia-r-tanino-pl","143":"pa_resistencia-r-oxigeno-pl","144":"pa_resistencia-r-oxidos-sulfurosos-pl","145":"pa_resistencia-r-tricloruro-de-antimonio-pl","146":"pa_resistencia-r-bisulfato-calcico-pl","147":"pa_resistencia-r-carbonato-magnesico-pl","148":"pa_resistencia-r-carbonato-de-sodio-pl","149":"pa_resistencia-r-carbonato-calcico-pl","150":"pa_resistencia-r-vinos-pl","151":"pa_resistencia-r-woda","152":"pa_resistencia-r-woda-morska","153":"pa_resistencia-r-hidroxido-de-amonio-10-pl","154":"pa_resistencia-r-hidroxido-de-amonio-25-pl","155":"pa_resistencia-r-hidroxido-de-amonio-28-pl","156":"pa_resistencia-r-hidroxido-de-amonio-5-pl","157":"pa_resistencia-r-hidroxido-de-aluminio-pl","158":"pa_resistencia-r-hidroxido-de-potasio-10-pl","159":"pa_resistencia-r-hidroxido-de-potasio-5-pl","160":"pa_resistencia-r-hidroxido-de-potasio-50-pl","161":"pa_resistencia-r-hidroxido-de-potasio-conc-pl","162":"pa_resistencia-r-hidroxido-de-sodio-sosa-10-pl","163":"pa_resistencia-r-hidroxido-de-sodio-sosa-20-pl","164":"pa_resistencia-r-hidroxido-de-sodio-sosa-5-pl","165":"pa_resistencia-r-hidroxido-de-calcio-pl","166":"pa_resistente-lr-acido-acetico-50-pl","167":"pa_resistente-lr-acido-formico-20-pl","168":"pa_resistente-lr-alkohol-butylowy","169":"pa_resistente-lr-formaldehido-40-pl","170":"pa_resistente-lr-acido-benzoico-pl","171":"pa_resistente-lr-acido-cromico-10-pl","172":"pa_resistente-lr-acido-fluorhidrico-20-pl","173":"pa_resistente-lr-acido-fluorhidrico-30-pl","174":"pa_resistente-lr-acido-formico-10-pl","175":"pa_resistente-lr-acido-acetico-30-pl","176":"pa_resistente-lr-acido-acetico-80-pl","177":"pa_resistente-lr-acido-sulfurico-50-pl","178":"pa_resistente-lr-olej-astm-1-pl","179":"pa_resistente-lr-olej-astm-2-pl","180":"pa_resistente-lr-olej-z-nasion","181":"pa_resistente-lr-ozono-pl","182":"pa_resistente-lr-gas-licuado-de-petroleo-glp-pl","183":"pa_resistente-nr-acetatos-de-alquilo-pl","184":"pa_resistente-nr-acetona-pl","185":"pa_resistente-nr-acetonitrilo-pl","186":"pa_resistente-nr-acido-cloroacetico-pl","187":"pa_resistente-nr-acido-clorosulfonico-conc-pl","188":"pa_resistente-nr-acido-sulfurico-98-pl","189":"pa_resistente-nr-acido-sulfurico-conc-fuming-pl","190":"pa_resistente-nr-acrilato-de-etilo-pl","191":"pa_resistente-nr-acetaldehido-pl","192":"pa_resistente-nr-aldehidos-pl","193":"pa_resistente-nr-alcohol-alilico-2-propenol-1-pl","194":"pa_resistente-nr-alcohol-bencilico-pl","195":"pa_resistente-nr-alcohol-etilico-96-pl","196":"pa_resistente-nr-alcohol-etilico-max-conc-pl","197":"pa_resistente-nr-amoniaco-gas-pl","198":"pa_resistente-nr-nitrito-sodico-pl","199":"pa_resistente-nr-benzaldehido-pl","200":"pa_resistente-nr-benceno-pl","201":"pa_resistente-nr-anhidrido-acetico-pl","202":"pa_resistente-nr-bromo-pl","203":"pa_resistente-nr-bromuro-de-alquilo-pl","204":"pa_resistente-nr-bromuro-de-etileno-pl","205":"pa_resistente-nr-butanodiol-100-pl","206":"pa_resistente-nr-cloro-100-gas-seco-pl","207":"pa_resistente-nr-cloruro-de-mercurio-pl","208":"pa_resistente-nr-cloroformo-pl","209":"pa_resistente-nr-cloroparafinas-c14-c17-pl","210":"pa_resistente-nr-cicloalcanos-pl","211":"pa_resistente-nr-cicloalcoholes-pl","212":"pa_resistente-nr-ciclohexano-pl","213":"pa_resistente-nr-ciclohexanona-pl","214":"pa_resistente-nr-ciclocetonas-pl","215":"pa_resistente-nr-tetracloruro-de-carbono2-pl","216":"pa_resistente-nr-dietilcetona-pl","217":"pa_resistente-nr-dimetil-formamida-pl","218":"pa_resistente-nr-dioxano-pl","219":"pa_resistente-nr-esteres-alifaticos-pl","220":"pa_resistente-nr-fluoruro-pl","221":"pa_resistente-nr-hexano-pl","222":"pa_resistente-nr-hidracina-pl","223":"pa_resistente-nr-cetonas-pl","224":"pa_resistente-nr-cresol-pl","225":"pa_resistente-nr-acido-nitrico-70-pl","226":"pa_resistente-nr-acido-nitrico-95-pl","227":"pa_resistente-nr-acido-fluorhidrico-40-pl","228":"pa_resistente-nr-acido-fluorhidrico-60-pl","229":"pa_resistente-nr-acido-ftalico-pl","230":"pa_resistente-nr-acido-formico-25-pl","231":"pa_resistente-nr-acido-formico-85-pl","232":"pa_resistente-nr-acido-formico-conc-pl","233":"pa_resistente-nr-acido-peracetico-pl","234":"pa_resistente-nr-acido-acetico-conc-pl","235":"pa_resistente-nr-acido-oleico-pl","236":"pa_resistente-nr-acido-sulfurico-70-pl","237":"pa_resistente-nr-acido-sulfurico-80-pl","238":"pa_resistente-nr-acido-sulfurico-96-pl","239":"pa_resistente-nr-aceites-lubricantes-petroleo-pl","240":"pa_resistente-nr-urea-ad-blue-pl","241":"pa_resistente-nr-urea-30-pl","242":"pa_resistente-nr-queroseno-pl","243":"pa_resistente-nr-acetato-de-amilo-pl","244":"pa_resistente-nr-acetato-de-etilo-pl","245":"pa_resistente-nr-aceite-astm-3-pl","246":"pa_resistente-nr-aceite-mineral-pl","247":"pa_resistente-nr-gasoleo-y-biodiesel-pl","248":"pa_resistente-nr-fuel-oil-pl","249":"pa_resistente-nr-disolventes-clorados-pl","250":"pa_resistente-nr-sebacato-de-dioctilo-pl","251":"pa_resistente-nr-silicona-pl","252":"pa_resistente-nr-trimelitato-de-trioctilo-totm-pl","253":"pa_resistente-nr-hidrocarburos-aromaticos-pl","254":"pa_resistente-nr-white-spirit-pl","255":"pa_resistente-sr-alcool-etilico-50-pl","256":"pa_resistente-sr-ftalany","257":"pa_resistente-sr-whisky-pl","258":"pa_superficie-exterior-gladki","259":"pa_superficie-interior-gladki","260":"pa_temperatura-maxima-oc-60c-pl","261":"pa_temperatura-minima-oc-10c-pl","263":"first","264":"instock","265":"shipping-taxable","266":"product-type-variable"},"_links":{"self":[{"href":"https:\/\/www.espiroflex.com\/pl\/wp-json\/wp\/v2\/product\/26645","targetHints":{"allow":["GET"]}}],"collection":[{"href":"https:\/\/www.espiroflex.com\/pl\/wp-json\/wp\/v2\/product"}],"about":[{"href":"https:\/\/www.espiroflex.com\/pl\/wp-json\/wp\/v2\/types\/product"}],"wp:featuredmedia":[{"embeddable":true,"href":"https:\/\/www.espiroflex.com\/pl\/wp-json\/wp\/v2\/media\/27960"}],"wp:attachment":[{"href":"https:\/\/www.espiroflex.com\/pl\/wp-json\/wp\/v2\/media?parent=26645"}],"wp:term":[{"taxonomy":"product_brand","embeddable":true,"href":"https:\/\/www.espiroflex.com\/pl\/wp-json\/wp\/v2\/product_brand?post=26645"},{"taxonomy":"product_cat","embeddable":true,"href":"https:\/\/www.espiroflex.com\/pl\/wp-json\/wp\/v2\/product_cat?post=26645"},{"taxonomy":"product_tag","embeddable":true,"href":"https:\/\/www.espiroflex.com\/pl\/wp-json\/wp\/v2\/product_tag?post=26645"}],"curies":[{"name":"wp","href":"https:\/\/api.w.org\/{rel}","templated":true}]}}