{"id":26605,"date":"2025-07-22T19:02:38","date_gmt":"2025-07-22T17:02:38","guid":{"rendered":"https:\/\/www.espiroflex.com\/hidrotubo\/"},"modified":"2025-11-28T14:48:17","modified_gmt":"2025-11-28T13:48:17","slug":"hidrotubo","status":"publish","type":"product","link":"https:\/\/www.espiroflex.com\/pl\/produkt\/hidrotubo\/","title":{"rendered":"Hidrotubo"},"content":{"rendered":"<p>Rura z Elastyczne PVC wzmacniana spiral\u0105 z PVC sztywny antishock, zgodna z norm\u0105 UNE EN ISO 3994. Bardzo elastyczna i lekka. Dobra odporno\u015b\u0107 chemiczna. Du\u017ca odporno\u015b\u0107 na \u015bcieki i wod\u0119 w obiegach basenowych z chlorem.<\/p>\n","protected":false},"excerpt":{"rendered":"<p>Rura z Elastyczne PVC wzmacniana spiral\u0105 z PVC sztywny antishock, zgodna z norm\u0105 UNE EN ISO 3994. Bardzo elastyczna i lekka. Dobra odporno\u015b\u0107 chemiczna. Du\u017ca odporno\u015b\u0107 na \u015bcieki i wod\u0119 w obiegach basenowych z chlorem.<\/p>\n","protected":false},"featured_media":6436,"template":"","meta":[],"product_brand":[986],"product_cat":[315,325,286,335],"product_tag":[],"class_list":{"0":"post-26605","1":"product","2":"type-product","3":"status-publish","4":"has-post-thumbnail","6":"product_brand-hidrotubo","7":"product_cat-baseny","8":"product_cat-budowlany","9":"product_cat-waz-pcv","10":"product_cat-zdrowie","11":"pa_aplicaciones-baseny","12":"pa_aplicaciones-budowa-pl","13":"pa_aplicaciones-przemyslowy","14":"pa_aplicaciones-sanitarny","15":"pa_color-bialy","16":"pa_color-szary","17":"pa_construccion-manguera-spiralowanie","18":"pa_diametro-interno-mm-13-0-pl","19":"pa_diametro-interno-mm-16-0-pl","20":"pa_diametro-interno-mm-20-0-pl","21":"pa_diametro-interno-mm-26-0-pl-2","22":"pa_diametro-interno-mm-27-0-pl","23":"pa_diametro-interno-mm-34-0-pl","24":"pa_diametro-interno-mm-35-0-pl","25":"pa_diametro-interno-mm-42-0-pl","26":"pa_diametro-interno-mm-43-0-pl","27":"pa_diametro-interno-mm-55-0-pl","28":"pa_diametro-interno-mm-63-0-pl","29":"pa_diametro-interno-mm-80-0-pl","30":"pa_diametro-interno-mm-102-0-pl","31":"pa_diametro-interno-mm-110-0-pl","32":"pa_diametro-interno-pulg-1-pl","33":"pa_diametro-interno-pulg-1-1-2-pl","34":"pa_diametro-interno-pulg-1-3-4-pl","35":"pa_diametro-interno-pulg-1-3-8-pl","36":"pa_diametro-interno-pulg-1-2-pl","37":"pa_diametro-interno-pulg-2-1-8-pl","38":"pa_diametro-interno-pulg-3-1-8-pl","39":"pa_diametro-interno-pulg-3-4-pl","40":"pa_diametro-interno-pulg-4-pl","41":"pa_diametro-interno-pulg-4-5-16-pl","42":"pa_diametro-interno-pulg-5-8-pl","43":"pa_espesor-total-de-pared-mm-1-5-pl","44":"pa_espesor-total-de-pared-mm-2-0-pl","45":"pa_espesor-total-de-pared-mm-2-5-pl","46":"pa_espesor-total-de-pared-mm-3-0-pl","47":"pa_espesor-total-de-pared-mm-3-5-pl","48":"pa_espesor-total-de-pared-mm-4-0-pl","49":"pa_espesor-total-de-pared-mm-5-0-pl","50":"pa_espesor-total-de-pared-mm-6-0-pl","51":"pa_espesor-total-de-pared-mm-7-5-pl","52":"pa_material-flexible-pvc-flexible-pl","53":"pa_material-manguera-pvc-pl","54":"pa_opacidad-nieprzezroczysty","55":"pa_presion-rotura-bar-12-0-pl","56":"pa_presion-rotura-bar-15-0-pl","57":"pa_presion-rotura-bar-22-0-pl","58":"pa_presion-rotura-bar-9-0-pl","59":"pa_refuerzo-pvc-rigido-pl","60":"pa_resistencia-r-dicromato-de-potasio-40-pl","61":"pa_resistencia-r-acetat-glinu","62":"pa_resistencia-r-alcohol-amilico-pl","63":"pa_resistencia-r-alkohol-etylowy-10","64":"pa_resistencia-r-alkohol-etylowy-35","65":"pa_resistencia-r-alkohol-etylowy-40","66":"pa_resistencia-r-alkohol-izobutylowy","67":"pa_resistencia-r-alkohol-izopropylowy","68":"pa_resistencia-r-alkohol-metylowy-5","69":"pa_resistencia-r-alkohol-metylowy-6","70":"pa_resistencia-r-alumbre-pl","71":"pa_resistencia-r-nitrato-de-amonio-25-pl","72":"pa_resistencia-r-nitrato-de-amonio-sol-sat-pl","73":"pa_resistencia-r-nitrato-sodico-pl","74":"pa_resistencia-r-anhidrido-sulfuroso-pl","75":"pa_resistencia-r-bisulfato-sodico-pl","76":"pa_resistencia-r-bisulfatos-y-bisulfatos-met-pl","77":"pa_resistencia-r-borax-5-pl","78":"pa_resistencia-r-borax-conc-pl","79":"pa_resistencia-r-carbonato-de-amonio-pl","80":"pa_resistencia-r-cloruro-de-zinc-20-pl","81":"pa_resistencia-r-cloruro-de-zinc-conc-pl","82":"pa_resistencia-r-cloruro-de-sodio-20-pl","83":"pa_resistencia-r-cloruro-de-sodio-25-pl","84":"pa_resistencia-r-cloruro-de-sodio-conc-pl","85":"pa_resistencia-r-cloruro-de-calcio-20-pl","86":"pa_resistencia-r-cloruro-de-calcio-25-pl","87":"pa_resistencia-r-cloruro-de-calcio-sol-sat-pl","88":"pa_resistencia-r-cloruro-ferrico-pl","89":"pa_resistencia-r-sidra-pl","90":"pa_resistencia-r-cianuro-de-sodio-pl","91":"pa_resistencia-r-sulfuro-de-hidrogeno-gaseoso-pl","92":"pa_resistencia-r-dextrosa-pl","93":"pa_resistencia-r-dextrina-pl","94":"pa_resistencia-r-dicromato-de-potasio-todas-conc-pl","95":"pa_resistencia-r-dodecanol-pl","96":"pa_resistencia-r-dioxido-de-carbono-pl","97":"pa_resistencia-r-anhidrido-carbonico-pl","98":"pa_resistencia-r-emulsionantes-pl","99":"pa_resistencia-r-formaldehido-30-pl","100":"pa_resistencia-r-formaldehido-37-pl","101":"pa_resistencia-r-fructosa-pl","102":"pa_resistencia-r-glicerol-pl","103":"pa_resistencia-r-glicerina-pl","104":"pa_resistencia-r-glicol-de-etileno-pl","105":"pa_resistencia-r-hidroquinona-pl","106":"pa_resistencia-r-caseina-pl","107":"pa_resistencia-r-detergentes-concentrados-pl","108":"pa_resistencia-r-silicatos-aluminicos-pl","109":"pa_resistencia-r-silicatos-potasicos-pl","110":"pa_resistencia-r-acido-adipico-pl","111":"pa_resistencia-r-acido-nitrico-10-pl","112":"pa_resistencia-r-acido-nitrico-20-pl","113":"pa_resistencia-r-acido-nitrico-30-pl","114":"pa_resistencia-r-acido-nitrico-5-pl","115":"pa_resistencia-r-acido-nitrico-50-pl","116":"pa_resistencia-r-acido-borico-10-pl","117":"pa_resistencia-r-acido-borico-5-pl","118":"pa_resistencia-r-acido-borico-conc-pl","119":"pa_resistencia-r-acido-bromhidrico-sol-acu-30-pl","120":"pa_resistencia-r-acido-bromhidrico-sol-acu-50-pl","121":"pa_resistencia-r-acido-clorhidrico-10-pl","122":"pa_resistencia-r-acido-clorhidrico-20-pl","123":"pa_resistencia-r-acido-clorhidrico-22-pl","124":"pa_resistencia-r-acido-clorhidrico-5-pl","125":"pa_resistencia-r-acido-cromico-5-pl","126":"pa_resistencia-r-acido-citrico-5-pl","127":"pa_resistencia-r-acido-fluorhidrico-4-pl","128":"pa_resistencia-r-acido-fosforico-20-pl","129":"pa_resistencia-r-acido-fosforico-30-pl","130":"pa_resistencia-r-acido-fosforico-5-pl","131":"pa_resistencia-r-acido-hiplocoroso-20-pl","132":"pa_resistencia-r-acido-hiplocoroso-sol-acu-conc-pl","133":"pa_resistencia-r-acido-butirico-20-pl","134":"pa_resistencia-r-acido-lactico-sol-acu-10-pl","135":"pa_resistencia-r-acido-lactico-sol-acu-3-pl","136":"pa_resistencia-r-acido-acetico-10-pl","137":"pa_resistencia-r-acido-acetico-3-pl","138":"pa_resistencia-r-acido-acetico-5-pl","139":"pa_resistencia-r-acido-sulfurico-20-pl","140":"pa_resistencia-r-acido-sulfurico-25-pl","141":"pa_resistencia-r-acido-sulfurico-5-pl","142":"pa_resistencia-r-acido-estearico-pl","143":"pa_resistencia-r-acido-oxalico-pl","144":"pa_resistencia-r-acido-carbonico-5-pl","145":"pa_resistencia-r-acido-carbonico-conc-pl","146":"pa_resistencia-r-acidos-grasos-c6-pl","147":"pa_resistencia-r-lanolina-pl","148":"pa_resistencia-r-manganato-potasico-pl","149":"pa_resistencia-r-permanganatos-potasico-10-pl","150":"pa_resistencia-r-peroxido-de-hidrogeno-30-vol-pl","151":"pa_resistencia-r-nitrogeno-pl","152":"pa_resistencia-r-vinagre-pl","153":"pa_resistencia-r-octan-sodu","154":"pa_resistencia-r-octan-wapnia","155":"pa_resistencia-r-parafina-pl","156":"pa_resistencia-r-perborato-sodico-pl","157":"pa_resistencia-r-persulfato-de-amonio-pl","158":"pa_resistencia-r-cerveza-pl","159":"pa_resistencia-r-plomotetraetilo-pl","160":"pa_resistencia-r-hipoclorito-de-sodio-14-cl2-pl","161":"pa_resistencia-r-hipoclorito-de-sodio-15-cl2-pl","162":"pa_resistencia-r-hipoclorito-de-calcio-pl","163":"pa_resistencia-r-potasio-pl","164":"pa_resistencia-r-powietrze","165":"pa_resistencia-r-hipoclorito-de-sodio-sol-sat-pl","166":"pa_resistencia-r-jabones-liquidos-pl","167":"pa_resistencia-r-sulfuro-de-amonio-pl","168":"pa_resistencia-r-sulfuro-de-bario-pl","169":"pa_resistencia-r-sulfuro-ferrico-pl","170":"pa_resistencia-r-azufre-pl","171":"pa_resistencia-r-silicatos-sodicos-pl","172":"pa_resistencia-r-acido-clorhidrico-conc-pl","173":"pa_resistencia-r-tanino-pl","174":"pa_resistencia-r-oxigeno-pl","175":"pa_resistencia-r-oxidos-sulfurosos-pl","176":"pa_resistencia-r-tricloruro-de-antimonio-pl","177":"pa_resistencia-r-bisulfato-calcico-pl","178":"pa_resistencia-r-carbonato-magnesico-pl","179":"pa_resistencia-r-carbonato-de-sodio-pl","180":"pa_resistencia-r-carbonato-calcico-pl","181":"pa_resistencia-r-vinos-pl","182":"pa_resistencia-r-woda","183":"pa_resistencia-r-woda-morska","184":"pa_resistencia-r-hidroxido-de-amonio-10-pl","185":"pa_resistencia-r-hidroxido-de-amonio-25-pl","186":"pa_resistencia-r-hidroxido-de-amonio-28-pl","187":"pa_resistencia-r-hidroxido-de-amonio-5-pl","188":"pa_resistencia-r-hidroxido-de-aluminio-pl","189":"pa_resistencia-r-hidroxido-de-potasio-10-pl","190":"pa_resistencia-r-hidroxido-de-potasio-5-pl","191":"pa_resistencia-r-hidroxido-de-potasio-50-pl","192":"pa_resistencia-r-hidroxido-de-potasio-conc-pl","193":"pa_resistencia-r-hidroxido-de-sodio-sosa-10-pl","194":"pa_resistencia-r-hidroxido-de-sodio-sosa-20-pl","195":"pa_resistencia-r-hidroxido-de-sodio-sosa-5-pl","196":"pa_resistencia-r-hidroxido-de-calcio-pl","197":"pa_resistente-lr-acido-acetico-50-pl","198":"pa_resistente-lr-acido-formico-20-pl","199":"pa_resistente-lr-alkohol-butylowy","200":"pa_resistente-lr-formaldehido-40-pl","201":"pa_resistente-lr-acido-benzoico-pl","202":"pa_resistente-lr-acido-cromico-10-pl","203":"pa_resistente-lr-acido-fluorhidrico-20-pl","204":"pa_resistente-lr-acido-fluorhidrico-30-pl","205":"pa_resistente-lr-acido-formico-10-pl","206":"pa_resistente-lr-acido-acetico-30-pl","207":"pa_resistente-lr-acido-acetico-80-pl","208":"pa_resistente-lr-acido-sulfurico-50-pl","209":"pa_resistente-lr-olej-astm-1-pl","210":"pa_resistente-lr-olej-astm-2-pl","211":"pa_resistente-lr-olej-z-nasion","212":"pa_resistente-lr-ozono-pl","213":"pa_resistente-lr-gas-licuado-de-petroleo-glp-pl","214":"pa_resistente-nr-acetatos-de-alquilo-pl","215":"pa_resistente-nr-acetona-pl","216":"pa_resistente-nr-acetonitrilo-pl","217":"pa_resistente-nr-acido-cloroacetico-pl","218":"pa_resistente-nr-acido-clorosulfonico-conc-pl","219":"pa_resistente-nr-acido-sulfurico-98-pl","220":"pa_resistente-nr-acido-sulfurico-conc-fuming-pl","221":"pa_resistente-nr-acrilato-de-etilo-pl","222":"pa_resistente-nr-acetaldehido-pl","223":"pa_resistente-nr-aldehidos-pl","224":"pa_resistente-nr-alcohol-alilico-2-propenol-1-pl","225":"pa_resistente-nr-alcohol-bencilico-pl","226":"pa_resistente-nr-alcohol-etilico-96-pl","227":"pa_resistente-nr-alcohol-etilico-max-conc-pl","228":"pa_resistente-nr-amoniaco-gas-pl","229":"pa_resistente-nr-nitrito-sodico-pl","230":"pa_resistente-nr-benzaldehido-pl","231":"pa_resistente-nr-benceno-pl","232":"pa_resistente-nr-anhidrido-acetico-pl","233":"pa_resistente-nr-bromo-pl","234":"pa_resistente-nr-bromuro-de-alquilo-pl","235":"pa_resistente-nr-bromuro-de-etileno-pl","236":"pa_resistente-nr-butanodiol-100-pl","237":"pa_resistente-nr-cloro-100-gas-seco-pl","238":"pa_resistente-nr-cloruro-de-mercurio-pl","239":"pa_resistente-nr-cloroformo-pl","240":"pa_resistente-nr-cloroparafinas-c14-c17-pl","241":"pa_resistente-nr-cicloalcanos-pl","242":"pa_resistente-nr-cicloalcoholes-pl","243":"pa_resistente-nr-ciclohexano-pl","244":"pa_resistente-nr-ciclohexanona-pl","245":"pa_resistente-nr-ciclocetonas-pl","246":"pa_resistente-nr-tetracloruro-de-carbono2-pl","247":"pa_resistente-nr-dietilcetona-pl","248":"pa_resistente-nr-dimetil-formamida-pl","249":"pa_resistente-nr-dioxano-pl","250":"pa_resistente-nr-esteres-alifaticos-pl","251":"pa_resistente-nr-fluoruro-pl","252":"pa_resistente-nr-hexano-pl","253":"pa_resistente-nr-hidracina-pl","254":"pa_resistente-nr-cetonas-pl","255":"pa_resistente-nr-cresol-pl","256":"pa_resistente-nr-acido-nitrico-70-pl","257":"pa_resistente-nr-acido-nitrico-95-pl","258":"pa_resistente-nr-acido-fluorhidrico-40-pl","259":"pa_resistente-nr-acido-fluorhidrico-60-pl","260":"pa_resistente-nr-acido-ftalico-pl","261":"pa_resistente-nr-acido-formico-25-pl","262":"pa_resistente-nr-acido-formico-85-pl","263":"pa_resistente-nr-acido-formico-conc-pl","264":"pa_resistente-nr-acido-peracetico-pl","265":"pa_resistente-nr-acido-acetico-conc-pl","266":"pa_resistente-nr-acido-oleico-pl","267":"pa_resistente-nr-acido-sulfurico-70-pl","268":"pa_resistente-nr-acido-sulfurico-80-pl","269":"pa_resistente-nr-acido-sulfurico-96-pl","270":"pa_resistente-nr-aceites-lubricantes-petroleo-pl","271":"pa_resistente-nr-urea-ad-blue-pl","272":"pa_resistente-nr-urea-30-pl","273":"pa_resistente-nr-queroseno-pl","274":"pa_resistente-nr-acetato-de-amilo-pl","275":"pa_resistente-nr-acetato-de-etilo-pl","276":"pa_resistente-nr-aceite-astm-3-pl","277":"pa_resistente-nr-aceite-mineral-pl","278":"pa_resistente-nr-gasoleo-y-biodiesel-pl","279":"pa_resistente-nr-fuel-oil-pl","280":"pa_resistente-nr-disolventes-clorados-pl","281":"pa_resistente-nr-sebacato-de-dioctilo-pl","282":"pa_resistente-nr-silicona-pl","283":"pa_resistente-nr-trimelitato-de-trioctilo-totm-pl","284":"pa_resistente-nr-hidrocarburos-aromaticos-pl","285":"pa_resistente-nr-white-spirit-pl","286":"pa_resistente-sr-alcool-etilico-50-pl","287":"pa_resistente-sr-ftalany","288":"pa_resistente-sr-whisky-pl","289":"pa_superficie-exterior-gladki","290":"pa_superficie-interior-gladki","291":"pa_temperatura-maxima-oc-60c-pl","292":"pa_temperatura-minima-oc-10c-pl","293":"pa_vacio-m-h2o-9-0-pl","295":"first","296":"instock","297":"shipping-taxable","298":"product-type-variable"},"_links":{"self":[{"href":"https:\/\/www.espiroflex.com\/pl\/wp-json\/wp\/v2\/product\/26605","targetHints":{"allow":["GET"]}}],"collection":[{"href":"https:\/\/www.espiroflex.com\/pl\/wp-json\/wp\/v2\/product"}],"about":[{"href":"https:\/\/www.espiroflex.com\/pl\/wp-json\/wp\/v2\/types\/product"}],"wp:featuredmedia":[{"embeddable":true,"href":"https:\/\/www.espiroflex.com\/pl\/wp-json\/wp\/v2\/media\/6436"}],"wp:attachment":[{"href":"https:\/\/www.espiroflex.com\/pl\/wp-json\/wp\/v2\/media?parent=26605"}],"wp:term":[{"taxonomy":"product_brand","embeddable":true,"href":"https:\/\/www.espiroflex.com\/pl\/wp-json\/wp\/v2\/product_brand?post=26605"},{"taxonomy":"product_cat","embeddable":true,"href":"https:\/\/www.espiroflex.com\/pl\/wp-json\/wp\/v2\/product_cat?post=26605"},{"taxonomy":"product_tag","embeddable":true,"href":"https:\/\/www.espiroflex.com\/pl\/wp-json\/wp\/v2\/product_tag?post=26605"}],"curies":[{"name":"wp","href":"https:\/\/api.w.org\/{rel}","templated":true}]}}