{"id":26528,"date":"2025-07-22T18:34:49","date_gmt":"2025-07-22T16:34:49","guid":{"rendered":"https:\/\/www.espiroflex.com\/espirowine-sliding\/"},"modified":"2025-11-28T13:58:27","modified_gmt":"2025-11-28T12:58:27","slug":"espirowine-sliding","status":"publish","type":"product","link":"https:\/\/www.espiroflex.com\/pl\/produkt\/espirowine-sliding\/","title":{"rendered":"Espirowine Sliding"},"content":{"rendered":"<p>W\u0105\u017c z PVC wolny od ftalan\u00f3w, do transportu wina, napoj\u00f3w alkoholowych do 50\u00b0, mleka i cieczy spo\u017cywczych. Produkowany zgodnie z europejskimi normami materia\u0142\u00f3w przeznaczonych do kontaktu z \u017cywno\u015bci\u0105. Zewn\u0119trzna warstwa karbowana z przesuwan\u0105 spiral\u0105 sztywn\u0105 u\u0142atwiaj\u0105c\u0105 przeci\u0105ganie.<\/p>\n","protected":false},"excerpt":{"rendered":"<p>W\u0105\u017c z PVC wolny od ftalan\u00f3w, do transportu wina, napoj\u00f3w alkoholowych do 50\u00b0, mleka i cieczy spo\u017cywczych. Produkowany zgodnie z europejskimi normami materia\u0142\u00f3w przeznaczonych do kontaktu z \u017cywno\u015bci\u0105. Zewn\u0119trzna warstwa karbowana z przesuwan\u0105 spiral\u0105 sztywn\u0105 u\u0142atwiaj\u0105c\u0105 przeci\u0105ganie.<\/p>\n","protected":false},"featured_media":20663,"template":"","meta":[],"product_brand":[967],"product_cat":[291,4226,345,286,246,235,230],"product_tag":[],"class_list":{"0":"post-26528","1":"product","2":"type-product","3":"status-publish","4":"has-post-thumbnail","6":"product_brand-transvin","7":"product_cat-aspiracja-cieczy2","8":"product_cat-industrial-3-pl","9":"product_cat-przemyslowy","10":"product_cat-waz-pcv","11":"product_cat-aspiracja-cieczy","12":"product_cat-rolniczy","13":"product_cat-spozywczy","14":"pa_aplicaciones-camion-cisterna-pl","15":"pa_aplicaciones-transport-produktow-mlecznych","16":"pa_aplicaciones-transport-wina","17":"pa_aplicaciones-zywnosc","18":"pa_color-czerwony","19":"pa_construccion-manguera-spiralowanie","20":"pa_diametro-interno-mm-25-0-pl","21":"pa_diametro-interno-mm-30-0-pl","22":"pa_diametro-interno-mm-32-0-pl","23":"pa_diametro-interno-mm-35-0-pl","24":"pa_diametro-interno-mm-38-0-pl","25":"pa_diametro-interno-mm-40-0-pl","26":"pa_diametro-interno-mm-45-0-pl","27":"pa_diametro-interno-mm-51-0-pl","28":"pa_diametro-interno-mm-55-0-pl","29":"pa_diametro-interno-mm-60-0-pl","30":"pa_diametro-interno-mm-63-0-pl","31":"pa_diametro-interno-mm-70-0-pl","32":"pa_diametro-interno-mm-76-0-pl","33":"pa_diametro-interno-mm-80-0-pl","34":"pa_diametro-interno-mm-90-0-pl","35":"pa_diametro-interno-mm-102-0-pl","36":"pa_diametro-interno-mm-110-0-pl","37":"pa_diametro-interno-mm-120-0-pl","38":"pa_diametro-interno-mm-127-0-pl","39":"pa_diametro-interno-mm-152-0-pl","40":"pa_diametro-interno-pulg-1-pl","41":"pa_diametro-interno-pulg-1-1-2-pl","42":"pa_diametro-interno-pulg-1-1-4-pl","43":"pa_diametro-interno-pulg-1-1-8-pl","44":"pa_diametro-interno-pulg-1-3-4-pl","45":"pa_diametro-interno-pulg-1-3-8-pl","46":"pa_diametro-interno-pulg-1-5-8-pl","47":"pa_diametro-interno-pulg-2-pl","48":"pa_diametro-interno-pulg-2-1-2-pl","49":"pa_diametro-interno-pulg-2-1-32-pl","50":"pa_diametro-interno-pulg-2-1-8-pl","51":"pa_diametro-interno-pulg-2-3-4-pl","52":"pa_diametro-interno-pulg-3-pl","53":"pa_diametro-interno-pulg-3-1-2-pl","54":"pa_diametro-interno-pulg-3-1-8-pl","55":"pa_diametro-interno-pulg-4-pl","56":"pa_diametro-interno-pulg-4-3-4-pl","57":"pa_diametro-interno-pulg-4-5-16-pl","58":"pa_diametro-interno-pulg-5-pl","59":"pa_diametro-interno-pulg-6-pl","60":"pa_espesor-total-de-pared-mm-3-5-pl","61":"pa_espesor-total-de-pared-mm-4-0-pl","62":"pa_espesor-total-de-pared-mm-4-2-pl","63":"pa_espesor-total-de-pared-mm-4-3-pl","64":"pa_espesor-total-de-pared-mm-4-5-pl","65":"pa_espesor-total-de-pared-mm-5-0-pl","66":"pa_espesor-total-de-pared-mm-5-2-pl","67":"pa_espesor-total-de-pared-mm-5-6-pl","68":"pa_espesor-total-de-pared-mm-5-8-pl","69":"pa_espesor-total-de-pared-mm-6-0-pl","70":"pa_espesor-total-de-pared-mm-6-5-pl","71":"pa_espesor-total-de-pared-mm-7-0-pl","72":"pa_espesor-total-de-pared-mm-7-3-pl","73":"pa_espesor-total-de-pared-mm-7-4-pl","74":"pa_espesor-total-de-pared-mm-7-6-pl","75":"pa_espesor-total-de-pared-mm-8-5-pl","76":"pa_material-flexible-pvc-flexible-pl","77":"pa_material-manguera-pvc-pl","78":"pa_opacidad-przezroczysty","79":"pa_presion-rotura-bar-12-0-pl","80":"pa_presion-rotura-bar-15-0-pl","81":"pa_presion-rotura-bar-18-0-pl","82":"pa_presion-rotura-bar-21-0-pl","83":"pa_presion-rotura-bar-24-0-pl","84":"pa_presion-rotura-bar-9-0-pl","85":"pa_refuerzo-pvc-rigido-pl","86":"pa_resistencia-r-dicromato-de-potasio-40-pl","87":"pa_resistencia-r-acetat-glinu","88":"pa_resistencia-r-alcohol-amilico-pl","89":"pa_resistencia-r-alkohol-etylowy-10","90":"pa_resistencia-r-alkohol-etylowy-35","91":"pa_resistencia-r-alkohol-etylowy-40","92":"pa_resistencia-r-alkohol-izobutylowy","93":"pa_resistencia-r-alkohol-izopropylowy","94":"pa_resistencia-r-alkohol-metylowy-5","95":"pa_resistencia-r-alkohol-metylowy-6","96":"pa_resistencia-r-alumbre-pl","97":"pa_resistencia-r-nitrato-de-amonio-25-pl","98":"pa_resistencia-r-nitrato-de-amonio-sol-sat-pl","99":"pa_resistencia-r-nitrato-sodico-pl","100":"pa_resistencia-r-anhidrido-sulfuroso-pl","101":"pa_resistencia-r-bisulfato-sodico-pl","102":"pa_resistencia-r-bisulfatos-y-bisulfatos-met-pl","103":"pa_resistencia-r-borax-5-pl","104":"pa_resistencia-r-borax-conc-pl","105":"pa_resistencia-r-carbonato-de-amonio-pl","106":"pa_resistencia-r-cloruro-de-zinc-20-pl","107":"pa_resistencia-r-cloruro-de-zinc-conc-pl","108":"pa_resistencia-r-cloruro-de-sodio-20-pl","109":"pa_resistencia-r-cloruro-de-sodio-25-pl","110":"pa_resistencia-r-cloruro-de-sodio-conc-pl","111":"pa_resistencia-r-cloruro-de-calcio-20-pl","112":"pa_resistencia-r-cloruro-de-calcio-25-pl","113":"pa_resistencia-r-cloruro-de-calcio-sol-sat-pl","114":"pa_resistencia-r-cloruro-ferrico-pl","115":"pa_resistencia-r-sidra-pl","116":"pa_resistencia-r-cianuro-de-sodio-pl","117":"pa_resistencia-r-sulfuro-de-hidrogeno-gaseoso-pl","118":"pa_resistencia-r-dextrosa-pl","119":"pa_resistencia-r-dextrina-pl","120":"pa_resistencia-r-dicromato-de-potasio-todas-conc-pl","121":"pa_resistencia-r-dodecanol-pl","122":"pa_resistencia-r-anhidrido-carbonico-pl","123":"pa_resistencia-r-dioxido-de-carbono-pl","124":"pa_resistencia-r-emulsionantes-pl","125":"pa_resistencia-r-formaldehido-30-pl","126":"pa_resistencia-r-formaldehido-37-pl","127":"pa_resistencia-r-fructosa-pl","128":"pa_resistencia-r-glicerol-pl","129":"pa_resistencia-r-glicerina-pl","130":"pa_resistencia-r-glicol-de-etileno-pl","131":"pa_resistencia-r-hidroquinona-pl","132":"pa_resistencia-r-caseina-pl","133":"pa_resistencia-r-detergentes-concentrados-pl","134":"pa_resistencia-r-silicatos-aluminicos-pl","135":"pa_resistencia-r-silicatos-potasicos-pl","136":"pa_resistencia-r-acido-adipico-pl","137":"pa_resistencia-r-acido-nitrico-10-pl","138":"pa_resistencia-r-acido-nitrico-20-pl","139":"pa_resistencia-r-acido-nitrico-30-pl","140":"pa_resistencia-r-acido-nitrico-5-pl","141":"pa_resistencia-r-acido-nitrico-50-pl","142":"pa_resistencia-r-acido-borico-10-pl","143":"pa_resistencia-r-acido-borico-5-pl","144":"pa_resistencia-r-acido-borico-conc-pl","145":"pa_resistencia-r-acido-bromhidrico-sol-acu-30-pl","146":"pa_resistencia-r-acido-bromhidrico-sol-acu-50-pl","147":"pa_resistencia-r-acido-clorhidrico-10-pl","148":"pa_resistencia-r-acido-clorhidrico-20-pl","149":"pa_resistencia-r-acido-clorhidrico-22-pl","150":"pa_resistencia-r-acido-clorhidrico-5-pl","151":"pa_resistencia-r-acido-cromico-5-pl","152":"pa_resistencia-r-acido-citrico-5-pl","153":"pa_resistencia-r-acido-fluorhidrico-4-pl","154":"pa_resistencia-r-acido-fosforico-20-pl","155":"pa_resistencia-r-acido-fosforico-30-pl","156":"pa_resistencia-r-acido-fosforico-5-pl","157":"pa_resistencia-r-acido-hiplocoroso-20-pl","158":"pa_resistencia-r-acido-hiplocoroso-sol-acu-conc-pl","159":"pa_resistencia-r-acido-butirico-20-pl","160":"pa_resistencia-r-acido-lactico-sol-acu-10-pl","161":"pa_resistencia-r-acido-lactico-sol-acu-3-pl","162":"pa_resistencia-r-acido-acetico-10-pl","163":"pa_resistencia-r-acido-acetico-3-pl","164":"pa_resistencia-r-acido-acetico-5-pl","165":"pa_resistencia-r-acido-sulfurico-20-pl","166":"pa_resistencia-r-acido-sulfurico-25-pl","167":"pa_resistencia-r-acido-sulfurico-5-pl","168":"pa_resistencia-r-acido-estearico-pl","169":"pa_resistencia-r-acido-oxalico-pl","170":"pa_resistencia-r-acido-carbonico-5-pl","171":"pa_resistencia-r-acido-carbonico-conc-pl","172":"pa_resistencia-r-acidos-grasos-c6-pl","173":"pa_resistencia-r-lanolina-pl","174":"pa_resistencia-r-manganato-potasico-pl","175":"pa_resistencia-r-permanganatos-potasico-10-pl","176":"pa_resistencia-r-peroxido-de-hidrogeno-30-vol-pl","177":"pa_resistencia-r-nitrogeno-pl","178":"pa_resistencia-r-vinagre-pl","179":"pa_resistencia-r-octan-sodu","180":"pa_resistencia-r-octan-wapnia","181":"pa_resistencia-r-parafina-pl","182":"pa_resistencia-r-perborato-sodico-pl","183":"pa_resistencia-r-persulfato-de-amonio-pl","184":"pa_resistencia-r-cerveza-pl","185":"pa_resistencia-r-plomotetraetilo-pl","186":"pa_resistencia-r-hipoclorito-de-sodio-14-cl2-pl","187":"pa_resistencia-r-hipoclorito-de-sodio-15-cl2-pl","188":"pa_resistencia-r-hipoclorito-de-calcio-pl","189":"pa_resistencia-r-potasio-pl","190":"pa_resistencia-r-powietrze","191":"pa_resistencia-r-hipoclorito-de-sodio-sol-sat-pl","192":"pa_resistencia-r-jabones-liquidos-pl","193":"pa_resistencia-r-sulfuro-de-amonio-pl","194":"pa_resistencia-r-sulfuro-de-bario-pl","195":"pa_resistencia-r-sulfuro-ferrico-pl","196":"pa_resistencia-r-azufre-pl","197":"pa_resistencia-r-silicatos-sodicos-pl","198":"pa_resistencia-r-acido-clorhidrico-conc-pl","199":"pa_resistencia-r-tanino-pl","200":"pa_resistencia-r-oxigeno-pl","201":"pa_resistencia-r-oxidos-sulfurosos-pl","202":"pa_resistencia-r-tricloruro-de-antimonio-pl","203":"pa_resistencia-r-bisulfato-calcico-pl","204":"pa_resistencia-r-carbonato-magnesico-pl","205":"pa_resistencia-r-carbonato-de-sodio-pl","206":"pa_resistencia-r-carbonato-calcico-pl","207":"pa_resistencia-r-vinos-pl","208":"pa_resistencia-r-woda","209":"pa_resistencia-r-woda-morska","210":"pa_resistencia-r-hidroxido-de-amonio-10-pl","211":"pa_resistencia-r-hidroxido-de-amonio-25-pl","212":"pa_resistencia-r-hidroxido-de-amonio-28-pl","213":"pa_resistencia-r-hidroxido-de-amonio-5-pl","214":"pa_resistencia-r-hidroxido-de-aluminio-pl","215":"pa_resistencia-r-hidroxido-de-potasio-10-pl","216":"pa_resistencia-r-hidroxido-de-potasio-5-pl","217":"pa_resistencia-r-hidroxido-de-potasio-50-pl","218":"pa_resistencia-r-hidroxido-de-potasio-conc-pl","219":"pa_resistencia-r-hidroxido-de-sodio-sosa-10-pl","220":"pa_resistencia-r-hidroxido-de-sodio-sosa-20-pl","221":"pa_resistencia-r-hidroxido-de-sodio-sosa-5-pl","222":"pa_resistencia-r-hidroxido-de-calcio-pl","223":"pa_resistente-lr-acido-acetico-50-pl","224":"pa_resistente-lr-acido-formico-20-pl","225":"pa_resistente-lr-alkohol-butylowy","226":"pa_resistente-lr-formaldehido-40-pl","227":"pa_resistente-lr-acido-benzoico-pl","228":"pa_resistente-lr-acido-cromico-10-pl","229":"pa_resistente-lr-acido-fluorhidrico-20-pl","230":"pa_resistente-lr-acido-fluorhidrico-30-pl","231":"pa_resistente-lr-acido-formico-10-pl","232":"pa_resistente-lr-acido-acetico-30-pl","233":"pa_resistente-lr-acido-acetico-80-pl","234":"pa_resistente-lr-acido-sulfurico-50-pl","235":"pa_resistente-lr-olej-astm-1-pl","236":"pa_resistente-lr-olej-astm-2-pl","237":"pa_resistente-lr-olej-z-nasion","238":"pa_resistente-lr-ozono-pl","239":"pa_resistente-lr-gas-licuado-de-petroleo-glp-pl","240":"pa_resistente-nr-acetatos-de-alquilo-pl","241":"pa_resistente-nr-acetona-pl","242":"pa_resistente-nr-acetonitrilo-pl","243":"pa_resistente-nr-acido-cloroacetico-pl","244":"pa_resistente-nr-acido-clorosulfonico-conc-pl","245":"pa_resistente-nr-acido-sulfurico-98-pl","246":"pa_resistente-nr-acido-sulfurico-conc-fuming-pl","247":"pa_resistente-nr-acrilato-de-etilo-pl","248":"pa_resistente-nr-acetaldehido-pl","249":"pa_resistente-nr-aldehidos-pl","250":"pa_resistente-nr-alcohol-alilico-2-propenol-1-pl","251":"pa_resistente-nr-alcohol-bencilico-pl","252":"pa_resistente-nr-alcohol-etilico-96-pl","253":"pa_resistente-nr-alcohol-etilico-max-conc-pl","254":"pa_resistente-nr-amoniaco-gas-pl","255":"pa_resistente-nr-nitrito-sodico-pl","256":"pa_resistente-nr-benzaldehido-pl","257":"pa_resistente-nr-benceno-pl","258":"pa_resistente-nr-anhidrido-acetico-pl","259":"pa_resistente-nr-bromo-pl","260":"pa_resistente-nr-bromuro-de-alquilo-pl","261":"pa_resistente-nr-bromuro-de-etileno-pl","262":"pa_resistente-nr-butanodiol-100-pl","263":"pa_resistente-nr-cloro-100-gas-seco-pl","264":"pa_resistente-nr-cloruro-de-mercurio-pl","265":"pa_resistente-nr-cloroformo-pl","266":"pa_resistente-nr-cloroparafinas-c14-c17-pl","267":"pa_resistente-nr-cicloalcanos-pl","268":"pa_resistente-nr-cicloalcoholes-pl","269":"pa_resistente-nr-ciclohexano-pl","270":"pa_resistente-nr-ciclohexanona-pl","271":"pa_resistente-nr-ciclocetonas-pl","272":"pa_resistente-nr-tetracloruro-de-carbono2-pl","273":"pa_resistente-nr-dietilcetona-pl","274":"pa_resistente-nr-dimetil-formamida-pl","275":"pa_resistente-nr-dioxano-pl","276":"pa_resistente-nr-esteres-alifaticos-pl","277":"pa_resistente-nr-fluoruro-pl","278":"pa_resistente-nr-hexano-pl","279":"pa_resistente-nr-hidracina-pl","280":"pa_resistente-nr-cetonas-pl","281":"pa_resistente-nr-cresol-pl","282":"pa_resistente-nr-acido-nitrico-70-pl","283":"pa_resistente-nr-acido-nitrico-95-pl","284":"pa_resistente-nr-acido-fluorhidrico-40-pl","285":"pa_resistente-nr-acido-fluorhidrico-60-pl","286":"pa_resistente-nr-acido-ftalico-pl","287":"pa_resistente-nr-acido-formico-25-pl","288":"pa_resistente-nr-acido-formico-85-pl","289":"pa_resistente-nr-acido-formico-conc-pl","290":"pa_resistente-nr-acido-peracetico-pl","291":"pa_resistente-nr-acido-acetico-conc-pl","292":"pa_resistente-nr-acido-oleico-pl","293":"pa_resistente-nr-acido-sulfurico-70-pl","294":"pa_resistente-nr-acido-sulfurico-80-pl","295":"pa_resistente-nr-acido-sulfurico-96-pl","296":"pa_resistente-nr-aceites-lubricantes-petroleo-pl","297":"pa_resistente-nr-urea-ad-blue-pl","298":"pa_resistente-nr-urea-30-pl","299":"pa_resistente-nr-queroseno-pl","300":"pa_resistente-nr-acetato-de-amilo-pl","301":"pa_resistente-nr-acetato-de-etilo-pl","302":"pa_resistente-nr-aceite-astm-3-pl","303":"pa_resistente-nr-aceite-mineral-pl","304":"pa_resistente-nr-gasoleo-y-biodiesel-pl","305":"pa_resistente-nr-fuel-oil-pl","306":"pa_resistente-nr-disolventes-clorados-pl","307":"pa_resistente-nr-sebacato-de-dioctilo-pl","308":"pa_resistente-nr-silicona-pl","309":"pa_resistente-nr-trimelitato-de-trioctilo-totm-pl","310":"pa_resistente-nr-hidrocarburos-aromaticos-pl","311":"pa_resistente-nr-white-spirit-pl","312":"pa_resistente-sr-alcool-etilico-50-pl","313":"pa_resistente-sr-ftalany","314":"pa_resistente-sr-whisky-pl","315":"pa_superficie-exterior-szorstki","316":"pa_superficie-interior-gladki","317":"pa_temperatura-maxima-oc-60c-pl","318":"pa_temperatura-minima-oc-10c-pl","319":"pa_vacio-m-h2o-9-0-pl","321":"first","322":"instock","323":"shipping-taxable","324":"product-type-variable"},"_links":{"self":[{"href":"https:\/\/www.espiroflex.com\/pl\/wp-json\/wp\/v2\/product\/26528","targetHints":{"allow":["GET"]}}],"collection":[{"href":"https:\/\/www.espiroflex.com\/pl\/wp-json\/wp\/v2\/product"}],"about":[{"href":"https:\/\/www.espiroflex.com\/pl\/wp-json\/wp\/v2\/types\/product"}],"wp:featuredmedia":[{"embeddable":true,"href":"https:\/\/www.espiroflex.com\/pl\/wp-json\/wp\/v2\/media\/20663"}],"wp:attachment":[{"href":"https:\/\/www.espiroflex.com\/pl\/wp-json\/wp\/v2\/media?parent=26528"}],"wp:term":[{"taxonomy":"product_brand","embeddable":true,"href":"https:\/\/www.espiroflex.com\/pl\/wp-json\/wp\/v2\/product_brand?post=26528"},{"taxonomy":"product_cat","embeddable":true,"href":"https:\/\/www.espiroflex.com\/pl\/wp-json\/wp\/v2\/product_cat?post=26528"},{"taxonomy":"product_tag","embeddable":true,"href":"https:\/\/www.espiroflex.com\/pl\/wp-json\/wp\/v2\/product_tag?post=26528"}],"curies":[{"name":"wp","href":"https:\/\/api.w.org\/{rel}","templated":true}]}}