{"id":26377,"date":"2025-07-22T17:26:12","date_gmt":"2025-07-22T15:26:12","guid":{"rendered":"https:\/\/www.espiroflex.com\/espiropreno\/"},"modified":"2025-11-28T13:24:02","modified_gmt":"2025-11-28T12:24:02","slug":"espiropreno","status":"publish","type":"product","link":"https:\/\/www.espiroflex.com\/pl\/produkt\/espiropreno\/","title":{"rendered":"ESPIROPRENO"},"content":{"rendered":"<p>Rura wykonana z gumy termoplastycznej, wzmocniona spiral\u0105 z ocynkowanej stali, specjalna do zasysania gor\u0105cych gaz\u00f3w i dym\u00f3w. Bardzo elastyczna i lekka, o wysokiej trwa\u0142o\u015bci dzi\u0119ki w\u0142a\u015bciwo\u015bciom TPV. Dobra odporno\u015b\u0107 chemiczna zgodnie z tabel\u0105 odporno\u015bci TPV. Doskona\u0142a odporno\u015b\u0107 na zm\u0119czenie, ozon i dymy przemys\u0142owe.<\/p>\n","protected":false},"excerpt":{"rendered":"<p>Rura wykonana z gumy termoplastycznej, wzmocniona spiral\u0105 z ocynkowanej stali, specjalna do zasysania gor\u0105cych gaz\u00f3w i dym\u00f3w. Bardzo elastyczna i lekka, o wysokiej trwa\u0142o\u015bci dzi\u0119ki w\u0142a\u015bciwo\u015bciom TPV. Dobra odporno\u015b\u0107 chemiczna zgodnie z tabel\u0105 odporno\u015bci TPV. Doskona\u0142a odporno\u015b\u0107 na zm\u0119czenie, ozon i dymy przemys\u0142owe.<\/p>\n","protected":false},"featured_media":5761,"template":"","meta":[],"product_brand":[809],"product_cat":[4226,297,4922,345,286,235],"product_tag":[],"class_list":{"0":"post-26377","1":"product","2":"type-product","3":"status-publish","4":"has-post-thumbnail","6":"product_brand-extraflex-thermoflex-superflex","7":"product_cat-industrial-3-pl","8":"product_cat-napowietrzanie-dymu-i-gazow2","9":"product_cat-powietrze","10":"product_cat-przemyslowy","11":"product_cat-waz-pcv","12":"product_cat-rolniczy","13":"pa_aplicaciones-aspiracja","14":"pa_aplicaciones-przemyslowy","15":"pa_aplicaciones-wentylacja","16":"pa_color-czarny","17":"pa_construccion-manguera-spiralowane-stala","18":"pa_diametro-interno-mm-40-0-pl","19":"pa_diametro-interno-mm-45-0-pl","20":"pa_diametro-interno-mm-51-0-pl","21":"pa_diametro-interno-mm-60-0-pl","22":"pa_diametro-interno-mm-63-0-pl","23":"pa_diametro-interno-mm-70-0-pl","24":"pa_diametro-interno-mm-76-0-pl","25":"pa_diametro-interno-mm-80-0-pl","26":"pa_diametro-interno-mm-90-0-pl","27":"pa_diametro-interno-mm-102-0-pl","28":"pa_diametro-interno-mm-110-0-pl","29":"pa_diametro-interno-mm-120-0-pl","30":"pa_diametro-interno-mm-127-0-pl","31":"pa_diametro-interno-mm-130-0-pl","32":"pa_diametro-interno-mm-140-0-pl","33":"pa_diametro-interno-mm-152-0-pl","34":"pa_diametro-interno-mm-160-0-pl","35":"pa_diametro-interno-mm-180-0-pl","36":"pa_diametro-interno-mm-203-0-pl","37":"pa_diametro-interno-mm-254-0-pl","38":"pa_diametro-interno-mm-305-0-pl","39":"pa_diametro-interno-mm-356-0-pl","40":"pa_diametro-interno-mm-406-0-pl","41":"pa_diametro-interno-mm-456-0-pl","42":"pa_diametro-interno-mm-500-0-pl","43":"pa_diametro-interno-mm-600-0-pl","44":"pa_diametro-interno-pulg-1-3-4-pl","45":"pa_diametro-interno-pulg-1-5-8-pl","46":"pa_diametro-interno-pulg-10-pl","47":"pa_diametro-interno-pulg-12-pl","48":"pa_diametro-interno-pulg-14-pl","49":"pa_diametro-interno-pulg-16-pl","50":"pa_diametro-interno-pulg-18-pl","51":"pa_diametro-interno-pulg-2-pl","52":"pa_diametro-interno-pulg-2-1-2-pl","53":"pa_diametro-interno-pulg-2-1-4-pl","54":"pa_diametro-interno-pulg-2-3-4-pl","55":"pa_diametro-interno-pulg-20-pl","56":"pa_diametro-interno-pulg-24-pl","57":"pa_diametro-interno-pulg-3-pl","58":"pa_diametro-interno-pulg-3-1-2-pl","59":"pa_diametro-interno-pulg-3-1-8-pl","60":"pa_diametro-interno-pulg-4-pl","61":"pa_diametro-interno-pulg-4-3-4-pl","62":"pa_diametro-interno-pulg-4-5-16-pl","63":"pa_diametro-interno-pulg-5-pl","64":"pa_diametro-interno-pulg-5-1-2-pl","65":"pa_diametro-interno-pulg-5-1-4-pl","66":"pa_diametro-interno-pulg-6-pl","67":"pa_diametro-interno-pulg-6-1-4-pl","68":"pa_diametro-interno-pulg-7-pl","69":"pa_diametro-interno-pulg-8-pl","70":"pa_material-flexible-guma-termoplastyczna-tpv","71":"pa_material-manguera-tpv-pl","72":"pa_opacidad-nieprzezroczysty","73":"pa_presion-rotura-bar-10-0-pl","74":"pa_refuerzo-stal-cynkowana","75":"pa_resistencia-r-1-propanol-pl","76":"pa_resistencia-r-14-dioksan","77":"pa_resistencia-r-2-etyloetanol","78":"pa_resistencia-r-2-pilorridona-pl","79":"pa_resistencia-r-24-pentanodiol-pl","80":"pa_resistencia-r-adipinian-dioctylu","81":"pa_resistencia-r-akrylan-etylu","82":"pa_resistencia-r-akrylonitryl-pl","83":"pa_resistencia-r-alcohol-amilico-pl","84":"pa_resistencia-r-alkohol-allilowy-2-propenol-1","85":"pa_resistencia-r-alkohol-etylowy-10","86":"pa_resistencia-r-alkohol-etylowy-35","87":"pa_resistencia-r-alkohol-etylowy-40","88":"pa_resistencia-r-alkohol-etylowy-50","89":"pa_resistencia-r-alkohol-etylowy-96","90":"pa_resistencia-r-alkohol-etylowy-maks-stezenie","91":"pa_resistencia-r-alkohol-metylowy-5","92":"pa_resistencia-r-alkohol-metylowy-50","93":"pa_resistencia-r-alkohol-metylowy-6","94":"pa_resistencia-r-amoniak-plynny","95":"pa_resistencia-r-anilina-pl","96":"pa_resistencia-r-cloruro-de-zinc-20-pl","97":"pa_resistencia-r-cloruro-de-sodio-20-pl","98":"pa_resistencia-r-cloruro-de-calcio-20-pl","99":"pa_resistencia-r-chloroparafiny-c14-c17","100":"pa_resistencia-r-cykloheksanol","101":"pa_resistencia-r-dibutyloeter","102":"pa_resistencia-r-dietyloenglikol","103":"pa_resistencia-r-dihydroksypropylen-glikol","104":"pa_resistencia-r-dimetylformaldehyd","105":"pa_resistencia-r-dimetyloformamid","106":"pa_resistencia-r-eter-dietylowy","107":"pa_resistencia-r-fenol-pl","108":"pa_resistencia-r-formamid-pl","109":"pa_resistencia-r-glicerol-pl","110":"pa_resistencia-r-glicol-de-etileno-pl","111":"pa_resistencia-r-kaprolakton-pl","112":"pa_resistencia-r-detergentes-concentrados-pl","113":"pa_resistencia-r-acido-nitrico-10-pl","114":"pa_resistencia-r-acido-nitrico-20-pl","115":"pa_resistencia-r-acido-nitrico-5-pl","116":"pa_resistencia-r-acido-clorhidrico-10-pl","117":"pa_resistencia-r-acido-clorhidrico-20-pl","118":"pa_resistencia-r-acido-clorhidrico-5-pl","119":"pa_resistencia-r-acido-butirico-20-pl","120":"pa_resistencia-r-kwas-maslowy-koncentrat","121":"pa_resistencia-r-kwas-mrowkowy-10","122":"pa_resistencia-r-kwas-mrowkowy-20","123":"pa_resistencia-r-kwas-mrowkowy-25","124":"pa_resistencia-r-kwas-mrowkowy-85","125":"pa_resistencia-r-kwas-mrowkowy-stezony","126":"pa_resistencia-r-acido-acetico-10-pl","127":"pa_resistencia-r-acido-acetico-3-pl","128":"pa_resistencia-r-kwas-octowy-30","129":"pa_resistencia-r-acido-acetico-5-pl","130":"pa_resistencia-r-kwas-octowy-50","131":"pa_resistencia-r-kwas-octowy-80","132":"pa_resistencia-r-kwas-octowy-stezony","133":"pa_resistencia-r-acido-sulfurico-20-pl","134":"pa_resistencia-r-acido-sulfurico-25-pl","135":"pa_resistencia-r-acido-sulfurico-5-pl","136":"pa_resistencia-r-acido-sulfurico-50-pl","137":"pa_resistencia-r-acido-sulfurico-70-pl","138":"pa_resistencia-r-acido-sulfurico-80-pl","139":"pa_resistencia-r-acido-sulfurico-96-pl","140":"pa_resistencia-r-acido-sulfurico-98-pl","141":"pa_resistencia-r-maksymalne-stezenie-alkoholu-metylowego","142":"pa_resistencia-r-metakrylan-metylu","143":"pa_resistencia-r-nitrogeno-pl","144":"pa_resistencia-r-octan-butylu","145":"pa_resistencia-r-olej-opalowy","146":"pa_resistencia-r-hipoclorito-de-sodio-14-cl2-pl","147":"pa_resistencia-r-powietrze","148":"pa_resistencia-r-pyridyna","149":"pa_resistencia-r-acido-clorhidrico-conc-pl","150":"pa_resistencia-r-oxigeno-pl","151":"pa_resistencia-r-trimelitian-trioktylu-totm","152":"pa_resistencia-r-woda","153":"pa_resistencia-r-woda-morska","154":"pa_resistencia-r-hidroxido-de-amonio-10-pl","155":"pa_resistencia-r-hidroxido-de-amonio-25-pl","156":"pa_resistencia-r-hidroxido-de-amonio-28-pl","157":"pa_resistencia-r-wodorotlenek-amonu-30","158":"pa_resistencia-r-hidroxido-de-amonio-5-pl","159":"pa_resistencia-r-wodorotlenek-amonu-stezony","160":"pa_resistencia-r-hidroxido-de-potasio-10-pl","161":"pa_resistencia-r-hidroxido-de-potasio-5-pl","162":"pa_resistencia-r-hidroxido-de-sodio-sosa-20-pl","163":"pa_resistencia-r-hidroxido-de-sodio-sosa-5-pl","164":"pa_resistente-lr-aceton-pl","165":"pa_resistente-lr-acetonitryl","166":"pa_resistente-lr-chlorek-acetylu","167":"pa_resistente-lr-disulfur-wegla","168":"pa_resistente-lr-eter-diizopropylowy","169":"pa_resistente-lr-furano-pl","170":"pa_resistente-lr-jodek-metylu","171":"pa_resistente-lr-kwas-azotowy-30","172":"pa_resistente-lr-kwas-azotowy-50","173":"pa_resistente-lr-metylooktanol","174":"pa_resistente-lr-nitropropan","175":"pa_resistente-lr-octan-etylu","176":"pa_resistente-lr-olej-mineralny","177":"pa_resistente-lr-olej-zwierzecy","178":"pa_resistente-lr-tetrahydrofuran-pl","179":"pa_resistente-lr-tlenek-propylenu","180":"pa_resistente-nr-chlorek-metylenu","181":"pa_resistente-nr-ciclohexano-pl","182":"pa_resistente-nr-czterochlorek-wegla","183":"pa_resistente-nr-dekalin","184":"pa_resistente-nr-dibromometan","185":"pa_resistente-nr-diizobutylen","186":"pa_resistente-nr-ethylchlorid-pl","187":"pa_resistente-nr-freon-11-czynnik-chlodniczy","188":"pa_resistente-nr-freon-12-czynnik-chlodniczy","189":"pa_resistente-nr-freon-22-czynnik-chlodniczy","190":"pa_resistente-nr-acido-nitrico-70-pl","191":"pa_resistente-nr-acido-nitrico-95-pl","192":"pa_resistente-nr-acido-peracetico-pl","193":"pa_resistente-nr-naftalina-pl","194":"pa_resistente-nr-olej-transformatorowy","195":"pa_resistente-nr-oliwa-z-oliwek","196":"pa_resistente-nr-oliwa-z-oliwek-pl","197":"pa_resistente-nr-perchloroetylen","198":"pa_resistente-nr-proprionitryl","199":"pa_resistente-nr-skalica","200":"pa_resistente-nr-trichloroetylen","201":"pa_resistente-nr-trichlorometan","202":"pa_resistente-nr-hidrocarburos-aromaticos-pl","203":"pa_resistente-nr-xylen-pl","204":"pa_superficie-exterior-szorstki","205":"pa_superficie-interior-szorstki","206":"pa_temperatura-maxima-oc-135c-pl","207":"pa_temperatura-minima-oc-40c-pl","208":"pa_vacio-m-h2o-0-2-pl","209":"pa_vacio-m-h2o-0-3-pl","210":"pa_vacio-m-h2o-0-4-pl","211":"pa_vacio-m-h2o-0-5-pl","212":"pa_vacio-m-h2o-0-7-pl","213":"pa_vacio-m-h2o-0-8-pl","214":"pa_vacio-m-h2o-1-0-pl","215":"pa_vacio-m-h2o-1-2-pl","216":"pa_vacio-m-h2o-1-3-pl","217":"pa_vacio-m-h2o-1-6-pl","218":"pa_vacio-m-h2o-1-7-pl","219":"pa_vacio-m-h2o-2-0-pl","221":"first","222":"instock","223":"shipping-taxable","224":"product-type-variable"},"_links":{"self":[{"href":"https:\/\/www.espiroflex.com\/pl\/wp-json\/wp\/v2\/product\/26377","targetHints":{"allow":["GET"]}}],"collection":[{"href":"https:\/\/www.espiroflex.com\/pl\/wp-json\/wp\/v2\/product"}],"about":[{"href":"https:\/\/www.espiroflex.com\/pl\/wp-json\/wp\/v2\/types\/product"}],"wp:featuredmedia":[{"embeddable":true,"href":"https:\/\/www.espiroflex.com\/pl\/wp-json\/wp\/v2\/media\/5761"}],"wp:attachment":[{"href":"https:\/\/www.espiroflex.com\/pl\/wp-json\/wp\/v2\/media?parent=26377"}],"wp:term":[{"taxonomy":"product_brand","embeddable":true,"href":"https:\/\/www.espiroflex.com\/pl\/wp-json\/wp\/v2\/product_brand?post=26377"},{"taxonomy":"product_cat","embeddable":true,"href":"https:\/\/www.espiroflex.com\/pl\/wp-json\/wp\/v2\/product_cat?post=26377"},{"taxonomy":"product_tag","embeddable":true,"href":"https:\/\/www.espiroflex.com\/pl\/wp-json\/wp\/v2\/product_tag?post=26377"}],"curies":[{"name":"wp","href":"https:\/\/api.w.org\/{rel}","templated":true}]}}