{"id":26357,"date":"2025-07-22T18:42:59","date_gmt":"2025-07-22T16:42:59","guid":{"rendered":"https:\/\/www.espiroflex.com\/transfort-superelastic-antiestatico\/"},"modified":"2025-11-28T13:12:46","modified_gmt":"2025-11-28T12:12:46","slug":"transfort-superelastic-antiestatico","status":"publish","type":"product","link":"https:\/\/www.espiroflex.com\/pl\/produkt\/transfort-superelastic-antiestatico\/","title":{"rendered":"Transfort Superelastic antiest\u00e1tico"},"content":{"rendered":"<p>W\u0105\u017c o du\u017cej elastyczno\u015bci do nawadniania przemys\u0142owego i cystern mobilnych. Szczeg\u00f3lnie polecany do instalacji w niskich temperaturach. Przeznaczony do pompowania przez zasysanie i t\u0142oczenie gnojowicy i produkt\u00f3w o wysokim stopniu agresywno\u015bci. Odpowiedni do temperatur do -25\u00b0C.<\/p>\n","protected":false},"excerpt":{"rendered":"<p>W\u0105\u017c o du\u017cej elastyczno\u015bci do nawadniania przemys\u0142owego i cystern mobilnych. Szczeg\u00f3lnie polecany do instalacji w niskich temperaturach. Przeznaczony do pompowania przez zasysanie i t\u0142oczenie gnojowicy i produkt\u00f3w o wysokim stopniu agresywno\u015bci. Odpowiedni do temperatur do -25\u00b0C.<\/p>\n","protected":false},"featured_media":6358,"template":"","meta":[],"product_brand":[971],"product_cat":[291,4226,345,286,246,235],"product_tag":[],"class_list":{"0":"post-26357","1":"product","2":"type-product","3":"status-publish","4":"has-post-thumbnail","6":"product_brand-transfort","7":"product_cat-aspiracja-cieczy2","8":"product_cat-industrial-3-pl","9":"product_cat-przemyslowy","10":"product_cat-waz-pcv","11":"product_cat-aspiracja-cieczy","12":"product_cat-rolniczy","13":"pa_antiestatico-antystatyczny","14":"pa_aplicaciones-camion-cisterna-pl","15":"pa_aplicaciones-przemyslowy","16":"pa_aplicaciones-rolnictwo","17":"pa_color-niebieski-i-czarny","18":"pa_color-gris-y-verde-pl","19":"pa_construccion-manguera-spiralowanie","20":"pa_diametro-interno-mm-40-0-pl","21":"pa_diametro-interno-mm-45-0-pl","22":"pa_diametro-interno-mm-51-0-pl","23":"pa_diametro-interno-mm-60-0-pl","24":"pa_diametro-interno-mm-63-0-pl","25":"pa_diametro-interno-mm-70-0-pl","26":"pa_diametro-interno-mm-76-0-pl","27":"pa_diametro-interno-mm-80-0-pl","28":"pa_diametro-interno-mm-90-0-pl","29":"pa_diametro-interno-mm-102-0-pl","30":"pa_diametro-interno-mm-110-0-pl","31":"pa_diametro-interno-mm-120-0-pl","32":"pa_diametro-interno-mm-127-0-pl","33":"pa_diametro-interno-mm-152-0-pl","34":"pa_diametro-interno-mm-203-0-pl","35":"pa_diametro-interno-mm-254-0-pl","36":"pa_diametro-interno-pulg-1-3-4-pl","37":"pa_diametro-interno-pulg-1-5-8-pl","38":"pa_diametro-interno-pulg-10-pl","39":"pa_diametro-interno-pulg-2-pl","40":"pa_diametro-interno-pulg-2-1-2-pl","41":"pa_diametro-interno-pulg-2-1-32-pl","42":"pa_diametro-interno-pulg-2-3-4-pl","43":"pa_diametro-interno-pulg-3-pl","44":"pa_diametro-interno-pulg-3-1-2-pl","45":"pa_diametro-interno-pulg-3-1-8-pl","46":"pa_diametro-interno-pulg-4-pl","47":"pa_diametro-interno-pulg-4-5-16-pl","48":"pa_diametro-interno-pulg-5-pl","49":"pa_diametro-interno-pulg-6-pl","50":"pa_diametro-interno-pulg-8-pl","51":"pa_espesor-total-de-pared-mm-12-1-pl","52":"pa_espesor-total-de-pared-mm-4-5-pl","53":"pa_espesor-total-de-pared-mm-5-0-pl","54":"pa_espesor-total-de-pared-mm-5-2-pl","55":"pa_espesor-total-de-pared-mm-5-5-pl","56":"pa_espesor-total-de-pared-mm-6-0-pl","57":"pa_espesor-total-de-pared-mm-6-5-pl","58":"pa_espesor-total-de-pared-mm-6-7-pl","59":"pa_espesor-total-de-pared-mm-7-3-pl","60":"pa_espesor-total-de-pared-mm-7-5-pl","61":"pa_espesor-total-de-pared-mm-8-0-pl","62":"pa_espesor-total-de-pared-mm-8-3-pl","63":"pa_espesor-total-de-pared-mm-9-5-pl","64":"pa_material-flexible-pvc-flexible-pl","65":"pa_material-manguera-pvc-pl","66":"pa_opacidad-nieprzezroczysty","67":"pa_presion-rotura-bar-10-0-pl","68":"pa_presion-rotura-bar-12-0-pl","69":"pa_presion-rotura-bar-14-0-pl","70":"pa_presion-rotura-bar-15-0-pl","71":"pa_presion-rotura-bar-18-0-pl","72":"pa_presion-rotura-bar-4-0-pl","73":"pa_presion-rotura-bar-6-0-pl","74":"pa_presion-rotura-bar-8-0-pl","75":"pa_presion-rotura-bar-9-0-pl","76":"pa_refuerzo-pvc-rigido-pl","77":"pa_resistente-a-la-abrasion-odporny-na-scieranie","78":"pa_superficie-exterior-szorstki","79":"pa_superficie-interior-gladki","80":"pa_temperatura-maxima-oc-60c-pl","81":"pa_temperatura-minima-oc-25c-pl","82":"pa_vacio-m-h2o-9-0-pl","84":"first","85":"instock","86":"shipping-taxable","87":"product-type-variable"},"_links":{"self":[{"href":"https:\/\/www.espiroflex.com\/pl\/wp-json\/wp\/v2\/product\/26357","targetHints":{"allow":["GET"]}}],"collection":[{"href":"https:\/\/www.espiroflex.com\/pl\/wp-json\/wp\/v2\/product"}],"about":[{"href":"https:\/\/www.espiroflex.com\/pl\/wp-json\/wp\/v2\/types\/product"}],"wp:featuredmedia":[{"embeddable":true,"href":"https:\/\/www.espiroflex.com\/pl\/wp-json\/wp\/v2\/media\/6358"}],"wp:attachment":[{"href":"https:\/\/www.espiroflex.com\/pl\/wp-json\/wp\/v2\/media?parent=26357"}],"wp:term":[{"taxonomy":"product_brand","embeddable":true,"href":"https:\/\/www.espiroflex.com\/pl\/wp-json\/wp\/v2\/product_brand?post=26357"},{"taxonomy":"product_cat","embeddable":true,"href":"https:\/\/www.espiroflex.com\/pl\/wp-json\/wp\/v2\/product_cat?post=26357"},{"taxonomy":"product_tag","embeddable":true,"href":"https:\/\/www.espiroflex.com\/pl\/wp-json\/wp\/v2\/product_tag?post=26357"}],"curies":[{"name":"wp","href":"https:\/\/api.w.org\/{rel}","templated":true}]}}