{"id":26297,"date":"2025-07-22T18:41:09","date_gmt":"2025-07-22T16:41:09","guid":{"rendered":"https:\/\/www.espiroflex.com\/espiroliquid-pu\/"},"modified":"2025-11-28T13:11:14","modified_gmt":"2025-11-28T12:11:14","slug":"espiroliquid-pu","status":"publish","type":"product","link":"https:\/\/www.espiroflex.com\/pl\/produkt\/espiroliquid-pu\/","title":{"rendered":"ESPIROLIQUID PU"},"content":{"rendered":"<p>W\u0105\u017c poliuretanowy ze spiral\u0105 z PVC sztywny do pompowania przez ssanie i t\u0142oczenie cieczy o wysokiej zawarto\u015bci materia\u0142\u00f3w \u015bciernych (z\u0142om metalowy, b\u0142oto, piasek\u2026). 5 razy bardziej odporny na \u015bcieranie ni\u017c PVC. Ca\u0142kowita elastyczno\u015b\u0107 (promie\u0144 gi\u0119cia = \u015brednica wewn\u0119trzna) daje tej rurze du\u017ce mo\u017cliwo\u015bci mechaniczne. Bardzo lekki.<\/p>\n","protected":false},"excerpt":{"rendered":"<p>W\u0105\u017c poliuretanowy ze spiral\u0105 z PVC sztywny do pompowania przez ssanie i t\u0142oczenie cieczy o wysokiej zawarto\u015bci materia\u0142\u00f3w \u015bciernych (z\u0142om metalowy, b\u0142oto, piasek\u2026). 5 razy bardziej odporny na \u015bcieranie ni\u017c PVC. Ca\u0142kowita elastyczno\u015b\u0107 (promie\u0144 gi\u0119cia = \u015brednica wewn\u0119trzna) daje tej rurze du\u017ce mo\u017cliwo\u015bci mechaniczne. Bardzo lekki.<\/p>\n","protected":false},"featured_media":6277,"template":"","meta":[],"product_brand":[982],"product_cat":[4226,345,246,235],"product_tag":[],"class_list":{"0":"post-26297","1":"product","2":"type-product","3":"status-publish","4":"has-post-thumbnail","6":"product_brand-transliquid","7":"product_cat-industrial-3-pl","8":"product_cat-przemyslowy","9":"product_cat-aspiracja-cieczy","10":"product_cat-rolniczy","11":"pa_aplicaciones-aspiracja","12":"pa_aplicaciones-zywnosc","13":"pa_color-czerwony","14":"pa_construccion-manguera-spiralowanie","15":"pa_diametro-interno-mm-30-0-pl","16":"pa_diametro-interno-mm-35-0-pl","17":"pa_diametro-interno-mm-40-0-pl","18":"pa_diametro-interno-mm-45-0-pl","19":"pa_diametro-interno-mm-51-0-pl","20":"pa_diametro-interno-mm-55-0-pl","21":"pa_diametro-interno-mm-60-0-pl","22":"pa_diametro-interno-mm-63-0-pl","23":"pa_diametro-interno-mm-70-0-pl","24":"pa_diametro-interno-mm-76-0-pl","25":"pa_diametro-interno-mm-80-0-pl","26":"pa_diametro-interno-mm-90-0-pl","27":"pa_diametro-interno-mm-102-0-pl","28":"pa_diametro-interno-mm-110-0-pl","29":"pa_diametro-interno-mm-127-0-pl","30":"pa_diametro-interno-mm-140-0-pl","31":"pa_diametro-interno-mm-152-0-pl","32":"pa_diametro-interno-pulg-1-1-8-pl","33":"pa_diametro-interno-pulg-1-3-4-pl","34":"pa_diametro-interno-pulg-1-3-8-pl","35":"pa_diametro-interno-pulg-1-5-8-pl","36":"pa_diametro-interno-pulg-2-pl","37":"pa_diametro-interno-pulg-2-1-2-pl","38":"pa_diametro-interno-pulg-2-1-32-pl","39":"pa_diametro-interno-pulg-2-1-8-pl","40":"pa_diametro-interno-pulg-2-3-4-pl","41":"pa_diametro-interno-pulg-3-pl","42":"pa_diametro-interno-pulg-3-1-2-pl","43":"pa_diametro-interno-pulg-3-1-8-pl","44":"pa_diametro-interno-pulg-4-pl","45":"pa_diametro-interno-pulg-4-5-16-pl","46":"pa_diametro-interno-pulg-5-pl","47":"pa_diametro-interno-pulg-5-1-2-pl","48":"pa_diametro-interno-pulg-6-pl","49":"pa_espesor-total-de-pared-mm-3-0-pl","50":"pa_espesor-total-de-pared-mm-4-0-pl","51":"pa_espesor-total-de-pared-mm-4-5-pl","52":"pa_espesor-total-de-pared-mm-5-0-pl","53":"pa_espesor-total-de-pared-mm-5-5-pl","54":"pa_espesor-total-de-pared-mm-6-0-pl","55":"pa_espesor-total-de-pared-mm-6-5-pl","56":"pa_espesor-total-de-pared-mm-8-0-pl","57":"pa_espesor-total-de-pared-mm-8-5-pl","58":"pa_espesor-total-de-pared-mm-9-0-pl","59":"pa_material-flexible-poliuretan-pl","60":"pa_material-manguera-tpu-pl","61":"pa_opacidad-przezroczysty","62":"pa_presion-rotura-bar-10-0-pl","63":"pa_presion-rotura-bar-12-0-pl","64":"pa_presion-rotura-bar-14-0-pl","65":"pa_presion-rotura-bar-15-0-pl","66":"pa_presion-rotura-bar-3-0-pl","67":"pa_presion-rotura-bar-4-0-pl","68":"pa_presion-rotura-bar-6-0-pl","69":"pa_presion-rotura-bar-8-0-pl","70":"pa_presion-rotura-bar-9-0-pl","71":"pa_refuerzo-pvc-rigido-pl","72":"pa_resistencia-r-dicromato-de-potasio-40-pl","73":"pa_resistencia-r-acetamida-pl","74":"pa_resistencia-r-aceton-pl","75":"pa_resistencia-r-alkohol-butylowy","76":"pa_resistencia-r-alumbre-pl","77":"pa_resistencia-r-amoniak-gaz-pl","78":"pa_resistencia-r-nitrato-de-amonio-25-pl","79":"pa_resistencia-r-nitrato-sodico-pl","80":"pa_resistencia-r-azotan-wapnia-50","81":"pa_resistencia-r-azotan-wapnia-koncentrat","82":"pa_resistencia-r-borax-5-pl","83":"pa_resistencia-r-chlorek-amonu-25","84":"pa_resistencia-r-chlorek-glinu-25","85":"pa_resistencia-r-chlorek-potasu","86":"pa_resistencia-r-chlorek-rteci","87":"pa_resistencia-r-cloruro-de-calcio-20-pl","88":"pa_resistencia-r-cloruro-de-calcio-25-pl","89":"pa_resistencia-r-cloruro-ferrico-pl","90":"pa_resistencia-r-sidra-pl","91":"pa_resistencia-r-cianuro-de-sodio-pl","92":"pa_resistencia-r-dichloroethan","93":"pa_resistencia-r-dicromato-de-potasio-todas-conc-pl","94":"pa_resistencia-r-anhidrido-carbonico-pl","95":"pa_resistencia-r-dioxido-de-carbono-pl","96":"pa_resistencia-r-eter-izopropylowy","97":"pa_resistencia-r-fenylamina","98":"pa_resistencia-r-freon-12-czynnik-chlodniczy","99":"pa_resistencia-r-ftalany","100":"pa_resistencia-r-glicerina-pl","101":"pa_resistencia-r-glicol-de-etileno-pl","102":"pa_resistencia-r-heksan","103":"pa_resistencia-r-detergentes-concentrados-pl","104":"pa_resistencia-r-silicatos-aluminicos-pl","105":"pa_resistencia-r-silicatos-potasicos-pl","106":"pa_resistencia-r-acido-borico-5-pl","107":"pa_resistencia-r-acido-clorhidrico-5-pl","108":"pa_resistencia-r-acido-cromico-5-pl","109":"pa_resistencia-r-acido-citrico-5-pl","110":"pa_resistencia-r-acido-lactico-sol-acu-10-pl","111":"pa_resistencia-r-acido-acetico-3-pl","112":"pa_resistencia-r-acido-sulfurico-5-pl","113":"pa_resistencia-r-acido-carbonico-5-pl","114":"pa_resistencia-r-lakiery-bazowe-na-bazie-rozpuszczalnika","115":"pa_resistencia-r-manganato-potasico-pl","116":"pa_resistencia-r-metan-pl","117":"pa_resistencia-r-metylooktanol","118":"pa_resistencia-r-mocznik-ad-blue","119":"pa_resistencia-r-nafta","120":"pa_resistencia-r-nitrogeno-pl","121":"pa_resistencia-r-olej-astm-1-pl","122":"pa_resistencia-r-olej-astm-2-pl","123":"pa_resistencia-r-olej-astm-3-pl","124":"pa_resistencia-r-olej-hydrauliczny","125":"pa_resistencia-r-olej-napedowy-i-biodiesel","126":"pa_resistencia-r-olej-silikonowy","127":"pa_resistencia-r-oleje-roslinne","128":"pa_resistencia-r-ozon-pl","129":"pa_resistencia-r-parafina-pl","130":"pa_resistencia-r-perborato-sodico-pl","131":"pa_resistencia-r-cerveza-pl","132":"pa_resistencia-r-plomotetraetilo-pl","133":"pa_resistencia-r-potasio-pl","134":"pa_resistencia-r-powietrze","135":"pa_resistencia-r-roztwor-mydla-wszystkie-stezenia","136":"pa_resistencia-r-sebacynian-dioktylu","137":"pa_resistencia-r-siarczan-miedzi-sol-sat","138":"pa_resistencia-r-siarczan-potasu","139":"pa_resistencia-r-sulfuro-de-bario-pl","140":"pa_resistencia-r-siarczek-wapnia","141":"pa_resistencia-r-sulfuro-ferrico-pl","142":"pa_resistencia-r-azufre-pl","143":"pa_resistencia-r-silicatos-sodicos-pl","144":"pa_resistencia-r-skalica","145":"pa_resistencia-r-szczawian-etylu","146":"pa_resistencia-r-oxigeno-pl","147":"pa_resistencia-r-oxidos-sulfurosos-pl","148":"pa_resistencia-r-tluszcze-litowe-sodowe-i-wapniowe","149":"pa_resistencia-r-tluszcze-silikonowe","150":"pa_resistencia-r-tluszcze-zwierzece","151":"pa_resistencia-r-trisulfat-sodu","152":"pa_resistencia-r-carbonato-magnesico-pl","153":"pa_resistencia-r-carbonato-de-sodio-pl","154":"pa_resistencia-r-carbonato-calcico-pl","155":"pa_resistencia-r-woda","156":"pa_resistencia-r-woda-morska","157":"pa_resistencia-r-woda-utleniona-slonce-alkaliczna","158":"pa_resistencia-r-wodor","159":"pa_resistencia-r-hidroxido-de-potasio-5-pl","160":"pa_resistencia-r-hidroxido-de-sodio-sosa-5-pl","161":"pa_resistencia-r-zelatyna","162":"pa_resistente-a-la-abrasion-odporny-na-scieranie","163":"pa_resistente-lr-alkohol-etylowy-50","164":"pa_resistente-lr-alkohol-izobutylowy","165":"pa_resistente-lr-alkohol-izopropylowy","166":"pa_resistente-lr-benzyna","167":"pa_resistente-lr-bezwodnik-siarkowy","168":"pa_resistente-lr-butyloamina","169":"pa_resistente-lr-chlorek-sodu-25","170":"pa_resistente-lr-ciclohexano-pl","171":"pa_resistente-lr-dietyloenglikol","172":"pa_resistente-lr-etano-pl","173":"pa_resistente-lr-formaldehyd-20-pl","174":"pa_resistente-lr-formaldehyd-30-pl","175":"pa_resistente-lr-gaz-ziemny","176":"pa_resistente-lr-glikole","177":"pa_resistente-lr-kwas-azotowy-5","178":"pa_resistente-lr-kwas-borowy-10","179":"pa_resistente-lr-kwas-chlorowodorowy-10","180":"pa_resistente-lr-permanganates-potassique-10-pl","181":"pa_resistente-lr-nadtlenek-wodoru-30-obj","182":"pa_resistente-lr-nafta-pl","183":"pa_resistente-lr-olej-opalowy","184":"pa_resistente-lr-oleje-smarowe-ropa-naftowa","185":"pa_resistente-lr-podchloryn-wapnia","186":"pa_resistente-lr-ropa-naftowa","187":"pa_resistente-lr-white-spirit-pl","188":"pa_resistente-lr-wodorotlenek-sodu-soda-10","189":"pa_resistente-nr-15-podchloryn-sodu-cl2","190":"pa_resistente-nr-acetatos-de-alquilo-pl","191":"pa_resistente-nr-acido-sulfurico-98-pl","192":"pa_resistente-nr-acido-sulfurico-conc-fuming-pl","193":"pa_resistente-nr-acetaldehido-pl","194":"pa_resistente-nr-aldehidos-pl","195":"pa_resistente-nr-alcohol-etilico-96-pl","196":"pa_resistente-nr-alcohol-etilico-max-conc-pl","197":"pa_resistente-nr-alkohol-metylowy-6","198":"pa_resistente-nr-nitrito-sodico-pl","199":"pa_resistente-nr-benzaldehido-pl","200":"pa_resistente-nr-anhidrido-acetico-pl","201":"pa_resistente-nr-bisulfat-sodu","202":"pa_resistente-nr-bromo-pl","203":"pa_resistente-nr-bromuro-de-alquilo-pl","204":"pa_resistente-nr-cloro-100-gas-seco-pl","205":"pa_resistente-nr-chlorek-metylenu","206":"pa_resistente-nr-chlorek-metylu","207":"pa_resistente-nr-cicloalcanos-pl","208":"pa_resistente-nr-cicloalcoholes-pl","209":"pa_resistente-nr-cykloheksanol","210":"pa_resistente-nr-ciclohexanona-pl","211":"pa_resistente-nr-ciclocetonas-pl","212":"pa_resistente-nr-tetracloruro-de-carbono2-pl","213":"pa_resistente-nr-dietyloamina","214":"pa_resistente-nr-dimetil-formamida-pl","215":"pa_resistente-nr-etere-di-dietile-pl","216":"pa_resistente-nr-etilico-etere-pl","217":"pa_resistente-nr-fenol-pl","218":"pa_resistente-nr-formaldehyd-37-pl","219":"pa_resistente-nr-formaldehyd-40","220":"pa_resistente-nr-freon-11-czynnik-chlodniczy","221":"pa_resistente-nr-freon-22-czynnik-chlodniczy","222":"pa_resistente-nr-hidracina-pl","223":"pa_resistente-nr-hydrochinon-pl","224":"pa_resistente-nr-cetonas-pl","225":"pa_resistente-nr-cresol-pl","226":"pa_resistente-nr-kwas-azotowy-10","227":"pa_resistente-nr-kwas-azotowy-20","228":"pa_resistente-nr-kwas-azotowy-30","229":"pa_resistente-nr-kwas-azotowy-50","230":"pa_resistente-nr-acido-nitrico-70-pl","231":"pa_resistente-nr-acido-nitrico-95-pl","232":"pa_resistente-nr-kwas-bromowodorowy-roztwor-wodny-50","233":"pa_resistente-nr-kwas-chlorowodorowy-20","234":"pa_resistente-nr-kwas-chlorowodorowy-22","235":"pa_resistente-nr-kwas-fluorowodorowy-20","236":"pa_resistente-nr-kwas-fluorowodorowy-30","237":"pa_resistente-nr-acido-fluorhidrico-40-pl","238":"pa_resistente-nr-acido-fluorhidrico-60-pl","239":"pa_resistente-nr-acido-ftalico-pl","240":"pa_resistente-nr-kwas-mrowkowy-20","241":"pa_resistente-nr-acido-formico-25-pl","242":"pa_resistente-nr-acido-formico-85-pl","243":"pa_resistente-nr-kwas-mrowkowy-10","244":"pa_resistente-nr-acido-formico-conc-pl","245":"pa_resistente-nr-acido-peracetico-pl","246":"pa_resistente-nr-kwas-octowy-30","247":"pa_resistente-nr-kwas-octowy-50","248":"pa_resistente-nr-kwas-octowy-80","249":"pa_resistente-nr-acido-acetico-conc-pl","250":"pa_resistente-nr-acido-oleico-pl","251":"pa_resistente-nr-kwas-siarkowy-20","252":"pa_resistente-nr-kwas-siarkowy-25","253":"pa_resistente-nr-kwas-siarkowy-50","254":"pa_resistente-nr-acido-sulfurico-70-pl","255":"pa_resistente-nr-acido-sulfurico-80-pl","256":"pa_resistente-nr-acido-sulfurico-96-pl","257":"pa_resistente-nr-kwas-szczawiowy","258":"pa_resistente-nr-urea-30-pl","259":"pa_resistente-nr-mydla-w-plynie","260":"pa_resistente-nr-olej-zwierzecy","261":"pa_resistente-nr-olio-pl","262":"pa_resistente-nr-pentan-pl","263":"pa_resistente-nr-perchloroetylen","264":"pa_resistente-nr-podchloryn-sodu-14-cl2","265":"pa_resistente-nr-sebacato-de-dioctilo-pl","266":"pa_resistente-nr-siarczan-amonu-sol-sat","267":"pa_resistente-nr-siarczan-glinu","268":"pa_resistente-nr-silicona-pl","269":"pa_resistente-nr-stezony-kwas-chlorowodorowy","270":"pa_resistente-nr-tanino-pl","271":"pa_resistente-nr-tetrahydrofuran-pl","272":"pa_resistente-nr-toluol","273":"pa_resistente-nr-trietanoloamina","274":"pa_resistente-nr-wapniowy-bisulfat","275":"pa_resistente-nr-wilgotny-chlor","276":"pa_resistente-nr-hydroxid-sodny-soda-20-pl","277":"pa_resistente-nr-wodorotlenek-sodu-soda-50","278":"pa_resistente-nr-wodorotlenek-sodu-soda-stezony","279":"pa_resistente-nr-xylen-pl","280":"pa_resistente-nr-zywica-epoksydowa","281":"pa_resistente-sr-olej-mineralny","282":"pa_resistente-sr-olej-z-nasion","283":"pa_resistente-sr-whisky-pl","284":"pa_resistente-sr-wina","285":"pa_superficie-exterior-falisty","286":"pa_superficie-interior-gladki","287":"pa_temperatura-maxima-oc-80c-pl","288":"pa_temperatura-minima-oc-20c-pl","289":"pa_vacio-m-h2o-9-0-pl","291":"first","292":"instock","293":"shipping-taxable","294":"product-type-variable"},"_links":{"self":[{"href":"https:\/\/www.espiroflex.com\/pl\/wp-json\/wp\/v2\/product\/26297","targetHints":{"allow":["GET"]}}],"collection":[{"href":"https:\/\/www.espiroflex.com\/pl\/wp-json\/wp\/v2\/product"}],"about":[{"href":"https:\/\/www.espiroflex.com\/pl\/wp-json\/wp\/v2\/types\/product"}],"wp:featuredmedia":[{"embeddable":true,"href":"https:\/\/www.espiroflex.com\/pl\/wp-json\/wp\/v2\/media\/6277"}],"wp:attachment":[{"href":"https:\/\/www.espiroflex.com\/pl\/wp-json\/wp\/v2\/media?parent=26297"}],"wp:term":[{"taxonomy":"product_brand","embeddable":true,"href":"https:\/\/www.espiroflex.com\/pl\/wp-json\/wp\/v2\/product_brand?post=26297"},{"taxonomy":"product_cat","embeddable":true,"href":"https:\/\/www.espiroflex.com\/pl\/wp-json\/wp\/v2\/product_cat?post=26297"},{"taxonomy":"product_tag","embeddable":true,"href":"https:\/\/www.espiroflex.com\/pl\/wp-json\/wp\/v2\/product_tag?post=26297"}],"curies":[{"name":"wp","href":"https:\/\/api.w.org\/{rel}","templated":true}]}}