{"id":26283,"date":"2025-07-22T19:03:15","date_gmt":"2025-07-22T17:03:15","guid":{"rendered":"https:\/\/www.espiroflex.com\/espirokit-limpiafondos\/"},"modified":"2025-11-28T13:07:09","modified_gmt":"2025-11-28T12:07:09","slug":"espirokit-limpiafondos","status":"publish","type":"product","link":"https:\/\/www.espiroflex.com\/pl\/produkt\/espirokit-limpiafondos\/","title":{"rendered":"Espirokit czyszczenie dna"},"content":{"rendered":"<p>Nieprzezroczysta, samop\u0142ywaj\u0105ca, bardzo elastyczna rura wykonana z kopolimer\u00f3w etylenu. Nietoksyczna. Bardzo \u0142atwa w obs\u0142udze. Promie\u0144 gi\u0119cia r\u00f3wny dwukrotno\u015bci \u015brednicy wewn\u0119trznej. Du\u017ca szczelno\u015b\u0107 po\u0142\u0105cze\u0144 dysz. Odporna na UV, zimno i p\u0119kanie przy wyd\u0142u\u017ceniu.<\/p>\n","protected":false},"excerpt":{"rendered":"<p>Nieprzezroczysta, samop\u0142ywaj\u0105ca, bardzo elastyczna rura wykonana z kopolimer\u00f3w etylenu. Nietoksyczna. Bardzo \u0142atwa w obs\u0142udze. Promie\u0144 gi\u0119cia r\u00f3wny dwukrotno\u015bci \u015brednicy wewn\u0119trznej. Du\u017ca szczelno\u015b\u0107 po\u0142\u0105cze\u0144 dysz. Odporna na UV, zimno i p\u0119kanie przy wyd\u0142u\u017ceniu.<\/p>\n","protected":false},"featured_media":20604,"template":"","meta":[],"product_brand":[421],"product_cat":[315,325,311,286],"product_tag":[],"class_list":{"0":"post-26283","1":"product","2":"type-product","3":"status-publish","4":"has-post-thumbnail","6":"product_brand-transflot","7":"product_cat-baseny","8":"product_cat-budowlany","9":"product_cat-uzytku-domowego2","10":"product_cat-waz-pcv","11":"pa_aplicaciones-baseny","12":"pa_color-bialy","13":"pa_construccion-manguera-plywajacy","14":"pa_diametro-interno-mm-38-0-pl","15":"pa_diametro-interno-pulg-1-1-4-pl","16":"pa_espesor-total-de-pared-mm-3-75-pl","17":"pa_material-flexible-pe-pl","18":"pa_material-manguera-pvc-pl","19":"pa_resistencia-r-dicromato-de-potasio-40-pl","20":"pa_resistencia-r-acetat-glinu","21":"pa_resistencia-r-alcohol-amilico-pl","22":"pa_resistencia-r-alkohol-etylowy-10","23":"pa_resistencia-r-alkohol-etylowy-35","24":"pa_resistencia-r-alkohol-etylowy-40","25":"pa_resistencia-r-alkohol-izobutylowy","26":"pa_resistencia-r-alkohol-izopropylowy","27":"pa_resistencia-r-alkohol-metylowy-5","28":"pa_resistencia-r-alkohol-metylowy-6","29":"pa_resistencia-r-alumbre-pl","30":"pa_resistencia-r-nitrato-de-amonio-25-pl","31":"pa_resistencia-r-nitrato-de-amonio-sol-sat-pl","32":"pa_resistencia-r-nitrato-sodico-pl","33":"pa_resistencia-r-anhidrido-sulfuroso-pl","34":"pa_resistencia-r-bisulfato-sodico-pl","35":"pa_resistencia-r-bisulfatos-y-bisulfatos-met-pl","36":"pa_resistencia-r-borax-5-pl","37":"pa_resistencia-r-borax-conc-pl","38":"pa_resistencia-r-carbonato-de-amonio-pl","39":"pa_resistencia-r-cloruro-de-zinc-20-pl","40":"pa_resistencia-r-cloruro-de-zinc-conc-pl","41":"pa_resistencia-r-cloruro-de-sodio-20-pl","42":"pa_resistencia-r-cloruro-de-sodio-25-pl","43":"pa_resistencia-r-cloruro-de-sodio-conc-pl","44":"pa_resistencia-r-cloruro-de-calcio-20-pl","45":"pa_resistencia-r-cloruro-de-calcio-25-pl","46":"pa_resistencia-r-cloruro-de-calcio-sol-sat-pl","47":"pa_resistencia-r-cloruro-ferrico-pl","48":"pa_resistencia-r-sidra-pl","49":"pa_resistencia-r-cianuro-de-sodio-pl","50":"pa_resistencia-r-sulfuro-de-hidrogeno-gaseoso-pl","51":"pa_resistencia-r-dextrosa-pl","52":"pa_resistencia-r-dextrina-pl","53":"pa_resistencia-r-dicromato-de-potasio-todas-conc-pl","54":"pa_resistencia-r-dodecanol-pl","55":"pa_resistencia-r-anhidrido-carbonico-pl","56":"pa_resistencia-r-dioxido-de-carbono-pl","57":"pa_resistencia-r-emulsionantes-pl","58":"pa_resistencia-r-formaldehido-30-pl","59":"pa_resistencia-r-formaldehido-37-pl","60":"pa_resistencia-r-fructosa-pl","61":"pa_resistencia-r-glicerol-pl","62":"pa_resistencia-r-glicerina-pl","63":"pa_resistencia-r-glicol-de-etileno-pl","64":"pa_resistencia-r-hidroquinona-pl","65":"pa_resistencia-r-caseina-pl","66":"pa_resistencia-r-detergentes-concentrados-pl","67":"pa_resistencia-r-silicatos-aluminicos-pl","68":"pa_resistencia-r-silicatos-potasicos-pl","69":"pa_resistencia-r-acido-adipico-pl","70":"pa_resistencia-r-acido-nitrico-10-pl","71":"pa_resistencia-r-acido-nitrico-20-pl","72":"pa_resistencia-r-acido-nitrico-30-pl","73":"pa_resistencia-r-acido-nitrico-5-pl","74":"pa_resistencia-r-acido-nitrico-50-pl","75":"pa_resistencia-r-acido-borico-10-pl","76":"pa_resistencia-r-acido-borico-5-pl","77":"pa_resistencia-r-acido-borico-conc-pl","78":"pa_resistencia-r-acido-bromhidrico-sol-acu-30-pl","79":"pa_resistencia-r-acido-bromhidrico-sol-acu-50-pl","80":"pa_resistencia-r-acido-clorhidrico-10-pl","81":"pa_resistencia-r-acido-clorhidrico-20-pl","82":"pa_resistencia-r-acido-clorhidrico-22-pl","83":"pa_resistencia-r-acido-clorhidrico-5-pl","84":"pa_resistencia-r-acido-cromico-5-pl","85":"pa_resistencia-r-acido-citrico-5-pl","86":"pa_resistencia-r-acido-fluorhidrico-4-pl","87":"pa_resistencia-r-acido-fosforico-20-pl","88":"pa_resistencia-r-acido-fosforico-30-pl","89":"pa_resistencia-r-acido-fosforico-5-pl","90":"pa_resistencia-r-acido-hiplocoroso-20-pl","91":"pa_resistencia-r-acido-hiplocoroso-sol-acu-conc-pl","92":"pa_resistencia-r-acido-butirico-20-pl","93":"pa_resistencia-r-acido-lactico-sol-acu-10-pl","94":"pa_resistencia-r-acido-lactico-sol-acu-3-pl","95":"pa_resistencia-r-acido-acetico-10-pl","96":"pa_resistencia-r-acido-acetico-3-pl","97":"pa_resistencia-r-acido-acetico-5-pl","98":"pa_resistencia-r-acido-sulfurico-20-pl","99":"pa_resistencia-r-acido-sulfurico-25-pl","100":"pa_resistencia-r-acido-sulfurico-5-pl","101":"pa_resistencia-r-acido-estearico-pl","102":"pa_resistencia-r-acido-oxalico-pl","103":"pa_resistencia-r-acido-carbonico-5-pl","104":"pa_resistencia-r-acido-carbonico-conc-pl","105":"pa_resistencia-r-acidos-grasos-c6-pl","106":"pa_resistencia-r-lanolina-pl","107":"pa_resistencia-r-manganato-potasico-pl","108":"pa_resistencia-r-permanganatos-potasico-10-pl","109":"pa_resistencia-r-peroxido-de-hidrogeno-30-vol-pl","110":"pa_resistencia-r-nitrogeno-pl","111":"pa_resistencia-r-vinagre-pl","112":"pa_resistencia-r-octan-sodu","113":"pa_resistencia-r-octan-wapnia","114":"pa_resistencia-r-parafina-pl","115":"pa_resistencia-r-perborato-sodico-pl","116":"pa_resistencia-r-persulfato-de-amonio-pl","117":"pa_resistencia-r-cerveza-pl","118":"pa_resistencia-r-plomotetraetilo-pl","119":"pa_resistencia-r-hipoclorito-de-sodio-14-cl2-pl","120":"pa_resistencia-r-hipoclorito-de-sodio-15-cl2-pl","121":"pa_resistencia-r-hipoclorito-de-calcio-pl","122":"pa_resistencia-r-potasio-pl","123":"pa_resistencia-r-powietrze","124":"pa_resistencia-r-hipoclorito-de-sodio-sol-sat-pl","125":"pa_resistencia-r-jabones-liquidos-pl","126":"pa_resistencia-r-sulfuro-de-amonio-pl","127":"pa_resistencia-r-sulfuro-de-bario-pl","128":"pa_resistencia-r-sulfuro-ferrico-pl","129":"pa_resistencia-r-azufre-pl","130":"pa_resistencia-r-silicatos-sodicos-pl","131":"pa_resistencia-r-acido-clorhidrico-conc-pl","132":"pa_resistencia-r-tanino-pl","133":"pa_resistencia-r-oxigeno-pl","134":"pa_resistencia-r-oxidos-sulfurosos-pl","135":"pa_resistencia-r-tricloruro-de-antimonio-pl","136":"pa_resistencia-r-bisulfato-calcico-pl","137":"pa_resistencia-r-carbonato-magnesico-pl","138":"pa_resistencia-r-carbonato-de-sodio-pl","139":"pa_resistencia-r-carbonato-calcico-pl","140":"pa_resistencia-r-vinos-pl","141":"pa_resistencia-r-woda","142":"pa_resistencia-r-woda-morska","143":"pa_resistencia-r-hidroxido-de-amonio-10-pl","144":"pa_resistencia-r-hidroxido-de-amonio-25-pl","145":"pa_resistencia-r-hidroxido-de-amonio-28-pl","146":"pa_resistencia-r-hidroxido-de-amonio-5-pl","147":"pa_resistencia-r-hidroxido-de-aluminio-pl","148":"pa_resistencia-r-hidroxido-de-potasio-10-pl","149":"pa_resistencia-r-hidroxido-de-potasio-5-pl","150":"pa_resistencia-r-hidroxido-de-potasio-50-pl","151":"pa_resistencia-r-hidroxido-de-potasio-conc-pl","152":"pa_resistencia-r-hidroxido-de-sodio-sosa-10-pl","153":"pa_resistencia-r-hidroxido-de-sodio-sosa-20-pl","154":"pa_resistencia-r-hidroxido-de-sodio-sosa-5-pl","155":"pa_resistencia-r-hidroxido-de-calcio-pl","156":"pa_resistente-lr-acido-acetico-50-pl","157":"pa_resistente-lr-acido-formico-20-pl","158":"pa_resistente-lr-alkohol-butylowy","159":"pa_resistente-lr-formaldehido-40-pl","160":"pa_resistente-lr-acido-benzoico-pl","161":"pa_resistente-lr-acido-cromico-10-pl","162":"pa_resistente-lr-acido-fluorhidrico-20-pl","163":"pa_resistente-lr-acido-fluorhidrico-30-pl","164":"pa_resistente-lr-acido-formico-10-pl","165":"pa_resistente-lr-acido-acetico-30-pl","166":"pa_resistente-lr-acido-acetico-80-pl","167":"pa_resistente-lr-acido-sulfurico-50-pl","168":"pa_resistente-lr-olej-astm-1-pl","169":"pa_resistente-lr-olej-astm-2-pl","170":"pa_resistente-lr-olej-z-nasion","171":"pa_resistente-lr-ozono-pl","172":"pa_resistente-lr-gas-licuado-de-petroleo-glp-pl","173":"pa_resistente-nr-acetatos-de-alquilo-pl","174":"pa_resistente-nr-acetona-pl","175":"pa_resistente-nr-acetonitrilo-pl","176":"pa_resistente-nr-acido-cloroacetico-pl","177":"pa_resistente-nr-acido-clorosulfonico-conc-pl","178":"pa_resistente-nr-acido-sulfurico-98-pl","179":"pa_resistente-nr-acido-sulfurico-conc-fuming-pl","180":"pa_resistente-nr-acrilato-de-etilo-pl","181":"pa_resistente-nr-acetaldehido-pl","182":"pa_resistente-nr-aldehidos-pl","183":"pa_resistente-nr-alcohol-alilico-2-propenol-1-pl","184":"pa_resistente-nr-alcohol-bencilico-pl","185":"pa_resistente-nr-alcohol-etilico-96-pl","186":"pa_resistente-nr-alcohol-etilico-max-conc-pl","187":"pa_resistente-nr-amoniaco-gas-pl","188":"pa_resistente-nr-nitrito-sodico-pl","189":"pa_resistente-nr-benzaldehido-pl","190":"pa_resistente-nr-benceno-pl","191":"pa_resistente-nr-anhidrido-acetico-pl","192":"pa_resistente-nr-bromo-pl","193":"pa_resistente-nr-bromuro-de-alquilo-pl","194":"pa_resistente-nr-bromuro-de-etileno-pl","195":"pa_resistente-nr-butanodiol-100-pl","196":"pa_resistente-nr-cloro-100-gas-seco-pl","197":"pa_resistente-nr-cloruro-de-mercurio-pl","198":"pa_resistente-nr-cloroformo-pl","199":"pa_resistente-nr-cloroparafinas-c14-c17-pl","200":"pa_resistente-nr-cicloalcanos-pl","201":"pa_resistente-nr-cicloalcoholes-pl","202":"pa_resistente-nr-ciclohexano-pl","203":"pa_resistente-nr-ciclohexanona-pl","204":"pa_resistente-nr-ciclocetonas-pl","205":"pa_resistente-nr-tetracloruro-de-carbono2-pl","206":"pa_resistente-nr-dietilcetona-pl","207":"pa_resistente-nr-dimetil-formamida-pl","208":"pa_resistente-nr-dioxano-pl","209":"pa_resistente-nr-esteres-alifaticos-pl","210":"pa_resistente-nr-fluoruro-pl","211":"pa_resistente-nr-hexano-pl","212":"pa_resistente-nr-hidracina-pl","213":"pa_resistente-nr-cetonas-pl","214":"pa_resistente-nr-cresol-pl","215":"pa_resistente-nr-acido-nitrico-70-pl","216":"pa_resistente-nr-acido-nitrico-95-pl","217":"pa_resistente-nr-acido-fluorhidrico-40-pl","218":"pa_resistente-nr-acido-fluorhidrico-60-pl","219":"pa_resistente-nr-acido-ftalico-pl","220":"pa_resistente-nr-acido-formico-25-pl","221":"pa_resistente-nr-acido-formico-85-pl","222":"pa_resistente-nr-acido-formico-conc-pl","223":"pa_resistente-nr-acido-peracetico-pl","224":"pa_resistente-nr-acido-acetico-conc-pl","225":"pa_resistente-nr-acido-oleico-pl","226":"pa_resistente-nr-acido-sulfurico-70-pl","227":"pa_resistente-nr-acido-sulfurico-80-pl","228":"pa_resistente-nr-acido-sulfurico-96-pl","229":"pa_resistente-nr-aceites-lubricantes-petroleo-pl","230":"pa_resistente-nr-urea-ad-blue-pl","231":"pa_resistente-nr-urea-30-pl","232":"pa_resistente-nr-queroseno-pl","233":"pa_resistente-nr-acetato-de-amilo-pl","234":"pa_resistente-nr-acetato-de-etilo-pl","235":"pa_resistente-nr-aceite-astm-3-pl","236":"pa_resistente-nr-aceite-mineral-pl","237":"pa_resistente-nr-gasoleo-y-biodiesel-pl","238":"pa_resistente-nr-fuel-oil-pl","239":"pa_resistente-nr-disolventes-clorados-pl","240":"pa_resistente-nr-sebacato-de-dioctilo-pl","241":"pa_resistente-nr-silicona-pl","242":"pa_resistente-nr-trimelitato-de-trioctilo-totm-pl","243":"pa_resistente-nr-hidrocarburos-aromaticos-pl","244":"pa_resistente-nr-white-spirit-pl","245":"pa_resistente-sr-alcool-etilico-50-pl","246":"pa_resistente-sr-ftalany","247":"pa_resistente-sr-whisky-pl","248":"pa_superficie-exterior-falisty","249":"pa_superficie-interior-falisty","250":"pa_temperatura-maxima-oc-55oc-pl","251":"pa_temperatura-minima-oc-25c-pl","252":"pa_vacio-m-h2o-5-0-pl","254":"first","255":"instock","256":"shipping-taxable","257":"product-type-variable"},"_links":{"self":[{"href":"https:\/\/www.espiroflex.com\/pl\/wp-json\/wp\/v2\/product\/26283","targetHints":{"allow":["GET"]}}],"collection":[{"href":"https:\/\/www.espiroflex.com\/pl\/wp-json\/wp\/v2\/product"}],"about":[{"href":"https:\/\/www.espiroflex.com\/pl\/wp-json\/wp\/v2\/types\/product"}],"wp:featuredmedia":[{"embeddable":true,"href":"https:\/\/www.espiroflex.com\/pl\/wp-json\/wp\/v2\/media\/20604"}],"wp:attachment":[{"href":"https:\/\/www.espiroflex.com\/pl\/wp-json\/wp\/v2\/media?parent=26283"}],"wp:term":[{"taxonomy":"product_brand","embeddable":true,"href":"https:\/\/www.espiroflex.com\/pl\/wp-json\/wp\/v2\/product_brand?post=26283"},{"taxonomy":"product_cat","embeddable":true,"href":"https:\/\/www.espiroflex.com\/pl\/wp-json\/wp\/v2\/product_cat?post=26283"},{"taxonomy":"product_tag","embeddable":true,"href":"https:\/\/www.espiroflex.com\/pl\/wp-json\/wp\/v2\/product_tag?post=26283"}],"curies":[{"name":"wp","href":"https:\/\/api.w.org\/{rel}","templated":true}]}}