{"id":26178,"date":"2025-07-22T18:36:43","date_gmt":"2025-07-22T16:36:43","guid":{"rendered":"https:\/\/www.espiroflex.com\/espirofood-pu\/"},"modified":"2025-11-28T12:47:48","modified_gmt":"2025-11-28T11:47:48","slug":"espirofood-pu","status":"publish","type":"product","link":"https:\/\/www.espiroflex.com\/pl\/produkt\/espirofood-pu\/","title":{"rendered":"Espirofood PU"},"content":{"rendered":"<p>Elastyczna rura z PVC bez ftalan\u00f3w, wzmocniona spiral\u0105 z PVC sztywnego odporn\u0105 na uderzenia oraz wewn\u0119trzn\u0105 warstw\u0105 PU na bazie poliestru.<\/p>\n","protected":false},"excerpt":{"rendered":"<p>Elastyczna rura z PVC bez ftalan\u00f3w, wzmocniona spiral\u0105 z PVC sztywnego odporn\u0105 na uderzenia oraz wewn\u0119trzn\u0105 warstw\u0105 PU na bazie poliestru.<\/p>\n","protected":false},"featured_media":6077,"template":"","meta":[],"product_brand":[972],"product_cat":[291,4226,345,246,270,235,230],"product_tag":[],"class_list":{"0":"post-26178","1":"product","2":"type-product","3":"status-publish","4":"has-post-thumbnail","6":"product_brand-espiroaceite","7":"product_cat-aspiracja-cieczy2","8":"product_cat-industrial-3-pl","9":"product_cat-przemyslowy","10":"product_cat-aspiracja-cieczy","11":"product_cat-waz-pu","12":"product_cat-rolniczy","13":"product_cat-spozywczy","14":"pa_color-zielony","15":"pa_construccion-manguera-spiralowanie","16":"pa_diametro-interno-mm-25-0-pl","17":"pa_diametro-interno-mm-30-0-pl","18":"pa_diametro-interno-mm-35-0-pl","19":"pa_diametro-interno-mm-40-0-pl","20":"pa_diametro-interno-mm-45-0-pl","21":"pa_diametro-interno-mm-51-0-pl","22":"pa_diametro-interno-mm-60-0-pl","23":"pa_diametro-interno-mm-63-0-pl","24":"pa_diametro-interno-mm-70-0-pl","25":"pa_diametro-interno-mm-76-0-pl","26":"pa_diametro-interno-mm-80-0-pl","27":"pa_diametro-interno-mm-90-0-pl","28":"pa_diametro-interno-mm-102-0-pl","29":"pa_diametro-interno-mm-110-0-pl","30":"pa_diametro-interno-pulg-1-pl","31":"pa_diametro-interno-pulg-1-1-2-pl","32":"pa_diametro-interno-pulg-1-1-8-pl","33":"pa_diametro-interno-pulg-1-3-4-pl","34":"pa_diametro-interno-pulg-1-3-8-pl","35":"pa_diametro-interno-pulg-1-5-8-pl","36":"pa_diametro-interno-pulg-2-pl","37":"pa_diametro-interno-pulg-2-1-4-pl","38":"pa_diametro-interno-pulg-2-3-4-pl","39":"pa_diametro-interno-pulg-3-pl","40":"pa_diametro-interno-pulg-3-1-2-pl","41":"pa_diametro-interno-pulg-3-1-8-pl","42":"pa_diametro-interno-pulg-4-pl","43":"pa_diametro-interno-pulg-4-5-16-pl","44":"pa_espesor-total-de-pared-mm-4-5-pl","45":"pa_espesor-total-de-pared-mm-5-0-pl","46":"pa_espesor-total-de-pared-mm-5-5-pl","47":"pa_espesor-total-de-pared-mm-6-0-pl","48":"pa_espesor-total-de-pared-mm-6-5-pl","49":"pa_espesor-total-de-pared-mm-7-0-pl","50":"pa_espesor-total-de-pared-mm-7-5-pl","51":"pa_espesor-total-de-pared-mm-8-0-pl","52":"pa_espesor-total-de-pared-mm-8-5-pl","53":"pa_material-flexible-elastyczne-pvc-pu","54":"pa_material-manguera-tpu-pl","55":"pa_opacidad-przezroczysty","56":"pa_presion-rotura-bar-10-0-pl","57":"pa_presion-rotura-bar-12-0-pl","58":"pa_presion-rotura-bar-16-0-pl","59":"pa_refuerzo-pvc-rigido-pl","60":"pa_resistencia-r-dicromato-de-potasio-40-pl","61":"pa_resistencia-r-acetamida-pl","62":"pa_resistencia-r-aceton-pl","63":"pa_resistencia-r-alkohol-butylowy","64":"pa_resistencia-r-alumbre-pl","65":"pa_resistencia-r-amoniak-gaz-pl","66":"pa_resistencia-r-nitrato-de-amonio-25-pl","67":"pa_resistencia-r-nitrato-sodico-pl","68":"pa_resistencia-r-azotan-wapnia-50","69":"pa_resistencia-r-azotan-wapnia-koncentrat","70":"pa_resistencia-r-borax-5-pl","71":"pa_resistencia-r-chlorek-amonu-25","72":"pa_resistencia-r-chlorek-glinu-25","73":"pa_resistencia-r-chlorek-potasu","74":"pa_resistencia-r-chlorek-rteci","75":"pa_resistencia-r-cloruro-de-calcio-20-pl","76":"pa_resistencia-r-cloruro-de-calcio-25-pl","77":"pa_resistencia-r-cloruro-ferrico-pl","78":"pa_resistencia-r-sidra-pl","79":"pa_resistencia-r-cianuro-de-sodio-pl","80":"pa_resistencia-r-dichloroethan","81":"pa_resistencia-r-dicromato-de-potasio-todas-conc-pl","82":"pa_resistencia-r-anhidrido-carbonico-pl","83":"pa_resistencia-r-dioxido-de-carbono-pl","84":"pa_resistencia-r-eter-izopropylowy","85":"pa_resistencia-r-fenylamina","86":"pa_resistencia-r-freon-12-czynnik-chlodniczy","87":"pa_resistencia-r-ftalany","88":"pa_resistencia-r-glicerina-pl","89":"pa_resistencia-r-glicol-de-etileno-pl","90":"pa_resistencia-r-heksan","91":"pa_resistencia-r-detergentes-concentrados-pl","92":"pa_resistencia-r-silicatos-aluminicos-pl","93":"pa_resistencia-r-silicatos-potasicos-pl","94":"pa_resistencia-r-acido-borico-5-pl","95":"pa_resistencia-r-acido-clorhidrico-5-pl","96":"pa_resistencia-r-acido-cromico-5-pl","97":"pa_resistencia-r-acido-citrico-5-pl","98":"pa_resistencia-r-acido-lactico-sol-acu-10-pl","99":"pa_resistencia-r-acido-acetico-3-pl","100":"pa_resistencia-r-acido-sulfurico-5-pl","101":"pa_resistencia-r-acido-carbonico-5-pl","102":"pa_resistencia-r-lakiery-bazowe-na-bazie-rozpuszczalnika","103":"pa_resistencia-r-manganato-potasico-pl","104":"pa_resistencia-r-metan-pl","105":"pa_resistencia-r-metylooktanol","106":"pa_resistencia-r-mocznik-ad-blue","107":"pa_resistencia-r-nafta","108":"pa_resistencia-r-nitrogeno-pl","109":"pa_resistencia-r-olej-astm-1-pl","110":"pa_resistencia-r-olej-astm-2-pl","111":"pa_resistencia-r-olej-astm-3-pl","112":"pa_resistencia-r-olej-hydrauliczny","113":"pa_resistencia-r-olej-napedowy-i-biodiesel","114":"pa_resistencia-r-olej-silikonowy","115":"pa_resistencia-r-oleje-roslinne","116":"pa_resistencia-r-ozon-pl","117":"pa_resistencia-r-parafina-pl","118":"pa_resistencia-r-perborato-sodico-pl","119":"pa_resistencia-r-cerveza-pl","120":"pa_resistencia-r-plomotetraetilo-pl","121":"pa_resistencia-r-potasio-pl","122":"pa_resistencia-r-powietrze","123":"pa_resistencia-r-roztwor-mydla-wszystkie-stezenia","124":"pa_resistencia-r-sebacynian-dioktylu","125":"pa_resistencia-r-siarczan-miedzi-sol-sat","126":"pa_resistencia-r-siarczan-potasu","127":"pa_resistencia-r-sulfuro-de-bario-pl","128":"pa_resistencia-r-siarczek-wapnia","129":"pa_resistencia-r-sulfuro-ferrico-pl","130":"pa_resistencia-r-azufre-pl","131":"pa_resistencia-r-silicatos-sodicos-pl","132":"pa_resistencia-r-skalica","133":"pa_resistencia-r-szczawian-etylu","134":"pa_resistencia-r-oxigeno-pl","135":"pa_resistencia-r-oxidos-sulfurosos-pl","136":"pa_resistencia-r-tluszcze-litowe-sodowe-i-wapniowe","137":"pa_resistencia-r-tluszcze-silikonowe","138":"pa_resistencia-r-tluszcze-zwierzece","139":"pa_resistencia-r-trisulfat-sodu","140":"pa_resistencia-r-carbonato-magnesico-pl","141":"pa_resistencia-r-carbonato-de-sodio-pl","142":"pa_resistencia-r-carbonato-calcico-pl","143":"pa_resistencia-r-woda","144":"pa_resistencia-r-woda-morska","145":"pa_resistencia-r-woda-utleniona-slonce-alkaliczna","146":"pa_resistencia-r-wodor","147":"pa_resistencia-r-hidroxido-de-potasio-5-pl","148":"pa_resistencia-r-hidroxido-de-sodio-sosa-5-pl","149":"pa_resistencia-r-zelatyna","150":"pa_resistente-a-la-abrasion-odporny-na-scieranie","151":"pa_resistente-lr-alkohol-etylowy-50","152":"pa_resistente-lr-alkohol-izobutylowy","153":"pa_resistente-lr-alkohol-izopropylowy","154":"pa_resistente-lr-benzyna","155":"pa_resistente-lr-bezwodnik-siarkowy","156":"pa_resistente-lr-butyloamina","157":"pa_resistente-lr-chlorek-sodu-25","158":"pa_resistente-lr-ciclohexano-pl","159":"pa_resistente-lr-dietyloenglikol","160":"pa_resistente-lr-etano-pl","161":"pa_resistente-lr-formaldehyd-20-pl","162":"pa_resistente-lr-formaldehyd-30-pl","163":"pa_resistente-lr-gaz-ziemny","164":"pa_resistente-lr-glikole","165":"pa_resistente-lr-kwas-azotowy-5","166":"pa_resistente-lr-kwas-borowy-10","167":"pa_resistente-lr-kwas-chlorowodorowy-10","168":"pa_resistente-lr-permanganates-potassique-10-pl","169":"pa_resistente-lr-nadtlenek-wodoru-30-obj","170":"pa_resistente-lr-nafta-pl","171":"pa_resistente-lr-olej-opalowy","172":"pa_resistente-lr-oleje-smarowe-ropa-naftowa","173":"pa_resistente-lr-podchloryn-wapnia","174":"pa_resistente-lr-ropa-naftowa","175":"pa_resistente-lr-white-spirit-pl","176":"pa_resistente-lr-wodorotlenek-sodu-soda-10","177":"pa_resistente-nr-15-podchloryn-sodu-cl2","178":"pa_resistente-nr-acetatos-de-alquilo-pl","179":"pa_resistente-nr-acido-sulfurico-98-pl","180":"pa_resistente-nr-acido-sulfurico-conc-fuming-pl","181":"pa_resistente-nr-acetaldehido-pl","182":"pa_resistente-nr-aldehidos-pl","183":"pa_resistente-nr-alcohol-etilico-96-pl","184":"pa_resistente-nr-alcohol-etilico-max-conc-pl","185":"pa_resistente-nr-alkohol-metylowy-6","186":"pa_resistente-nr-nitrito-sodico-pl","187":"pa_resistente-nr-benzaldehido-pl","188":"pa_resistente-nr-anhidrido-acetico-pl","189":"pa_resistente-nr-bisulfat-sodu","190":"pa_resistente-nr-bromo-pl","191":"pa_resistente-nr-bromuro-de-alquilo-pl","192":"pa_resistente-nr-cloro-100-gas-seco-pl","193":"pa_resistente-nr-chlorek-metylenu","194":"pa_resistente-nr-chlorek-metylu","195":"pa_resistente-nr-cicloalcanos-pl","196":"pa_resistente-nr-cicloalcoholes-pl","197":"pa_resistente-nr-cykloheksanol","198":"pa_resistente-nr-ciclohexanona-pl","199":"pa_resistente-nr-ciclocetonas-pl","200":"pa_resistente-nr-tetracloruro-de-carbono2-pl","201":"pa_resistente-nr-dietyloamina","202":"pa_resistente-nr-dimetil-formamida-pl","203":"pa_resistente-nr-etere-di-dietile-pl","204":"pa_resistente-nr-etilico-etere-pl","205":"pa_resistente-nr-fenol-pl","206":"pa_resistente-nr-formaldehyd-37-pl","207":"pa_resistente-nr-formaldehyd-40","208":"pa_resistente-nr-freon-11-czynnik-chlodniczy","209":"pa_resistente-nr-freon-22-czynnik-chlodniczy","210":"pa_resistente-nr-hidracina-pl","211":"pa_resistente-nr-hydrochinon-pl","212":"pa_resistente-nr-cetonas-pl","213":"pa_resistente-nr-cresol-pl","214":"pa_resistente-nr-kwas-azotowy-10","215":"pa_resistente-nr-kwas-azotowy-20","216":"pa_resistente-nr-kwas-azotowy-30","217":"pa_resistente-nr-kwas-azotowy-50","218":"pa_resistente-nr-acido-nitrico-70-pl","219":"pa_resistente-nr-acido-nitrico-95-pl","220":"pa_resistente-nr-kwas-bromowodorowy-roztwor-wodny-50","221":"pa_resistente-nr-kwas-chlorowodorowy-20","222":"pa_resistente-nr-kwas-chlorowodorowy-22","223":"pa_resistente-nr-kwas-fluorowodorowy-20","224":"pa_resistente-nr-kwas-fluorowodorowy-30","225":"pa_resistente-nr-acido-fluorhidrico-40-pl","226":"pa_resistente-nr-acido-fluorhidrico-60-pl","227":"pa_resistente-nr-acido-ftalico-pl","228":"pa_resistente-nr-kwas-mrowkowy-20","229":"pa_resistente-nr-acido-formico-25-pl","230":"pa_resistente-nr-acido-formico-85-pl","231":"pa_resistente-nr-kwas-mrowkowy-10","232":"pa_resistente-nr-acido-formico-conc-pl","233":"pa_resistente-nr-acido-peracetico-pl","234":"pa_resistente-nr-kwas-octowy-30","235":"pa_resistente-nr-kwas-octowy-50","236":"pa_resistente-nr-kwas-octowy-80","237":"pa_resistente-nr-acido-acetico-conc-pl","238":"pa_resistente-nr-acido-oleico-pl","239":"pa_resistente-nr-kwas-siarkowy-20","240":"pa_resistente-nr-kwas-siarkowy-25","241":"pa_resistente-nr-kwas-siarkowy-50","242":"pa_resistente-nr-acido-sulfurico-70-pl","243":"pa_resistente-nr-acido-sulfurico-80-pl","244":"pa_resistente-nr-acido-sulfurico-96-pl","245":"pa_resistente-nr-kwas-szczawiowy","246":"pa_resistente-nr-urea-30-pl","247":"pa_resistente-nr-mydla-w-plynie","248":"pa_resistente-nr-olej-zwierzecy","249":"pa_resistente-nr-olio-pl","250":"pa_resistente-nr-pentan-pl","251":"pa_resistente-nr-perchloroetylen","252":"pa_resistente-nr-podchloryn-sodu-14-cl2","253":"pa_resistente-nr-sebacato-de-dioctilo-pl","254":"pa_resistente-nr-siarczan-amonu-sol-sat","255":"pa_resistente-nr-siarczan-glinu","256":"pa_resistente-nr-silicona-pl","257":"pa_resistente-nr-stezony-kwas-chlorowodorowy","258":"pa_resistente-nr-tanino-pl","259":"pa_resistente-nr-tetrahydrofuran-pl","260":"pa_resistente-nr-toluol","261":"pa_resistente-nr-trietanoloamina","262":"pa_resistente-nr-wapniowy-bisulfat","263":"pa_resistente-nr-wilgotny-chlor","264":"pa_resistente-nr-hydroxid-sodny-soda-20-pl","265":"pa_resistente-nr-wodorotlenek-sodu-soda-50","266":"pa_resistente-nr-wodorotlenek-sodu-soda-stezony","267":"pa_resistente-nr-xylen-pl","268":"pa_resistente-nr-zywica-epoksydowa","269":"pa_resistente-sr-olej-mineralny","270":"pa_resistente-sr-olej-z-nasion","271":"pa_resistente-sr-whisky-pl","272":"pa_resistente-sr-wina","273":"pa_superficie-exterior-gladki","274":"pa_superficie-interior-gladki","275":"pa_temperatura-maxima-oc-80c-pl","276":"pa_temperatura-minima-oc-20c-pl","277":"pa_vacio-m-h2o-9-0-pl","279":"first","280":"instock","281":"shipping-taxable","282":"product-type-variable"},"_links":{"self":[{"href":"https:\/\/www.espiroflex.com\/pl\/wp-json\/wp\/v2\/product\/26178","targetHints":{"allow":["GET"]}}],"collection":[{"href":"https:\/\/www.espiroflex.com\/pl\/wp-json\/wp\/v2\/product"}],"about":[{"href":"https:\/\/www.espiroflex.com\/pl\/wp-json\/wp\/v2\/types\/product"}],"wp:featuredmedia":[{"embeddable":true,"href":"https:\/\/www.espiroflex.com\/pl\/wp-json\/wp\/v2\/media\/6077"}],"wp:attachment":[{"href":"https:\/\/www.espiroflex.com\/pl\/wp-json\/wp\/v2\/media?parent=26178"}],"wp:term":[{"taxonomy":"product_brand","embeddable":true,"href":"https:\/\/www.espiroflex.com\/pl\/wp-json\/wp\/v2\/product_brand?post=26178"},{"taxonomy":"product_cat","embeddable":true,"href":"https:\/\/www.espiroflex.com\/pl\/wp-json\/wp\/v2\/product_cat?post=26178"},{"taxonomy":"product_tag","embeddable":true,"href":"https:\/\/www.espiroflex.com\/pl\/wp-json\/wp\/v2\/product_tag?post=26178"}],"curies":[{"name":"wp","href":"https:\/\/api.w.org\/{rel}","templated":true}]}}