{"id":25991,"date":"2025-07-22T17:23:10","date_gmt":"2025-07-22T15:23:10","guid":{"rendered":"https:\/\/www.espiroflex.com\/espiroair-ul94-v\/"},"modified":"2025-11-28T11:23:32","modified_gmt":"2025-11-28T10:23:32","slug":"espiroair-ul94-v","status":"publish","type":"product","link":"https:\/\/www.espiroflex.com\/pl\/produkt\/espiroair-ul94-v\/","title":{"rendered":"ESPIROAIR UL94 V"},"content":{"rendered":"<p>Rura z elastycznego PVC wzmocniona spiral\u0105 z twardego PVC odporn\u0105 na uderzenia, przeznaczona do ssania, przesy\u0142u gaz\u00f3w i wentylacji przemys\u0142owej. Du\u017ca elastyczno\u015b\u0107 (promie\u0144 gi\u0119cia = \u015brednica wewn\u0119trzna) i lekko\u015b\u0107. Dobra odporno\u015b\u0107 chemiczna zgodnie z tabel\u0105 odporno\u015bci PVC.<\/p>\n","protected":false},"excerpt":{"rendered":"<p>Rura z elastycznego PVC wzmocniona spiral\u0105 z twardego PVC odporn\u0105 na uderzenia, przeznaczona do ssania, przesy\u0142u gaz\u00f3w i wentylacji przemys\u0142owej. Du\u017ca elastyczno\u015b\u0107 (promie\u0144 gi\u0119cia = \u015brednica wewn\u0119trzna) i lekko\u015b\u0107. Dobra odporno\u015b\u0107 chemiczna zgodnie z tabel\u0105 odporno\u015bci PVC.<\/p>\n","protected":false},"featured_media":5705,"template":"","meta":[],"product_brand":[422],"product_cat":[330,4226,297,4922,345,286,235],"product_tag":[],"class_list":{"0":"post-25991","1":"product","2":"type-product","3":"status-publish","4":"has-post-thumbnail","6":"product_brand-espiroair","7":"product_cat-drewno","8":"product_cat-industrial-3-pl","9":"product_cat-napowietrzanie-dymu-i-gazow2","10":"product_cat-powietrze","11":"product_cat-przemyslowy","12":"product_cat-waz-pcv","13":"product_cat-rolniczy","14":"pa_aplicaciones-aspiracja","15":"pa_aplicaciones-przemyslowy","16":"pa_aplicaciones-wentylacja","17":"pa_color-szary","18":"pa_construccion-manguera-spiralowanie","19":"pa_diametro-interno-mm-15-0-pl","20":"pa_diametro-interno-mm-20-0-pl","21":"pa_diametro-interno-mm-25-0-pl","22":"pa_diametro-interno-mm-30-0-pl","23":"pa_diametro-interno-mm-32-0-pl","24":"pa_diametro-interno-mm-35-0-pl","25":"pa_diametro-interno-mm-38-0-pl","26":"pa_diametro-interno-mm-40-0-pl","27":"pa_diametro-interno-mm-45-0-pl","28":"pa_diametro-interno-mm-51-0-pl","29":"pa_diametro-interno-mm-60-0-pl","30":"pa_diametro-interno-mm-63-0-pl","31":"pa_diametro-interno-mm-70-0-pl","32":"pa_diametro-interno-mm-76-0-pl","33":"pa_diametro-interno-mm-80-0-pl","34":"pa_diametro-interno-mm-90-0-pl","35":"pa_diametro-interno-mm-102-0-pl","36":"pa_diametro-interno-mm-110-0-pl","37":"pa_diametro-interno-mm-120-0-pl","38":"pa_diametro-interno-mm-127-0-pl","39":"pa_diametro-interno-mm-130-0-pl","40":"pa_diametro-interno-mm-140-0-pl","41":"pa_diametro-interno-mm-150-0-pl","42":"pa_diametro-interno-mm-160-0-pl","43":"pa_diametro-interno-mm-180-0-pl","44":"pa_diametro-interno-mm-203-0-pl","45":"pa_diametro-interno-mm-254-0-pl","46":"pa_diametro-interno-mm-305-0-pl","47":"pa_diametro-interno-pulg-1-pl","48":"pa_diametro-interno-pulg-1-1-2-pl","49":"pa_diametro-interno-pulg-1-1-4-pl","50":"pa_diametro-interno-pulg-1-1-8-pl","51":"pa_diametro-interno-pulg-1-3-4-pl","52":"pa_diametro-interno-pulg-1-3-8-pl","53":"pa_diametro-interno-pulg-1-5-8-pl","54":"pa_diametro-interno-pulg-10-pl","55":"pa_diametro-interno-pulg-12-pl","56":"pa_diametro-interno-pulg-2-pl","57":"pa_diametro-interno-pulg-2-1-2-pl","58":"pa_diametro-interno-pulg-2-1-4-pl","59":"pa_diametro-interno-pulg-2-3-4-pl","60":"pa_diametro-interno-pulg-3-pl","61":"pa_diametro-interno-pulg-3-1-2-pl","62":"pa_diametro-interno-pulg-3-1-8-pl","63":"pa_diametro-interno-pulg-3-4-pl","64":"pa_diametro-interno-pulg-4-pl","65":"pa_diametro-interno-pulg-4-3-4-pl","66":"pa_diametro-interno-pulg-4-5-16-pl","67":"pa_diametro-interno-pulg-5-pl","68":"pa_diametro-interno-pulg-5-1-2-pl","69":"pa_diametro-interno-pulg-5-1-4-pl","70":"pa_diametro-interno-pulg-5-8-pl","71":"pa_diametro-interno-pulg-6-pl","72":"pa_diametro-interno-pulg-6-1-4-pl","73":"pa_diametro-interno-pulg-7-pl","74":"pa_diametro-interno-pulg-8-pl","75":"pa_material-flexible-pvc-flexible-pl","76":"pa_material-manguera-pvc-pl","77":"pa_opacidad-nieprzezroczysty","78":"pa_presion-rotura-bar-10-0-pl","79":"pa_presion-rotura-bar-20-0-pl","80":"pa_presion-rotura-bar-30-0-pl","81":"pa_presion-rotura-bar-50-0-pl-2","82":"pa_refuerzo-pvc-rigido-pl","83":"pa_superficie-exterior-szorstki","84":"pa_superficie-interior-gladki","85":"pa_temperatura-maxima-oc-60c-pl","86":"pa_temperatura-minima-oc-10c-pl","87":"pa_vacio-m-h2o-4-0-pl","88":"pa_vacio-m-h2o-5-0-pl","90":"first","91":"instock","92":"shipping-taxable","93":"product-type-variable"},"_links":{"self":[{"href":"https:\/\/www.espiroflex.com\/pl\/wp-json\/wp\/v2\/product\/25991","targetHints":{"allow":["GET"]}}],"collection":[{"href":"https:\/\/www.espiroflex.com\/pl\/wp-json\/wp\/v2\/product"}],"about":[{"href":"https:\/\/www.espiroflex.com\/pl\/wp-json\/wp\/v2\/types\/product"}],"wp:featuredmedia":[{"embeddable":true,"href":"https:\/\/www.espiroflex.com\/pl\/wp-json\/wp\/v2\/media\/5705"}],"wp:attachment":[{"href":"https:\/\/www.espiroflex.com\/pl\/wp-json\/wp\/v2\/media?parent=25991"}],"wp:term":[{"taxonomy":"product_brand","embeddable":true,"href":"https:\/\/www.espiroflex.com\/pl\/wp-json\/wp\/v2\/product_brand?post=25991"},{"taxonomy":"product_cat","embeddable":true,"href":"https:\/\/www.espiroflex.com\/pl\/wp-json\/wp\/v2\/product_cat?post=25991"},{"taxonomy":"product_tag","embeddable":true,"href":"https:\/\/www.espiroflex.com\/pl\/wp-json\/wp\/v2\/product_tag?post=25991"}],"curies":[{"name":"wp","href":"https:\/\/api.w.org\/{rel}","templated":true}]}}