{"id":25833,"date":"2025-07-22T17:25:29","date_gmt":"2025-07-22T15:25:29","guid":{"rendered":"https:\/\/www.espiroflex.com\/espiro-pu-antiestatico\/"},"modified":"2025-11-28T10:31:08","modified_gmt":"2025-11-28T09:31:08","slug":"espiro-pu-antiestatico","status":"publish","type":"product","link":"https:\/\/www.espiroflex.com\/pl\/produkt\/espiro-pu-antiestatico\/","title":{"rendered":"ESPIRO PU ANTIESTATICO"},"content":{"rendered":"<p>Rura z przezroczystego poliuretanu, podstawa poliestrowa, wzmocniona spiral\u0105 z twardego PVC odporn\u0105 na uderzenia, do ssania i t\u0142oczenia produkt\u00f3w \u015bciernych, wyposa\u017cona w drut miedziany nadaj\u0105cy w\u0142a\u015bciwo\u015bci antystatyczne, odpowiednia do instalacji zgodnych z norm\u0105 ATEX. Du\u017ca elastyczno\u015b\u0107 (promie\u0144 gi\u0119cia = \u015brednica wewn\u0119trzna). Bardzo lekka. Wysoka odporno\u015b\u0107 na \u015bcieranie, wilgo\u0107 i mikroorganizmy. Dobra odporno\u015b\u0107 chemiczna zgodnie z tabel\u0105 odporno\u015bci PU. Mo\u017cliwo\u015b\u0107 wykonania z poliestrow\u0105 podstaw\u0105 na zam\u00f3wienie.<\/p>\n","protected":false},"excerpt":{"rendered":"<p>Rura z przezroczystego poliuretanu, podstawa poliestrowa, wzmocniona spiral\u0105 z twardego PVC odporn\u0105 na uderzenia, do ssania i t\u0142oczenia produkt\u00f3w \u015bciernych, wyposa\u017cona w drut miedziany nadaj\u0105cy w\u0142a\u015bciwo\u015bci antystatyczne, odpowiednia do instalacji zgodnych z norm\u0105 ATEX. Du\u017ca elastyczno\u015b\u0107 (promie\u0144 gi\u0119cia = \u015brednica wewn\u0119trzna). Bardzo lekka. Wysoka odporno\u015b\u0107 na \u015bcieranie, wilgo\u0107 i mikroorganizmy. Dobra odporno\u015b\u0107 chemiczna zgodnie z tabel\u0105 odporno\u015bci PU. Mo\u017cliwo\u015b\u0107 wykonania z poliestrow\u0105 podstaw\u0105 na zam\u00f3wienie.<\/p>\n","protected":false},"featured_media":5737,"template":"","meta":[],"product_brand":[752],"product_cat":[330,4226,297,350,4922,345,282,301,270,235,230],"product_tag":[],"class_list":{"0":"post-25833","1":"product","2":"type-product","3":"status-publish","4":"has-post-thumbnail","6":"product_brand-espiro-p-u","7":"product_cat-drewno","8":"product_cat-industrial-3-pl","9":"product_cat-napowietrzanie-dymu-i-gazow2","10":"product_cat-pellets3","11":"product_cat-powietrze","12":"product_cat-przemyslowy","13":"product_cat-ssanie-scierne2","14":"product_cat-ssanie-abrazyjnych","15":"product_cat-waz-pu","16":"product_cat-rolniczy","17":"product_cat-spozywczy","18":"pa_antiestatico-antystatyczny","19":"pa_aplicaciones-aspiracja","20":"pa_aplicaciones-pellet-pl","21":"pa_aplicaciones-przemyslowy","22":"pa_aplicaciones-rolnictwo","23":"pa_aplicaciones-zywnosc","24":"pa_color-bialy","25":"pa_construccion-manguera-spiralowanie","26":"pa_diametro-interno-mm-32-0-pl","27":"pa_diametro-interno-mm-35-0-pl","28":"pa_diametro-interno-mm-38-0-pl","29":"pa_diametro-interno-mm-40-0-pl","30":"pa_diametro-interno-mm-45-0-pl","31":"pa_diametro-interno-mm-51-0-pl","32":"pa_diametro-interno-mm-60-0-pl","33":"pa_diametro-interno-mm-63-0-pl","34":"pa_diametro-interno-mm-70-0-pl","35":"pa_diametro-interno-mm-75-0-pl","36":"pa_diametro-interno-mm-80-0-pl","37":"pa_diametro-interno-mm-90-0-pl","38":"pa_diametro-interno-mm-102-0-pl","39":"pa_diametro-interno-mm-110-0-pl","40":"pa_diametro-interno-mm-120-0-pl","41":"pa_diametro-interno-mm-125-0-pl","42":"pa_diametro-interno-mm-130-0-pl","43":"pa_diametro-interno-mm-140-0-pl","44":"pa_diametro-interno-mm-150-0-pl","45":"pa_diametro-interno-mm-160-0-pl","46":"pa_diametro-interno-mm-170-0-pl","47":"pa_diametro-interno-mm-180-0-pl","48":"pa_diametro-interno-mm-200-0-pl","49":"pa_diametro-interno-mm-250-0-pl","50":"pa_diametro-interno-mm-300-0-pl","51":"pa_diametro-interno-pulg-1-1-4-pl","52":"pa_diametro-interno-pulg-1-3-4-pl","53":"pa_diametro-interno-pulg-1-3-8-pl","54":"pa_diametro-interno-pulg-1-5-8-pl","55":"pa_diametro-interno-pulg-10-pl","56":"pa_diametro-interno-pulg-12-pl","57":"pa_diametro-interno-pulg-2-pl","58":"pa_diametro-interno-pulg-2-1-2-2-pl","59":"pa_diametro-interno-pulg-2-1-4-pl","60":"pa_diametro-interno-pulg-2-3-4-pl","61":"pa_diametro-interno-pulg-3-pl","62":"pa_diametro-interno-pulg-3-1-2-pl","63":"pa_diametro-interno-pulg-3-1-8-pl","64":"pa_diametro-interno-pulg-4-pl","65":"pa_diametro-interno-pulg-4-3-4-pl","66":"pa_diametro-interno-pulg-4-5-16-pl","67":"pa_diametro-interno-pulg-5-pl","68":"pa_diametro-interno-pulg-5-1-2-pl","69":"pa_diametro-interno-pulg-5-1-4-pl","70":"pa_diametro-interno-pulg-6-pl","71":"pa_diametro-interno-pulg-6-1-4-pl","72":"pa_diametro-interno-pulg-6-3-4-pl","73":"pa_diametro-interno-pulg-7-pl","74":"pa_diametro-interno-pulg-8-pl","75":"pa_material-flexible-poliuretan-pl","76":"pa_material-manguera-tpu-pl","77":"pa_opacidad-przezroczysty","78":"pa_presion-rotura-bar-10-0-pl","79":"pa_presion-rotura-bar-30-0-pl","80":"pa_refuerzo-sztywne-pvc-drut-miedziany","81":"pa_resistencia-r-dicromato-de-potasio-40-pl","82":"pa_resistencia-r-acetamida-pl","83":"pa_resistencia-r-aceton-pl","84":"pa_resistencia-r-alkohol-butylowy","85":"pa_resistencia-r-alumbre-pl","86":"pa_resistencia-r-amoniak-gaz-pl","87":"pa_resistencia-r-nitrato-de-amonio-25-pl","88":"pa_resistencia-r-nitrato-sodico-pl","89":"pa_resistencia-r-azotan-wapnia-50","90":"pa_resistencia-r-azotan-wapnia-koncentrat","91":"pa_resistencia-r-borax-5-pl","92":"pa_resistencia-r-chlorek-amonu-25","93":"pa_resistencia-r-chlorek-glinu-25","94":"pa_resistencia-r-chlorek-potasu","95":"pa_resistencia-r-chlorek-rteci","96":"pa_resistencia-r-cloruro-de-calcio-20-pl","97":"pa_resistencia-r-cloruro-de-calcio-25-pl","98":"pa_resistencia-r-cloruro-ferrico-pl","99":"pa_resistencia-r-sidra-pl","100":"pa_resistencia-r-cianuro-de-sodio-pl","101":"pa_resistencia-r-dichloroethan","102":"pa_resistencia-r-dicromato-de-potasio-todas-conc-pl","103":"pa_resistencia-r-anhidrido-carbonico-pl","104":"pa_resistencia-r-dioxido-de-carbono-pl","105":"pa_resistencia-r-eter-izopropylowy","106":"pa_resistencia-r-fenylamina","107":"pa_resistencia-r-freon-12-czynnik-chlodniczy","108":"pa_resistencia-r-ftalany","109":"pa_resistencia-r-glicerina-pl","110":"pa_resistencia-r-glicol-de-etileno-pl","111":"pa_resistencia-r-heksan","112":"pa_resistencia-r-detergentes-concentrados-pl","113":"pa_resistencia-r-silicatos-aluminicos-pl","114":"pa_resistencia-r-silicatos-potasicos-pl","115":"pa_resistencia-r-acido-borico-5-pl","116":"pa_resistencia-r-acido-clorhidrico-5-pl","117":"pa_resistencia-r-acido-cromico-5-pl","118":"pa_resistencia-r-acido-citrico-5-pl","119":"pa_resistencia-r-acido-lactico-sol-acu-10-pl","120":"pa_resistencia-r-acido-acetico-3-pl","121":"pa_resistencia-r-acido-sulfurico-5-pl","122":"pa_resistencia-r-acido-carbonico-5-pl","123":"pa_resistencia-r-lakiery-bazowe-na-bazie-rozpuszczalnika","124":"pa_resistencia-r-manganato-potasico-pl","125":"pa_resistencia-r-metan-pl","126":"pa_resistencia-r-metylooktanol","127":"pa_resistencia-r-mocznik-ad-blue","128":"pa_resistencia-r-nafta","129":"pa_resistencia-r-nitrogeno-pl","130":"pa_resistencia-r-olej-astm-1-pl","131":"pa_resistencia-r-olej-astm-2-pl","132":"pa_resistencia-r-olej-astm-3-pl","133":"pa_resistencia-r-olej-hydrauliczny","134":"pa_resistencia-r-olej-napedowy-i-biodiesel","135":"pa_resistencia-r-olej-silikonowy","136":"pa_resistencia-r-oleje-roslinne","137":"pa_resistencia-r-ozon-pl","138":"pa_resistencia-r-parafina-pl","139":"pa_resistencia-r-perborato-sodico-pl","140":"pa_resistencia-r-cerveza-pl","141":"pa_resistencia-r-plomotetraetilo-pl","142":"pa_resistencia-r-potasio-pl","143":"pa_resistencia-r-powietrze","144":"pa_resistencia-r-roztwor-mydla-wszystkie-stezenia","145":"pa_resistencia-r-sebacynian-dioktylu","146":"pa_resistencia-r-siarczan-miedzi-sol-sat","147":"pa_resistencia-r-siarczan-potasu","148":"pa_resistencia-r-sulfuro-de-bario-pl","149":"pa_resistencia-r-siarczek-wapnia","150":"pa_resistencia-r-sulfuro-ferrico-pl","151":"pa_resistencia-r-azufre-pl","152":"pa_resistencia-r-silicatos-sodicos-pl","153":"pa_resistencia-r-skalica","154":"pa_resistencia-r-szczawian-etylu","155":"pa_resistencia-r-oxigeno-pl","156":"pa_resistencia-r-oxidos-sulfurosos-pl","157":"pa_resistencia-r-tluszcze-litowe-sodowe-i-wapniowe","158":"pa_resistencia-r-tluszcze-silikonowe","159":"pa_resistencia-r-tluszcze-zwierzece","160":"pa_resistencia-r-trisulfat-sodu","161":"pa_resistencia-r-carbonato-magnesico-pl","162":"pa_resistencia-r-carbonato-de-sodio-pl","163":"pa_resistencia-r-carbonato-calcico-pl","164":"pa_resistencia-r-woda","165":"pa_resistencia-r-woda-morska","166":"pa_resistencia-r-woda-utleniona-slonce-alkaliczna","167":"pa_resistencia-r-wodor","168":"pa_resistencia-r-hidroxido-de-potasio-5-pl","169":"pa_resistencia-r-hidroxido-de-sodio-sosa-5-pl","170":"pa_resistencia-r-zelatyna","171":"pa_resistente-a-la-abrasion-odporny-na-scieranie","172":"pa_resistente-lr-alkohol-etylowy-50","173":"pa_resistente-lr-alkohol-izobutylowy","174":"pa_resistente-lr-alkohol-izopropylowy","175":"pa_resistente-lr-benzyna","176":"pa_resistente-lr-bezwodnik-siarkowy","177":"pa_resistente-lr-butyloamina","178":"pa_resistente-lr-chlorek-sodu-25","179":"pa_resistente-lr-ciclohexano-pl","180":"pa_resistente-lr-dietyloenglikol","181":"pa_resistente-lr-etano-pl","182":"pa_resistente-lr-formaldehyd-20-pl","183":"pa_resistente-lr-formaldehyd-30-pl","184":"pa_resistente-lr-gaz-ziemny","185":"pa_resistente-lr-glikole","186":"pa_resistente-lr-kwas-azotowy-5","187":"pa_resistente-lr-kwas-borowy-10","188":"pa_resistente-lr-kwas-chlorowodorowy-10","189":"pa_resistente-lr-permanganates-potassique-10-pl","190":"pa_resistente-lr-nadtlenek-wodoru-30-obj","191":"pa_resistente-lr-nafta-pl","192":"pa_resistente-lr-olej-opalowy","193":"pa_resistente-lr-oleje-smarowe-ropa-naftowa","194":"pa_resistente-lr-podchloryn-wapnia","195":"pa_resistente-lr-ropa-naftowa","196":"pa_resistente-lr-white-spirit-pl","197":"pa_resistente-lr-wodorotlenek-sodu-soda-10","198":"pa_resistente-nr-15-podchloryn-sodu-cl2","199":"pa_resistente-nr-acetatos-de-alquilo-pl","200":"pa_resistente-nr-acido-sulfurico-98-pl","201":"pa_resistente-nr-acido-sulfurico-conc-fuming-pl","202":"pa_resistente-nr-acetaldehido-pl","203":"pa_resistente-nr-aldehidos-pl","204":"pa_resistente-nr-alcohol-etilico-96-pl","205":"pa_resistente-nr-alcohol-etilico-max-conc-pl","206":"pa_resistente-nr-alkohol-metylowy-6","207":"pa_resistente-nr-nitrito-sodico-pl","208":"pa_resistente-nr-benzaldehido-pl","209":"pa_resistente-nr-anhidrido-acetico-pl","210":"pa_resistente-nr-bisulfat-sodu","211":"pa_resistente-nr-bromo-pl","212":"pa_resistente-nr-bromuro-de-alquilo-pl","213":"pa_resistente-nr-cloro-100-gas-seco-pl","214":"pa_resistente-nr-chlorek-metylenu","215":"pa_resistente-nr-chlorek-metylu","216":"pa_resistente-nr-cicloalcanos-pl","217":"pa_resistente-nr-cicloalcoholes-pl","218":"pa_resistente-nr-cykloheksanol","219":"pa_resistente-nr-ciclohexanona-pl","220":"pa_resistente-nr-ciclocetonas-pl","221":"pa_resistente-nr-tetracloruro-de-carbono2-pl","222":"pa_resistente-nr-dietyloamina","223":"pa_resistente-nr-dimetil-formamida-pl","224":"pa_resistente-nr-etere-di-dietile-pl","225":"pa_resistente-nr-etilico-etere-pl","226":"pa_resistente-nr-fenol-pl","227":"pa_resistente-nr-formaldehyd-37-pl","228":"pa_resistente-nr-formaldehyd-40","229":"pa_resistente-nr-freon-11-czynnik-chlodniczy","230":"pa_resistente-nr-freon-22-czynnik-chlodniczy","231":"pa_resistente-nr-hidracina-pl","232":"pa_resistente-nr-hydrochinon-pl","233":"pa_resistente-nr-cetonas-pl","234":"pa_resistente-nr-cresol-pl","235":"pa_resistente-nr-kwas-azotowy-10","236":"pa_resistente-nr-kwas-azotowy-20","237":"pa_resistente-nr-kwas-azotowy-30","238":"pa_resistente-nr-kwas-azotowy-50","239":"pa_resistente-nr-acido-nitrico-70-pl","240":"pa_resistente-nr-acido-nitrico-95-pl","241":"pa_resistente-nr-kwas-bromowodorowy-roztwor-wodny-50","242":"pa_resistente-nr-kwas-chlorowodorowy-20","243":"pa_resistente-nr-kwas-chlorowodorowy-22","244":"pa_resistente-nr-kwas-fluorowodorowy-20","245":"pa_resistente-nr-kwas-fluorowodorowy-30","246":"pa_resistente-nr-acido-fluorhidrico-40-pl","247":"pa_resistente-nr-acido-fluorhidrico-60-pl","248":"pa_resistente-nr-acido-ftalico-pl","249":"pa_resistente-nr-kwas-mrowkowy-20","250":"pa_resistente-nr-acido-formico-25-pl","251":"pa_resistente-nr-acido-formico-85-pl","252":"pa_resistente-nr-kwas-mrowkowy-10","253":"pa_resistente-nr-acido-formico-conc-pl","254":"pa_resistente-nr-acido-peracetico-pl","255":"pa_resistente-nr-kwas-octowy-30","256":"pa_resistente-nr-kwas-octowy-50","257":"pa_resistente-nr-kwas-octowy-80","258":"pa_resistente-nr-acido-acetico-conc-pl","259":"pa_resistente-nr-acido-oleico-pl","260":"pa_resistente-nr-kwas-siarkowy-20","261":"pa_resistente-nr-kwas-siarkowy-25","262":"pa_resistente-nr-kwas-siarkowy-50","263":"pa_resistente-nr-acido-sulfurico-70-pl","264":"pa_resistente-nr-acido-sulfurico-80-pl","265":"pa_resistente-nr-acido-sulfurico-96-pl","266":"pa_resistente-nr-kwas-szczawiowy","267":"pa_resistente-nr-urea-30-pl","268":"pa_resistente-nr-mydla-w-plynie","269":"pa_resistente-nr-olej-zwierzecy","270":"pa_resistente-nr-olio-pl","271":"pa_resistente-nr-pentan-pl","272":"pa_resistente-nr-perchloroetylen","273":"pa_resistente-nr-podchloryn-sodu-14-cl2","274":"pa_resistente-nr-sebacato-de-dioctilo-pl","275":"pa_resistente-nr-siarczan-amonu-sol-sat","276":"pa_resistente-nr-siarczan-glinu","277":"pa_resistente-nr-silicona-pl","278":"pa_resistente-nr-stezony-kwas-chlorowodorowy","279":"pa_resistente-nr-tanino-pl","280":"pa_resistente-nr-tetrahydrofuran-pl","281":"pa_resistente-nr-toluol","282":"pa_resistente-nr-trietanoloamina","283":"pa_resistente-nr-wapniowy-bisulfat","284":"pa_resistente-nr-wilgotny-chlor","285":"pa_resistente-nr-hydroxid-sodny-soda-20-pl","286":"pa_resistente-nr-wodorotlenek-sodu-soda-50","287":"pa_resistente-nr-wodorotlenek-sodu-soda-stezony","288":"pa_resistente-nr-xylen-pl","289":"pa_resistente-nr-zywica-epoksydowa","290":"pa_resistente-sr-olej-mineralny","291":"pa_resistente-sr-olej-z-nasion","292":"pa_resistente-sr-whisky-pl","293":"pa_resistente-sr-wina","294":"pa_superficie-exterior-szorstki","295":"pa_superficie-interior-gladki","296":"pa_temperatura-maxima-oc-80c-pl","297":"pa_temperatura-minima-oc-20c-pl","298":"pa_vacio-m-h2o-3-0-pl","300":"first","301":"instock","302":"shipping-taxable","303":"product-type-variable"},"_links":{"self":[{"href":"https:\/\/www.espiroflex.com\/pl\/wp-json\/wp\/v2\/product\/25833","targetHints":{"allow":["GET"]}}],"collection":[{"href":"https:\/\/www.espiroflex.com\/pl\/wp-json\/wp\/v2\/product"}],"about":[{"href":"https:\/\/www.espiroflex.com\/pl\/wp-json\/wp\/v2\/types\/product"}],"wp:featuredmedia":[{"embeddable":true,"href":"https:\/\/www.espiroflex.com\/pl\/wp-json\/wp\/v2\/media\/5737"}],"wp:attachment":[{"href":"https:\/\/www.espiroflex.com\/pl\/wp-json\/wp\/v2\/media?parent=25833"}],"wp:term":[{"taxonomy":"product_brand","embeddable":true,"href":"https:\/\/www.espiroflex.com\/pl\/wp-json\/wp\/v2\/product_brand?post=25833"},{"taxonomy":"product_cat","embeddable":true,"href":"https:\/\/www.espiroflex.com\/pl\/wp-json\/wp\/v2\/product_cat?post=25833"},{"taxonomy":"product_tag","embeddable":true,"href":"https:\/\/www.espiroflex.com\/pl\/wp-json\/wp\/v2\/product_tag?post=25833"}],"curies":[{"name":"wp","href":"https:\/\/api.w.org\/{rel}","templated":true}]}}