{"id":25740,"date":"2025-07-22T18:40:38","date_gmt":"2025-07-22T16:40:38","guid":{"rendered":"https:\/\/www.espiroflex.com\/transliquid-pu-antiestatico\/"},"modified":"2025-11-27T14:27:43","modified_gmt":"2025-11-27T13:27:43","slug":"transliquid-pu-antiestatico","status":"publish","type":"product","link":"https:\/\/www.espiroflex.com\/pl\/produkt\/transliquid-pu-antiestatico\/","title":{"rendered":"Transliquid PU Antiestatico"},"content":{"rendered":"<p>W\u0105\u017c poliuretanowy ze spiral\u0105 z PVC do pompowania przez zasysanie i t\u0142oczenie cieczy o wysokiej zawarto\u015bci substancji \u015bciernych. Produkt antystatyczny, odpowiedni do instalacji podlegaj\u0105cych normom ATEX. Du\u017ca wytrzyma\u0142o\u015b\u0107 i elastyczno\u015b\u0107 nawet w niskich temperaturach. Bardzo dobra odporno\u015b\u0107 na hydroliz\u0119.<\/p>\n","protected":false},"excerpt":{"rendered":"<p>W\u0105\u017c poliuretanowy ze spiral\u0105 z PVC do pompowania przez zasysanie i t\u0142oczenie cieczy o wysokiej zawarto\u015bci substancji \u015bciernych. Produkt antystatyczny, odpowiedni do instalacji podlegaj\u0105cych normom ATEX. Du\u017ca wytrzyma\u0142o\u015b\u0107 i elastyczno\u015b\u0107 nawet w niskich temperaturach. Bardzo dobra odporno\u015b\u0107 na hydroliz\u0119.<\/p>\n","protected":false},"featured_media":6253,"template":"","meta":[],"product_brand":[982],"product_cat":[291,4226,350,345,282,301,286,246,270,235],"product_tag":[],"class_list":{"0":"post-25740","1":"product","2":"type-product","3":"status-publish","4":"has-post-thumbnail","6":"product_brand-transliquid","7":"product_cat-aspiracja-cieczy2","8":"product_cat-industrial-3-pl","9":"product_cat-pellets3","10":"product_cat-przemyslowy","11":"product_cat-ssanie-scierne2","12":"product_cat-ssanie-abrazyjnych","13":"product_cat-waz-pcv","14":"product_cat-aspiracja-cieczy","15":"product_cat-waz-pu","16":"product_cat-rolniczy","17":"pa_antiestatico-antystatyczny","18":"pa_aplicaciones-pellet-pl","19":"pa_aplicaciones-przemyslowy","20":"pa_aplicaciones-rolnictwo","21":"pa_aplicaciones-zywnosc","22":"pa_construccion-manguera-spiralowanie","23":"pa_diametro-interno-mm-30-0-pl","24":"pa_diametro-interno-mm-32-0-pl","25":"pa_diametro-interno-mm-38-0-pl","26":"pa_diametro-interno-mm-40-0-pl","27":"pa_diametro-interno-mm-45-0-pl","28":"pa_diametro-interno-mm-51-0-pl","29":"pa_diametro-interno-mm-55-0-pl","30":"pa_diametro-interno-mm-60-0-pl","31":"pa_diametro-interno-mm-63-0-pl","32":"pa_diametro-interno-mm-70-0-pl","33":"pa_diametro-interno-mm-76-0-pl","34":"pa_diametro-interno-mm-80-0-pl","35":"pa_diametro-interno-mm-90-0-pl","36":"pa_diametro-interno-mm-102-0-pl","37":"pa_diametro-interno-mm-110-0-pl","38":"pa_diametro-interno-mm-127-0-pl","39":"pa_diametro-interno-mm-152-0-pl","40":"pa_diametro-interno-pulg-1-1-2-pl","41":"pa_diametro-interno-pulg-1-1-4-pl","42":"pa_diametro-interno-pulg-1-1-8-pl","43":"pa_diametro-interno-pulg-1-3-4-pl","44":"pa_diametro-interno-pulg-1-5-8-pl","45":"pa_diametro-interno-pulg-2-pl","46":"pa_diametro-interno-pulg-2-1-2-pl","47":"pa_diametro-interno-pulg-2-1-32-pl","48":"pa_diametro-interno-pulg-2-1-8-pl","49":"pa_diametro-interno-pulg-2-3-4-pl","50":"pa_diametro-interno-pulg-3-pl","51":"pa_diametro-interno-pulg-3-1-2-pl","52":"pa_diametro-interno-pulg-3-1-8-pl","53":"pa_diametro-interno-pulg-4-pl","54":"pa_diametro-interno-pulg-4-5-16-pl","55":"pa_diametro-interno-pulg-5-pl","56":"pa_diametro-interno-pulg-6-pl","57":"pa_espesor-total-de-pared-mm-3-0-pl","58":"pa_espesor-total-de-pared-mm-3-2-pl","59":"pa_espesor-total-de-pared-mm-3-5-pl","60":"pa_espesor-total-de-pared-mm-3-7-pl","61":"pa_espesor-total-de-pared-mm-3-8-pl","62":"pa_espesor-total-de-pared-mm-4-0-pl","63":"pa_espesor-total-de-pared-mm-4-2-pl","64":"pa_espesor-total-de-pared-mm-4-4-pl","65":"pa_espesor-total-de-pared-mm-4-6-pl","66":"pa_espesor-total-de-pared-mm-4-7-pl","67":"pa_espesor-total-de-pared-mm-5-0-pl","68":"pa_espesor-total-de-pared-mm-6-0-pl","69":"pa_espesor-total-de-pared-mm-6-7-pl","70":"pa_material-flexible-poliuretan-pl","71":"pa_material-manguera-tpu-pl","72":"pa_opacidad-przezroczysty-pl","73":"pa_presion-rotura-bar-12-0-pl","74":"pa_presion-rotura-bar-15-0-pl","75":"pa_presion-rotura-bar-9-0-pl","76":"pa_refuerzo-sztywne-pvc-miedz","77":"pa_resistencia-r-dicromato-de-potasio-40-pl","78":"pa_resistencia-r-acetamida-pl","79":"pa_resistencia-r-aceton-pl","80":"pa_resistencia-r-alkohol-butylowy","81":"pa_resistencia-r-alumbre-pl","82":"pa_resistencia-r-amoniak-gaz-pl","83":"pa_resistencia-r-nitrato-de-amonio-25-pl","84":"pa_resistencia-r-nitrato-sodico-pl","85":"pa_resistencia-r-azotan-wapnia-50","86":"pa_resistencia-r-azotan-wapnia-koncentrat","87":"pa_resistencia-r-borax-5-pl","88":"pa_resistencia-r-chlorek-amonu-25","89":"pa_resistencia-r-chlorek-glinu-25","90":"pa_resistencia-r-chlorek-potasu","91":"pa_resistencia-r-chlorek-rteci","92":"pa_resistencia-r-cloruro-de-calcio-20-pl","93":"pa_resistencia-r-cloruro-de-calcio-25-pl","94":"pa_resistencia-r-cloruro-ferrico-pl","95":"pa_resistencia-r-sidra-pl","96":"pa_resistencia-r-cianuro-de-sodio-pl","97":"pa_resistencia-r-dichloroethan","98":"pa_resistencia-r-dicromato-de-potasio-todas-conc-pl","99":"pa_resistencia-r-anhidrido-carbonico-pl","100":"pa_resistencia-r-dioxido-de-carbono-pl","101":"pa_resistencia-r-eter-izopropylowy","102":"pa_resistencia-r-fenylamina","103":"pa_resistencia-r-freon-12-czynnik-chlodniczy","104":"pa_resistencia-r-ftalany","105":"pa_resistencia-r-glicerina-pl","106":"pa_resistencia-r-glicol-de-etileno-pl","107":"pa_resistencia-r-heksan","108":"pa_resistencia-r-detergentes-concentrados-pl","109":"pa_resistencia-r-silicatos-aluminicos-pl","110":"pa_resistencia-r-silicatos-potasicos-pl","111":"pa_resistencia-r-acido-borico-5-pl","112":"pa_resistencia-r-acido-clorhidrico-5-pl","113":"pa_resistencia-r-acido-cromico-5-pl","114":"pa_resistencia-r-acido-citrico-5-pl","115":"pa_resistencia-r-acido-lactico-sol-acu-10-pl","116":"pa_resistencia-r-acido-acetico-3-pl","117":"pa_resistencia-r-acido-sulfurico-5-pl","118":"pa_resistencia-r-acido-carbonico-5-pl","119":"pa_resistencia-r-lakiery-bazowe-na-bazie-rozpuszczalnika","120":"pa_resistencia-r-manganato-potasico-pl","121":"pa_resistencia-r-metan-pl","122":"pa_resistencia-r-metylooktanol","123":"pa_resistencia-r-mocznik-ad-blue","124":"pa_resistencia-r-nafta","125":"pa_resistencia-r-nitrogeno-pl","126":"pa_resistencia-r-olej-astm-1-pl","127":"pa_resistencia-r-olej-astm-2-pl","128":"pa_resistencia-r-olej-astm-3-pl","129":"pa_resistencia-r-olej-hydrauliczny","130":"pa_resistencia-r-olej-napedowy-i-biodiesel","131":"pa_resistencia-r-olej-silikonowy","132":"pa_resistencia-r-oleje-roslinne","133":"pa_resistencia-r-ozon-pl","134":"pa_resistencia-r-parafina-pl","135":"pa_resistencia-r-perborato-sodico-pl","136":"pa_resistencia-r-cerveza-pl","137":"pa_resistencia-r-plomotetraetilo-pl","138":"pa_resistencia-r-potasio-pl","139":"pa_resistencia-r-powietrze","140":"pa_resistencia-r-roztwor-mydla-wszystkie-stezenia","141":"pa_resistencia-r-sebacynian-dioktylu","142":"pa_resistencia-r-siarczan-miedzi-sol-sat","143":"pa_resistencia-r-siarczan-potasu","144":"pa_resistencia-r-sulfuro-de-bario-pl","145":"pa_resistencia-r-siarczek-wapnia","146":"pa_resistencia-r-sulfuro-ferrico-pl","147":"pa_resistencia-r-azufre-pl","148":"pa_resistencia-r-silicatos-sodicos-pl","149":"pa_resistencia-r-skalica","150":"pa_resistencia-r-szczawian-etylu","151":"pa_resistencia-r-oxigeno-pl","152":"pa_resistencia-r-oxidos-sulfurosos-pl","153":"pa_resistencia-r-tluszcze-litowe-sodowe-i-wapniowe","154":"pa_resistencia-r-tluszcze-silikonowe","155":"pa_resistencia-r-tluszcze-zwierzece","156":"pa_resistencia-r-trisulfat-sodu","157":"pa_resistencia-r-carbonato-magnesico-pl","158":"pa_resistencia-r-carbonato-de-sodio-pl","159":"pa_resistencia-r-carbonato-calcico-pl","160":"pa_resistencia-r-woda","161":"pa_resistencia-r-woda-morska","162":"pa_resistencia-r-woda-utleniona-slonce-alkaliczna","163":"pa_resistencia-r-wodor","164":"pa_resistencia-r-hidroxido-de-potasio-5-pl","165":"pa_resistencia-r-hidroxido-de-sodio-sosa-5-pl","166":"pa_resistencia-r-zelatyna","167":"pa_resistente-a-la-abrasion-odporny-na-scieranie","168":"pa_resistente-lr-alkohol-etylowy-50","169":"pa_resistente-lr-alkohol-izobutylowy","170":"pa_resistente-lr-alkohol-izopropylowy","171":"pa_resistente-lr-benzyna","172":"pa_resistente-lr-bezwodnik-siarkowy","173":"pa_resistente-lr-butyloamina","174":"pa_resistente-lr-chlorek-sodu-25","175":"pa_resistente-lr-ciclohexano-pl","176":"pa_resistente-lr-dietyloenglikol","177":"pa_resistente-lr-etano-pl","178":"pa_resistente-lr-formaldehyd-20-pl","179":"pa_resistente-lr-formaldehyd-30-pl","180":"pa_resistente-lr-gaz-ziemny","181":"pa_resistente-lr-glikole","182":"pa_resistente-lr-kwas-azotowy-5","183":"pa_resistente-lr-kwas-borowy-10","184":"pa_resistente-lr-kwas-chlorowodorowy-10","185":"pa_resistente-lr-permanganates-potassique-10-pl","186":"pa_resistente-lr-nadtlenek-wodoru-30-obj","187":"pa_resistente-lr-nafta-pl","188":"pa_resistente-lr-olej-opalowy","189":"pa_resistente-lr-oleje-smarowe-ropa-naftowa","190":"pa_resistente-lr-podchloryn-wapnia","191":"pa_resistente-lr-ropa-naftowa","192":"pa_resistente-lr-white-spirit-pl","193":"pa_resistente-lr-wodorotlenek-sodu-soda-10","194":"pa_resistente-nr-15-podchloryn-sodu-cl2","195":"pa_resistente-nr-acetatos-de-alquilo-pl","196":"pa_resistente-nr-acido-sulfurico-98-pl","197":"pa_resistente-nr-acido-sulfurico-conc-fuming-pl","198":"pa_resistente-nr-acetaldehido-pl","199":"pa_resistente-nr-aldehidos-pl","200":"pa_resistente-nr-alcohol-etilico-96-pl","201":"pa_resistente-nr-alcohol-etilico-max-conc-pl","202":"pa_resistente-nr-alkohol-metylowy-6","203":"pa_resistente-nr-nitrito-sodico-pl","204":"pa_resistente-nr-benzaldehido-pl","205":"pa_resistente-nr-anhidrido-acetico-pl","206":"pa_resistente-nr-bisulfat-sodu","207":"pa_resistente-nr-bromo-pl","208":"pa_resistente-nr-bromuro-de-alquilo-pl","209":"pa_resistente-nr-cloro-100-gas-seco-pl","210":"pa_resistente-nr-chlorek-metylenu","211":"pa_resistente-nr-chlorek-metylu","212":"pa_resistente-nr-cicloalcanos-pl","213":"pa_resistente-nr-cicloalcoholes-pl","214":"pa_resistente-nr-cykloheksanol","215":"pa_resistente-nr-ciclohexanona-pl","216":"pa_resistente-nr-ciclocetonas-pl","217":"pa_resistente-nr-tetracloruro-de-carbono2-pl","218":"pa_resistente-nr-dietyloamina","219":"pa_resistente-nr-dimetil-formamida-pl","220":"pa_resistente-nr-etere-di-dietile-pl","221":"pa_resistente-nr-etilico-etere-pl","222":"pa_resistente-nr-fenol-pl","223":"pa_resistente-nr-formaldehyd-37-pl","224":"pa_resistente-nr-formaldehyd-40","225":"pa_resistente-nr-freon-11-czynnik-chlodniczy","226":"pa_resistente-nr-freon-22-czynnik-chlodniczy","227":"pa_resistente-nr-hidracina-pl","228":"pa_resistente-nr-hydrochinon-pl","229":"pa_resistente-nr-cetonas-pl","230":"pa_resistente-nr-cresol-pl","231":"pa_resistente-nr-kwas-azotowy-10","232":"pa_resistente-nr-kwas-azotowy-20","233":"pa_resistente-nr-kwas-azotowy-30","234":"pa_resistente-nr-kwas-azotowy-50","235":"pa_resistente-nr-acido-nitrico-70-pl","236":"pa_resistente-nr-acido-nitrico-95-pl","237":"pa_resistente-nr-kwas-bromowodorowy-roztwor-wodny-50","238":"pa_resistente-nr-kwas-chlorowodorowy-20","239":"pa_resistente-nr-kwas-chlorowodorowy-22","240":"pa_resistente-nr-kwas-fluorowodorowy-20","241":"pa_resistente-nr-kwas-fluorowodorowy-30","242":"pa_resistente-nr-acido-fluorhidrico-40-pl","243":"pa_resistente-nr-acido-fluorhidrico-60-pl","244":"pa_resistente-nr-acido-ftalico-pl","245":"pa_resistente-nr-kwas-mrowkowy-20","246":"pa_resistente-nr-acido-formico-25-pl","247":"pa_resistente-nr-acido-formico-85-pl","248":"pa_resistente-nr-kwas-mrowkowy-10","249":"pa_resistente-nr-acido-formico-conc-pl","250":"pa_resistente-nr-acido-peracetico-pl","251":"pa_resistente-nr-kwas-octowy-30","252":"pa_resistente-nr-kwas-octowy-50","253":"pa_resistente-nr-kwas-octowy-80","254":"pa_resistente-nr-acido-acetico-conc-pl","255":"pa_resistente-nr-acido-oleico-pl","256":"pa_resistente-nr-kwas-siarkowy-20","257":"pa_resistente-nr-kwas-siarkowy-25","258":"pa_resistente-nr-kwas-siarkowy-50","259":"pa_resistente-nr-acido-sulfurico-70-pl","260":"pa_resistente-nr-acido-sulfurico-80-pl","261":"pa_resistente-nr-acido-sulfurico-96-pl","262":"pa_resistente-nr-kwas-szczawiowy","263":"pa_resistente-nr-urea-30-pl","264":"pa_resistente-nr-mydla-w-plynie","265":"pa_resistente-nr-olej-zwierzecy","266":"pa_resistente-nr-olio-pl","267":"pa_resistente-nr-pentan-pl","268":"pa_resistente-nr-perchloroetylen","269":"pa_resistente-nr-podchloryn-sodu-14-cl2","270":"pa_resistente-nr-sebacato-de-dioctilo-pl","271":"pa_resistente-nr-siarczan-amonu-sol-sat","272":"pa_resistente-nr-siarczan-glinu","273":"pa_resistente-nr-silicona-pl","274":"pa_resistente-nr-stezony-kwas-chlorowodorowy","275":"pa_resistente-nr-tanino-pl","276":"pa_resistente-nr-tetrahydrofuran-pl","277":"pa_resistente-nr-toluol","278":"pa_resistente-nr-trietanoloamina","279":"pa_resistente-nr-wapniowy-bisulfat","280":"pa_resistente-nr-wilgotny-chlor","281":"pa_resistente-nr-hydroxid-sodny-soda-20-pl","282":"pa_resistente-nr-wodorotlenek-sodu-soda-50","283":"pa_resistente-nr-wodorotlenek-sodu-soda-stezony","284":"pa_resistente-nr-xylen-pl","285":"pa_resistente-nr-zywica-epoksydowa","286":"pa_resistente-sr-olej-mineralny","287":"pa_resistente-sr-olej-z-nasion","288":"pa_resistente-sr-whisky-pl","289":"pa_resistente-sr-wina","290":"pa_superficie-exterior-szorstki","291":"pa_superficie-interior-gladki","292":"pa_temperatura-maxima-oc-80c-pl","293":"pa_temperatura-minima-oc-20c-pl","294":"pa_vacio-m-h2o-9-0-pl","296":"first","297":"instock","298":"shipping-taxable","299":"product-type-variable"},"_links":{"self":[{"href":"https:\/\/www.espiroflex.com\/pl\/wp-json\/wp\/v2\/product\/25740","targetHints":{"allow":["GET"]}}],"collection":[{"href":"https:\/\/www.espiroflex.com\/pl\/wp-json\/wp\/v2\/product"}],"about":[{"href":"https:\/\/www.espiroflex.com\/pl\/wp-json\/wp\/v2\/types\/product"}],"wp:featuredmedia":[{"embeddable":true,"href":"https:\/\/www.espiroflex.com\/pl\/wp-json\/wp\/v2\/media\/6253"}],"wp:attachment":[{"href":"https:\/\/www.espiroflex.com\/pl\/wp-json\/wp\/v2\/media?parent=25740"}],"wp:term":[{"taxonomy":"product_brand","embeddable":true,"href":"https:\/\/www.espiroflex.com\/pl\/wp-json\/wp\/v2\/product_brand?post=25740"},{"taxonomy":"product_cat","embeddable":true,"href":"https:\/\/www.espiroflex.com\/pl\/wp-json\/wp\/v2\/product_cat?post=25740"},{"taxonomy":"product_tag","embeddable":true,"href":"https:\/\/www.espiroflex.com\/pl\/wp-json\/wp\/v2\/product_tag?post=25740"}],"curies":[{"name":"wp","href":"https:\/\/api.w.org\/{rel}","templated":true}]}}