{"id":25620,"date":"2025-07-22T18:43:22","date_gmt":"2025-07-22T16:43:22","guid":{"rendered":"https:\/\/www.espiroflex.com\/transmetal-pu-olive-oil\/"},"modified":"2025-11-27T13:56:48","modified_gmt":"2025-11-27T12:56:48","slug":"transmetal-pu-olive-oil","status":"publish","type":"product","link":"https:\/\/www.espiroflex.com\/pl\/produkt\/transmetal-pu-olive-oil\/","title":{"rendered":"TRANSMETAL PU OLIVE OIL"},"content":{"rendered":"<p>Elastyczna rura PVC bez ftalan\u00f3w, wzmocniona spiral\u0105 ze stali ocynkowanej i wewn\u0119trzn\u0105 warstw\u0105 PU na bazie poliestru. Du\u017ca odporno\u015b\u0107 na \u015bcieranie. Dobra odporno\u015b\u0107 na ci\u015bnienie i pr\u00f3\u017cni\u0119 podczas zasysania.<\/p>\n","protected":false},"excerpt":{"rendered":"<p>Elastyczna rura PVC bez ftalan\u00f3w, wzmocniona spiral\u0105 ze stali ocynkowanej i wewn\u0119trzn\u0105 warstw\u0105 PU na bazie poliestru. Du\u017ca odporno\u015b\u0107 na \u015bcieranie. Dobra odporno\u015b\u0107 na ci\u015bnienie i pr\u00f3\u017cni\u0119 podczas zasysania.<\/p>\n","protected":false},"featured_media":6374,"template":"","meta":[],"product_brand":[973],"product_cat":[291,4226,345,282,301,246,270,235,230],"product_tag":[],"class_list":{"0":"post-25620","1":"product","2":"type-product","3":"status-publish","4":"has-post-thumbnail","6":"product_brand-transmetal","7":"product_cat-aspiracja-cieczy2","8":"product_cat-industrial-3-pl","9":"product_cat-przemyslowy","10":"product_cat-ssanie-scierne2","11":"product_cat-ssanie-abrazyjnych","12":"product_cat-aspiracja-cieczy","13":"product_cat-waz-pu","14":"product_cat-rolniczy","15":"product_cat-spozywczy","16":"pa_color-zielony","17":"pa_construccion-manguera-spiralowane-drutem","18":"pa_diametro-interno-mm-40-0-pl","19":"pa_diametro-interno-mm-45-0-pl","20":"pa_diametro-interno-mm-51-0-pl","21":"pa_diametro-interno-mm-55-0-pl","22":"pa_diametro-interno-mm-60-0-pl","23":"pa_diametro-interno-mm-63-0-pl","24":"pa_diametro-interno-mm-70-0-pl","25":"pa_diametro-interno-mm-76-0-pl","26":"pa_diametro-interno-mm-80-0-pl","27":"pa_diametro-interno-mm-90-0-pl","28":"pa_diametro-interno-mm-102-0-pl","29":"pa_diametro-interno-mm-110-0-pl","30":"pa_diametro-interno-mm-120-0-pl","31":"pa_diametro-interno-mm-127-0-pl","32":"pa_diametro-interno-mm-152-0-pl","33":"pa_diametro-interno-pulg-1-3-4-pl","34":"pa_diametro-interno-pulg-1-5-8-pl","35":"pa_diametro-interno-pulg-2-pl","36":"pa_diametro-interno-pulg-2-1-2-pl","37":"pa_diametro-interno-pulg-2-1-32-pl","38":"pa_diametro-interno-pulg-2-1-8-pl","39":"pa_diametro-interno-pulg-2-3-4-pl","40":"pa_diametro-interno-pulg-3-pl","41":"pa_diametro-interno-pulg-3-1-2-pl","42":"pa_diametro-interno-pulg-3-1-8-pl","43":"pa_diametro-interno-pulg-4-pl","44":"pa_diametro-interno-pulg-4-3-4-pl","45":"pa_diametro-interno-pulg-4-5-16-pl","46":"pa_diametro-interno-pulg-5-pl","47":"pa_diametro-interno-pulg-6-pl","48":"pa_espesor-total-de-pared-mm-10-0-pl","49":"pa_espesor-total-de-pared-mm-4-8-pl","50":"pa_espesor-total-de-pared-mm-4-9-pl","51":"pa_espesor-total-de-pared-mm-5-4-pl","52":"pa_espesor-total-de-pared-mm-6-0-pl","53":"pa_espesor-total-de-pared-mm-6-1-pl","54":"pa_espesor-total-de-pared-mm-6-5-pl","55":"pa_espesor-total-de-pared-mm-7-0-pl","56":"pa_espesor-total-de-pared-mm-7-2-pl","57":"pa_espesor-total-de-pared-mm-8-0-pl","58":"pa_material-flexible-pvc-flexible-pl","59":"pa_material-manguera-tpu-pl","60":"pa_opacidad-przezroczysty","61":"pa_presion-rotura-bar-12-0-pl","62":"pa_presion-rotura-bar-15-0-pl","63":"pa_presion-rotura-bar-18-0-pl","64":"pa_presion-rotura-bar-21-0-pl","65":"pa_presion-rotura-bar-27-0-pl","66":"pa_presion-rotura-bar-7-0-pl","67":"pa_presion-rotura-bar-9-0-pl","68":"pa_refuerzo-spirala-ze-stali-ocynkowanej","69":"pa_resistencia-r-dicromato-de-potasio-40-pl","70":"pa_resistencia-r-acetamida-pl","71":"pa_resistencia-r-aceton-pl","72":"pa_resistencia-r-alkohol-butylowy","73":"pa_resistencia-r-alumbre-pl","74":"pa_resistencia-r-amoniak-gaz-pl","75":"pa_resistencia-r-nitrato-de-amonio-25-pl","76":"pa_resistencia-r-nitrato-sodico-pl","77":"pa_resistencia-r-azotan-wapnia-50","78":"pa_resistencia-r-azotan-wapnia-koncentrat","79":"pa_resistencia-r-borax-5-pl","80":"pa_resistencia-r-chlorek-amonu-25","81":"pa_resistencia-r-chlorek-glinu-25","82":"pa_resistencia-r-chlorek-potasu","83":"pa_resistencia-r-chlorek-rteci","84":"pa_resistencia-r-cloruro-de-calcio-20-pl","85":"pa_resistencia-r-cloruro-de-calcio-25-pl","86":"pa_resistencia-r-cloruro-ferrico-pl","87":"pa_resistencia-r-sidra-pl","88":"pa_resistencia-r-cianuro-de-sodio-pl","89":"pa_resistencia-r-dichloroethan","90":"pa_resistencia-r-dicromato-de-potasio-todas-conc-pl","91":"pa_resistencia-r-anhidrido-carbonico-pl","92":"pa_resistencia-r-dioxido-de-carbono-pl","93":"pa_resistencia-r-eter-izopropylowy","94":"pa_resistencia-r-fenylamina","95":"pa_resistencia-r-freon-12-czynnik-chlodniczy","96":"pa_resistencia-r-ftalany","97":"pa_resistencia-r-glicerina-pl","98":"pa_resistencia-r-glicol-de-etileno-pl","99":"pa_resistencia-r-heksan","100":"pa_resistencia-r-detergentes-concentrados-pl","101":"pa_resistencia-r-silicatos-aluminicos-pl","102":"pa_resistencia-r-silicatos-potasicos-pl","103":"pa_resistencia-r-acido-borico-5-pl","104":"pa_resistencia-r-acido-clorhidrico-5-pl","105":"pa_resistencia-r-acido-cromico-5-pl","106":"pa_resistencia-r-acido-citrico-5-pl","107":"pa_resistencia-r-acido-lactico-sol-acu-10-pl","108":"pa_resistencia-r-acido-acetico-3-pl","109":"pa_resistencia-r-acido-sulfurico-5-pl","110":"pa_resistencia-r-acido-carbonico-5-pl","111":"pa_resistencia-r-lakiery-bazowe-na-bazie-rozpuszczalnika","112":"pa_resistencia-r-manganato-potasico-pl","113":"pa_resistencia-r-metan-pl","114":"pa_resistencia-r-metylooktanol","115":"pa_resistencia-r-mocznik-ad-blue","116":"pa_resistencia-r-nafta","117":"pa_resistencia-r-nitrogeno-pl","118":"pa_resistencia-r-olej-astm-1-pl","119":"pa_resistencia-r-olej-astm-2-pl","120":"pa_resistencia-r-olej-astm-3-pl","121":"pa_resistencia-r-olej-hydrauliczny","122":"pa_resistencia-r-olej-napedowy-i-biodiesel","123":"pa_resistencia-r-olej-silikonowy","124":"pa_resistencia-r-oleje-roslinne","125":"pa_resistencia-r-ozon-pl","126":"pa_resistencia-r-parafina-pl","127":"pa_resistencia-r-perborato-sodico-pl","128":"pa_resistencia-r-cerveza-pl","129":"pa_resistencia-r-plomotetraetilo-pl","130":"pa_resistencia-r-potasio-pl","131":"pa_resistencia-r-powietrze","132":"pa_resistencia-r-roztwor-mydla-wszystkie-stezenia","133":"pa_resistencia-r-sebacynian-dioktylu","134":"pa_resistencia-r-siarczan-miedzi-sol-sat","135":"pa_resistencia-r-siarczan-potasu","136":"pa_resistencia-r-sulfuro-de-bario-pl","137":"pa_resistencia-r-siarczek-wapnia","138":"pa_resistencia-r-sulfuro-ferrico-pl","139":"pa_resistencia-r-azufre-pl","140":"pa_resistencia-r-silicatos-sodicos-pl","141":"pa_resistencia-r-skalica","142":"pa_resistencia-r-szczawian-etylu","143":"pa_resistencia-r-oxigeno-pl","144":"pa_resistencia-r-oxidos-sulfurosos-pl","145":"pa_resistencia-r-tluszcze-litowe-sodowe-i-wapniowe","146":"pa_resistencia-r-tluszcze-silikonowe","147":"pa_resistencia-r-tluszcze-zwierzece","148":"pa_resistencia-r-trisulfat-sodu","149":"pa_resistencia-r-carbonato-magnesico-pl","150":"pa_resistencia-r-carbonato-de-sodio-pl","151":"pa_resistencia-r-carbonato-calcico-pl","152":"pa_resistencia-r-woda","153":"pa_resistencia-r-woda-morska","154":"pa_resistencia-r-woda-utleniona-slonce-alkaliczna","155":"pa_resistencia-r-wodor","156":"pa_resistencia-r-hidroxido-de-potasio-5-pl","157":"pa_resistencia-r-hidroxido-de-sodio-sosa-5-pl","158":"pa_resistencia-r-zelatyna","159":"pa_resistente-a-la-abrasion-odporny-na-scieranie","160":"pa_resistente-lr-alkohol-etylowy-50","161":"pa_resistente-lr-alkohol-izobutylowy","162":"pa_resistente-lr-alkohol-izopropylowy","163":"pa_resistente-lr-benzyna","164":"pa_resistente-lr-bezwodnik-siarkowy","165":"pa_resistente-lr-butyloamina","166":"pa_resistente-lr-chlorek-sodu-25","167":"pa_resistente-lr-ciclohexano-pl","168":"pa_resistente-lr-dietyloenglikol","169":"pa_resistente-lr-etano-pl","170":"pa_resistente-lr-formaldehyd-20-pl","171":"pa_resistente-lr-formaldehyd-30-pl","172":"pa_resistente-lr-gaz-ziemny","173":"pa_resistente-lr-glikole","174":"pa_resistente-lr-kwas-azotowy-5","175":"pa_resistente-lr-kwas-borowy-10","176":"pa_resistente-lr-kwas-chlorowodorowy-10","177":"pa_resistente-lr-permanganates-potassique-10-pl","178":"pa_resistente-lr-nadtlenek-wodoru-30-obj","179":"pa_resistente-lr-nafta-pl","180":"pa_resistente-lr-olej-opalowy","181":"pa_resistente-lr-oleje-smarowe-ropa-naftowa","182":"pa_resistente-lr-podchloryn-wapnia","183":"pa_resistente-lr-ropa-naftowa","184":"pa_resistente-lr-white-spirit-pl","185":"pa_resistente-lr-wodorotlenek-sodu-soda-10","186":"pa_resistente-nr-15-podchloryn-sodu-cl2","187":"pa_resistente-nr-acetatos-de-alquilo-pl","188":"pa_resistente-nr-acido-sulfurico-98-pl","189":"pa_resistente-nr-acido-sulfurico-conc-fuming-pl","190":"pa_resistente-nr-acetaldehido-pl","191":"pa_resistente-nr-aldehidos-pl","192":"pa_resistente-nr-alcohol-etilico-96-pl","193":"pa_resistente-nr-alcohol-etilico-max-conc-pl","194":"pa_resistente-nr-alkohol-metylowy-6","195":"pa_resistente-nr-nitrito-sodico-pl","196":"pa_resistente-nr-benzaldehido-pl","197":"pa_resistente-nr-anhidrido-acetico-pl","198":"pa_resistente-nr-bisulfat-sodu","199":"pa_resistente-nr-bromo-pl","200":"pa_resistente-nr-bromuro-de-alquilo-pl","201":"pa_resistente-nr-cloro-100-gas-seco-pl","202":"pa_resistente-nr-chlorek-metylenu","203":"pa_resistente-nr-chlorek-metylu","204":"pa_resistente-nr-cicloalcanos-pl","205":"pa_resistente-nr-cicloalcoholes-pl","206":"pa_resistente-nr-cykloheksanol","207":"pa_resistente-nr-ciclohexanona-pl","208":"pa_resistente-nr-ciclocetonas-pl","209":"pa_resistente-nr-tetracloruro-de-carbono2-pl","210":"pa_resistente-nr-dietyloamina","211":"pa_resistente-nr-dimetil-formamida-pl","212":"pa_resistente-nr-etere-di-dietile-pl","213":"pa_resistente-nr-etilico-etere-pl","214":"pa_resistente-nr-fenol-pl","215":"pa_resistente-nr-formaldehyd-37-pl","216":"pa_resistente-nr-formaldehyd-40","217":"pa_resistente-nr-freon-11-czynnik-chlodniczy","218":"pa_resistente-nr-freon-22-czynnik-chlodniczy","219":"pa_resistente-nr-hidracina-pl","220":"pa_resistente-nr-hydrochinon-pl","221":"pa_resistente-nr-cetonas-pl","222":"pa_resistente-nr-cresol-pl","223":"pa_resistente-nr-kwas-azotowy-10","224":"pa_resistente-nr-kwas-azotowy-20","225":"pa_resistente-nr-kwas-azotowy-30","226":"pa_resistente-nr-kwas-azotowy-50","227":"pa_resistente-nr-acido-nitrico-70-pl","228":"pa_resistente-nr-acido-nitrico-95-pl","229":"pa_resistente-nr-kwas-bromowodorowy-roztwor-wodny-50","230":"pa_resistente-nr-kwas-chlorowodorowy-20","231":"pa_resistente-nr-kwas-chlorowodorowy-22","232":"pa_resistente-nr-kwas-fluorowodorowy-20","233":"pa_resistente-nr-kwas-fluorowodorowy-30","234":"pa_resistente-nr-acido-fluorhidrico-40-pl","235":"pa_resistente-nr-acido-fluorhidrico-60-pl","236":"pa_resistente-nr-acido-ftalico-pl","237":"pa_resistente-nr-kwas-mrowkowy-20","238":"pa_resistente-nr-acido-formico-25-pl","239":"pa_resistente-nr-acido-formico-85-pl","240":"pa_resistente-nr-kwas-mrowkowy-10","241":"pa_resistente-nr-acido-formico-conc-pl","242":"pa_resistente-nr-acido-peracetico-pl","243":"pa_resistente-nr-kwas-octowy-30","244":"pa_resistente-nr-kwas-octowy-50","245":"pa_resistente-nr-kwas-octowy-80","246":"pa_resistente-nr-acido-acetico-conc-pl","247":"pa_resistente-nr-acido-oleico-pl","248":"pa_resistente-nr-kwas-siarkowy-20","249":"pa_resistente-nr-kwas-siarkowy-25","250":"pa_resistente-nr-kwas-siarkowy-50","251":"pa_resistente-nr-acido-sulfurico-70-pl","252":"pa_resistente-nr-acido-sulfurico-80-pl","253":"pa_resistente-nr-acido-sulfurico-96-pl","254":"pa_resistente-nr-kwas-szczawiowy","255":"pa_resistente-nr-urea-30-pl","256":"pa_resistente-nr-mydla-w-plynie","257":"pa_resistente-nr-olej-zwierzecy","258":"pa_resistente-nr-olio-pl","259":"pa_resistente-nr-pentan-pl","260":"pa_resistente-nr-perchloroetylen","261":"pa_resistente-nr-podchloryn-sodu-14-cl2","262":"pa_resistente-nr-sebacato-de-dioctilo-pl","263":"pa_resistente-nr-siarczan-amonu-sol-sat","264":"pa_resistente-nr-siarczan-glinu","265":"pa_resistente-nr-silicona-pl","266":"pa_resistente-nr-stezony-kwas-chlorowodorowy","267":"pa_resistente-nr-tanino-pl","268":"pa_resistente-nr-tetrahydrofuran-pl","269":"pa_resistente-nr-toluol","270":"pa_resistente-nr-trietanoloamina","271":"pa_resistente-nr-wapniowy-bisulfat","272":"pa_resistente-nr-wilgotny-chlor","273":"pa_resistente-nr-hydroxid-sodny-soda-20-pl","274":"pa_resistente-nr-wodorotlenek-sodu-soda-50","275":"pa_resistente-nr-wodorotlenek-sodu-soda-stezony","276":"pa_resistente-nr-xylen-pl","277":"pa_resistente-nr-zywica-epoksydowa","278":"pa_resistente-sr-olej-mineralny","279":"pa_resistente-sr-olej-z-nasion","280":"pa_resistente-sr-whisky-pl","281":"pa_resistente-sr-wina","282":"pa_superficie-exterior-gladki","283":"pa_superficie-interior-gladki","284":"pa_temperatura-maxima-oc-80c-pl","285":"pa_temperatura-minima-oc-20c-pl","286":"pa_vacio-m-h2o-9-0-pl","288":"first","289":"instock","290":"shipping-taxable","291":"product-type-variable"},"_links":{"self":[{"href":"https:\/\/www.espiroflex.com\/pl\/wp-json\/wp\/v2\/product\/25620","targetHints":{"allow":["GET"]}}],"collection":[{"href":"https:\/\/www.espiroflex.com\/pl\/wp-json\/wp\/v2\/product"}],"about":[{"href":"https:\/\/www.espiroflex.com\/pl\/wp-json\/wp\/v2\/types\/product"}],"wp:featuredmedia":[{"embeddable":true,"href":"https:\/\/www.espiroflex.com\/pl\/wp-json\/wp\/v2\/media\/6374"}],"wp:attachment":[{"href":"https:\/\/www.espiroflex.com\/pl\/wp-json\/wp\/v2\/media?parent=25620"}],"wp:term":[{"taxonomy":"product_brand","embeddable":true,"href":"https:\/\/www.espiroflex.com\/pl\/wp-json\/wp\/v2\/product_brand?post=25620"},{"taxonomy":"product_cat","embeddable":true,"href":"https:\/\/www.espiroflex.com\/pl\/wp-json\/wp\/v2\/product_cat?post=25620"},{"taxonomy":"product_tag","embeddable":true,"href":"https:\/\/www.espiroflex.com\/pl\/wp-json\/wp\/v2\/product_tag?post=25620"}],"curies":[{"name":"wp","href":"https:\/\/api.w.org\/{rel}","templated":true}]}}