{"id":25570,"date":"2025-07-22T17:26:55","date_gmt":"2025-07-22T15:26:55","guid":{"rendered":"https:\/\/www.espiroflex.com\/vacumflex\/"},"modified":"2025-11-27T13:41:52","modified_gmt":"2025-11-27T12:41:52","slug":"vacumflex","status":"publish","type":"product","link":"https:\/\/www.espiroflex.com\/pl\/produkt\/vacumflex\/","title":{"rendered":"VACUMFLEX"},"content":{"rendered":"<p>Rura z plastyfikowanego PVC wzmocniona spiral\u0105 ze stali ocynkowanej, kt\u00f3ra nadaje jej w\u0142a\u015bciwo\u015bci antystatyczne, odpowiednia do instalacji podlegaj\u0105cych normom ATEX i wskazana do wentylacji przemys\u0142owej o niskiej zawarto\u015bci substancji \u015bciernych. Du\u017ca elastyczno\u015b\u0107 i lekko\u015b\u0107. Dobra odporno\u015b\u0107 chemiczna, zgodna z tabel\u0105 odporno\u015bci PVC.<\/p>\n","protected":false},"excerpt":{"rendered":"<p>Rura z plastyfikowanego PVC wzmocniona spiral\u0105 ze stali ocynkowanej, kt\u00f3ra nadaje jej w\u0142a\u015bciwo\u015bci antystatyczne, odpowiednia do instalacji podlegaj\u0105cych normom ATEX i wskazana do wentylacji przemys\u0142owej o niskiej zawarto\u015bci substancji \u015bciernych. Du\u017ca elastyczno\u015b\u0107 i lekko\u015b\u0107. Dobra odporno\u015b\u0107 chemiczna, zgodna z tabel\u0105 odporno\u015bci PVC.<\/p>\n","protected":false},"featured_media":5785,"template":"","meta":[],"product_brand":[896],"product_cat":[4226,297,4922,345,286,235],"product_tag":[],"class_list":{"0":"post-25570","1":"product","2":"type-product","3":"status-publish","4":"has-post-thumbnail","6":"product_brand-vacumflex","7":"product_cat-industrial-3-pl","8":"product_cat-napowietrzanie-dymu-i-gazow2","9":"product_cat-powietrze","10":"product_cat-przemyslowy","11":"product_cat-waz-pcv","12":"product_cat-rolniczy","13":"pa_aplicaciones-aspiracja","14":"pa_aplicaciones-przemyslowy","15":"pa_aplicaciones-wentylacja","16":"pa_color-czarny","17":"pa_construccion-manguera-spiralowanie","18":"pa_diametro-interno-mm-40-0-pl","19":"pa_diametro-interno-mm-45-0-pl","20":"pa_diametro-interno-mm-51-0-pl","21":"pa_diametro-interno-mm-60-0-pl","22":"pa_diametro-interno-mm-70-0-pl","23":"pa_diametro-interno-mm-76-0-pl","24":"pa_diametro-interno-mm-80-0-pl","25":"pa_diametro-interno-mm-90-0-pl","26":"pa_diametro-interno-mm-102-0-pl","27":"pa_diametro-interno-mm-110-0-pl","28":"pa_diametro-interno-mm-120-0-pl","29":"pa_diametro-interno-mm-127-0-pl","30":"pa_diametro-interno-mm-130-0-pl","31":"pa_diametro-interno-mm-140-0-pl","32":"pa_diametro-interno-mm-150-0-pl","33":"pa_diametro-interno-mm-160-0-pl","34":"pa_diametro-interno-mm-170-0-pl","35":"pa_diametro-interno-mm-180-0-pl","36":"pa_diametro-interno-mm-203-0-pl","37":"pa_diametro-interno-mm-254-0-pl","38":"pa_diametro-interno-mm-305-0-pl","39":"pa_diametro-interno-mm-350-0-pl","40":"pa_diametro-interno-mm-400-0-pl","41":"pa_diametro-interno-mm-450-0-pl","42":"pa_diametro-interno-mm-500-0-pl","43":"pa_diametro-interno-mm-600-0-pl","44":"pa_diametro-interno-pulg-1-3-4-pl","45":"pa_diametro-interno-pulg-1-5-8-pl","46":"pa_diametro-interno-pulg-10-pl","47":"pa_diametro-interno-pulg-12-pl","48":"pa_diametro-interno-pulg-14-pl","49":"pa_diametro-interno-pulg-16-pl","50":"pa_diametro-interno-pulg-18-pl","51":"pa_diametro-interno-pulg-2-pl","52":"pa_diametro-interno-pulg-2-1-4-pl","53":"pa_diametro-interno-pulg-2-3-4-pl","54":"pa_diametro-interno-pulg-20-pl","55":"pa_diametro-interno-pulg-24-pl","56":"pa_diametro-interno-pulg-3-pl","57":"pa_diametro-interno-pulg-3-1-2-pl","58":"pa_diametro-interno-pulg-3-1-8-pl","59":"pa_diametro-interno-pulg-4-pl","60":"pa_diametro-interno-pulg-4-3-4-pl","61":"pa_diametro-interno-pulg-4-5-16-pl","62":"pa_diametro-interno-pulg-5-pl","63":"pa_diametro-interno-pulg-5-1-2-pl","64":"pa_diametro-interno-pulg-5-1-4-pl","65":"pa_diametro-interno-pulg-6-pl","66":"pa_diametro-interno-pulg-6-1-4-pl","67":"pa_diametro-interno-pulg-6-3-4-pl","68":"pa_diametro-interno-pulg-7-pl","69":"pa_diametro-interno-pulg-8-3-4-pl","70":"pa_material-flexible-laminowane-pvc","71":"pa_material-manguera-pvc-pl","72":"pa_opacidad-nieprzezroczysty","73":"pa_presion-rotura-bar-10-0-pl","74":"pa_refuerzo-stal-cynkowana","75":"pa_resistencia-r-dicromato-de-potasio-40-pl","76":"pa_resistencia-r-acetat-glinu","77":"pa_resistencia-r-alcohol-amilico-pl","78":"pa_resistencia-r-alkohol-etylowy-10","79":"pa_resistencia-r-alkohol-etylowy-35","80":"pa_resistencia-r-alkohol-etylowy-40","81":"pa_resistencia-r-alkohol-izobutylowy","82":"pa_resistencia-r-alkohol-izopropylowy","83":"pa_resistencia-r-alkohol-metylowy-5","84":"pa_resistencia-r-alkohol-metylowy-6","85":"pa_resistencia-r-alumbre-pl","86":"pa_resistencia-r-nitrato-de-amonio-25-pl","87":"pa_resistencia-r-nitrato-de-amonio-sol-sat-pl","88":"pa_resistencia-r-nitrato-sodico-pl","89":"pa_resistencia-r-anhidrido-sulfuroso-pl","90":"pa_resistencia-r-bisulfato-sodico-pl","91":"pa_resistencia-r-bisulfatos-y-bisulfatos-met-pl","92":"pa_resistencia-r-borax-5-pl","93":"pa_resistencia-r-borax-conc-pl","94":"pa_resistencia-r-carbonato-de-amonio-pl","95":"pa_resistencia-r-cloruro-de-zinc-20-pl","96":"pa_resistencia-r-cloruro-de-zinc-conc-pl","97":"pa_resistencia-r-cloruro-de-sodio-20-pl","98":"pa_resistencia-r-cloruro-de-sodio-25-pl","99":"pa_resistencia-r-cloruro-de-sodio-conc-pl","100":"pa_resistencia-r-cloruro-de-calcio-20-pl","101":"pa_resistencia-r-cloruro-de-calcio-25-pl","102":"pa_resistencia-r-cloruro-de-calcio-sol-sat-pl","103":"pa_resistencia-r-cloruro-ferrico-pl","104":"pa_resistencia-r-sidra-pl","105":"pa_resistencia-r-cianuro-de-sodio-pl","106":"pa_resistencia-r-sulfuro-de-hidrogeno-gaseoso-pl","107":"pa_resistencia-r-dextrosa-pl","108":"pa_resistencia-r-dextrina-pl","109":"pa_resistencia-r-dicromato-de-potasio-todas-conc-pl","110":"pa_resistencia-r-dodecanol-pl","111":"pa_resistencia-r-anhidrido-carbonico-pl","112":"pa_resistencia-r-dioxido-de-carbono-pl","113":"pa_resistencia-r-emulsionantes-pl","114":"pa_resistencia-r-formaldehido-30-pl","115":"pa_resistencia-r-formaldehido-37-pl","116":"pa_resistencia-r-fructosa-pl","117":"pa_resistencia-r-glicerol-pl","118":"pa_resistencia-r-glicerina-pl","119":"pa_resistencia-r-glicol-de-etileno-pl","120":"pa_resistencia-r-hidroquinona-pl","121":"pa_resistencia-r-caseina-pl","122":"pa_resistencia-r-detergentes-concentrados-pl","123":"pa_resistencia-r-silicatos-aluminicos-pl","124":"pa_resistencia-r-silicatos-potasicos-pl","125":"pa_resistencia-r-acido-adipico-pl","126":"pa_resistencia-r-acido-nitrico-10-pl","127":"pa_resistencia-r-acido-nitrico-20-pl","128":"pa_resistencia-r-acido-nitrico-30-pl","129":"pa_resistencia-r-acido-nitrico-5-pl","130":"pa_resistencia-r-acido-nitrico-50-pl","131":"pa_resistencia-r-acido-borico-10-pl","132":"pa_resistencia-r-acido-borico-5-pl","133":"pa_resistencia-r-acido-borico-conc-pl","134":"pa_resistencia-r-acido-bromhidrico-sol-acu-30-pl","135":"pa_resistencia-r-acido-bromhidrico-sol-acu-50-pl","136":"pa_resistencia-r-acido-clorhidrico-10-pl","137":"pa_resistencia-r-acido-clorhidrico-20-pl","138":"pa_resistencia-r-acido-clorhidrico-22-pl","139":"pa_resistencia-r-acido-clorhidrico-5-pl","140":"pa_resistencia-r-acido-cromico-5-pl","141":"pa_resistencia-r-acido-citrico-5-pl","142":"pa_resistencia-r-acido-fluorhidrico-4-pl","143":"pa_resistencia-r-acido-fosforico-20-pl","144":"pa_resistencia-r-acido-fosforico-30-pl","145":"pa_resistencia-r-acido-fosforico-5-pl","146":"pa_resistencia-r-acido-hiplocoroso-20-pl","147":"pa_resistencia-r-acido-hiplocoroso-sol-acu-conc-pl","148":"pa_resistencia-r-acido-butirico-20-pl","149":"pa_resistencia-r-acido-lactico-sol-acu-10-pl","150":"pa_resistencia-r-acido-lactico-sol-acu-3-pl","151":"pa_resistencia-r-acido-acetico-10-pl","152":"pa_resistencia-r-acido-acetico-3-pl","153":"pa_resistencia-r-acido-acetico-5-pl","154":"pa_resistencia-r-acido-sulfurico-20-pl","155":"pa_resistencia-r-acido-sulfurico-25-pl","156":"pa_resistencia-r-acido-sulfurico-5-pl","157":"pa_resistencia-r-acido-estearico-pl","158":"pa_resistencia-r-acido-oxalico-pl","159":"pa_resistencia-r-acido-carbonico-5-pl","160":"pa_resistencia-r-acido-carbonico-conc-pl","161":"pa_resistencia-r-acidos-grasos-c6-pl","162":"pa_resistencia-r-lanolina-pl","163":"pa_resistencia-r-manganato-potasico-pl","164":"pa_resistencia-r-permanganatos-potasico-10-pl","165":"pa_resistencia-r-peroxido-de-hidrogeno-30-vol-pl","166":"pa_resistencia-r-nitrogeno-pl","167":"pa_resistencia-r-vinagre-pl","168":"pa_resistencia-r-octan-sodu","169":"pa_resistencia-r-octan-wapnia","170":"pa_resistencia-r-parafina-pl","171":"pa_resistencia-r-perborato-sodico-pl","172":"pa_resistencia-r-persulfato-de-amonio-pl","173":"pa_resistencia-r-cerveza-pl","174":"pa_resistencia-r-plomotetraetilo-pl","175":"pa_resistencia-r-hipoclorito-de-sodio-14-cl2-pl","176":"pa_resistencia-r-hipoclorito-de-sodio-15-cl2-pl","177":"pa_resistencia-r-hipoclorito-de-calcio-pl","178":"pa_resistencia-r-potasio-pl","179":"pa_resistencia-r-powietrze","180":"pa_resistencia-r-hipoclorito-de-sodio-sol-sat-pl","181":"pa_resistencia-r-jabones-liquidos-pl","182":"pa_resistencia-r-sulfuro-de-amonio-pl","183":"pa_resistencia-r-sulfuro-de-bario-pl","184":"pa_resistencia-r-sulfuro-ferrico-pl","185":"pa_resistencia-r-azufre-pl","186":"pa_resistencia-r-silicatos-sodicos-pl","187":"pa_resistencia-r-acido-clorhidrico-conc-pl","188":"pa_resistencia-r-tanino-pl","189":"pa_resistencia-r-oxigeno-pl","190":"pa_resistencia-r-oxidos-sulfurosos-pl","191":"pa_resistencia-r-tricloruro-de-antimonio-pl","192":"pa_resistencia-r-bisulfato-calcico-pl","193":"pa_resistencia-r-carbonato-magnesico-pl","194":"pa_resistencia-r-carbonato-de-sodio-pl","195":"pa_resistencia-r-carbonato-calcico-pl","196":"pa_resistencia-r-vinos-pl","197":"pa_resistencia-r-woda","198":"pa_resistencia-r-woda-morska","199":"pa_resistencia-r-hidroxido-de-amonio-10-pl","200":"pa_resistencia-r-hidroxido-de-amonio-25-pl","201":"pa_resistencia-r-hidroxido-de-amonio-28-pl","202":"pa_resistencia-r-hidroxido-de-amonio-5-pl","203":"pa_resistencia-r-hidroxido-de-aluminio-pl","204":"pa_resistencia-r-hidroxido-de-potasio-10-pl","205":"pa_resistencia-r-hidroxido-de-potasio-5-pl","206":"pa_resistencia-r-hidroxido-de-potasio-50-pl","207":"pa_resistencia-r-hidroxido-de-potasio-conc-pl","208":"pa_resistencia-r-hidroxido-de-sodio-sosa-10-pl","209":"pa_resistencia-r-hidroxido-de-sodio-sosa-20-pl","210":"pa_resistencia-r-hidroxido-de-sodio-sosa-5-pl","211":"pa_resistencia-r-hidroxido-de-calcio-pl","212":"pa_resistente-lr-acido-acetico-50-pl","213":"pa_resistente-lr-acido-formico-20-pl","214":"pa_resistente-lr-alkohol-butylowy","215":"pa_resistente-lr-formaldehido-40-pl","216":"pa_resistente-lr-acido-benzoico-pl","217":"pa_resistente-lr-acido-cromico-10-pl","218":"pa_resistente-lr-acido-fluorhidrico-20-pl","219":"pa_resistente-lr-acido-fluorhidrico-30-pl","220":"pa_resistente-lr-acido-formico-10-pl","221":"pa_resistente-lr-acido-acetico-30-pl","222":"pa_resistente-lr-acido-acetico-80-pl","223":"pa_resistente-lr-acido-sulfurico-50-pl","224":"pa_resistente-lr-olej-astm-1-pl","225":"pa_resistente-lr-olej-astm-2-pl","226":"pa_resistente-lr-olej-z-nasion","227":"pa_resistente-lr-ozono-pl","228":"pa_resistente-lr-gas-licuado-de-petroleo-glp-pl","229":"pa_resistente-nr-acetatos-de-alquilo-pl","230":"pa_resistente-nr-acetona-pl","231":"pa_resistente-nr-acetonitrilo-pl","232":"pa_resistente-nr-acido-cloroacetico-pl","233":"pa_resistente-nr-acido-clorosulfonico-conc-pl","234":"pa_resistente-nr-acido-sulfurico-98-pl","235":"pa_resistente-nr-acido-sulfurico-conc-fuming-pl","236":"pa_resistente-nr-acrilato-de-etilo-pl","237":"pa_resistente-nr-acetaldehido-pl","238":"pa_resistente-nr-aldehidos-pl","239":"pa_resistente-nr-alcohol-alilico-2-propenol-1-pl","240":"pa_resistente-nr-alcohol-bencilico-pl","241":"pa_resistente-nr-alcohol-etilico-96-pl","242":"pa_resistente-nr-alcohol-etilico-max-conc-pl","243":"pa_resistente-nr-amoniaco-gas-pl","244":"pa_resistente-nr-nitrito-sodico-pl","245":"pa_resistente-nr-benzaldehido-pl","246":"pa_resistente-nr-benceno-pl","247":"pa_resistente-nr-anhidrido-acetico-pl","248":"pa_resistente-nr-bromo-pl","249":"pa_resistente-nr-bromuro-de-alquilo-pl","250":"pa_resistente-nr-bromuro-de-etileno-pl","251":"pa_resistente-nr-butanodiol-100-pl","252":"pa_resistente-nr-cloro-100-gas-seco-pl","253":"pa_resistente-nr-cloruro-de-mercurio-pl","254":"pa_resistente-nr-cloroformo-pl","255":"pa_resistente-nr-cloroparafinas-c14-c17-pl","256":"pa_resistente-nr-cicloalcanos-pl","257":"pa_resistente-nr-cicloalcoholes-pl","258":"pa_resistente-nr-ciclohexano-pl","259":"pa_resistente-nr-ciclohexanona-pl","260":"pa_resistente-nr-ciclocetonas-pl","261":"pa_resistente-nr-tetracloruro-de-carbono2-pl","262":"pa_resistente-nr-dietilcetona-pl","263":"pa_resistente-nr-dimetil-formamida-pl","264":"pa_resistente-nr-dioxano-pl","265":"pa_resistente-nr-esteres-alifaticos-pl","266":"pa_resistente-nr-fluoruro-pl","267":"pa_resistente-nr-hexano-pl","268":"pa_resistente-nr-hidracina-pl","269":"pa_resistente-nr-cetonas-pl","270":"pa_resistente-nr-cresol-pl","271":"pa_resistente-nr-acido-nitrico-70-pl","272":"pa_resistente-nr-acido-nitrico-95-pl","273":"pa_resistente-nr-acido-fluorhidrico-40-pl","274":"pa_resistente-nr-acido-fluorhidrico-60-pl","275":"pa_resistente-nr-acido-ftalico-pl","276":"pa_resistente-nr-acido-formico-25-pl","277":"pa_resistente-nr-acido-formico-85-pl","278":"pa_resistente-nr-acido-formico-conc-pl","279":"pa_resistente-nr-acido-peracetico-pl","280":"pa_resistente-nr-acido-acetico-conc-pl","281":"pa_resistente-nr-acido-oleico-pl","282":"pa_resistente-nr-acido-sulfurico-70-pl","283":"pa_resistente-nr-acido-sulfurico-80-pl","284":"pa_resistente-nr-acido-sulfurico-96-pl","285":"pa_resistente-nr-aceites-lubricantes-petroleo-pl","286":"pa_resistente-nr-urea-ad-blue-pl","287":"pa_resistente-nr-urea-30-pl","288":"pa_resistente-nr-queroseno-pl","289":"pa_resistente-nr-acetato-de-amilo-pl","290":"pa_resistente-nr-acetato-de-etilo-pl","291":"pa_resistente-nr-aceite-astm-3-pl","292":"pa_resistente-nr-aceite-mineral-pl","293":"pa_resistente-nr-gasoleo-y-biodiesel-pl","294":"pa_resistente-nr-fuel-oil-pl","295":"pa_resistente-nr-disolventes-clorados-pl","296":"pa_resistente-nr-sebacato-de-dioctilo-pl","297":"pa_resistente-nr-silicona-pl","298":"pa_resistente-nr-trimelitato-de-trioctilo-totm-pl","299":"pa_resistente-nr-hidrocarburos-aromaticos-pl","300":"pa_resistente-nr-white-spirit-pl","301":"pa_resistente-sr-alcool-etilico-50-pl","302":"pa_resistente-sr-ftalany","303":"pa_resistente-sr-whisky-pl","304":"pa_superficie-exterior-szorstki","305":"pa_superficie-interior-szorstki","306":"pa_temperatura-maxima-oc-60c-pl","307":"pa_temperatura-minima-oc-10c-pl","308":"pa_vacio-m-h2o-0-2-pl","309":"pa_vacio-m-h2o-0-5-pl","310":"pa_vacio-m-h2o-1-0-pl","311":"pa_vacio-m-h2o-1-2-pl","312":"pa_vacio-m-h2o-2-5-pl","313":"pa_vacio-m-h2o-3-0-pl","315":"first","316":"instock","317":"shipping-taxable","318":"product-type-variable"},"_links":{"self":[{"href":"https:\/\/www.espiroflex.com\/pl\/wp-json\/wp\/v2\/product\/25570","targetHints":{"allow":["GET"]}}],"collection":[{"href":"https:\/\/www.espiroflex.com\/pl\/wp-json\/wp\/v2\/product"}],"about":[{"href":"https:\/\/www.espiroflex.com\/pl\/wp-json\/wp\/v2\/types\/product"}],"wp:featuredmedia":[{"embeddable":true,"href":"https:\/\/www.espiroflex.com\/pl\/wp-json\/wp\/v2\/media\/5785"}],"wp:attachment":[{"href":"https:\/\/www.espiroflex.com\/pl\/wp-json\/wp\/v2\/media?parent=25570"}],"wp:term":[{"taxonomy":"product_brand","embeddable":true,"href":"https:\/\/www.espiroflex.com\/pl\/wp-json\/wp\/v2\/product_brand?post=25570"},{"taxonomy":"product_cat","embeddable":true,"href":"https:\/\/www.espiroflex.com\/pl\/wp-json\/wp\/v2\/product_cat?post=25570"},{"taxonomy":"product_tag","embeddable":true,"href":"https:\/\/www.espiroflex.com\/pl\/wp-json\/wp\/v2\/product_tag?post=25570"}],"curies":[{"name":"wp","href":"https:\/\/api.w.org\/{rel}","templated":true}]}}