{"id":22900,"date":"2025-07-22T17:27:45","date_gmt":"2025-07-22T15:27:45","guid":{"rendered":"https:\/\/www.espiroflex.com\/poliuretano-flex-bs-0-4-est\/"},"modified":"2025-11-26T09:35:56","modified_gmt":"2025-11-26T08:35:56","slug":"poliuretano-flex-bs-0-4-est","status":"publish","type":"product","link":"https:\/\/www.espiroflex.com\/it\/prodotto\/poliuretano-flex-bs-0-4-est\/","title":{"rendered":"Poliuretano Flex BS 0.4 EST"},"content":{"rendered":"<p>Tubo realizzato in poliuretano flessibile e trasparente, base polietere e spirale interna in acciaio ramato con caratteristiche antistatiche, adatto per installazioni soggette alla normativa ATEX, per l&#8217;aspirazione di prodotti a basso assorbimento. Grande flessibilit\u00e0, resistenza all&#8217;abrasione, all&#8217;umidit\u00e0 e ai microrganismi. Buona resistenza chimica, associata alla tabella delle resistenze del PU. Il prodotto verr\u00e0 fornito compattato.<\/p>\n","protected":false},"excerpt":{"rendered":"<p>Tubo realizzato in poliuretano flessibile e trasparente, base polietere e spirale interna in acciaio ramato con caratteristiche antistatiche, adatto per installazioni soggette alla normativa ATEX, per l&#8217;aspirazione di prodotti a basso assorbimento. Grande flessibilit\u00e0, resistenza all&#8217;abrasione, all&#8217;umidit\u00e0 e ai microrganismi. Buona resistenza chimica, associata alla tabella delle resistenze del PU. Il prodotto verr\u00e0 fornito compattato.<\/p>\n","protected":false},"featured_media":5808,"template":"","meta":[],"product_brand":[919],"product_cat":[295,4921,283,302,3926,346,331,271,233,224],"product_tag":[],"class_list":{"0":"post-22900","1":"product","2":"type-product","3":"status-publish","4":"has-post-thumbnail","6":"product_brand-poliuretano","7":"product_cat-aerazione-di-fumi-e-gas2","8":"product_cat-aria","9":"product_cat-aspirazione-abrasiva2","10":"product_cat-aspirazione-abrasiva3","11":"product_cat-industrial-3-it","12":"product_cat-industriale","13":"product_cat-legno","14":"product_cat-tubi-in-pu","15":"product_cat-agricola2","16":"product_cat-alimentare","17":"pa_antiestatico-antistatico","18":"pa_aplicaciones-aspirazione","19":"pa_aplicaciones-industriale","20":"pa_aplicaciones-pellet-it","21":"pa_color-grigio","22":"pa_construccion-manguera-poliuretano-con-spirale-metallica","23":"pa_diametro-interno-mm-40-0-it","24":"pa_diametro-interno-mm-45-0-it","25":"pa_diametro-interno-mm-51-0-it","26":"pa_diametro-interno-mm-60-0-it","27":"pa_diametro-interno-mm-63-0-it","28":"pa_diametro-interno-mm-70-0-it","29":"pa_diametro-interno-mm-76-0-it","30":"pa_diametro-interno-mm-80-0-it","31":"pa_diametro-interno-mm-90-0-it","32":"pa_diametro-interno-mm-102-0-it","33":"pa_diametro-interno-mm-110-0-it","34":"pa_diametro-interno-mm-120-0-it","35":"pa_diametro-interno-mm-127-0-it","36":"pa_diametro-interno-mm-130-0-it","37":"pa_diametro-interno-mm-140-0-it","38":"pa_diametro-interno-mm-152-0-it","39":"pa_diametro-interno-mm-160-0-it","40":"pa_diametro-interno-mm-170-0-it","41":"pa_diametro-interno-mm-180-0-it","42":"pa_diametro-interno-mm-203-0-it","43":"pa_diametro-interno-mm-225-0-it","44":"pa_diametro-interno-mm-254-0-it","45":"pa_diametro-interno-mm-305-0-it","46":"pa_diametro-interno-mm-356-0-it","47":"pa_diametro-interno-mm-406-0-it","48":"pa_diametro-interno-mm-450-0-it","49":"pa_diametro-interno-mm-500-0-it","50":"pa_diametro-interno-mm-600-0-it","51":"pa_diametro-interno-pulg-1-3-4-it","52":"pa_diametro-interno-pulg-1-5-8-it","53":"pa_diametro-interno-pulg-10-it","54":"pa_diametro-interno-pulg-12-it","55":"pa_diametro-interno-pulg-14-it","56":"pa_diametro-interno-pulg-16-it","57":"pa_diametro-interno-pulg-18-it","58":"pa_diametro-interno-pulg-2-it","59":"pa_diametro-interno-pulg-2-1-2-2-it","60":"pa_diametro-interno-pulg-2-1-32-it","61":"pa_diametro-interno-pulg-20-it","62":"pa_diametro-interno-pulg-24-it","63":"pa_diametro-interno-pulg-3-it","64":"pa_diametro-interno-pulg-3-1-2-it","65":"pa_diametro-interno-pulg-3-1-8-it","66":"pa_diametro-interno-pulg-4-it","67":"pa_diametro-interno-pulg-4-3-4-it","68":"pa_diametro-interno-pulg-4-5-16-it","69":"pa_diametro-interno-pulg-5-it","70":"pa_diametro-interno-pulg-5-1-2-it","71":"pa_diametro-interno-pulg-5-1-4-it","72":"pa_diametro-interno-pulg-6-it","73":"pa_diametro-interno-pulg-6-1-4-it","74":"pa_diametro-interno-pulg-6-3-4-it","75":"pa_diametro-interno-pulg-7-it","76":"pa_diametro-interno-pulg-8-it","77":"pa_diametro-interno-pulg-9-it","78":"pa_material-flexible-poliuretano-it","79":"pa_material-manguera-tpu-it","80":"pa_opacidad-trasparente","81":"pa_refuerzo-acciaio-ramatato","82":"pa_resistente-a-la-abrasion-resistente-allabrasione","83":"pa_superficie-exterior-rugoso-it","84":"pa_superficie-interior-rugoso-it","85":"pa_temperatura-maxima-oc-70c-it","86":"pa_temperatura-minima-oc-20c-it","87":"pa_vacio-m-h2o-0-5-it","88":"pa_vacio-m-h2o-1-0-it","89":"pa_vacio-m-h2o-1-5-it","90":"pa_vacio-m-h2o-2-0-it","91":"pa_vacio-m-h2o-3-0-it","92":"pa_vacio-m-h2o-4-0-it","93":"pa_vacio-m-h2o-4-5-it","94":"pa_vacio-m-h2o-5-0-it","96":"first","97":"instock","98":"shipping-taxable","99":"product-type-variable"},"_links":{"self":[{"href":"https:\/\/www.espiroflex.com\/it\/wp-json\/wp\/v2\/product\/22900","targetHints":{"allow":["GET"]}}],"collection":[{"href":"https:\/\/www.espiroflex.com\/it\/wp-json\/wp\/v2\/product"}],"about":[{"href":"https:\/\/www.espiroflex.com\/it\/wp-json\/wp\/v2\/types\/product"}],"wp:featuredmedia":[{"embeddable":true,"href":"https:\/\/www.espiroflex.com\/it\/wp-json\/wp\/v2\/media\/5808"}],"wp:attachment":[{"href":"https:\/\/www.espiroflex.com\/it\/wp-json\/wp\/v2\/media?parent=22900"}],"wp:term":[{"taxonomy":"product_brand","embeddable":true,"href":"https:\/\/www.espiroflex.com\/it\/wp-json\/wp\/v2\/product_brand?post=22900"},{"taxonomy":"product_cat","embeddable":true,"href":"https:\/\/www.espiroflex.com\/it\/wp-json\/wp\/v2\/product_cat?post=22900"},{"taxonomy":"product_tag","embeddable":true,"href":"https:\/\/www.espiroflex.com\/it\/wp-json\/wp\/v2\/product_tag?post=22900"}],"curies":[{"name":"wp","href":"https:\/\/api.w.org\/{rel}","templated":true}]}}