{"id":22881,"date":"2025-07-22T17:29:25","date_gmt":"2025-07-22T15:29:25","guid":{"rendered":"https:\/\/www.espiroflex.com\/poliuretano-flex-1-6-est\/"},"modified":"2025-11-26T09:35:47","modified_gmt":"2025-11-26T08:35:47","slug":"poliuretano-flex-1-6-est","status":"publish","type":"product","link":"https:\/\/www.espiroflex.com\/it\/prodotto\/poliuretano-flex-1-6-est\/","title":{"rendered":"Poliuretano Flex 1.6 EST"},"content":{"rendered":"<p>Tubo realizzato in poliuretano flessibile e trasparente, base in polietere e spirale interna in acciaio ramato con caratteristiche antistatiche, adatto per installazioni soggette alla normativa ATEX, per l&#8217;aspirazione di prodotti con elevata abrasivit\u00e0. Elevata resistenza all&#8217;abrasione, all&#8217;umidit\u00e0 e ai microrganismi. Buona resistenza chimica, associata alla tabella delle resistenze del PU. Possibilit\u00e0 di produzione su base poliestere su richiesta. Prodotto fornito in rotoli.<\/p>\n","protected":false},"excerpt":{"rendered":"<p>Tubo realizzato in poliuretano flessibile e trasparente, base in polietere e spirale interna in acciaio ramato con caratteristiche antistatiche, adatto per installazioni soggette alla normativa ATEX, per l&#8217;aspirazione di prodotti con elevata abrasivit\u00e0. Elevata resistenza all&#8217;abrasione, all&#8217;umidit\u00e0 e ai microrganismi. Buona resistenza chimica, associata alla tabella delle resistenze del PU. Possibilit\u00e0 di produzione su base poliestere su richiesta. Prodotto fornito in rotoli.<\/p>\n","protected":false},"featured_media":5856,"template":"","meta":[],"product_brand":[919],"product_cat":[295,4921,302,283,3926,346,331,271,233,224],"product_tag":[],"class_list":{"0":"post-22881","1":"product","2":"type-product","3":"status-publish","4":"has-post-thumbnail","6":"product_brand-poliuretano","7":"product_cat-aerazione-di-fumi-e-gas2","8":"product_cat-aria","9":"product_cat-aspirazione-abrasiva3","10":"product_cat-aspirazione-abrasiva2","11":"product_cat-industrial-3-it","12":"product_cat-industriale","13":"product_cat-legno","14":"product_cat-tubi-in-pu","15":"product_cat-agricola2","16":"product_cat-alimentare","17":"pa_antiestatico-antistatico","18":"pa_aplicaciones-alimentare","19":"pa_aplicaciones-aspirazione","20":"pa_aplicaciones-industriale","21":"pa_aplicaciones-pellet-it","22":"pa_color-grigio","23":"pa_construccion-manguera-poliuretano-con-spirale-metallica","24":"pa_diametro-interno-mm-45-0-it","25":"pa_diametro-interno-mm-51-0-it","26":"pa_diametro-interno-mm-60-0-it","27":"pa_diametro-interno-mm-76-0-it","28":"pa_diametro-interno-mm-80-0-it","29":"pa_diametro-interno-mm-90-0-it","30":"pa_diametro-interno-mm-102-0-it","31":"pa_diametro-interno-mm-110-0-it","32":"pa_diametro-interno-mm-120-0-it","33":"pa_diametro-interno-mm-125-0-it","34":"pa_diametro-interno-mm-140-0-it","35":"pa_diametro-interno-mm-152-0-it","36":"pa_diametro-interno-mm-180-0-it","37":"pa_diametro-interno-mm-200-0-it","38":"pa_diametro-interno-mm-225-0-it","39":"pa_diametro-interno-mm-250-0-it","40":"pa_diametro-interno-mm-300-0-it","41":"pa_diametro-interno-pulg-1-3-4-it","42":"pa_diametro-interno-pulg-10-it","43":"pa_diametro-interno-pulg-12-it","44":"pa_diametro-interno-pulg-2-it","45":"pa_diametro-interno-pulg-2-1-4-it","46":"pa_diametro-interno-pulg-3-it","47":"pa_diametro-interno-pulg-3-1-2-it","48":"pa_diametro-interno-pulg-3-1-8-it","49":"pa_diametro-interno-pulg-4-it","50":"pa_diametro-interno-pulg-4-3-4-it","51":"pa_diametro-interno-pulg-4-5-16-it","52":"pa_diametro-interno-pulg-5-it","53":"pa_diametro-interno-pulg-5-1-2-it","54":"pa_diametro-interno-pulg-6-it","55":"pa_diametro-interno-pulg-7-it","56":"pa_diametro-interno-pulg-8-it","57":"pa_diametro-interno-pulg-9-it","58":"pa_material-flexible-poliuretano-it","59":"pa_material-manguera-tpu-it","60":"pa_opacidad-trasparente","61":"pa_refuerzo-acciaio-ramatato","62":"pa_resistencia-r-acetamide-it","63":"pa_resistencia-r-acetone-it","64":"pa_resistencia-r-acido-acetico-3-it","65":"pa_resistencia-r-acido-borico-5-it","66":"pa_resistencia-r-acido-carbonico-5-it","67":"pa_resistencia-r-acido-citrico-5-it","68":"pa_resistencia-r-acido-clorhidrico-5-it","69":"pa_resistencia-r-acido-cromico-5-it","70":"pa_resistencia-r-acido-lactico-sol-acu-10-it","71":"pa_resistencia-r-acido-sulfurico-5-it","72":"pa_resistencia-r-acqua","73":"pa_resistencia-r-acqua-di-mare","74":"pa_resistencia-r-alcool-butilico","75":"pa_resistencia-r-alumbre-it","76":"pa_resistencia-r-ammoniaca-gas","77":"pa_resistencia-r-anhidrido-carbonico-it","78":"pa_resistencia-r-dioxido-de-carbono-it","79":"pa_resistencia-r-aria","80":"pa_resistencia-r-cerveza-it","81":"pa_resistencia-r-borax-5-it","82":"pa_resistencia-r-candeggina-sole-alcalino","83":"pa_resistencia-r-carbonato-calcico-it","84":"pa_resistencia-r-carbonato-magnesico-it","85":"pa_resistencia-r-carbonato-de-sodio-it","86":"pa_resistencia-r-cianuro-de-sodio-it","87":"pa_resistencia-r-cloruro-di-alluminio-25","88":"pa_resistencia-r-cloruro-di-ammonio-25","89":"pa_resistencia-r-cloruro-de-calcio-20-it","90":"pa_resistencia-r-cloruro-de-calcio-25-it","91":"pa_resistencia-r-cloruro-di-mercurio","92":"pa_resistencia-r-cloruro-di-potassio","93":"pa_resistencia-r-cloruro-ferrico-it","94":"pa_resistencia-r-detergentes-concentrados-it","95":"pa_resistencia-r-dicloroetano-it","96":"pa_resistencia-r-dicromato-de-potasio-40-it","97":"pa_resistencia-r-dicromato-de-potasio-todas-conc-it","98":"pa_resistencia-r-dioctilsebacato-it","99":"pa_resistencia-r-esano","100":"pa_resistencia-r-etere-isopropilico","101":"pa_resistencia-r-fenilamina-it","102":"pa_resistencia-r-freon-12-refrigerante-it","103":"pa_resistencia-r-ftalati","104":"pa_resistencia-r-gasolio-e-biodiesel","105":"pa_resistencia-r-gelatina-it","106":"pa_resistencia-r-glicerina-it","107":"pa_resistencia-r-glicol-de-etileno-it","108":"pa_resistencia-r-grassi-animali","109":"pa_resistencia-r-grassi-di-litio-sodio-e-calcio","110":"pa_resistencia-r-grassi-siliconici","111":"pa_resistencia-r-idrogeno","112":"pa_resistencia-r-hidroxido-de-potasio-5-it","113":"pa_resistencia-r-hidroxido-de-sodio-sosa-5-it","114":"pa_resistencia-r-kerosene","115":"pa_resistencia-r-manganato-potasico-it","116":"pa_resistencia-r-metano-it","117":"pa_resistencia-r-metiletilchetone","118":"pa_resistencia-r-nitrato-de-amonio-25-it","119":"pa_resistencia-r-nitrato-di-calcio-50","120":"pa_resistencia-r-nitrato-di-calcio-conc","121":"pa_resistencia-r-nitrato-sodico-it","122":"pa_resistencia-r-nitrogeno-it","123":"pa_resistencia-r-oli-vegetali","124":"pa_resistencia-r-olio-astm-1","125":"pa_resistencia-r-olio-astm-2","126":"pa_resistencia-r-olio-astm-3","127":"pa_resistencia-r-olio-di-silicone","128":"pa_resistencia-r-olio-idraulico","129":"pa_resistencia-r-oxidos-sulfurosos-it","130":"pa_resistencia-r-oxigeno-it","131":"pa_resistencia-r-oxalato-di-etile","132":"pa_resistencia-r-ozono-it","133":"pa_resistencia-r-parafina-it","134":"pa_resistencia-r-perborato-sodico-it","135":"pa_resistencia-r-plomotetraetilo-it","136":"pa_resistencia-r-potasio-it","137":"pa_resistencia-r-sidra-it","138":"pa_resistencia-r-silicatos-aluminicos-it","139":"pa_resistencia-r-silicatos-potasicos-it","140":"pa_resistencia-r-silicatos-sodicos-it","141":"pa_resistencia-r-solfato-di-potassio","142":"pa_resistencia-r-solfato-di-rame-sol-sat","143":"pa_resistencia-r-sulfuro-de-bario-it","144":"pa_resistencia-r-solfuro-di-calcio","145":"pa_resistencia-r-sulfuro-ferrico-it","146":"pa_resistencia-r-soluzione-di-sapone-tutte-le-conc","147":"pa_resistencia-r-terebintina","148":"pa_resistencia-r-trisolfato-di-sodio","149":"pa_resistencia-r-urea-ad-blue-it","150":"pa_resistencia-r-vernici-a-base-solvente","151":"pa_resistencia-r-azufre-it","152":"pa_resistente-a-la-abrasion-resistente-allabrasione","153":"pa_resistente-lr-acido-borico-10-it","154":"pa_resistente-lr-acido-cloridrico-al-10","155":"pa_resistente-lr-acido-nitrico-al-5","156":"pa_resistente-lr-alcool-etilico-50","157":"pa_resistente-lr-alcool-isobutilico","158":"pa_resistente-lr-alcool-isopropilico","159":"pa_resistente-lr-anidride-solforosa","160":"pa_resistente-lr-benzina","161":"pa_resistente-lr-butilamina-it","162":"pa_resistente-lr-cicloesano","163":"pa_resistente-lr-cloruro-di-sodio-25","164":"pa_resistente-lr-dietilenglicole","165":"pa_resistente-lr-etano-it","166":"pa_resistente-lr-formaldeide-20","167":"pa_resistente-lr-formaldeide-30","168":"pa_resistente-lr-gas-naturale","169":"pa_resistente-lr-glicoli","170":"pa_resistente-lr-idrossido-di-sodio-soda-caustica-10","171":"pa_resistente-lr-ipoclorito-di-calcio","172":"pa_resistente-lr-nafta-it","173":"pa_resistente-lr-oli-lubrificanti-petrolio","174":"pa_resistente-lr-olio-combustibile","175":"pa_resistente-lr-permanganato-di-potassio-10","176":"pa_resistente-lr-perossido-di-idrogeno-30-vol","177":"pa_resistente-lr-petrolio","178":"pa_resistente-lr-white-spirit-it","179":"pa_resistente-nr-acetaldehido-it","180":"pa_resistente-nr-acetatos-de-alquilo-it","181":"pa_resistente-nr-acido-acetico-80-it","182":"pa_resistente-nr-acido-acetico-al-30","183":"pa_resistente-nr-acido-acetico-al-50","184":"pa_resistente-nr-acido-acetico-conc-it","185":"pa_resistente-nr-acido-bromidrico-sol-acu-50","186":"pa_resistente-nr-acido-cloridrico-al-20","187":"pa_resistente-nr-acido-cloridrico-al-22","188":"pa_resistente-nr-acido-cloridrico-conc","189":"pa_resistente-nr-acido-fluoridrico-al-20","190":"pa_resistente-nr-acido-fluoridrico-al-30","191":"pa_resistente-nr-acido-fluorhidrico-40-it","192":"pa_resistente-nr-acido-fluorhidrico-60-it","193":"pa_resistente-nr-acido-formico-10-it","194":"pa_resistente-nr-acido-formico-20-it","195":"pa_resistente-nr-acido-formico-25-it","196":"pa_resistente-nr-acido-formico-85-it","197":"pa_resistente-nr-acido-formico-conc-it","198":"pa_resistente-nr-acido-ftalico-it","199":"pa_resistente-nr-acido-nitrico-al-10","200":"pa_resistente-nr-acido-nitrico-al-20","201":"pa_resistente-nr-acido-nitrico-al-30","202":"pa_resistente-nr-acido-nitrico-al-50","203":"pa_resistente-nr-acido-nitrico-70-it","204":"pa_resistente-nr-acido-nitrico-95-it","205":"pa_resistente-nr-acido-oleico-it","206":"pa_resistente-nr-acido-ossalico","207":"pa_resistente-nr-acido-peracetico-it","208":"pa_resistente-nr-acido-solforico-al-20","209":"pa_resistente-nr-acido-solforico-al-25","210":"pa_resistente-nr-acido-solforico-al-50","211":"pa_resistente-nr-acido-sulfurico-70-it","212":"pa_resistente-nr-acido-sulfurico-80-it","213":"pa_resistente-nr-acido-sulfurico-96-it","214":"pa_resistente-nr-acido-sulfurico-98-it","215":"pa_resistente-nr-acido-sulfurico-conc-fuming-it","216":"pa_resistente-nr-alcohol-etilico-96-it","217":"pa_resistente-nr-alcohol-etilico-max-conc-it","218":"pa_resistente-nr-alcool-metilico-6","219":"pa_resistente-nr-aldehidos-it","220":"pa_resistente-nr-anhidrido-acetico-it","221":"pa_resistente-nr-benzaldehido-it","222":"pa_resistente-nr-bisolfato-di-calcio","223":"pa_resistente-nr-bisolfato-di-sodio","224":"pa_resistente-nr-bromo-it","225":"pa_resistente-nr-bromuro-de-alquilo-it","226":"pa_resistente-nr-cetonas-it","227":"pa_resistente-nr-cicloalcanos-it","228":"pa_resistente-nr-cicloalcoholes-it","229":"pa_resistente-nr-ciclocetonas-it","230":"pa_resistente-nr-cicloesanolo","231":"pa_resistente-nr-ciclohexanona-it","232":"pa_resistente-nr-cloro-100-gas-seco-it","233":"pa_resistente-nr-cloro-umido","234":"pa_resistente-nr-cloruro-di-metile","235":"pa_resistente-nr-cloruro-di-metilene","236":"pa_resistente-nr-cresol-it","237":"pa_resistente-nr-diethylamina","238":"pa_resistente-nr-dimetil-formamida-it","239":"pa_resistente-nr-etere-di-dietile","240":"pa_resistente-nr-etilico-etere","241":"pa_resistente-nr-fenolo","242":"pa_resistente-nr-formaldeide-37","243":"pa_resistente-nr-formaldeide-40","244":"pa_resistente-nr-freon-11-refrigerante-it","245":"pa_resistente-nr-freon-22-refrigerante-it","246":"pa_resistente-nr-hidracina-it","247":"pa_resistente-nr-idrochinone","248":"pa_resistente-nr-idrossido-di-sodio-soda-caustica-20","249":"pa_resistente-nr-idrossido-di-sodio-soda-caustica-50","250":"pa_resistente-nr-idrossido-di-sodio-soda-caustica-conc","251":"pa_resistente-nr-ipoclorito-di-sodio-14-cl2","252":"pa_resistente-nr-ipoclorito-di-sodio-15-cl2","253":"pa_resistente-nr-nitrito-sodico-it","254":"pa_resistente-nr-olio","255":"pa_resistente-nr-olio-animale","256":"pa_resistente-nr-pentan-it","257":"pa_resistente-nr-percloroetilene","258":"pa_resistente-nr-resina-epossidica","259":"pa_resistente-nr-saponi-liquidi","260":"pa_resistente-nr-sebacato-de-dioctilo-it","261":"pa_resistente-nr-silicona-it","262":"pa_resistente-nr-solfato-di-alluminio","263":"pa_resistente-nr-solfato-di-ammonio-sol-sat","264":"pa_resistente-nr-tanino-it","265":"pa_resistente-nr-tetracloruro-de-carbono2-it","266":"pa_resistente-nr-tetraidrofurano","267":"pa_resistente-nr-toluene","268":"pa_resistente-nr-trietanolamina-it","269":"pa_resistente-nr-urea-30-it","270":"pa_resistente-nr-xilene","271":"pa_resistente-sr-olio-minerale","272":"pa_resistente-sr-olio-semi","273":"pa_resistente-sr-vini","274":"pa_resistente-sr-whisky-it","275":"pa_superficie-exterior-rugoso-it","276":"pa_superficie-interior-rugoso-it","277":"pa_temperatura-maxima-oc-80c-it","278":"pa_temperatura-minima-oc-30c-it","279":"pa_vacio-m-h2o-2-0-it","280":"pa_vacio-m-h2o-3-0-it","281":"pa_vacio-m-h2o-4-0-it","282":"pa_vacio-m-h2o-5-0-it","283":"pa_vacio-m-h2o-6-0-it","285":"first","286":"instock","287":"shipping-taxable","288":"product-type-variable"},"_links":{"self":[{"href":"https:\/\/www.espiroflex.com\/it\/wp-json\/wp\/v2\/product\/22881","targetHints":{"allow":["GET"]}}],"collection":[{"href":"https:\/\/www.espiroflex.com\/it\/wp-json\/wp\/v2\/product"}],"about":[{"href":"https:\/\/www.espiroflex.com\/it\/wp-json\/wp\/v2\/types\/product"}],"wp:featuredmedia":[{"embeddable":true,"href":"https:\/\/www.espiroflex.com\/it\/wp-json\/wp\/v2\/media\/5856"}],"wp:attachment":[{"href":"https:\/\/www.espiroflex.com\/it\/wp-json\/wp\/v2\/media?parent=22881"}],"wp:term":[{"taxonomy":"product_brand","embeddable":true,"href":"https:\/\/www.espiroflex.com\/it\/wp-json\/wp\/v2\/product_brand?post=22881"},{"taxonomy":"product_cat","embeddable":true,"href":"https:\/\/www.espiroflex.com\/it\/wp-json\/wp\/v2\/product_cat?post=22881"},{"taxonomy":"product_tag","embeddable":true,"href":"https:\/\/www.espiroflex.com\/it\/wp-json\/wp\/v2\/product_tag?post=22881"}],"curies":[{"name":"wp","href":"https:\/\/api.w.org\/{rel}","templated":true}]}}