{"id":28279,"date":"2026-03-31T14:35:04","date_gmt":"2026-03-31T12:56:46","guid":{"rendered":"https:\/\/www.espiroflex.com\/cobra-superelastic\/"},"modified":"2026-04-06T09:01:16","modified_gmt":"2026-04-06T07:01:16","slug":"cobra-superelastic","status":"publish","type":"product","link":"https:\/\/www.espiroflex.com\/fr\/produit\/cobra-superelastic\/","title":{"rendered":"COBRA SUPERELASTIC"},"content":{"rendered":"","protected":false},"excerpt":{"rendered":"<p>Tuyau d&rsquo;arrosage en PVC, renforc\u00e9 d&rsquo;une armature en polyester pour r\u00e9sister \u00e0 la pression de l&rsquo;eau du r\u00e9seau. Dot\u00e9 d&rsquo;une technologie structurelle de pointe. Flexibilit\u00e9 et maniabilit\u00e9 sans pr\u00e9c\u00e9dent.<\/p>\n<ul>\n<li>Tr\u00e8s l\u00e9ger, avec une surface lisse et tr\u00e8s souple.<\/li>\n<li>Bonne r\u00e9sistance chimique, conforme au tableau des r\u00e9sistances du PVC.<\/li>\n<li>La temp\u00e9rature d&rsquo;utilisation recommand\u00e9e se situe entre -10 \u00b0C et 60 \u00b0C.<\/li>\n<\/ul>\n","protected":false},"featured_media":28014,"template":"","meta":[],"product_brand":[],"product_cat":[391,285],"product_tag":[],"class_list":{"0":"post-28279","1":"product","2":"type-product","3":"status-publish","4":"has-post-thumbnail","6":"product_cat-arrosage","7":"product_cat-tuyau-en-pvc","8":"pa_diametro-externo-mm-17-0-fr","9":"pa_diametro-externo-mm-19-0-fr","10":"pa_diametro-externo-mm-24-5-fr","11":"pa_diametro-externo-mm-38-0-fr","12":"pa_diametro-externo-mm-32-0-fr","13":"pa_diametro-interno-mm-12-5-fr","14":"pa_diametro-interno-mm-15-0-fr","15":"pa_diametro-interno-mm-19-0-fr","16":"pa_diametro-interno-mm-25-0-fr","17":"pa_diametro-interno-mm-30-0-fr","18":"pa_diametro-interno-pulg-1-1-8-fr-2","19":"pa_diametro-interno-pulg-1-fr","20":"pa_diametro-interno-pulg-1-2-fr","21":"pa_diametro-interno-pulg-3-4-2-fr","22":"pa_diametro-interno-pulg-5-8-fr","23":"pa_peso-gr-m-150-0-fr","24":"pa_peso-gr-m-420-0-fr","25":"pa_peso-gr-m-120-0-fr","26":"pa_peso-gr-m-250-0-fr","27":"pa_peso-gr-m-580-0-fr","28":"pa_presion-rotura-bar-18-0-fr","29":"pa_presion-rotura-bar-24-0-fr","30":"pa_presion-rotura-bar-30-0-fr","32":"first","33":"instock","34":"shipping-taxable","35":"product-type-variable"},"_links":{"self":[{"href":"https:\/\/www.espiroflex.com\/fr\/wp-json\/wp\/v2\/product\/28279","targetHints":{"allow":["GET"]}}],"collection":[{"href":"https:\/\/www.espiroflex.com\/fr\/wp-json\/wp\/v2\/product"}],"about":[{"href":"https:\/\/www.espiroflex.com\/fr\/wp-json\/wp\/v2\/types\/product"}],"wp:featuredmedia":[{"embeddable":true,"href":"https:\/\/www.espiroflex.com\/fr\/wp-json\/wp\/v2\/media\/28014"}],"wp:attachment":[{"href":"https:\/\/www.espiroflex.com\/fr\/wp-json\/wp\/v2\/media?parent=28279"}],"wp:term":[{"taxonomy":"product_brand","embeddable":true,"href":"https:\/\/www.espiroflex.com\/fr\/wp-json\/wp\/v2\/product_brand?post=28279"},{"taxonomy":"product_cat","embeddable":true,"href":"https:\/\/www.espiroflex.com\/fr\/wp-json\/wp\/v2\/product_cat?post=28279"},{"taxonomy":"product_tag","embeddable":true,"href":"https:\/\/www.espiroflex.com\/fr\/wp-json\/wp\/v2\/product_tag?post=28279"}],"curies":[{"name":"wp","href":"https:\/\/api.w.org\/{rel}","templated":true}]}}