{"id":28246,"date":"2026-03-24T13:24:27","date_gmt":"2026-03-31T12:05:04","guid":{"rendered":"https:\/\/www.espiroflex.com\/?post_type=product&#038;p=28246"},"modified":"2026-04-06T09:04:37","modified_gmt":"2026-04-06T07:04:37","slug":"espirolatex","status":"publish","type":"product","link":"https:\/\/www.espiroflex.com\/fr\/produit\/espirolatex\/","title":{"rendered":"ESPIROLATEX"},"content":{"rendered":"","protected":false},"excerpt":{"rendered":"<p>Tuyau en PVC avec une formulation sp\u00e9ciale au latex pour usage alimentaire, tr\u00e8s r\u00e9sistant aux pliures et aux torsions, extr\u00eamement maniable. R\u00e9sistant aux UV. Sp\u00e9cialement con\u00e7u pour les t\u00e2ches m\u00e9nag\u00e8res et le jardinage. Tr\u00e8s souple, monocouche et parfaitement lisse.<br \/>\nSp\u00e9cialement con\u00e7u pour les t\u00e2ches m\u00e9nag\u00e8res et le jardinage.<\/p>\n<p>Tr\u00e8s souple, monocouche et parfaitement lisse.<\/p>\n","protected":false},"featured_media":28131,"template":"","meta":[],"product_brand":[],"product_cat":[391,229],"product_tag":[],"class_list":{"0":"post-28246","1":"product","2":"type-product","3":"status-publish","4":"has-post-thumbnail","6":"product_cat-arrosage","7":"product_cat-alimentaire","8":"pa_diametro-externo-mm-21-0-fr","9":"pa_diametro-externo-mm-27-0-fr","10":"pa_diametro-externo-mm-33-0-fr","11":"pa_diametro-externo-mm-38-0-fr","12":"pa_diametro-interno-mm-15-0-fr","13":"pa_diametro-interno-mm-19-0-fr","14":"pa_diametro-interno-mm-25-0-fr","15":"pa_diametro-interno-mm-30-0-fr","16":"pa_diametro-interno-pulg-1-fr","17":"pa_diametro-interno-pulg-1-1-8-fr","18":"pa_diametro-interno-pulg-3-4-fr","19":"pa_diametro-interno-pulg-5-8-fr","20":"pa_peso-gr-m-205-0-fr","21":"pa_peso-gr-m-515-0-fr","22":"pa_peso-gr-m-350-0-fr","23":"pa_peso-gr-m-440-0-fr","24":"pa_presion-rotura-bar-9-0-fr","26":"first","27":"instock","28":"shipping-taxable","29":"product-type-variable"},"_links":{"self":[{"href":"https:\/\/www.espiroflex.com\/fr\/wp-json\/wp\/v2\/product\/28246","targetHints":{"allow":["GET"]}}],"collection":[{"href":"https:\/\/www.espiroflex.com\/fr\/wp-json\/wp\/v2\/product"}],"about":[{"href":"https:\/\/www.espiroflex.com\/fr\/wp-json\/wp\/v2\/types\/product"}],"wp:featuredmedia":[{"embeddable":true,"href":"https:\/\/www.espiroflex.com\/fr\/wp-json\/wp\/v2\/media\/28131"}],"wp:attachment":[{"href":"https:\/\/www.espiroflex.com\/fr\/wp-json\/wp\/v2\/media?parent=28246"}],"wp:term":[{"taxonomy":"product_brand","embeddable":true,"href":"https:\/\/www.espiroflex.com\/fr\/wp-json\/wp\/v2\/product_brand?post=28246"},{"taxonomy":"product_cat","embeddable":true,"href":"https:\/\/www.espiroflex.com\/fr\/wp-json\/wp\/v2\/product_cat?post=28246"},{"taxonomy":"product_tag","embeddable":true,"href":"https:\/\/www.espiroflex.com\/fr\/wp-json\/wp\/v2\/product_tag?post=28246"}],"curies":[{"name":"wp","href":"https:\/\/api.w.org\/{rel}","templated":true}]}}