{"id":17043,"date":"2025-07-22T17:23:10","date_gmt":"2025-07-22T15:23:10","guid":{"rendered":"https:\/\/www.espiroflex.com\/\/product\/espiroair-ul94-v\/"},"modified":"2025-11-17T12:46:36","modified_gmt":"2025-11-17T11:46:36","slug":"espiroair-ul94-v","status":"publish","type":"product","link":"https:\/\/www.espiroflex.com\/fr\/produit\/espiroair-ul94-v\/","title":{"rendered":"ESPIROAIR UL94 V"},"content":{"rendered":"<p>Tuyau de PVC flexible renforc\u00e9 avec une spirale PVC rigide indiqu\u00e9e antichque pour les aspirations, les gaz industriels et les ventilations. Grande flexibilit\u00e9 (rayon de courbure = diam\u00e8tre int\u00e9rieur) et l\u00e9g\u00e8ret\u00e9. Bonne r\u00e9sistance chimique associ\u00e9e au tableau des r\u00e9sistances en PVC.<\/p>\n","protected":false},"excerpt":{"rendered":"<p>Tuyau de PVC flexible renforc\u00e9 avec une spirale PVC rigide indiqu\u00e9e antichque pour les aspirations, les gaz industriels et les ventilations. Grande flexibilit\u00e9 (rayon de courbure = diam\u00e8tre int\u00e9rieur) et l\u00e9g\u00e8ret\u00e9. Bonne r\u00e9sistance chimique associ\u00e9e au tableau des r\u00e9sistances en PVC.<\/p>\n","protected":false},"featured_media":5703,"template":"","meta":[],"product_brand":[422],"product_cat":[294,3226,329,2408,344,285,234],"product_tag":[],"class_list":{"0":"post-17043","1":"product","2":"type-product","3":"status-publish","4":"has-post-thumbnail","6":"product_brand-espiroair","7":"product_cat-aeration-des-fumees-et-des-gaz2","8":"product_cat-air-fr","9":"product_cat-bois","10":"product_cat-industrial-3-fr","11":"product_cat-industriel2","12":"product_cat-tuyau-en-pvc","13":"product_cat-agricole","14":"pa_aplicaciones-aspiracion-fr","15":"pa_aplicaciones-industrial-fr","16":"pa_aplicaciones-ventilacion-fr","17":"pa_color-gris-fr","18":"pa_construccion-manguera-spirale","19":"pa_diametro-interno-mm-15-0-fr","20":"pa_diametro-interno-mm-20-0-fr","21":"pa_diametro-interno-mm-25-0-fr","22":"pa_diametro-interno-mm-30-0-fr","23":"pa_diametro-interno-mm-32-0-fr","24":"pa_diametro-interno-mm-35-0-fr","25":"pa_diametro-interno-mm-38-0-fr","26":"pa_diametro-interno-mm-40-0-fr","27":"pa_diametro-interno-mm-45-0-fr","28":"pa_diametro-interno-mm-51-0-fr","29":"pa_diametro-interno-mm-60-0-fr","30":"pa_diametro-interno-mm-63-0-fr","31":"pa_diametro-interno-mm-70-0-fr","32":"pa_diametro-interno-mm-76-0-fr","33":"pa_diametro-interno-mm-80-0-fr","34":"pa_diametro-interno-mm-90-0-fr","35":"pa_diametro-interno-mm-102-0-fr","36":"pa_diametro-interno-mm-110-0-fr","37":"pa_diametro-interno-mm-120-0-fr","38":"pa_diametro-interno-mm-127-0-fr","39":"pa_diametro-interno-mm-130-0-fr","40":"pa_diametro-interno-mm-140-0-fr","41":"pa_diametro-interno-mm-150-0-fr","42":"pa_diametro-interno-mm-160-0-fr","43":"pa_diametro-interno-mm-180-0-fr","44":"pa_diametro-interno-mm-203-0-fr","45":"pa_diametro-interno-mm-254-0-fr","46":"pa_diametro-interno-mm-305-0-fr","47":"pa_diametro-interno-pulg-1-fr","48":"pa_diametro-interno-pulg-1-1-2-fr","49":"pa_diametro-interno-pulg-1-1-4-fr","50":"pa_diametro-interno-pulg-1-1-8-fr","51":"pa_diametro-interno-pulg-1-3-4-fr","52":"pa_diametro-interno-pulg-1-3-8-fr","53":"pa_diametro-interno-pulg-1-5-8-fr","54":"pa_diametro-interno-pulg-10-fr","55":"pa_diametro-interno-pulg-12-fr","56":"pa_diametro-interno-pulg-2-fr","57":"pa_diametro-interno-pulg-2-1-2-fr","58":"pa_diametro-interno-pulg-2-1-4-fr","59":"pa_diametro-interno-pulg-2-3-4-fr","60":"pa_diametro-interno-pulg-3-fr","61":"pa_diametro-interno-pulg-3-1-2-fr","62":"pa_diametro-interno-pulg-3-1-8-fr","63":"pa_diametro-interno-pulg-3-4-fr","64":"pa_diametro-interno-pulg-4-fr","65":"pa_diametro-interno-pulg-4-3-4-fr","66":"pa_diametro-interno-pulg-4-5-16-fr","67":"pa_diametro-interno-pulg-5-fr","68":"pa_diametro-interno-pulg-5-1-2-fr","69":"pa_diametro-interno-pulg-5-1-4-fr","70":"pa_diametro-interno-pulg-5-8-fr","71":"pa_diametro-interno-pulg-6-fr","72":"pa_diametro-interno-pulg-6-1-4-fr","73":"pa_diametro-interno-pulg-7-fr","74":"pa_diametro-interno-pulg-8-fr","75":"pa_material-flexible-pvc-flexible-fr","76":"pa_material-manguera-pvc-fr","77":"pa_opacidad-opaque-fr","78":"pa_presion-rotura-bar-10-0-fr","79":"pa_presion-rotura-bar-20-0-fr","80":"pa_presion-rotura-bar-30-0-fr","81":"pa_presion-rotura-bar-50-0-fr","82":"pa_refuerzo-pvc-rigido-fr","83":"pa_superficie-exterior-rugueux","84":"pa_superficie-interior-lisse","85":"pa_temperatura-maxima-oc-60c-fr","86":"pa_temperatura-minima-oc-10c-fr","87":"pa_vacio-m-h2o-4-0-fr","88":"pa_vacio-m-h2o-5-0-fr","90":"first","91":"instock","92":"shipping-taxable","93":"product-type-variable"},"_links":{"self":[{"href":"https:\/\/www.espiroflex.com\/fr\/wp-json\/wp\/v2\/product\/17043","targetHints":{"allow":["GET"]}}],"collection":[{"href":"https:\/\/www.espiroflex.com\/fr\/wp-json\/wp\/v2\/product"}],"about":[{"href":"https:\/\/www.espiroflex.com\/fr\/wp-json\/wp\/v2\/types\/product"}],"wp:featuredmedia":[{"embeddable":true,"href":"https:\/\/www.espiroflex.com\/fr\/wp-json\/wp\/v2\/media\/5703"}],"wp:attachment":[{"href":"https:\/\/www.espiroflex.com\/fr\/wp-json\/wp\/v2\/media?parent=17043"}],"wp:term":[{"taxonomy":"product_brand","embeddable":true,"href":"https:\/\/www.espiroflex.com\/fr\/wp-json\/wp\/v2\/product_brand?post=17043"},{"taxonomy":"product_cat","embeddable":true,"href":"https:\/\/www.espiroflex.com\/fr\/wp-json\/wp\/v2\/product_cat?post=17043"},{"taxonomy":"product_tag","embeddable":true,"href":"https:\/\/www.espiroflex.com\/fr\/wp-json\/wp\/v2\/product_tag?post=17043"}],"curies":[{"name":"wp","href":"https:\/\/api.w.org\/{rel}","templated":true}]}}