{"id":16857,"date":"2025-07-22T17:26:12","date_gmt":"2025-07-22T15:26:12","guid":{"rendered":"https:\/\/www.espiroflex.com\/\/product\/espiropreno\/"},"modified":"2025-11-17T11:54:43","modified_gmt":"2025-11-17T10:54:43","slug":"espiropreno","status":"publish","type":"product","link":"https:\/\/www.espiroflex.com\/fr\/produit\/espiropreno\/","title":{"rendered":"ESPIROPRENO"},"content":{"rendered":"<p>Tuyau fabriqu\u00e9 en caoutchouc thermoplastique renforc\u00e9 d\u2019une spirale en acier zingu\u00e9 sp\u00e9cial, destin\u00e9 \u00e0 l\u2019aspiration de gaz et de fum\u00e9es \u00e0 haute temp\u00e9rature. Grande flexibilit\u00e9 et grande l\u00e9g\u00e8ret\u00e9 li\u00e9e \u00e0 une grande r\u00e9silience en raison des propri\u00e9t\u00e9s du TPV. Bonne r\u00e9sistance chimique, associ\u00e9e \u00e0 la table de r\u00e9sistance au TPV. Excellente r\u00e9sistance \u00e0 la fatigue, \u00e0 l&rsquo;ozone et aux fum\u00e9es industrielles.<\/p>\n","protected":false},"excerpt":{"rendered":"<p>Tuyau fabriqu\u00e9 en caoutchouc thermoplastique renforc\u00e9 d\u2019une spirale en acier zingu\u00e9 sp\u00e9cial, destin\u00e9 \u00e0 l\u2019aspiration de gaz et de fum\u00e9es \u00e0 haute temp\u00e9rature. Grande flexibilit\u00e9 et grande l\u00e9g\u00e8ret\u00e9 li\u00e9e \u00e0 une grande r\u00e9silience en raison des propri\u00e9t\u00e9s du TPV. Bonne r\u00e9sistance chimique, associ\u00e9e \u00e0 la table de r\u00e9sistance au TPV. Excellente r\u00e9sistance \u00e0 la fatigue, \u00e0 l&rsquo;ozone et aux fum\u00e9es industrielles. <\/p>\n","protected":false},"featured_media":5759,"template":"","meta":[],"product_brand":[809],"product_cat":[294,3226,2408,344,285,234],"product_tag":[],"class_list":{"0":"post-16857","1":"product","2":"type-product","3":"status-publish","4":"has-post-thumbnail","6":"product_brand-extraflex-thermoflex-superflex","7":"product_cat-aeration-des-fumees-et-des-gaz2","8":"product_cat-air-fr","9":"product_cat-industrial-3-fr","10":"product_cat-industriel2","11":"product_cat-tuyau-en-pvc","12":"product_cat-agricole","13":"pa_aplicaciones-aspiracion-fr","14":"pa_aplicaciones-industrial-fr","15":"pa_aplicaciones-ventilacion-fr","16":"pa_color-noir","17":"pa_construccion-manguera-spirale-en-acier","18":"pa_diametro-interno-mm-40-0-fr","19":"pa_diametro-interno-mm-45-0-fr","20":"pa_diametro-interno-mm-51-0-fr","21":"pa_diametro-interno-mm-60-0-fr","22":"pa_diametro-interno-mm-63-0-fr","23":"pa_diametro-interno-mm-70-0-fr","24":"pa_diametro-interno-mm-76-0-fr","25":"pa_diametro-interno-mm-80-0-fr","26":"pa_diametro-interno-mm-90-0-fr","27":"pa_diametro-interno-mm-102-0-fr","28":"pa_diametro-interno-mm-110-0-fr","29":"pa_diametro-interno-mm-120-0-fr","30":"pa_diametro-interno-mm-127-0-fr","31":"pa_diametro-interno-mm-130-0-fr","32":"pa_diametro-interno-mm-140-0-fr","33":"pa_diametro-interno-mm-152-0-fr","34":"pa_diametro-interno-mm-160-0-fr","35":"pa_diametro-interno-mm-180-0-fr","36":"pa_diametro-interno-mm-203-0-fr","37":"pa_diametro-interno-mm-254-0-fr","38":"pa_diametro-interno-mm-305-0-fr","39":"pa_diametro-interno-mm-356-0-fr","40":"pa_diametro-interno-mm-406-0-fr","41":"pa_diametro-interno-mm-456-0-fr","42":"pa_diametro-interno-mm-500-0-fr","43":"pa_diametro-interno-mm-600-0-fr","44":"pa_diametro-interno-pulg-1-3-4-fr","45":"pa_diametro-interno-pulg-1-5-8-fr","46":"pa_diametro-interno-pulg-10-fr","47":"pa_diametro-interno-pulg-12-fr","48":"pa_diametro-interno-pulg-14-fr","49":"pa_diametro-interno-pulg-16-fr","50":"pa_diametro-interno-pulg-18-fr","51":"pa_diametro-interno-pulg-2-fr","52":"pa_diametro-interno-pulg-2-1-2-fr","53":"pa_diametro-interno-pulg-2-1-4-fr","54":"pa_diametro-interno-pulg-2-3-4-fr","55":"pa_diametro-interno-pulg-20-fr","56":"pa_diametro-interno-pulg-24-fr","57":"pa_diametro-interno-pulg-3-fr","58":"pa_diametro-interno-pulg-3-1-2-fr","59":"pa_diametro-interno-pulg-3-1-8-fr","60":"pa_diametro-interno-pulg-4-fr","61":"pa_diametro-interno-pulg-4-3-4-fr","62":"pa_diametro-interno-pulg-4-5-16-fr","63":"pa_diametro-interno-pulg-5-fr","64":"pa_diametro-interno-pulg-5-1-2-fr","65":"pa_diametro-interno-pulg-5-1-4-fr","66":"pa_diametro-interno-pulg-6-fr","67":"pa_diametro-interno-pulg-6-1-4-fr","68":"pa_diametro-interno-pulg-7-fr","69":"pa_diametro-interno-pulg-8-fr","70":"pa_material-flexible-caoutchouc-thermoplastique-tpv","71":"pa_material-manguera-tpv-fr","72":"pa_opacidad-opaque-fr","73":"pa_presion-rotura-bar-10-0-fr","74":"pa_refuerzo-acier-zingue","75":"pa_resistencia-r-1-propanol-fr","76":"pa_resistencia-r-14-dioxane-fr","77":"pa_resistencia-r-2-ethylhexanol-fr","78":"pa_resistencia-r-2-pilorridone","79":"pa_resistencia-r-24-pentanediol-fr","80":"pa_resistencia-r-acetate-de-butyle","81":"pa_resistencia-r-acido-acetico-10-fr","82":"pa_resistencia-r-acido-acetico-3-fr","83":"pa_resistencia-r-acido-acetico-30-fr","84":"pa_resistencia-r-acido-acetico-5-fr","85":"pa_resistencia-r-acido-acetico-50-fr","86":"pa_resistencia-r-acido-acetico-80-fr","87":"pa_resistencia-r-acido-acetico-conc-fr","88":"pa_resistencia-r-acido-butirico-20-fr","89":"pa_resistencia-r-acido-butirico-conc-fr","90":"pa_resistencia-r-acido-clorhidrico-10-fr","91":"pa_resistencia-r-acido-clorhidrico-20-fr","92":"pa_resistencia-r-acido-clorhidrico-5-fr","93":"pa_resistencia-r-acido-clorhidrico-conc-fr","94":"pa_resistencia-r-acido-formico-10-fr","95":"pa_resistencia-r-acido-formico-20-fr","96":"pa_resistencia-r-acido-formico-25-fr","97":"pa_resistencia-r-acido-formico-85-fr","98":"pa_resistencia-r-acido-formico-conc-fr","99":"pa_resistencia-r-acido-nitrico-10-fr","100":"pa_resistencia-r-acido-nitrico-20-fr","101":"pa_resistencia-r-acido-nitrico-5-fr","102":"pa_resistencia-r-acido-sulfurico-20-fr","103":"pa_resistencia-r-acido-sulfurico-25-fr","104":"pa_resistencia-r-acido-sulfurico-5-fr","105":"pa_resistencia-r-acido-sulfurico-50-fr","106":"pa_resistencia-r-acido-sulfurico-70-fr","107":"pa_resistencia-r-acido-sulfurico-80-fr","108":"pa_resistencia-r-acido-sulfurico-96-fr","109":"pa_resistencia-r-acido-sulfurico-98-fr","110":"pa_resistencia-r-acrylate-dethyle","111":"pa_resistencia-r-acrylonitrile-fr","112":"pa_resistencia-r-adipate-de-dioctyle","113":"pa_resistencia-r-aire-fr","114":"pa_resistencia-r-alcool-allylique-2-propenol-1","115":"pa_resistencia-r-alcool-amylique","116":"pa_resistencia-r-alcool-ethylique-10","117":"pa_resistencia-r-alcool-ethylique-35","118":"pa_resistencia-r-alcool-ethylique-40","119":"pa_resistencia-r-alcool-ethylique-50","120":"pa_resistencia-r-alcool-ethylique-96","121":"pa_resistencia-r-alcool-ethylique-conc-max","122":"pa_resistencia-r-alcool-methylique-5","123":"pa_resistencia-r-alcool-methylique-6","124":"pa_resistencia-r-alcool-methylique-a-50","125":"pa_resistencia-r-alcohol-metilico-max-conc-fr","126":"pa_resistencia-r-amoniaco-liquido-fr","127":"pa_resistencia-r-anilina-fr","128":"pa_resistencia-r-nitrogeno-fr","129":"pa_resistencia-r-caprolactona-fr","130":"pa_resistencia-r-cloroparafinas-c14-c17-fr","131":"pa_resistencia-r-cloruro-de-calcio-20-fr","132":"pa_resistencia-r-cloruro-de-sodio-20-fr","133":"pa_resistencia-r-cloruro-de-zinc-20-fr","134":"pa_resistencia-r-ciclohexanol-fr","135":"pa_resistencia-r-detergentes-concentrados-fr","136":"pa_resistencia-r-dibutileter-fr","137":"pa_resistencia-r-dietilenglicol-fr","138":"pa_resistencia-r-dimetilformaldehido-fr","139":"pa_resistencia-r-dimetil-formamida-fr","140":"pa_resistencia-r-dipropilenglicol-fr","141":"pa_resistencia-r-eau","142":"pa_resistencia-r-eau-de-mer","143":"pa_resistencia-r-eter-dietilico-fr","144":"pa_resistencia-r-glicol-de-etileno-fr","145":"pa_resistencia-r-formamida-fr","146":"pa_resistencia-r-glicerol-fr","147":"pa_resistencia-r-hidroxido-de-amonio-10-fr","148":"pa_resistencia-r-hidroxido-de-amonio-25-fr","149":"pa_resistencia-r-hidroxido-de-amonio-28-fr","150":"pa_resistencia-r-hidroxido-de-amonio-30-fr","151":"pa_resistencia-r-hidroxido-de-amonio-5-fr","152":"pa_resistencia-r-hidroxido-de-amonio-conc-fr","153":"pa_resistencia-r-hidroxido-de-potasio-10-fr","154":"pa_resistencia-r-hidroxido-de-potasio-5-fr","155":"pa_resistencia-r-hidroxido-de-sodio-sosa-20-fr","156":"pa_resistencia-r-hidroxido-de-sodio-sosa-5-fr","157":"pa_resistencia-r-hipoclorito-de-sodio-14-cl2-fr","158":"pa_resistencia-r-fuel-oil-fr","159":"pa_resistencia-r-metacrilato-de-metilo-fr","160":"pa_resistencia-r-oxigeno-fr","161":"pa_resistencia-r-fenol-fr","162":"pa_resistencia-r-piridina-fr","163":"pa_resistencia-r-trimelitato-de-trioctilo-totm-fr","164":"pa_resistente-lr-acetate-dethyle","165":"pa_resistente-lr-acetone-fr","166":"pa_resistente-lr-acetonitrile-fr","167":"pa_resistente-lr-acido-nitrico-30-fr","168":"pa_resistente-lr-acido-nitrico-50-fr","169":"pa_resistente-lr-cloruro-de-acetilo-fr","170":"pa_resistente-lr-disulfuro-de-carbono-fr","171":"pa_resistente-lr-diisopropil-eter-fr","172":"pa_resistente-lr-furano-fr","173":"pa_resistente-lr-huile-animale","174":"pa_resistente-lr-huile-astm-1","175":"pa_resistente-lr-huile-minerale","176":"pa_resistente-lr-yoduro-de-metilo-fr","177":"pa_resistente-lr-metiletilcetona-fr","178":"pa_resistente-lr-oxido-de-propileno-fr","179":"pa_resistente-lr-tetrahidrofurano-fr","180":"pa_resistente-nr-acido-nitrico-70-fr","181":"pa_resistente-nr-acido-nitrico-95-fr","182":"pa_resistente-nr-acido-peracetico-fr","183":"pa_resistente-nr-cloruro-de-etilo-fr","184":"pa_resistente-nr-cloruro-de-metileno-fr","185":"pa_resistente-nr-ciclohexano-fr","186":"pa_resistente-nr-decalina-fr","187":"pa_resistente-nr-dibromo-metano-fr","188":"pa_resistente-nr-diisobutileno-fr","189":"pa_resistente-nr-freon-11-refrigerante-fr","190":"pa_resistente-nr-freon-12-refrigerante-fr","191":"pa_resistente-nr-freon-22-refrigerante-fr","192":"pa_resistente-nr-aceite-de-oliva-fr","193":"pa_resistente-nr-aceite-de-silicona-fr","194":"pa_resistente-nr-aceite-de-transformador-fr","195":"pa_resistente-nr-hidrocarburos-aromaticos-fr","196":"pa_resistente-nr-naftalina-fr","197":"pa_resistente-nr-percloroetileno-fr","198":"pa_resistente-nr-proprionitrilo-fr","199":"pa_resistente-nr-trementina-fr","200":"pa_resistente-nr-tetracloruro-de-carbono-fr","201":"pa_resistente-nr-tricloroetileno-fr","202":"pa_resistente-nr-triclorometano-fr","203":"pa_resistente-nr-xileno-fr","204":"pa_superficie-exterior-rugueux","205":"pa_superficie-interior-rugueux","206":"pa_temperatura-maxima-oc-135c-fr","207":"pa_temperatura-minima-oc-40c-fr","208":"pa_vacio-m-h2o-0-2-fr","209":"pa_vacio-m-h2o-0-3-fr","210":"pa_vacio-m-h2o-0-4-fr","211":"pa_vacio-m-h2o-0-5-fr","212":"pa_vacio-m-h2o-0-7-fr","213":"pa_vacio-m-h2o-0-8-fr","214":"pa_vacio-m-h2o-1-0-fr","215":"pa_vacio-m-h2o-1-2-fr","216":"pa_vacio-m-h2o-1-3-fr","217":"pa_vacio-m-h2o-1-6-fr","218":"pa_vacio-m-h2o-1-7-fr","219":"pa_vacio-m-h2o-2-0-fr","221":"first","222":"instock","223":"shipping-taxable","224":"product-type-variable"},"_links":{"self":[{"href":"https:\/\/www.espiroflex.com\/fr\/wp-json\/wp\/v2\/product\/16857","targetHints":{"allow":["GET"]}}],"collection":[{"href":"https:\/\/www.espiroflex.com\/fr\/wp-json\/wp\/v2\/product"}],"about":[{"href":"https:\/\/www.espiroflex.com\/fr\/wp-json\/wp\/v2\/types\/product"}],"wp:featuredmedia":[{"embeddable":true,"href":"https:\/\/www.espiroflex.com\/fr\/wp-json\/wp\/v2\/media\/5759"}],"wp:attachment":[{"href":"https:\/\/www.espiroflex.com\/fr\/wp-json\/wp\/v2\/media?parent=16857"}],"wp:term":[{"taxonomy":"product_brand","embeddable":true,"href":"https:\/\/www.espiroflex.com\/fr\/wp-json\/wp\/v2\/product_brand?post=16857"},{"taxonomy":"product_cat","embeddable":true,"href":"https:\/\/www.espiroflex.com\/fr\/wp-json\/wp\/v2\/product_cat?post=16857"},{"taxonomy":"product_tag","embeddable":true,"href":"https:\/\/www.espiroflex.com\/fr\/wp-json\/wp\/v2\/product_tag?post=16857"}],"curies":[{"name":"wp","href":"https:\/\/api.w.org\/{rel}","templated":true}]}}