{"id":16696,"date":"2025-07-22T17:28:02","date_gmt":"2025-07-22T15:28:02","guid":{"rendered":"https:\/\/www.espiroflex.com\/\/product\/poliuretano-flex-bs-0-4-et\/"},"modified":"2025-11-14T14:07:35","modified_gmt":"2025-11-14T13:07:35","slug":"poliuretano-flex-bs-0-4-et","status":"publish","type":"product","link":"https:\/\/www.espiroflex.com\/fr\/produit\/poliuretano-flex-bs-0-4-et\/","title":{"rendered":"Poliuretano Flex BS 0.4 ET"},"content":{"rendered":"<p>Tuyau fabriqu\u00e9 en polyur\u00e9thane flexible et transparent, \u00e0 base poly\u00e9ther, avec une spire interne en acier cuivr\u00e9 \u00e0 caract\u00e8re antistatique, adapt\u00e9 aux installations r\u00e9gies par la r\u00e9glementation ATEX, pour l\u2019aspiration de produits \u00e0 faible absorption. Grande flexibilit\u00e9, r\u00e9sistance \u00e0 l\u2019abrasion, \u00e0 l\u2019humidit\u00e9 et aux micro-organismes. Bonne r\u00e9sistance chimique, conform\u00e9ment au tableau de r\u00e9sistances du PU. Le produit sera fourni compact\u00e9.<\/p>\n","protected":false},"excerpt":{"rendered":"<p>Tuyau fabriqu\u00e9 en polyur\u00e9thane flexible et transparent, \u00e0 base poly\u00e9ther, avec une spire interne en acier cuivr\u00e9 \u00e0 caract\u00e8re antistatique, adapt\u00e9 aux installations r\u00e9gies par la r\u00e9glementation ATEX, pour l\u2019aspiration de produits \u00e0 faible absorption. Grande flexibilit\u00e9, r\u00e9sistance \u00e0 l\u2019abrasion, \u00e0 l\u2019humidit\u00e9 et aux micro-organismes. Bonne r\u00e9sistance chimique, conform\u00e9ment au tableau de r\u00e9sistances du PU. Le produit sera fourni compact\u00e9.<\/p>\n","protected":false},"featured_media":5815,"template":"","meta":[],"product_brand":[919],"product_cat":[294,3226,298,281,329,2408,344,272,234,229],"product_tag":[],"class_list":{"0":"post-16696","1":"product","2":"type-product","3":"status-publish","4":"has-post-thumbnail","6":"product_brand-poliuretano","7":"product_cat-aeration-des-fumees-et-des-gaz2","8":"product_cat-air-fr","9":"product_cat-aspiration-abrasive2","10":"product_cat-aspiration-abrasive3","11":"product_cat-bois","12":"product_cat-industrial-3-fr","13":"product_cat-industriel2","14":"product_cat-tuyau-en-pu","15":"product_cat-agricole","16":"product_cat-alimentaire","17":"pa_antiestatico-antistatique","18":"pa_aplicaciones-aspiracion-fr","19":"pa_aplicaciones-granule","20":"pa_aplicaciones-industrial-fr","21":"pa_color-gris-fr","22":"pa_construccion-manguera-polyurethane-avec-spirale-metallique","23":"pa_diametro-interno-mm-40-0-fr","24":"pa_diametro-interno-mm-45-0-fr","25":"pa_diametro-interno-mm-51-0-fr","26":"pa_diametro-interno-mm-60-0-fr","27":"pa_diametro-interno-mm-63-0-fr","28":"pa_diametro-interno-mm-70-0-fr","29":"pa_diametro-interno-mm-76-0-fr","30":"pa_diametro-interno-mm-80-0-fr","31":"pa_diametro-interno-mm-90-0-fr","32":"pa_diametro-interno-mm-102-0-fr","33":"pa_diametro-interno-mm-110-0-fr","34":"pa_diametro-interno-mm-120-0-fr","35":"pa_diametro-interno-mm-127-0-fr","36":"pa_diametro-interno-mm-130-0-fr","37":"pa_diametro-interno-mm-140-0-fr","38":"pa_diametro-interno-mm-152-0-fr","39":"pa_diametro-interno-mm-160-0-fr","40":"pa_diametro-interno-mm-170-0-fr","41":"pa_diametro-interno-mm-180-0-fr","42":"pa_diametro-interno-mm-203-0-fr","43":"pa_diametro-interno-mm-225-0-fr","44":"pa_diametro-interno-mm-254-0-fr","45":"pa_diametro-interno-mm-305-0-fr","46":"pa_diametro-interno-mm-356-0-fr","47":"pa_diametro-interno-mm-406-0-fr","48":"pa_diametro-interno-mm-450-0-fr","49":"pa_diametro-interno-mm-500-0-fr","50":"pa_diametro-interno-mm-600-0-fr","51":"pa_diametro-interno-pulg-1-3-4-fr","52":"pa_diametro-interno-pulg-1-5-8-fr","53":"pa_diametro-interno-pulg-10-fr","54":"pa_diametro-interno-pulg-12-fr","55":"pa_diametro-interno-pulg-14-fr","56":"pa_diametro-interno-pulg-16-fr","57":"pa_diametro-interno-pulg-18-fr","58":"pa_diametro-interno-pulg-2-fr","59":"pa_diametro-interno-pulg-2-1-2-2-fr","60":"pa_diametro-interno-pulg-2-1-32-fr","61":"pa_diametro-interno-pulg-20-fr","62":"pa_diametro-interno-pulg-24-fr","63":"pa_diametro-interno-pulg-3-fr","64":"pa_diametro-interno-pulg-3-1-2-fr","65":"pa_diametro-interno-pulg-3-1-8-fr","66":"pa_diametro-interno-pulg-4-fr","67":"pa_diametro-interno-pulg-4-3-4-fr","68":"pa_diametro-interno-pulg-4-5-16-fr","69":"pa_diametro-interno-pulg-5-fr","70":"pa_diametro-interno-pulg-5-1-2-fr","71":"pa_diametro-interno-pulg-5-1-4-fr","72":"pa_diametro-interno-pulg-6-fr","73":"pa_diametro-interno-pulg-6-1-4-fr","74":"pa_diametro-interno-pulg-6-3-4-fr","75":"pa_diametro-interno-pulg-7-fr","76":"pa_diametro-interno-pulg-8-fr","77":"pa_diametro-interno-pulg-9-fr","78":"pa_material-flexible-polyurethane-fr","79":"pa_material-manguera-tpu-fr","80":"pa_opacidad-transparent-fr","81":"pa_refuerzo-acier-cuivre","82":"pa_resistente-a-la-abrasion-resistant-a-labrasion","83":"pa_superficie-exterior-rugueux","84":"pa_superficie-interior-rugueux","85":"pa_temperatura-maxima-oc-70c-fr","86":"pa_temperatura-minima-oc-20c-fr","87":"pa_vacio-m-h2o-0-5-fr","88":"pa_vacio-m-h2o-1-0-fr","89":"pa_vacio-m-h2o-1-5-fr","90":"pa_vacio-m-h2o-2-0-fr","91":"pa_vacio-m-h2o-3-0-fr","92":"pa_vacio-m-h2o-4-0-fr","93":"pa_vacio-m-h2o-4-5-fr","94":"pa_vacio-m-h2o-5-0-fr","96":"first","97":"instock","98":"shipping-taxable","99":"product-type-variable"},"_links":{"self":[{"href":"https:\/\/www.espiroflex.com\/fr\/wp-json\/wp\/v2\/product\/16696","targetHints":{"allow":["GET"]}}],"collection":[{"href":"https:\/\/www.espiroflex.com\/fr\/wp-json\/wp\/v2\/product"}],"about":[{"href":"https:\/\/www.espiroflex.com\/fr\/wp-json\/wp\/v2\/types\/product"}],"wp:featuredmedia":[{"embeddable":true,"href":"https:\/\/www.espiroflex.com\/fr\/wp-json\/wp\/v2\/media\/5815"}],"wp:attachment":[{"href":"https:\/\/www.espiroflex.com\/fr\/wp-json\/wp\/v2\/media?parent=16696"}],"wp:term":[{"taxonomy":"product_brand","embeddable":true,"href":"https:\/\/www.espiroflex.com\/fr\/wp-json\/wp\/v2\/product_brand?post=16696"},{"taxonomy":"product_cat","embeddable":true,"href":"https:\/\/www.espiroflex.com\/fr\/wp-json\/wp\/v2\/product_cat?post=16696"},{"taxonomy":"product_tag","embeddable":true,"href":"https:\/\/www.espiroflex.com\/fr\/wp-json\/wp\/v2\/product_tag?post=16696"}],"curies":[{"name":"wp","href":"https:\/\/api.w.org\/{rel}","templated":true}]}}