{"id":16642,"date":"2025-07-22T17:28:36","date_gmt":"2025-07-22T15:28:36","guid":{"rendered":"https:\/\/www.espiroflex.com\/\/product\/poliuretano-flex-h-1-1-et\/"},"modified":"2025-11-14T13:54:39","modified_gmt":"2025-11-14T12:54:39","slug":"poliuretano-flex-h-1-1-et","status":"publish","type":"product","link":"https:\/\/www.espiroflex.com\/fr\/produit\/poliuretano-flex-h-1-1-et\/","title":{"rendered":"Poliuretano Flex H 1.1 ET"},"content":{"rendered":"<p>Tuyau fabriqu\u00e9 en polyur\u00e9thane flexible et transparent, \u00e0 base poly\u00e9ther, avec une spire interne en acier cuivr\u00e9 \u00e0 caract\u00e8re antistatique, adapt\u00e9 aux installations r\u00e9gies par la r\u00e9glementation ATEX, pour l\u2019aspiration de produits \u00e0 forte abrasion. Grande r\u00e9sistance \u00e0 l\u2019abrasion, \u00e0 l\u2019humidit\u00e9 et aux micro-organismes. Bonne r\u00e9sistance chimique, conform\u00e9ment au tableau de r\u00e9sistance du PU. Possibilit\u00e9 de fabrication sur base polyester sur demande. Produit livr\u00e9 en rouleaux.<\/p>\n","protected":false},"excerpt":{"rendered":"<p>Tuyau fabriqu\u00e9 en polyur\u00e9thane flexible et transparent, \u00e0 base poly\u00e9ther, avec une spire interne en acier cuivr\u00e9 \u00e0 caract\u00e8re antistatique, adapt\u00e9 aux installations r\u00e9gies par la r\u00e9glementation ATEX, pour l\u2019aspiration de produits \u00e0 forte abrasion. Grande r\u00e9sistance \u00e0 l\u2019abrasion, \u00e0 l\u2019humidit\u00e9 et aux micro-organismes. Bonne r\u00e9sistance chimique, conform\u00e9ment au tableau de r\u00e9sistance du PU. Possibilit\u00e9 de fabrication sur base polyester sur demande. Produit livr\u00e9 en rouleaux.<\/p>\n","protected":false},"featured_media":5831,"template":"","meta":[],"product_brand":[919],"product_cat":[294,3226,281,298,329,2408,344,272,234,229],"product_tag":[],"class_list":{"0":"post-16642","1":"product","2":"type-product","3":"status-publish","4":"has-post-thumbnail","6":"product_brand-poliuretano","7":"product_cat-aeration-des-fumees-et-des-gaz2","8":"product_cat-air-fr","9":"product_cat-aspiration-abrasive3","10":"product_cat-aspiration-abrasive2","11":"product_cat-bois","12":"product_cat-industrial-3-fr","13":"product_cat-industriel2","14":"product_cat-tuyau-en-pu","15":"product_cat-agricole","16":"product_cat-alimentaire","17":"pa_antiestatico-antistatique","18":"pa_aplicaciones-aspiracion-fr","19":"pa_aplicaciones-granule","20":"pa_aplicaciones-industrial-fr","21":"pa_aplicaciones-nourriture","22":"pa_color-gris-fr","23":"pa_construccion-manguera-polyurethane-avec-spirale-metallique","24":"pa_diametro-interno-mm-40-0-fr","25":"pa_diametro-interno-mm-45-0-fr","26":"pa_diametro-interno-mm-51-0-fr","27":"pa_diametro-interno-mm-60-0-fr","28":"pa_diametro-interno-mm-70-0-fr","29":"pa_diametro-interno-mm-76-0-fr","30":"pa_diametro-interno-mm-80-0-fr","31":"pa_diametro-interno-mm-90-0-fr","32":"pa_diametro-interno-mm-102-0-fr","33":"pa_diametro-interno-mm-110-0-fr","34":"pa_diametro-interno-mm-120-0-fr","35":"pa_diametro-interno-mm-127-0-fr","36":"pa_diametro-interno-mm-130-0-fr","37":"pa_diametro-interno-mm-140-0-fr","38":"pa_diametro-interno-mm-152-0-fr","39":"pa_diametro-interno-mm-180-0-fr","40":"pa_diametro-interno-mm-203-0-fr","41":"pa_diametro-interno-mm-225-0-fr","42":"pa_diametro-interno-mm-254-0-fr","43":"pa_diametro-interno-mm-305-0-fr","44":"pa_diametro-interno-mm-356-0-fr","45":"pa_diametro-interno-mm-406-0-fr","46":"pa_diametro-interno-mm-450-0-fr","47":"pa_diametro-interno-mm-500-0-fr","48":"pa_diametro-interno-mm-550-0-fr","49":"pa_diametro-interno-mm-600-0-fr","50":"pa_diametro-interno-pulg-1-3-4-fr","51":"pa_diametro-interno-pulg-1-5-8-fr","52":"pa_diametro-interno-pulg-10-fr","53":"pa_diametro-interno-pulg-12-fr","54":"pa_diametro-interno-pulg-14-fr","55":"pa_diametro-interno-pulg-16-fr","56":"pa_diametro-interno-pulg-18-fr","57":"pa_diametro-interno-pulg-2-fr","58":"pa_diametro-interno-pulg-2-1-4-fr","59":"pa_diametro-interno-pulg-2-3-4-fr","60":"pa_diametro-interno-pulg-20-fr","61":"pa_diametro-interno-pulg-22-fr","62":"pa_diametro-interno-pulg-24-fr","63":"pa_diametro-interno-pulg-3-fr","64":"pa_diametro-interno-pulg-3-1-2-fr","65":"pa_diametro-interno-pulg-3-1-8-fr","66":"pa_diametro-interno-pulg-4-fr","67":"pa_diametro-interno-pulg-4-3-4-fr","68":"pa_diametro-interno-pulg-4-5-16-fr","69":"pa_diametro-interno-pulg-5-fr","70":"pa_diametro-interno-pulg-5-1-2-fr","71":"pa_diametro-interno-pulg-5-1-4-fr","72":"pa_diametro-interno-pulg-6-fr","73":"pa_diametro-interno-pulg-7-fr","74":"pa_diametro-interno-pulg-8-fr","75":"pa_diametro-interno-pulg-9-fr","76":"pa_material-flexible-polyurethane-fr","77":"pa_material-manguera-tpu-fr","78":"pa_opacidad-transparent-fr","79":"pa_refuerzo-acier-cuivre","80":"pa_resistencia-r-acetamide-fr","81":"pa_resistencia-r-acetone-fr","82":"pa_resistencia-r-acido-acetico-3-fr","83":"pa_resistencia-r-acido-borico-5-fr","84":"pa_resistencia-r-acido-carbonico-5-fr","85":"pa_resistencia-r-acido-clorhidrico-5-fr","86":"pa_resistencia-r-acido-cromico-5-fr","87":"pa_resistencia-r-acido-citrico-5-fr","88":"pa_resistencia-r-acido-lactico-sol-acu-10-fr","89":"pa_resistencia-r-acido-sulfurico-5-fr","90":"pa_resistencia-r-aire-fr","91":"pa_resistencia-r-alcool-butylique","92":"pa_resistencia-r-alumbre-fr","93":"pa_resistencia-r-amoniaco-gas-fr","94":"pa_resistencia-r-nitrogeno-fr","95":"pa_resistencia-r-cerveza-fr","96":"pa_resistencia-r-borax-5-fr","97":"pa_resistencia-r-carbonato-calcico-fr","98":"pa_resistencia-r-carbonato-magnesico-fr","99":"pa_resistencia-r-carbonato-de-sodio-fr","100":"pa_resistencia-r-cloruro-de-aluminio-25-fr","101":"pa_resistencia-r-cloruro-de-amonio-25-fr","102":"pa_resistencia-r-cloruro-de-calcio-20-fr","103":"pa_resistencia-r-cloruro-de-calcio-25-fr","104":"pa_resistencia-r-cloruro-de-mercurio-fr","105":"pa_resistencia-r-cloruro-de-potasio-fr","106":"pa_resistencia-r-cloruro-ferrico-fr","107":"pa_resistencia-r-sidra-fr","108":"pa_resistencia-r-nitrato-de-calcio-conc-fr","109":"pa_resistencia-r-cianuro-de-sodio-fr","110":"pa_resistencia-r-detergentes-concentrados-fr","111":"pa_resistencia-r-dicloroetano-fr","112":"pa_resistencia-r-dicromato-de-potasio-40-fr","113":"pa_resistencia-r-dicromato-de-potasio-todas-conc-fr","114":"pa_resistencia-r-gasoleo-y-biodiesel-fr","115":"pa_resistencia-r-dioctilsebacato-fr","116":"pa_resistencia-r-dioxido-de-carbono-fr","117":"pa_resistencia-r-eau","118":"pa_resistencia-r-eau-de-mer","119":"pa_resistencia-r-trementina-fr","120":"pa_resistencia-r-eter-isopropilico-fr","121":"pa_resistencia-r-glicol-de-etileno-fr","122":"pa_resistencia-r-freon-12-refrigerante-fr","123":"pa_resistencia-r-gelatina-fr","124":"pa_resistencia-r-glicerina-fr","125":"pa_resistencia-r-grasas-animales-fr","126":"pa_resistencia-r-grasas-de-litio-sodio-y-calcio-fr","127":"pa_resistencia-r-grasas-de-silicona-fr","128":"pa_resistencia-r-hexano-fr","129":"pa_resistencia-r-huile-astm-1","130":"pa_resistencia-r-huile-astm-2","131":"pa_resistencia-r-huile-astm-3","132":"pa_resistencia-r-huile-de-silicone","133":"pa_resistencia-r-huile-hydraulique","134":"pa_resistencia-r-huiles-vegetales","135":"pa_resistencia-r-hidrogeno-fr","136":"pa_resistencia-r-hidroxido-de-potasio-5-fr","137":"pa_resistencia-r-hidroxido-de-sodio-sosa-5-fr","138":"pa_resistencia-r-lejia-sol-alcalina-fr","139":"pa_resistencia-r-queroseno-fr","140":"pa_resistencia-r-lacas-base-disolvente-fr","141":"pa_resistencia-r-manganato-potasico-fr","142":"pa_resistencia-r-metano-fr","143":"pa_resistencia-r-metiletilcetona-fr","144":"pa_resistencia-r-nitrato-de-amonio-25-fr","145":"pa_resistencia-r-nitrato-de-calcio-50-fr","146":"pa_resistencia-r-nitrato-sodico-fr","147":"pa_resistencia-r-oxalato-de-etilo-fr","148":"pa_resistencia-r-anhidrido-carbonico-fr","149":"pa_resistencia-r-oxidos-sulfurosos-fr","150":"pa_resistencia-r-oxigeno-fr","151":"pa_resistencia-r-ozono-fr","152":"pa_resistencia-r-parafina-fr","153":"pa_resistencia-r-perborato-sodico-fr","154":"pa_resistencia-r-fenilamina-fr","155":"pa_resistencia-r-ftalatos-fr","156":"pa_resistencia-r-plomotetraetilo-fr","157":"pa_resistencia-r-potasio-fr","158":"pa_resistencia-r-silicatos-aluminicos-fr","159":"pa_resistencia-r-silicatos-potasicos-fr","160":"pa_resistencia-r-silicatos-sodicos-fr","161":"pa_resistencia-r-solucion-de-jabon-todas-conc-fr","162":"pa_resistencia-r-azufre-fr","163":"pa_resistencia-r-sulfato-de-cobre-sol-sat-fr","164":"pa_resistencia-r-sulfato-de-potasio-fr","165":"pa_resistencia-r-sulfuro-de-bario-fr","166":"pa_resistencia-r-sulfuro-de-calcio-fr","167":"pa_resistencia-r-sulfuro-ferrico-fr","168":"pa_resistencia-r-trisulfato-de-sodio-fr","169":"pa_resistencia-r-urea-ad-blue-fr","170":"pa_resistente-a-la-abrasion-resistant-a-labrasion","171":"pa_resistente-lr-acido-borico-10-fr","172":"pa_resistente-lr-acido-clorhidrico-10-fr","173":"pa_resistente-lr-acido-nitrico-5-fr","174":"pa_resistente-lr-alcool-ethylique-50","175":"pa_resistente-lr-alcool-isobutylique","176":"pa_resistente-lr-alcool-isopropylique","177":"pa_resistente-lr-anhydride-sulfureux","178":"pa_resistente-lr-butilamina-fr","179":"pa_resistente-lr-cloruro-de-sodio-25-fr","180":"pa_resistente-lr-ciclohexano-fr","181":"pa_resistente-lr-dietilenglicol-fr","182":"pa_resistente-lr-white-spirit-fr","183":"pa_resistente-lr-gasolina-fr","184":"pa_resistente-lr-etano-fr","185":"pa_resistente-lr-formaldehido-20-fr","186":"pa_resistente-lr-formaldehido-30-fr","187":"pa_resistente-lr-gas-natural-fr","188":"pa_resistente-lr-glicoles-fr","189":"pa_resistente-lr-petroleo-fr","190":"pa_resistente-lr-huiles-lubrifiantes-petrole","191":"pa_resistente-lr-hidroxido-de-sodio-sosa-10-fr","192":"pa_resistente-lr-hipoclorito-de-calcio-fr","193":"pa_resistente-lr-fuel-oil-fr","194":"pa_resistente-lr-nafta-fr","195":"pa_resistente-lr-permanganatos-potasico-10-fr","196":"pa_resistente-lr-peroxido-de-hidrogeno-30-vol-fr","197":"pa_resistente-nr-acetaldehido-fr","198":"pa_resistente-nr-acetatos-de-alquilo-fr","199":"pa_resistente-nr-acido-acetico-50-fr","200":"pa_resistente-nr-acido-acetico-30-fr","201":"pa_resistente-nr-acido-acetico-80-fr","202":"pa_resistente-nr-acido-acetico-conc-fr","203":"pa_resistente-nr-acido-bromhidrico-sol-acu-50-fr","204":"pa_resistente-nr-acido-clorhidrico-20-fr","205":"pa_resistente-nr-acido-clorhidrico-22-fr","206":"pa_resistente-nr-acido-clorhidrico-conc-fr","207":"pa_resistente-nr-acido-fluorhidrico-20-fr","208":"pa_resistente-nr-acido-fluorhidrico-30-fr","209":"pa_resistente-nr-acido-fluorhidrico-40-fr","210":"pa_resistente-nr-acido-fluorhidrico-60-fr","211":"pa_resistente-nr-acido-formico-10-fr","212":"pa_resistente-nr-acido-formico-20-fr","213":"pa_resistente-nr-acido-formico-25-fr","214":"pa_resistente-nr-acido-formico-85-fr","215":"pa_resistente-nr-acido-formico-conc-fr","216":"pa_resistente-nr-acido-nitrico-10-fr","217":"pa_resistente-nr-acido-nitrico-20-fr","218":"pa_resistente-nr-acido-nitrico-30-fr","219":"pa_resistente-nr-acido-nitrico-50-fr","220":"pa_resistente-nr-acido-nitrico-70-fr","221":"pa_resistente-nr-acido-nitrico-95-fr","222":"pa_resistente-nr-acido-oleico-fr","223":"pa_resistente-nr-acido-oxalico-fr","224":"pa_resistente-nr-acido-peracetico-fr","225":"pa_resistente-nr-acido-ftalico-fr","226":"pa_resistente-nr-acido-sulfurico-20-fr","227":"pa_resistente-nr-acido-sulfurico-25-fr","228":"pa_resistente-nr-acido-sulfurico-50-fr","229":"pa_resistente-nr-acido-sulfurico-70-fr","230":"pa_resistente-nr-acido-sulfurico-80-fr","231":"pa_resistente-nr-acido-sulfurico-96-fr","232":"pa_resistente-nr-acido-sulfurico-98-fr","233":"pa_resistente-nr-acido-sulfurico-conc-fuming-fr","234":"pa_resistente-nr-alcohol-etilico-96-fr","235":"pa_resistente-nr-alcohol-etilico-max-conc-fr","236":"pa_resistente-nr-alcohol-metilico-6-fr","237":"pa_resistente-nr-aldehidos-fr","238":"pa_resistente-nr-anhidrido-acetico-fr","239":"pa_resistente-nr-benzaldehido-fr","240":"pa_resistente-nr-bisulfato-calcico-fr","241":"pa_resistente-nr-bisulfato-sodico-fr","242":"pa_resistente-nr-bromo-fr","243":"pa_resistente-nr-bromuro-de-alquilo-fr","244":"pa_resistente-nr-cetonas-fr","245":"pa_resistente-nr-cloro-100-gas-seco-fr","246":"pa_resistente-nr-cloro-humedo-fr","247":"pa_resistente-nr-cloruro-de-metilo-fr","248":"pa_resistente-nr-cloruro-de-metileno-fr","249":"pa_resistente-nr-cresol-fr","250":"pa_resistente-nr-cicloalcoholes-fr","251":"pa_resistente-nr-ciclohexanol-fr","252":"pa_resistente-nr-cicloalcanos-fr","253":"pa_resistente-nr-ciclocetonas-fr","254":"pa_resistente-nr-ciclohexanona-fr","255":"pa_resistente-nr-dietilamina-fr","256":"pa_resistente-nr-dimetil-formamida-fr","257":"pa_resistente-nr-eter-de-dietilo-fr","258":"pa_resistente-nr-eter-etilico-fr","259":"pa_resistente-nr-formaldehido-37-fr","260":"pa_resistente-nr-formaldehido-40-fr","261":"pa_resistente-nr-freon-11-refrigerante-fr","262":"pa_resistente-nr-freon-22-refrigerante-fr","263":"pa_resistente-nr-aceite-animal-fr","264":"pa_resistente-nr-hidracina-fr","265":"pa_resistente-nr-hidroquinona-fr","266":"pa_resistente-nr-hidroxido-de-sodio-sosa-20-fr","267":"pa_resistente-nr-hidroxido-de-sodio-sosa-50-fr","268":"pa_resistente-nr-hidroxido-de-sodio-sosa-conc-fr","269":"pa_resistente-nr-hipoclorito-de-sodio-14-cl2-fr","270":"pa_resistente-nr-hipoclorito-de-sodio-15-cl2-fr","271":"pa_resistente-nr-nitrito-sodico-fr","272":"pa_resistente-nr-oleum-fr","273":"pa_resistente-nr-pentano-fr","274":"pa_resistente-nr-percloroetileno-fr","275":"pa_resistente-nr-fenol-fr","276":"pa_resistente-nr-resina-epoxidica-fr","277":"pa_resistente-nr-jabones-liquidos-fr","278":"pa_resistente-nr-sebacato-de-dioctilo-fr","279":"pa_resistente-nr-silicona-fr","280":"pa_resistente-nr-sulfato-de-aluminio-fr","281":"pa_resistente-nr-sulfato-de-amonio-sol-sat-fr","282":"pa_resistente-nr-tanino-fr","283":"pa_resistente-nr-tetracloruro-de-carbono2-fr","284":"pa_resistente-nr-tetrahidrofurano-fr","285":"pa_resistente-nr-tolueno-fr","286":"pa_resistente-nr-trietanolamina-fr","287":"pa_resistente-nr-urea-30-fr","288":"pa_resistente-nr-xileno-fr","289":"pa_resistente-sr-huile-de-graines","290":"pa_resistente-sr-huile-minerale","291":"pa_resistente-sr-vins","292":"pa_resistente-sr-whisky-fr","293":"pa_superficie-exterior-rugueux","294":"pa_superficie-interior-rugueux","295":"pa_temperatura-maxima-oc-80c-fr","296":"pa_temperatura-minima-oc-30c-fr","297":"pa_vacio-m-h2o-0-7-fr","298":"pa_vacio-m-h2o-0-8-fr","299":"pa_vacio-m-h2o-1-0-fr","300":"pa_vacio-m-h2o-1-5-fr","301":"pa_vacio-m-h2o-1-8-fr","302":"pa_vacio-m-h2o-2-0-fr","303":"pa_vacio-m-h2o-2-5-fr","304":"pa_vacio-m-h2o-3-0-fr","305":"pa_vacio-m-h2o-3-5-fr","306":"pa_vacio-m-h2o-4-0-fr","307":"pa_vacio-m-h2o-4-5-fr","308":"pa_vacio-m-h2o-5-0-fr","309":"pa_vacio-m-h2o-5-5-fr","310":"pa_vacio-m-h2o-6-0-fr","312":"first","313":"instock","314":"shipping-taxable","315":"product-type-variable"},"_links":{"self":[{"href":"https:\/\/www.espiroflex.com\/fr\/wp-json\/wp\/v2\/product\/16642","targetHints":{"allow":["GET"]}}],"collection":[{"href":"https:\/\/www.espiroflex.com\/fr\/wp-json\/wp\/v2\/product"}],"about":[{"href":"https:\/\/www.espiroflex.com\/fr\/wp-json\/wp\/v2\/types\/product"}],"wp:featuredmedia":[{"embeddable":true,"href":"https:\/\/www.espiroflex.com\/fr\/wp-json\/wp\/v2\/media\/5831"}],"wp:attachment":[{"href":"https:\/\/www.espiroflex.com\/fr\/wp-json\/wp\/v2\/media?parent=16642"}],"wp:term":[{"taxonomy":"product_brand","embeddable":true,"href":"https:\/\/www.espiroflex.com\/fr\/wp-json\/wp\/v2\/product_brand?post=16642"},{"taxonomy":"product_cat","embeddable":true,"href":"https:\/\/www.espiroflex.com\/fr\/wp-json\/wp\/v2\/product_cat?post=16642"},{"taxonomy":"product_tag","embeddable":true,"href":"https:\/\/www.espiroflex.com\/fr\/wp-json\/wp\/v2\/product_tag?post=16642"}],"curies":[{"name":"wp","href":"https:\/\/api.w.org\/{rel}","templated":true}]}}