{"id":16375,"date":"2025-07-22T18:35:25","date_gmt":"2025-07-22T16:35:25","guid":{"rendered":"https:\/\/www.espiroflex.com\/\/product\/transvin-phthalates-free-sliding\/"},"modified":"2025-11-14T21:34:33","modified_gmt":"2025-11-14T20:34:33","slug":"transvin-phthalates-free-sliding","status":"publish","type":"product","link":"https:\/\/www.espiroflex.com\/fr\/produit\/transvin-phthalates-free-sliding\/","title":{"rendered":"Transvin Phthalates Free Sliding"},"content":{"rendered":"<p>Un tuyau en PVC sans phtalates, pour transf\u00e9rer et transporter du vin et tous les types de liquides alimentaires alcoolis\u00e9s \u00e0 50 \u00b0, ainsi que les produits laitiers et leurs d\u00e9riv\u00e9s. Fabriqu\u00e9 en vertu de la l\u00e9gislation europ\u00e9enne des mati\u00e8res premi\u00e8res pour une utilisation alimentaire non grave. \u00c0 l&rsquo;ext\u00e9rieur du tuyau ondul\u00e9 avec une spirale coulissante rigide pour faciliter la tra\u00een\u00e9e.<\/p>\n","protected":false},"excerpt":{"rendered":"<p>Un tuyau en PVC sans phtalates, pour transf\u00e9rer et transporter du vin et tous les types de liquides alimentaires alcoolis\u00e9s \u00e0 50 \u00b0, ainsi que les produits laitiers et leurs d\u00e9riv\u00e9s. Fabriqu\u00e9 en vertu de la l\u00e9gislation europ\u00e9enne des mati\u00e8res premi\u00e8res pour une utilisation alimentaire non grave. \u00c0 l&rsquo;ext\u00e9rieur du tuyau ondul\u00e9 avec une spirale coulissante rigide pour faciliter la tra\u00een\u00e9e.<\/p>\n","protected":false},"featured_media":6019,"template":"","meta":[],"product_brand":[967],"product_cat":[292,2408,344,285,245,234,229],"product_tag":[],"class_list":{"0":"post-16375","1":"product","2":"type-product","3":"status-publish","4":"has-post-thumbnail","6":"product_brand-transvin","7":"product_cat-aspiration-de-liquide2","8":"product_cat-industrial-3-fr","9":"product_cat-industriel2","10":"product_cat-tuyau-en-pvc","11":"product_cat-aspiration-de-liquide","12":"product_cat-agricole","13":"product_cat-alimentaire","14":"pa_aplicaciones-nourriture","15":"pa_aplicaciones-petrolier","16":"pa_aplicaciones-transport-de-produits-laitiers","17":"pa_aplicaciones-transport-du-vin","18":"pa_color-rouge","19":"pa_construccion-manguera-spirale","20":"pa_diametro-interno-mm-25-0-fr","21":"pa_diametro-interno-mm-30-0-fr","22":"pa_diametro-interno-mm-32-0-fr","23":"pa_diametro-interno-mm-35-0-fr","24":"pa_diametro-interno-mm-38-0-fr","25":"pa_diametro-interno-mm-40-0-fr","26":"pa_diametro-interno-mm-45-0-fr","27":"pa_diametro-interno-mm-51-0-fr","28":"pa_diametro-interno-mm-55-0-fr","29":"pa_diametro-interno-mm-60-0-fr","30":"pa_diametro-interno-mm-63-0-fr","31":"pa_diametro-interno-mm-70-0-fr","32":"pa_diametro-interno-mm-76-0-fr","33":"pa_diametro-interno-mm-80-0-fr","34":"pa_diametro-interno-mm-90-0-fr","35":"pa_diametro-interno-mm-102-0-fr","36":"pa_diametro-interno-mm-110-0-fr","37":"pa_diametro-interno-mm-120-0-fr","38":"pa_diametro-interno-mm-127-0-fr","39":"pa_diametro-interno-mm-152-0-fr","40":"pa_diametro-interno-pulg-1-fr","41":"pa_diametro-interno-pulg-1-1-2-fr","42":"pa_diametro-interno-pulg-1-1-4-fr","43":"pa_diametro-interno-pulg-1-1-8-fr","44":"pa_diametro-interno-pulg-1-3-4-fr","45":"pa_diametro-interno-pulg-1-3-8-fr","46":"pa_diametro-interno-pulg-1-5-8-fr","47":"pa_diametro-interno-pulg-2-fr","48":"pa_diametro-interno-pulg-2-1-2-fr","49":"pa_diametro-interno-pulg-2-1-32-fr","50":"pa_diametro-interno-pulg-2-1-8-fr","51":"pa_diametro-interno-pulg-2-3-4-fr","52":"pa_diametro-interno-pulg-3-fr","53":"pa_diametro-interno-pulg-3-1-2-fr","54":"pa_diametro-interno-pulg-3-1-8-fr","55":"pa_diametro-interno-pulg-4-fr","56":"pa_diametro-interno-pulg-4-3-4-fr","57":"pa_diametro-interno-pulg-4-5-16-fr","58":"pa_diametro-interno-pulg-5-fr","59":"pa_diametro-interno-pulg-6-fr","60":"pa_espesor-total-de-pared-mm-3-5-fr","61":"pa_espesor-total-de-pared-mm-4-0-fr","62":"pa_espesor-total-de-pared-mm-4-2-fr","63":"pa_espesor-total-de-pared-mm-4-3-fr","64":"pa_espesor-total-de-pared-mm-4-5-fr","65":"pa_espesor-total-de-pared-mm-5-0-fr","66":"pa_espesor-total-de-pared-mm-5-2-fr","67":"pa_espesor-total-de-pared-mm-5-6-fr","68":"pa_espesor-total-de-pared-mm-5-8-fr","69":"pa_espesor-total-de-pared-mm-6-0-fr","70":"pa_espesor-total-de-pared-mm-6-5-fr","71":"pa_espesor-total-de-pared-mm-7-0-fr","72":"pa_espesor-total-de-pared-mm-7-3-fr","73":"pa_espesor-total-de-pared-mm-7-4-fr","74":"pa_espesor-total-de-pared-mm-7-6-fr","75":"pa_espesor-total-de-pared-mm-8-5-fr","76":"pa_material-flexible-pvc-flexible-fr","77":"pa_material-manguera-pvc-fr","78":"pa_opacidad-transparent-fr","79":"pa_presion-rotura-bar-12-0-fr","80":"pa_presion-rotura-bar-15-0-fr","81":"pa_presion-rotura-bar-18-0-fr","82":"pa_presion-rotura-bar-21-0-fr","83":"pa_presion-rotura-bar-24-0-fr","84":"pa_presion-rotura-bar-9-0-fr","85":"pa_refuerzo-pvc-rigido-fr","86":"pa_resistencia-r-acetate-daluminium","87":"pa_resistencia-r-acetate-de-calcium","88":"pa_resistencia-r-acetate-de-sodium","89":"pa_resistencia-r-acido-acetico-10-fr","90":"pa_resistencia-r-acido-acetico-3-fr","91":"pa_resistencia-r-acido-acetico-5-fr","92":"pa_resistencia-r-acido-adipico-fr","93":"pa_resistencia-r-acido-borico-10-fr","94":"pa_resistencia-r-acido-borico-5-fr","95":"pa_resistencia-r-acido-borico-conc-fr","96":"pa_resistencia-r-acido-bromhidrico-sol-acu-30-fr","97":"pa_resistencia-r-acido-bromhidrico-sol-acu-50-fr","98":"pa_resistencia-r-acido-butirico-20-fr","99":"pa_resistencia-r-acido-carbonico-5-fr","100":"pa_resistencia-r-acido-carbonico-conc-fr","101":"pa_resistencia-r-acido-clorhidrico-10-fr","102":"pa_resistencia-r-acido-clorhidrico-20-fr","103":"pa_resistencia-r-acido-clorhidrico-22-fr","104":"pa_resistencia-r-acido-clorhidrico-5-fr","105":"pa_resistencia-r-acido-clorhidrico-conc-fr","106":"pa_resistencia-r-acido-cromico-5-fr","107":"pa_resistencia-r-acido-citrico-5-fr","108":"pa_resistencia-r-acido-fluorhidrico-4-fr","109":"pa_resistencia-r-acido-hiplocoroso-20-fr","110":"pa_resistencia-r-acido-hiplocoroso-sol-acu-conc-fr","111":"pa_resistencia-r-acido-lactico-sol-acu-10-fr","112":"pa_resistencia-r-acido-lactico-sol-acu-3-fr","113":"pa_resistencia-r-acido-nitrico-10-fr","114":"pa_resistencia-r-acido-nitrico-20-fr","115":"pa_resistencia-r-acido-nitrico-30-fr","116":"pa_resistencia-r-acido-nitrico-5-fr","117":"pa_resistencia-r-acido-nitrico-50-fr","118":"pa_resistencia-r-acido-oxalico-fr","119":"pa_resistencia-r-acido-fosforico-20-fr","120":"pa_resistencia-r-acido-fosforico-30-fr","121":"pa_resistencia-r-acido-fosforico-5-fr","122":"pa_resistencia-r-acido-estearico-fr","123":"pa_resistencia-r-acido-sulfurico-20-fr","124":"pa_resistencia-r-acido-sulfurico-25-fr","125":"pa_resistencia-r-acido-sulfurico-5-fr","126":"pa_resistencia-r-acidos-grasos-c6-fr","127":"pa_resistencia-r-aire-fr","128":"pa_resistencia-r-alcool-amylique","129":"pa_resistencia-r-alcool-ethylique-10","130":"pa_resistencia-r-alcool-ethylique-35","131":"pa_resistencia-r-alcool-ethylique-40","132":"pa_resistencia-r-alcool-isobutylique","133":"pa_resistencia-r-alcool-isopropylique","134":"pa_resistencia-r-alcool-methylique-5","135":"pa_resistencia-r-alcool-methylique-6","136":"pa_resistencia-r-alumbre-fr","137":"pa_resistencia-r-anhidrido-sulfuroso-fr","138":"pa_resistencia-r-nitrogeno-fr","139":"pa_resistencia-r-cerveza-fr","140":"pa_resistencia-r-bisulfato-calcico-fr","141":"pa_resistencia-r-bisulfato-sodico-fr","142":"pa_resistencia-r-bisulfatos-y-bisulfatos-met-fr","143":"pa_resistencia-r-borax-5-fr","144":"pa_resistencia-r-borax-conc-fr","145":"pa_resistencia-r-carbonato-de-amonio-fr","146":"pa_resistencia-r-carbonato-calcico-fr","147":"pa_resistencia-r-carbonato-magnesico-fr","148":"pa_resistencia-r-carbonato-de-sodio-fr","149":"pa_resistencia-r-caseina-fr","150":"pa_resistencia-r-cloruro-de-calcio-20-fr","151":"pa_resistencia-r-cloruro-de-calcio-25-fr","152":"pa_resistencia-r-cloruro-de-sodio-20-fr","153":"pa_resistencia-r-cloruro-de-sodio-25-fr","154":"pa_resistencia-r-cloruro-de-sodio-conc-fr","155":"pa_resistencia-r-cloruro-de-zinc-20-fr","156":"pa_resistencia-r-cloruro-de-zinc-conc-fr","157":"pa_resistencia-r-cloruro-ferrico-fr","158":"pa_resistencia-r-sidra-fr","159":"pa_resistencia-r-cianuro-de-sodio-fr","160":"pa_resistencia-r-detergentes-concentrados-fr","161":"pa_resistencia-r-dextrina-fr","162":"pa_resistencia-r-dextrosa-fr","163":"pa_resistencia-r-dicromato-de-potasio-40-fr","164":"pa_resistencia-r-dicromato-de-potasio-todas-conc-fr","165":"pa_resistencia-r-dioxido-de-carbono-fr","166":"pa_resistencia-r-dodecanol-fr","167":"pa_resistencia-r-eau","168":"pa_resistencia-r-eau-de-mer","169":"pa_resistencia-r-emulsionantes-fr","170":"pa_resistencia-r-glicol-de-etileno-fr","171":"pa_resistencia-r-formaldehido-30-fr","172":"pa_resistencia-r-formaldehido-37-fr","173":"pa_resistencia-r-fructosa-fr","174":"pa_resistencia-r-sulfuro-de-hidrogeno-gaseoso-fr","175":"pa_resistencia-r-glicerina-fr","176":"pa_resistencia-r-glicerol-fr","177":"pa_resistencia-r-hidroquinona-fr","178":"pa_resistencia-r-hidroxido-de-aluminio-fr","179":"pa_resistencia-r-hidroxido-de-amonio-10-fr","180":"pa_resistencia-r-hidroxido-de-amonio-25-fr","181":"pa_resistencia-r-hidroxido-de-amonio-28-fr","182":"pa_resistencia-r-hidroxido-de-amonio-5-fr","183":"pa_resistencia-r-hidroxido-de-calcio-fr","184":"pa_resistencia-r-hidroxido-de-potasio-10-fr","185":"pa_resistencia-r-hidroxido-de-potasio-5-fr","186":"pa_resistencia-r-hidroxido-de-potasio-50-fr","187":"pa_resistencia-r-hidroxido-de-potasio-conc-fr","188":"pa_resistencia-r-hidroxido-de-sodio-sosa-10-fr","189":"pa_resistencia-r-hidroxido-de-sodio-sosa-20-fr","190":"pa_resistencia-r-hidroxido-de-sodio-sosa-5-fr","191":"pa_resistencia-r-hipoclorito-de-calcio-fr","192":"pa_resistencia-r-hipoclorito-de-sodio-14-cl2-fr","193":"pa_resistencia-r-hipoclorito-de-sodio-15-cl2-fr","194":"pa_resistencia-r-lanolina-fr","195":"pa_resistencia-r-manganato-potasico-fr","196":"pa_resistencia-r-nitrato-de-amonio-25-fr","197":"pa_resistencia-r-nitrato-sodico-fr","198":"pa_resistencia-r-anhidrido-carbonico-fr","199":"pa_resistencia-r-oxidos-sulfurosos-fr","200":"pa_resistencia-r-oxigeno-fr","201":"pa_resistencia-r-parafina-fr","202":"pa_resistencia-r-perborato-sodico-fr","203":"pa_resistencia-r-permanganatos-potasico-10-fr","204":"pa_resistencia-r-peroxido-de-hidrogeno-30-vol-fr","205":"pa_resistencia-r-persulfato-de-amonio-fr","206":"pa_resistencia-r-plomotetraetilo-fr","207":"pa_resistencia-r-potasio-fr","208":"pa_resistencia-r-jabones-liquidos-fr","209":"pa_resistencia-r-silicatos-aluminicos-fr","210":"pa_resistencia-r-silicatos-potasicos-fr","211":"pa_resistencia-r-silicatos-sodicos-fr","212":"pa_resistencia-r-cloruro-de-calcio-sol-sat-fr","213":"pa_resistencia-r-nitrato-de-amonio-sol-sat-fr","214":"pa_resistencia-r-hipoclorito-de-sodio-sol-sat-fr","215":"pa_resistencia-r-azufre-fr","216":"pa_resistencia-r-sulfuro-de-amonio-fr","217":"pa_resistencia-r-sulfuro-de-bario-fr","218":"pa_resistencia-r-sulfuro-ferrico-fr","219":"pa_resistencia-r-tanino-fr","220":"pa_resistencia-r-tricloruro-de-antimonio-fr","221":"pa_resistencia-r-vinagre-fr","222":"pa_resistencia-r-vinos-fr","223":"pa_resistente-lr-acido-acetico-30-fr","224":"pa_resistente-lr-acido-acetico-50-fr","225":"pa_resistente-lr-acido-acetico-80-fr","226":"pa_resistente-lr-acido-benzoico-fr","227":"pa_resistente-lr-acido-cromico-10-fr","228":"pa_resistente-lr-acido-fluorhidrico-20-fr","229":"pa_resistente-lr-acido-fluorhidrico-30-fr","230":"pa_resistente-lr-acido-formico-10-fr","231":"pa_resistente-lr-acido-formico-20-fr","232":"pa_resistente-lr-acido-sulfurico-50-fr","233":"pa_resistente-lr-alcool-butylique","234":"pa_resistente-lr-formaldehido-40-fr","235":"pa_resistente-lr-gas-licuado-de-petroleo-glp-fr","236":"pa_resistente-lr-huile-astm-2","237":"pa_resistente-lr-aceite-astm-2-fr","238":"pa_resistente-lr-huile-de-graines","239":"pa_resistente-lr-ozono-fr","240":"pa_resistente-nr-acetaldehido-fr","241":"pa_resistente-nr-acetato-de-amilo-fr","242":"pa_resistente-nr-acetato-de-etilo-fr","243":"pa_resistente-nr-acetatos-de-alquilo-fr","244":"pa_resistente-nr-acetona-fr","245":"pa_resistente-nr-acetonitrilo-fr","246":"pa_resistente-nr-acido-acetico-conc-fr","247":"pa_resistente-nr-acido-cloroacetico-fr","248":"pa_resistente-nr-acido-clorosulfonico-conc-fr","249":"pa_resistente-nr-acido-fluorhidrico-40-fr","250":"pa_resistente-nr-acido-fluorhidrico-60-fr","251":"pa_resistente-nr-acido-formico-25-fr","252":"pa_resistente-nr-acido-formico-85-fr","253":"pa_resistente-nr-acido-formico-conc-fr","254":"pa_resistente-nr-acido-nitrico-70-fr","255":"pa_resistente-nr-acido-nitrico-95-fr","256":"pa_resistente-nr-acido-oleico-fr","257":"pa_resistente-nr-acido-peracetico-fr","258":"pa_resistente-nr-acido-ftalico-fr","259":"pa_resistente-nr-acido-sulfurico-70-fr","260":"pa_resistente-nr-acido-sulfurico-80-fr","261":"pa_resistente-nr-acido-sulfurico-96-fr","262":"pa_resistente-nr-acido-sulfurico-98-fr","263":"pa_resistente-nr-acido-sulfurico-conc-fuming-fr","264":"pa_resistente-nr-acrilato-de-etilo-fr","265":"pa_resistente-nr-alcohol-alilico-2-propenol-1-fr","266":"pa_resistente-nr-alcohol-bencilico-fr","267":"pa_resistente-nr-alcohol-etilico-96-fr","268":"pa_resistente-nr-alcohol-etilico-max-conc-fr","269":"pa_resistente-nr-aldehidos-fr","270":"pa_resistente-nr-amoniaco-gas-fr","271":"pa_resistente-nr-anhidrido-acetico-fr","272":"pa_resistente-nr-benzaldehido-fr","273":"pa_resistente-nr-benceno-fr","274":"pa_resistente-nr-bromo-fr","275":"pa_resistente-nr-bromuro-de-alquilo-fr","276":"pa_resistente-nr-bromuro-de-etileno-fr","277":"pa_resistente-nr-butanodiol-100-fr","278":"pa_resistente-nr-cetonas-fr","279":"pa_resistente-nr-cloro-100-gas-seco-fr","280":"pa_resistente-nr-cloroformo-fr","281":"pa_resistente-nr-cloroparafinas-c14-c17-fr","282":"pa_resistente-nr-cloruro-de-mercurio-fr","283":"pa_resistente-nr-cresol-fr","284":"pa_resistente-nr-cicloalcoholes-fr","285":"pa_resistente-nr-cicloalcanos-fr","286":"pa_resistente-nr-ciclocetonas-fr","287":"pa_resistente-nr-ciclohexano-fr","288":"pa_resistente-nr-ciclohexanona-fr","289":"pa_resistente-nr-dietilcetona-fr","290":"pa_resistente-nr-dimetil-formamida-fr","291":"pa_resistente-nr-dioxano-fr","292":"pa_resistente-nr-white-spirit-fr","293":"pa_resistente-nr-esteres-alifaticos-fr","294":"pa_resistente-nr-fluoruro-fr","295":"pa_resistente-nr-fuel-oil-fr","296":"pa_resistente-nr-gasoleo-y-biodiesel-fr","297":"pa_resistente-nr-hexano-fr","298":"pa_resistente-nr-aceite-astm-3-fr","299":"pa_resistente-nr-aceite-mineral-fr","300":"pa_resistente-nr-aceites-lubricantes-petroleo-fr","301":"pa_resistente-nr-hidracina-fr","302":"pa_resistente-nr-hidrocarburos-aromaticos-fr","303":"pa_resistente-nr-queroseno-fr","304":"pa_resistente-nr-nitrito-sodico-fr","305":"pa_resistente-nr-sebacato-de-dioctilo-fr","306":"pa_resistente-nr-silicona-fr","307":"pa_resistente-nr-disolventes-clorados-fr","308":"pa_resistente-nr-tetracloruro-de-carbono2-fr","309":"pa_resistente-nr-trimelitato-de-trioctilo-totm-fr","310":"pa_resistente-nr-urea-ad-blue-fr","311":"pa_resistente-nr-urea-30-fr","312":"pa_resistente-sr-alcool-ethylique-50","313":"pa_resistente-sr-phtalates","314":"pa_resistente-sr-whisky-fr","315":"pa_superficie-exterior-rugueux","316":"pa_superficie-interior-lisse","317":"pa_temperatura-maxima-oc-60c-fr","318":"pa_temperatura-minima-oc-10c-fr","319":"pa_vacio-m-h2o-9-0-fr","321":"first","322":"instock","323":"shipping-taxable","324":"product-type-variable"},"_links":{"self":[{"href":"https:\/\/www.espiroflex.com\/fr\/wp-json\/wp\/v2\/product\/16375","targetHints":{"allow":["GET"]}}],"collection":[{"href":"https:\/\/www.espiroflex.com\/fr\/wp-json\/wp\/v2\/product"}],"about":[{"href":"https:\/\/www.espiroflex.com\/fr\/wp-json\/wp\/v2\/types\/product"}],"wp:featuredmedia":[{"embeddable":true,"href":"https:\/\/www.espiroflex.com\/fr\/wp-json\/wp\/v2\/media\/6019"}],"wp:attachment":[{"href":"https:\/\/www.espiroflex.com\/fr\/wp-json\/wp\/v2\/media?parent=16375"}],"wp:term":[{"taxonomy":"product_brand","embeddable":true,"href":"https:\/\/www.espiroflex.com\/fr\/wp-json\/wp\/v2\/product_brand?post=16375"},{"taxonomy":"product_cat","embeddable":true,"href":"https:\/\/www.espiroflex.com\/fr\/wp-json\/wp\/v2\/product_cat?post=16375"},{"taxonomy":"product_tag","embeddable":true,"href":"https:\/\/www.espiroflex.com\/fr\/wp-json\/wp\/v2\/product_tag?post=16375"}],"curies":[{"name":"wp","href":"https:\/\/api.w.org\/{rel}","templated":true}]}}