{"id":16276,"date":"2025-07-22T18:36:33","date_gmt":"2025-07-22T16:36:33","guid":{"rendered":"https:\/\/www.espiroflex.com\/\/product\/transfort-superflex-phthalates-free-antiestatico\/"},"modified":"2025-11-26T12:24:55","modified_gmt":"2025-11-26T11:24:55","slug":"transfort-superflex-phthalates-free-antiestatico","status":"publish","type":"product","link":"https:\/\/www.espiroflex.com\/fr\/produit\/transfort-superflex-phthalates-free-antiestatico\/","title":{"rendered":"Transfort Superflex Antistatique"},"content":{"rendered":"<p>Tuyau de grande flexibilit\u00e9 pour l&rsquo;irrigation industrielle et les citernes mobiles. Sp\u00e9cialement recommand\u00e9 pour les installations \u00e0 basses temp\u00e9ratures. Utilisation pour le pompage par aspiration et refoulement de lisiers (ou purins) et de produits avec un indice d&rsquo;agressivit\u00e9 \u00e9lev\u00e9. Convient pour des temp\u00e9ratures allant jusqu&rsquo;\u00e0 <span class=\"math-inline\" data-math=\"-40\\text{\u00b0C}\">-40\u00b0C<\/span>.<\/p>\n","protected":false},"excerpt":{"rendered":"<p>Tuyau de grande flexibilit\u00e9 pour l&rsquo;irrigation industrielle et les citernes mobiles. Sp\u00e9cialement recommand\u00e9 pour les installations \u00e0 basses temp\u00e9ratures. Utilisation pour le pompage par aspiration et refoulement de lisiers (ou purins) et de produits avec un indice d&rsquo;agressivit\u00e9 \u00e9lev\u00e9. Convient pour des temp\u00e9ratures allant jusqu&rsquo;\u00e0 <span class=\"math-inline\" data-math=\"-40\\text{\u00b0C}\">-40\u00b0C<\/span>.<\/p>\n","protected":false},"featured_media":6067,"template":"","meta":[],"product_brand":[971],"product_cat":[292,2408,344,285,245,234],"product_tag":[],"class_list":{"0":"post-16276","1":"product","2":"type-product","3":"status-publish","4":"has-post-thumbnail","6":"product_brand-transfort","7":"product_cat-aspiration-de-liquide2","8":"product_cat-industrial-3-fr","9":"product_cat-industriel2","10":"product_cat-tuyau-en-pvc","11":"product_cat-aspiration-de-liquide","12":"product_cat-agricole","13":"pa_antiestatico-antistatique","14":"pa_aplicaciones-agricola-fr","15":"pa_aplicaciones-industrial-fr","16":"pa_aplicaciones-petrolier","17":"pa_color-azul-y-negro-fr","18":"pa_construccion-manguera-spirale","19":"pa_diametro-interno-mm-40-0-fr","20":"pa_diametro-interno-mm-45-0-fr","21":"pa_diametro-interno-mm-51-0-fr","22":"pa_diametro-interno-mm-60-0-fr","23":"pa_diametro-interno-mm-63-0-fr","24":"pa_diametro-interno-mm-70-0-fr","25":"pa_diametro-interno-mm-76-0-fr","26":"pa_diametro-interno-mm-80-0-fr","27":"pa_diametro-interno-mm-90-0-fr","28":"pa_diametro-interno-mm-102-0-fr","29":"pa_diametro-interno-mm-110-0-fr","30":"pa_diametro-interno-mm-120-0-fr","31":"pa_diametro-interno-mm-127-0-fr","32":"pa_diametro-interno-mm-152-0-fr","33":"pa_diametro-interno-mm-203-0-fr","34":"pa_diametro-interno-mm-254-0-fr","35":"pa_diametro-interno-pulg-1-3-4-fr","36":"pa_diametro-interno-pulg-1-5-8-fr","37":"pa_diametro-interno-pulg-10-fr","38":"pa_diametro-interno-pulg-2-fr","39":"pa_diametro-interno-pulg-2-1-2-fr","40":"pa_diametro-interno-pulg-2-1-32-fr","41":"pa_diametro-interno-pulg-2-3-4-fr","42":"pa_diametro-interno-pulg-3-fr","43":"pa_diametro-interno-pulg-3-1-2-fr","44":"pa_diametro-interno-pulg-3-1-8-fr","45":"pa_diametro-interno-pulg-4-fr","46":"pa_diametro-interno-pulg-4-5-16-fr","47":"pa_diametro-interno-pulg-5-fr","48":"pa_diametro-interno-pulg-6-fr","49":"pa_diametro-interno-pulg-8-fr","50":"pa_espesor-total-de-pared-mm-12-1-fr","51":"pa_espesor-total-de-pared-mm-4-5-fr","52":"pa_espesor-total-de-pared-mm-5-0-fr","53":"pa_espesor-total-de-pared-mm-5-2-fr","54":"pa_espesor-total-de-pared-mm-5-5-fr","55":"pa_espesor-total-de-pared-mm-6-0-fr","56":"pa_espesor-total-de-pared-mm-6-5-fr","57":"pa_espesor-total-de-pared-mm-6-7-fr","58":"pa_espesor-total-de-pared-mm-7-3-fr","59":"pa_espesor-total-de-pared-mm-7-5-fr","60":"pa_espesor-total-de-pared-mm-8-0-fr","61":"pa_espesor-total-de-pared-mm-8-3-fr","62":"pa_espesor-total-de-pared-mm-9-5-fr","63":"pa_material-flexible-pvc-flexible-fr","64":"pa_material-manguera-pvc-fr","65":"pa_opacidad-opaque-fr","66":"pa_presion-rotura-bar-10-0-fr","67":"pa_presion-rotura-bar-12-0-fr","68":"pa_presion-rotura-bar-14-0-fr","69":"pa_presion-rotura-bar-15-0-fr","70":"pa_presion-rotura-bar-18-0-fr","71":"pa_presion-rotura-bar-4-0-fr","72":"pa_presion-rotura-bar-6-0-fr","73":"pa_presion-rotura-bar-8-0-fr","74":"pa_presion-rotura-bar-9-0-fr","75":"pa_refuerzo-pvc-rigido-fr","76":"pa_resistencia-r-acetate-daluminium","77":"pa_resistencia-r-acetate-de-calcium","78":"pa_resistencia-r-acetate-de-sodium","79":"pa_resistencia-r-acido-acetico-10-fr","80":"pa_resistencia-r-acido-acetico-3-fr","81":"pa_resistencia-r-acido-acetico-5-fr","82":"pa_resistencia-r-acido-adipico-fr","83":"pa_resistencia-r-acido-borico-10-fr","84":"pa_resistencia-r-acido-borico-5-fr","85":"pa_resistencia-r-acido-borico-conc-fr","86":"pa_resistencia-r-acido-bromhidrico-sol-acu-30-fr","87":"pa_resistencia-r-acido-bromhidrico-sol-acu-50-fr","88":"pa_resistencia-r-acido-butirico-20-fr","89":"pa_resistencia-r-acido-carbonico-5-fr","90":"pa_resistencia-r-acido-carbonico-conc-fr","91":"pa_resistencia-r-acido-clorhidrico-10-fr","92":"pa_resistencia-r-acido-clorhidrico-20-fr","93":"pa_resistencia-r-acido-clorhidrico-22-fr","94":"pa_resistencia-r-acido-clorhidrico-5-fr","95":"pa_resistencia-r-acido-clorhidrico-conc-fr","96":"pa_resistencia-r-acido-cromico-5-fr","97":"pa_resistencia-r-acido-citrico-5-fr","98":"pa_resistencia-r-acido-fluorhidrico-4-fr","99":"pa_resistencia-r-acido-hiplocoroso-20-fr","100":"pa_resistencia-r-acido-hiplocoroso-sol-acu-conc-fr","101":"pa_resistencia-r-acido-lactico-sol-acu-10-fr","102":"pa_resistencia-r-acido-lactico-sol-acu-3-fr","103":"pa_resistencia-r-acido-nitrico-10-fr","104":"pa_resistencia-r-acido-nitrico-20-fr","105":"pa_resistencia-r-acido-nitrico-30-fr","106":"pa_resistencia-r-acido-nitrico-5-fr","107":"pa_resistencia-r-acido-nitrico-50-fr","108":"pa_resistencia-r-acido-oxalico-fr","109":"pa_resistencia-r-acido-fosforico-20-fr","110":"pa_resistencia-r-acido-fosforico-30-fr","111":"pa_resistencia-r-acido-fosforico-5-fr","112":"pa_resistencia-r-acido-estearico-fr","113":"pa_resistencia-r-acido-sulfurico-20-fr","114":"pa_resistencia-r-acido-sulfurico-25-fr","115":"pa_resistencia-r-acido-sulfurico-5-fr","116":"pa_resistencia-r-acidos-grasos-c6-fr","117":"pa_resistencia-r-aire-fr","118":"pa_resistencia-r-alcool-amylique","119":"pa_resistencia-r-alcool-ethylique-10","120":"pa_resistencia-r-alcool-ethylique-35","121":"pa_resistencia-r-alcool-ethylique-40","122":"pa_resistencia-r-alcool-isobutylique","123":"pa_resistencia-r-alcool-isopropylique","124":"pa_resistencia-r-alcool-methylique-5","125":"pa_resistencia-r-alcool-methylique-6","126":"pa_resistencia-r-alumbre-fr","127":"pa_resistencia-r-anhidrido-sulfuroso-fr","128":"pa_resistencia-r-nitrogeno-fr","129":"pa_resistencia-r-cerveza-fr","130":"pa_resistencia-r-bisulfato-calcico-fr","131":"pa_resistencia-r-bisulfato-sodico-fr","132":"pa_resistencia-r-bisulfatos-y-bisulfatos-met-fr","133":"pa_resistencia-r-borax-5-fr","134":"pa_resistencia-r-borax-conc-fr","135":"pa_resistencia-r-carbonato-de-amonio-fr","136":"pa_resistencia-r-carbonato-calcico-fr","137":"pa_resistencia-r-carbonato-magnesico-fr","138":"pa_resistencia-r-carbonato-de-sodio-fr","139":"pa_resistencia-r-caseina-fr","140":"pa_resistencia-r-cloruro-de-calcio-20-fr","141":"pa_resistencia-r-cloruro-de-calcio-25-fr","142":"pa_resistencia-r-cloruro-de-sodio-20-fr","143":"pa_resistencia-r-cloruro-de-sodio-25-fr","144":"pa_resistencia-r-cloruro-de-sodio-conc-fr","145":"pa_resistencia-r-cloruro-de-zinc-20-fr","146":"pa_resistencia-r-cloruro-de-zinc-conc-fr","147":"pa_resistencia-r-cloruro-ferrico-fr","148":"pa_resistencia-r-sidra-fr","149":"pa_resistencia-r-cianuro-de-sodio-fr","150":"pa_resistencia-r-detergentes-concentrados-fr","151":"pa_resistencia-r-dextrina-fr","152":"pa_resistencia-r-dextrosa-fr","153":"pa_resistencia-r-dicromato-de-potasio-40-fr","154":"pa_resistencia-r-dicromato-de-potasio-todas-conc-fr","155":"pa_resistencia-r-dioxido-de-carbono-fr","156":"pa_resistencia-r-dodecanol-fr","157":"pa_resistencia-r-eau","158":"pa_resistencia-r-eau-de-mer","159":"pa_resistencia-r-emulsionantes-fr","160":"pa_resistencia-r-glicol-de-etileno-fr","161":"pa_resistencia-r-formaldehido-30-fr","162":"pa_resistencia-r-formaldehido-37-fr","163":"pa_resistencia-r-fructosa-fr","164":"pa_resistencia-r-sulfuro-de-hidrogeno-gaseoso-fr","165":"pa_resistencia-r-glicerina-fr","166":"pa_resistencia-r-glicerol-fr","167":"pa_resistencia-r-hidroquinona-fr","168":"pa_resistencia-r-hidroxido-de-aluminio-fr","169":"pa_resistencia-r-hidroxido-de-amonio-10-fr","170":"pa_resistencia-r-hidroxido-de-amonio-25-fr","171":"pa_resistencia-r-hidroxido-de-amonio-28-fr","172":"pa_resistencia-r-hidroxido-de-amonio-5-fr","173":"pa_resistencia-r-hidroxido-de-calcio-fr","174":"pa_resistencia-r-hidroxido-de-potasio-10-fr","175":"pa_resistencia-r-hidroxido-de-potasio-5-fr","176":"pa_resistencia-r-hidroxido-de-potasio-50-fr","177":"pa_resistencia-r-hidroxido-de-potasio-conc-fr","178":"pa_resistencia-r-hidroxido-de-sodio-sosa-10-fr","179":"pa_resistencia-r-hidroxido-de-sodio-sosa-20-fr","180":"pa_resistencia-r-hidroxido-de-sodio-sosa-5-fr","181":"pa_resistencia-r-hipoclorito-de-calcio-fr","182":"pa_resistencia-r-hipoclorito-de-sodio-14-cl2-fr","183":"pa_resistencia-r-hipoclorito-de-sodio-15-cl2-fr","184":"pa_resistencia-r-lanolina-fr","185":"pa_resistencia-r-manganato-potasico-fr","186":"pa_resistencia-r-nitrato-de-amonio-25-fr","187":"pa_resistencia-r-nitrato-sodico-fr","188":"pa_resistencia-r-anhidrido-carbonico-fr","189":"pa_resistencia-r-oxidos-sulfurosos-fr","190":"pa_resistencia-r-oxigeno-fr","191":"pa_resistencia-r-parafina-fr","192":"pa_resistencia-r-perborato-sodico-fr","193":"pa_resistencia-r-permanganatos-potasico-10-fr","194":"pa_resistencia-r-peroxido-de-hidrogeno-30-vol-fr","195":"pa_resistencia-r-persulfato-de-amonio-fr","196":"pa_resistencia-r-plomotetraetilo-fr","197":"pa_resistencia-r-potasio-fr","198":"pa_resistencia-r-jabones-liquidos-fr","199":"pa_resistencia-r-silicatos-aluminicos-fr","200":"pa_resistencia-r-silicatos-potasicos-fr","201":"pa_resistencia-r-silicatos-sodicos-fr","202":"pa_resistencia-r-cloruro-de-calcio-sol-sat-fr","203":"pa_resistencia-r-nitrato-de-amonio-sol-sat-fr","204":"pa_resistencia-r-hipoclorito-de-sodio-sol-sat-fr","205":"pa_resistencia-r-azufre-fr","206":"pa_resistencia-r-sulfuro-de-amonio-fr","207":"pa_resistencia-r-sulfuro-de-bario-fr","208":"pa_resistencia-r-sulfuro-ferrico-fr","209":"pa_resistencia-r-tanino-fr","210":"pa_resistencia-r-tricloruro-de-antimonio-fr","211":"pa_resistencia-r-vinagre-fr","212":"pa_resistencia-r-vinos-fr","213":"pa_resistente-a-la-abrasion-resistant-a-labrasion","214":"pa_resistente-lr-acido-acetico-30-fr","215":"pa_resistente-lr-acido-acetico-50-fr","216":"pa_resistente-lr-acido-acetico-80-fr","217":"pa_resistente-lr-acido-benzoico-fr","218":"pa_resistente-lr-acido-cromico-10-fr","219":"pa_resistente-lr-acido-fluorhidrico-20-fr","220":"pa_resistente-lr-acido-fluorhidrico-30-fr","221":"pa_resistente-lr-acido-formico-10-fr","222":"pa_resistente-lr-acido-formico-20-fr","223":"pa_resistente-lr-acido-sulfurico-50-fr","224":"pa_resistente-lr-alcool-butylique","225":"pa_resistente-lr-formaldehido-40-fr","226":"pa_resistente-lr-gas-licuado-de-petroleo-glp-fr","227":"pa_resistente-lr-aceite-astm-2-fr","228":"pa_resistente-lr-huile-astm-2","229":"pa_resistente-lr-huile-de-graines","230":"pa_resistente-lr-ozono-fr","231":"pa_resistente-nr-acetaldehido-fr","232":"pa_resistente-nr-acetato-de-amilo-fr","233":"pa_resistente-nr-acetato-de-etilo-fr","234":"pa_resistente-nr-acetatos-de-alquilo-fr","235":"pa_resistente-nr-acetona-fr","236":"pa_resistente-nr-acetonitrilo-fr","237":"pa_resistente-nr-acido-acetico-conc-fr","238":"pa_resistente-nr-acido-cloroacetico-fr","239":"pa_resistente-nr-acido-clorosulfonico-conc-fr","240":"pa_resistente-nr-acido-fluorhidrico-40-fr","241":"pa_resistente-nr-acido-fluorhidrico-60-fr","242":"pa_resistente-nr-acido-formico-25-fr","243":"pa_resistente-nr-acido-formico-85-fr","244":"pa_resistente-nr-acido-formico-conc-fr","245":"pa_resistente-nr-acido-nitrico-70-fr","246":"pa_resistente-nr-acido-nitrico-95-fr","247":"pa_resistente-nr-acido-oleico-fr","248":"pa_resistente-nr-acido-peracetico-fr","249":"pa_resistente-nr-acido-ftalico-fr","250":"pa_resistente-nr-acido-sulfurico-70-fr","251":"pa_resistente-nr-acido-sulfurico-80-fr","252":"pa_resistente-nr-acido-sulfurico-96-fr","253":"pa_resistente-nr-acido-sulfurico-98-fr","254":"pa_resistente-nr-acido-sulfurico-conc-fuming-fr","255":"pa_resistente-nr-acrilato-de-etilo-fr","256":"pa_resistente-nr-alcohol-alilico-2-propenol-1-fr","257":"pa_resistente-nr-alcohol-bencilico-fr","258":"pa_resistente-nr-alcohol-etilico-96-fr","259":"pa_resistente-nr-alcohol-etilico-max-conc-fr","260":"pa_resistente-nr-aldehidos-fr","261":"pa_resistente-nr-amoniaco-gas-fr","262":"pa_resistente-nr-anhidrido-acetico-fr","263":"pa_resistente-nr-benzaldehido-fr","264":"pa_resistente-nr-benceno-fr","265":"pa_resistente-nr-bromo-fr","266":"pa_resistente-nr-bromuro-de-alquilo-fr","267":"pa_resistente-nr-bromuro-de-etileno-fr","268":"pa_resistente-nr-butanodiol-100-fr","269":"pa_resistente-nr-cetonas-fr","270":"pa_resistente-nr-cloro-100-gas-seco-fr","271":"pa_resistente-nr-cloroformo-fr","272":"pa_resistente-nr-cloroparafinas-c14-c17-fr","273":"pa_resistente-nr-cloruro-de-mercurio-fr","274":"pa_resistente-nr-cresol-fr","275":"pa_resistente-nr-cicloalcoholes-fr","276":"pa_resistente-nr-cicloalcanos-fr","277":"pa_resistente-nr-ciclocetonas-fr","278":"pa_resistente-nr-ciclohexano-fr","279":"pa_resistente-nr-ciclohexanona-fr","280":"pa_resistente-nr-dietilcetona-fr","281":"pa_resistente-nr-dimetil-formamida-fr","282":"pa_resistente-nr-dioxano-fr","283":"pa_resistente-nr-white-spirit-fr","284":"pa_resistente-nr-esteres-alifaticos-fr","285":"pa_resistente-nr-fluoruro-fr","286":"pa_resistente-nr-fuel-oil-fr","287":"pa_resistente-nr-gasoleo-y-biodiesel-fr","288":"pa_resistente-nr-hexano-fr","289":"pa_resistente-nr-aceite-astm-3-fr","290":"pa_resistente-nr-aceite-mineral-fr","291":"pa_resistente-nr-aceites-lubricantes-petroleo-fr","292":"pa_resistente-nr-hidracina-fr","293":"pa_resistente-nr-hidrocarburos-aromaticos-fr","294":"pa_resistente-nr-queroseno-fr","295":"pa_resistente-nr-nitrito-sodico-fr","296":"pa_resistente-nr-sebacato-de-dioctilo-fr","297":"pa_resistente-nr-silicona-fr","298":"pa_resistente-nr-disolventes-clorados-fr","299":"pa_resistente-nr-tetracloruro-de-carbono2-fr","300":"pa_resistente-nr-trimelitato-de-trioctilo-totm-fr","301":"pa_resistente-nr-urea-ad-blue-fr","302":"pa_resistente-nr-urea-30-fr","303":"pa_resistente-sr-alcool-ethylique-50","304":"pa_resistente-sr-phtalates","305":"pa_resistente-sr-whisky-fr","306":"pa_superficie-exterior-rugueux","307":"pa_superficie-interior-lisse","308":"pa_temperatura-maxima-oc-60c-fr","309":"pa_temperatura-minima-oc-40c-fr","310":"pa_vacio-m-h2o-9-0-fr","312":"first","313":"instock","314":"shipping-taxable","315":"product-type-variable"},"_links":{"self":[{"href":"https:\/\/www.espiroflex.com\/fr\/wp-json\/wp\/v2\/product\/16276","targetHints":{"allow":["GET"]}}],"collection":[{"href":"https:\/\/www.espiroflex.com\/fr\/wp-json\/wp\/v2\/product"}],"about":[{"href":"https:\/\/www.espiroflex.com\/fr\/wp-json\/wp\/v2\/types\/product"}],"wp:featuredmedia":[{"embeddable":true,"href":"https:\/\/www.espiroflex.com\/fr\/wp-json\/wp\/v2\/media\/6067"}],"wp:attachment":[{"href":"https:\/\/www.espiroflex.com\/fr\/wp-json\/wp\/v2\/media?parent=16276"}],"wp:term":[{"taxonomy":"product_brand","embeddable":true,"href":"https:\/\/www.espiroflex.com\/fr\/wp-json\/wp\/v2\/product_brand?post=16276"},{"taxonomy":"product_cat","embeddable":true,"href":"https:\/\/www.espiroflex.com\/fr\/wp-json\/wp\/v2\/product_cat?post=16276"},{"taxonomy":"product_tag","embeddable":true,"href":"https:\/\/www.espiroflex.com\/fr\/wp-json\/wp\/v2\/product_tag?post=16276"}],"curies":[{"name":"wp","href":"https:\/\/api.w.org\/{rel}","templated":true}]}}