{"id":15911,"date":"2025-07-22T18:41:09","date_gmt":"2025-07-22T16:41:09","guid":{"rendered":"https:\/\/www.espiroflex.com\/\/product\/espiroliquid-pu\/"},"modified":"2025-11-15T09:30:56","modified_gmt":"2025-11-15T08:30:56","slug":"espiroliquid-pu","status":"publish","type":"product","link":"https:\/\/www.espiroflex.com\/fr\/produit\/espiroliquid-pu\/","title":{"rendered":"ESPIROLIQUID PU"},"content":{"rendered":"<p>Tuyau de polyur\u00e9thane avec spirale en PVC pour le pompage par aspiration et impulsion de liquides avec une teneur abrasive \u00e9lev\u00e9e (Ferralla, boue, sable, &#8230;). 5 fois plus r\u00e9sistant \u00e0 l&rsquo;abrasion que le PVC. Flexibilit\u00e9 totale (rayon de courbure = diam\u00e8tre int\u00e9rieur) qui donne ce tuyau avec de grandes possibilit\u00e9s m\u00e9caniques. Grande l\u00e9g\u00e8ret\u00e9.<\/p>\n","protected":false},"excerpt":{"rendered":"<p>Tuyau de polyur\u00e9thane avec spirale en PVC pour le pompage par aspiration et impulsion de liquides avec une teneur abrasive \u00e9lev\u00e9e (Ferralla, boue, sable, &#8230;). 5 fois plus r\u00e9sistant \u00e0 l&rsquo;abrasion que le PVC. Flexibilit\u00e9 totale (rayon de courbure = diam\u00e8tre int\u00e9rieur) qui donne ce tuyau avec de grandes possibilit\u00e9s m\u00e9caniques. Grande l\u00e9g\u00e8ret\u00e9.<\/p>\n","protected":false},"featured_media":6275,"template":"","meta":[],"product_brand":[982],"product_cat":[2408,344,245,234],"product_tag":[],"class_list":{"0":"post-15911","1":"product","2":"type-product","3":"status-publish","4":"has-post-thumbnail","6":"product_brand-transliquid","7":"product_cat-industrial-3-fr","8":"product_cat-industriel2","9":"product_cat-aspiration-de-liquide","10":"product_cat-agricole","11":"pa_aplicaciones-aspiracion-fr","12":"pa_aplicaciones-nourriture","13":"pa_color-rouge","14":"pa_construccion-manguera-spirale","15":"pa_diametro-interno-mm-30-0-fr","16":"pa_diametro-interno-mm-35-0-fr","17":"pa_diametro-interno-mm-40-0-fr","18":"pa_diametro-interno-mm-45-0-fr","19":"pa_diametro-interno-mm-51-0-fr","20":"pa_diametro-interno-mm-55-0-fr","21":"pa_diametro-interno-mm-60-0-fr","22":"pa_diametro-interno-mm-63-0-fr","23":"pa_diametro-interno-mm-70-0-fr","24":"pa_diametro-interno-mm-76-0-fr","25":"pa_diametro-interno-mm-80-0-fr","26":"pa_diametro-interno-mm-90-0-fr","27":"pa_diametro-interno-mm-102-0-fr","28":"pa_diametro-interno-mm-110-0-fr","29":"pa_diametro-interno-mm-127-0-fr","30":"pa_diametro-interno-mm-140-0-fr","31":"pa_diametro-interno-mm-152-0-fr","32":"pa_diametro-interno-pulg-1-1-8-fr","33":"pa_diametro-interno-pulg-1-3-4-fr","34":"pa_diametro-interno-pulg-1-3-8-fr","35":"pa_diametro-interno-pulg-1-5-8-fr","36":"pa_diametro-interno-pulg-2-fr","37":"pa_diametro-interno-pulg-2-1-2-fr","38":"pa_diametro-interno-pulg-2-1-32-fr","39":"pa_diametro-interno-pulg-2-1-8-fr","40":"pa_diametro-interno-pulg-2-3-4-fr","41":"pa_diametro-interno-pulg-3-fr","42":"pa_diametro-interno-pulg-3-1-2-fr","43":"pa_diametro-interno-pulg-3-1-8-fr","44":"pa_diametro-interno-pulg-4-fr","45":"pa_diametro-interno-pulg-4-5-16-fr","46":"pa_diametro-interno-pulg-5-fr","47":"pa_diametro-interno-pulg-5-1-2-fr","48":"pa_diametro-interno-pulg-6-fr","49":"pa_espesor-total-de-pared-mm-3-0-fr","50":"pa_espesor-total-de-pared-mm-4-0-fr","51":"pa_espesor-total-de-pared-mm-4-5-fr","52":"pa_espesor-total-de-pared-mm-5-0-fr","53":"pa_espesor-total-de-pared-mm-5-5-fr","54":"pa_espesor-total-de-pared-mm-6-0-fr","55":"pa_espesor-total-de-pared-mm-6-5-fr","56":"pa_espesor-total-de-pared-mm-8-0-fr","57":"pa_espesor-total-de-pared-mm-8-5-fr","58":"pa_espesor-total-de-pared-mm-9-0-fr","59":"pa_material-flexible-polyurethane-fr","60":"pa_material-manguera-tpu-fr","61":"pa_opacidad-transparent-fr","62":"pa_presion-rotura-bar-10-0-fr","63":"pa_presion-rotura-bar-12-0-fr","64":"pa_presion-rotura-bar-14-0-fr","65":"pa_presion-rotura-bar-15-0-fr","66":"pa_presion-rotura-bar-3-0-fr","67":"pa_presion-rotura-bar-4-0-fr","68":"pa_presion-rotura-bar-6-0-fr","69":"pa_presion-rotura-bar-8-0-fr","70":"pa_presion-rotura-bar-9-0-fr","71":"pa_refuerzo-pvc-rigido-fr","72":"pa_resistencia-r-acetamide-fr","73":"pa_resistencia-r-acetone-fr","74":"pa_resistencia-r-acido-acetico-3-fr","75":"pa_resistencia-r-acido-borico-5-fr","76":"pa_resistencia-r-acido-carbonico-5-fr","77":"pa_resistencia-r-acido-clorhidrico-5-fr","78":"pa_resistencia-r-acido-cromico-5-fr","79":"pa_resistencia-r-acido-citrico-5-fr","80":"pa_resistencia-r-acido-lactico-sol-acu-10-fr","81":"pa_resistencia-r-acido-sulfurico-5-fr","82":"pa_resistencia-r-aire-fr","83":"pa_resistencia-r-alcool-butylique","84":"pa_resistencia-r-alumbre-fr","85":"pa_resistencia-r-amoniaco-gas-fr","86":"pa_resistencia-r-nitrogeno-fr","87":"pa_resistencia-r-cerveza-fr","88":"pa_resistencia-r-borax-5-fr","89":"pa_resistencia-r-carbonato-calcico-fr","90":"pa_resistencia-r-carbonato-magnesico-fr","91":"pa_resistencia-r-carbonato-de-sodio-fr","92":"pa_resistencia-r-cloruro-de-aluminio-25-fr","93":"pa_resistencia-r-cloruro-de-amonio-25-fr","94":"pa_resistencia-r-cloruro-de-calcio-20-fr","95":"pa_resistencia-r-cloruro-de-calcio-25-fr","96":"pa_resistencia-r-cloruro-de-mercurio-fr","97":"pa_resistencia-r-cloruro-de-potasio-fr","98":"pa_resistencia-r-cloruro-ferrico-fr","99":"pa_resistencia-r-sidra-fr","100":"pa_resistencia-r-nitrato-de-calcio-conc-fr","101":"pa_resistencia-r-cianuro-de-sodio-fr","102":"pa_resistencia-r-detergentes-concentrados-fr","103":"pa_resistencia-r-dicloroetano-fr","104":"pa_resistencia-r-dicromato-de-potasio-40-fr","105":"pa_resistencia-r-dicromato-de-potasio-todas-conc-fr","106":"pa_resistencia-r-gasoleo-y-biodiesel-fr","107":"pa_resistencia-r-dioctilsebacato-fr","108":"pa_resistencia-r-dioxido-de-carbono-fr","109":"pa_resistencia-r-eau","110":"pa_resistencia-r-eau-de-mer","111":"pa_resistencia-r-trementina-fr","112":"pa_resistencia-r-eter-isopropilico-fr","113":"pa_resistencia-r-glicol-de-etileno-fr","114":"pa_resistencia-r-freon-12-refrigerante-fr","115":"pa_resistencia-r-gelatina-fr","116":"pa_resistencia-r-glicerina-fr","117":"pa_resistencia-r-grasas-animales-fr","118":"pa_resistencia-r-grasas-de-litio-sodio-y-calcio-fr","119":"pa_resistencia-r-grasas-de-silicona-fr","120":"pa_resistencia-r-hexano-fr","121":"pa_resistencia-r-huile-astm-1","122":"pa_resistencia-r-huile-astm-2","123":"pa_resistencia-r-huile-astm-3","124":"pa_resistencia-r-huile-de-silicone","125":"pa_resistencia-r-huile-hydraulique","126":"pa_resistencia-r-huiles-vegetales","127":"pa_resistencia-r-hidrogeno-fr","128":"pa_resistencia-r-hidroxido-de-potasio-5-fr","129":"pa_resistencia-r-hidroxido-de-sodio-sosa-5-fr","130":"pa_resistencia-r-lejia-sol-alcalina-fr","131":"pa_resistencia-r-queroseno-fr","132":"pa_resistencia-r-lacas-base-disolvente-fr","133":"pa_resistencia-r-manganato-potasico-fr","134":"pa_resistencia-r-metano-fr","135":"pa_resistencia-r-metiletilcetona-fr","136":"pa_resistencia-r-nitrato-de-amonio-25-fr","137":"pa_resistencia-r-nitrato-de-calcio-50-fr","138":"pa_resistencia-r-nitrato-sodico-fr","139":"pa_resistencia-r-oxalato-de-etilo-fr","140":"pa_resistencia-r-anhidrido-carbonico-fr","141":"pa_resistencia-r-oxidos-sulfurosos-fr","142":"pa_resistencia-r-oxigeno-fr","143":"pa_resistencia-r-ozono-fr","144":"pa_resistencia-r-parafina-fr","145":"pa_resistencia-r-perborato-sodico-fr","146":"pa_resistencia-r-fenilamina-fr","147":"pa_resistencia-r-ftalatos-fr","148":"pa_resistencia-r-plomotetraetilo-fr","149":"pa_resistencia-r-potasio-fr","150":"pa_resistencia-r-silicatos-aluminicos-fr","151":"pa_resistencia-r-silicatos-potasicos-fr","152":"pa_resistencia-r-silicatos-sodicos-fr","153":"pa_resistencia-r-solucion-de-jabon-todas-conc-fr","154":"pa_resistencia-r-azufre-fr","155":"pa_resistencia-r-sulfato-de-cobre-sol-sat-fr","156":"pa_resistencia-r-sulfato-de-potasio-fr","157":"pa_resistencia-r-sulfuro-de-bario-fr","158":"pa_resistencia-r-sulfuro-de-calcio-fr","159":"pa_resistencia-r-sulfuro-ferrico-fr","160":"pa_resistencia-r-trisulfato-de-sodio-fr","161":"pa_resistencia-r-urea-ad-blue-fr","162":"pa_resistente-a-la-abrasion-resistant-a-labrasion","163":"pa_resistente-lr-acido-borico-10-fr","164":"pa_resistente-lr-acido-clorhidrico-10-fr","165":"pa_resistente-lr-acido-nitrico-5-fr","166":"pa_resistente-lr-alcool-ethylique-50","167":"pa_resistente-lr-alcool-isobutylique","168":"pa_resistente-lr-alcool-isopropylique","169":"pa_resistente-lr-anhydride-sulfureux","170":"pa_resistente-lr-butilamina-fr","171":"pa_resistente-lr-cloruro-de-sodio-25-fr","172":"pa_resistente-lr-ciclohexano-fr","173":"pa_resistente-lr-dietilenglicol-fr","174":"pa_resistente-lr-white-spirit-fr","175":"pa_resistente-lr-gasolina-fr","176":"pa_resistente-lr-etano-fr","177":"pa_resistente-lr-formaldehido-20-fr","178":"pa_resistente-lr-formaldehido-30-fr","179":"pa_resistente-lr-gas-natural-fr","180":"pa_resistente-lr-glicoles-fr","181":"pa_resistente-lr-petroleo-fr","182":"pa_resistente-lr-huiles-lubrifiantes-petrole","183":"pa_resistente-lr-hidroxido-de-sodio-sosa-10-fr","184":"pa_resistente-lr-hipoclorito-de-calcio-fr","185":"pa_resistente-lr-fuel-oil-fr","186":"pa_resistente-lr-nafta-fr","187":"pa_resistente-lr-permanganatos-potasico-10-fr","188":"pa_resistente-lr-peroxido-de-hidrogeno-30-vol-fr","189":"pa_resistente-nr-acetaldehido-fr","190":"pa_resistente-nr-acetatos-de-alquilo-fr","191":"pa_resistente-nr-acido-acetico-50-fr","192":"pa_resistente-nr-acido-acetico-30-fr","193":"pa_resistente-nr-acido-acetico-80-fr","194":"pa_resistente-nr-acido-acetico-conc-fr","195":"pa_resistente-nr-acido-bromhidrico-sol-acu-50-fr","196":"pa_resistente-nr-acido-clorhidrico-20-fr","197":"pa_resistente-nr-acido-clorhidrico-22-fr","198":"pa_resistente-nr-acido-clorhidrico-conc-fr","199":"pa_resistente-nr-acido-fluorhidrico-20-fr","200":"pa_resistente-nr-acido-fluorhidrico-30-fr","201":"pa_resistente-nr-acido-fluorhidrico-40-fr","202":"pa_resistente-nr-acido-fluorhidrico-60-fr","203":"pa_resistente-nr-acido-formico-10-fr","204":"pa_resistente-nr-acido-formico-20-fr","205":"pa_resistente-nr-acido-formico-25-fr","206":"pa_resistente-nr-acido-formico-85-fr","207":"pa_resistente-nr-acido-formico-conc-fr","208":"pa_resistente-nr-acido-nitrico-10-fr","209":"pa_resistente-nr-acido-nitrico-20-fr","210":"pa_resistente-nr-acido-nitrico-30-fr","211":"pa_resistente-nr-acido-nitrico-50-fr","212":"pa_resistente-nr-acido-nitrico-70-fr","213":"pa_resistente-nr-acido-nitrico-95-fr","214":"pa_resistente-nr-acido-oleico-fr","215":"pa_resistente-nr-acido-oxalico-fr","216":"pa_resistente-nr-acido-peracetico-fr","217":"pa_resistente-nr-acido-ftalico-fr","218":"pa_resistente-nr-acido-sulfurico-20-fr","219":"pa_resistente-nr-acido-sulfurico-25-fr","220":"pa_resistente-nr-acido-sulfurico-50-fr","221":"pa_resistente-nr-acido-sulfurico-70-fr","222":"pa_resistente-nr-acido-sulfurico-80-fr","223":"pa_resistente-nr-acido-sulfurico-96-fr","224":"pa_resistente-nr-acido-sulfurico-98-fr","225":"pa_resistente-nr-acido-sulfurico-conc-fuming-fr","226":"pa_resistente-nr-alcohol-etilico-96-fr","227":"pa_resistente-nr-alcohol-etilico-max-conc-fr","228":"pa_resistente-nr-alcohol-metilico-6-fr","229":"pa_resistente-nr-aldehidos-fr","230":"pa_resistente-nr-anhidrido-acetico-fr","231":"pa_resistente-nr-benzaldehido-fr","232":"pa_resistente-nr-bisulfato-calcico-fr","233":"pa_resistente-nr-bisulfato-sodico-fr","234":"pa_resistente-nr-bromo-fr","235":"pa_resistente-nr-bromuro-de-alquilo-fr","236":"pa_resistente-nr-cetonas-fr","237":"pa_resistente-nr-cloro-100-gas-seco-fr","238":"pa_resistente-nr-cloro-humedo-fr","239":"pa_resistente-nr-cloruro-de-metilo-fr","240":"pa_resistente-nr-cloruro-de-metileno-fr","241":"pa_resistente-nr-cresol-fr","242":"pa_resistente-nr-cicloalcoholes-fr","243":"pa_resistente-nr-ciclohexanol-fr","244":"pa_resistente-nr-cicloalcanos-fr","245":"pa_resistente-nr-ciclocetonas-fr","246":"pa_resistente-nr-ciclohexanona-fr","247":"pa_resistente-nr-dietilamina-fr","248":"pa_resistente-nr-dimetil-formamida-fr","249":"pa_resistente-nr-eter-de-dietilo-fr","250":"pa_resistente-nr-eter-etilico-fr","251":"pa_resistente-nr-formaldehido-37-fr","252":"pa_resistente-nr-formaldehido-40-fr","253":"pa_resistente-nr-freon-11-refrigerante-fr","254":"pa_resistente-nr-freon-22-refrigerante-fr","255":"pa_resistente-nr-aceite-animal-fr","256":"pa_resistente-nr-hidracina-fr","257":"pa_resistente-nr-hidroquinona-fr","258":"pa_resistente-nr-hidroxido-de-sodio-sosa-20-fr","259":"pa_resistente-nr-hidroxido-de-sodio-sosa-50-fr","260":"pa_resistente-nr-hidroxido-de-sodio-sosa-conc-fr","261":"pa_resistente-nr-hipoclorito-de-sodio-14-cl2-fr","262":"pa_resistente-nr-hipoclorito-de-sodio-15-cl2-fr","263":"pa_resistente-nr-nitrito-sodico-fr","264":"pa_resistente-nr-oleum-fr","265":"pa_resistente-nr-pentano-fr","266":"pa_resistente-nr-percloroetileno-fr","267":"pa_resistente-nr-fenol-fr","268":"pa_resistente-nr-resina-epoxidica-fr","269":"pa_resistente-nr-jabones-liquidos-fr","270":"pa_resistente-nr-sebacato-de-dioctilo-fr","271":"pa_resistente-nr-silicona-fr","272":"pa_resistente-nr-sulfato-de-aluminio-fr","273":"pa_resistente-nr-sulfato-de-amonio-sol-sat-fr","274":"pa_resistente-nr-tanino-fr","275":"pa_resistente-nr-tetracloruro-de-carbono2-fr","276":"pa_resistente-nr-tetrahidrofurano-fr","277":"pa_resistente-nr-tolueno-fr","278":"pa_resistente-nr-trietanolamina-fr","279":"pa_resistente-nr-urea-30-fr","280":"pa_resistente-nr-xileno-fr","281":"pa_resistente-sr-huile-de-graines","282":"pa_resistente-sr-huile-minerale","283":"pa_resistente-sr-vins","284":"pa_resistente-sr-whisky-fr","285":"pa_superficie-exterior-ondule","286":"pa_superficie-interior-lisse","287":"pa_temperatura-maxima-oc-80c-fr","288":"pa_temperatura-minima-oc-20c-fr","289":"pa_vacio-m-h2o-9-0-fr","291":"first","292":"instock","293":"shipping-taxable","294":"product-type-variable"},"_links":{"self":[{"href":"https:\/\/www.espiroflex.com\/fr\/wp-json\/wp\/v2\/product\/15911","targetHints":{"allow":["GET"]}}],"collection":[{"href":"https:\/\/www.espiroflex.com\/fr\/wp-json\/wp\/v2\/product"}],"about":[{"href":"https:\/\/www.espiroflex.com\/fr\/wp-json\/wp\/v2\/types\/product"}],"wp:featuredmedia":[{"embeddable":true,"href":"https:\/\/www.espiroflex.com\/fr\/wp-json\/wp\/v2\/media\/6275"}],"wp:attachment":[{"href":"https:\/\/www.espiroflex.com\/fr\/wp-json\/wp\/v2\/media?parent=15911"}],"wp:term":[{"taxonomy":"product_brand","embeddable":true,"href":"https:\/\/www.espiroflex.com\/fr\/wp-json\/wp\/v2\/product_brand?post=15911"},{"taxonomy":"product_cat","embeddable":true,"href":"https:\/\/www.espiroflex.com\/fr\/wp-json\/wp\/v2\/product_cat?post=15911"},{"taxonomy":"product_tag","embeddable":true,"href":"https:\/\/www.espiroflex.com\/fr\/wp-json\/wp\/v2\/product_tag?post=15911"}],"curies":[{"name":"wp","href":"https:\/\/api.w.org\/{rel}","templated":true}]}}