{"id":15794,"date":"2025-07-22T18:42:06","date_gmt":"2025-07-22T16:42:06","guid":{"rendered":"https:\/\/www.espiroflex.com\/\/product\/metalpress-chemical\/"},"modified":"2025-11-14T23:14:22","modified_gmt":"2025-11-14T22:14:22","slug":"metalpress-chemical","status":"publish","type":"product","link":"https:\/\/www.espiroflex.com\/fr\/produit\/metalpress-chemical\/","title":{"rendered":"Metalpress Chemical"},"content":{"rendered":"<p>Tuyau en caoutchouc thermoplastique (TPV) avec armature \u00e0 double textile et spirale m\u00e9tallique, pour les produits d&rsquo;aspiration et de transfert de l&rsquo;industrie chimique. Tr\u00e8s flexible, m\u00eame \u00e0 basse temp\u00e9rature.<\/p>\n","protected":false},"excerpt":{"rendered":"<p>Tuyau en caoutchouc thermoplastique (TPV) avec armature \u00e0 double textile et spirale m\u00e9tallique, pour les produits d&rsquo;aspiration et de transfert de l&rsquo;industrie chimique. Tr\u00e8s flexible, m\u00eame \u00e0 basse temp\u00e9rature.<\/p>\n","protected":false},"featured_media":6323,"template":"","meta":[],"product_brand":[983],"product_cat":[292,319,2408,344,340,245,234],"product_tag":[],"class_list":{"0":"post-15794","1":"product","2":"type-product","3":"status-publish","4":"has-post-thumbnail","6":"product_brand-metalpress","7":"product_cat-aspiration-de-liquide2","8":"product_cat-chimique","9":"product_cat-industrial-3-fr","10":"product_cat-industriel2","11":"product_cat-pharmaceutique","12":"product_cat-aspiration-de-liquide","13":"product_cat-agricole","14":"pa_aplicaciones-industrial-fr","15":"pa_color-verde-y-blanca-fr","16":"pa_construccion-manguera-spirale-en-acier-et-renfort-maille","17":"pa_diametro-interno-mm-20-0-fr","18":"pa_diametro-interno-mm-25-0-fr","19":"pa_diametro-interno-mm-32-0-fr","20":"pa_diametro-interno-mm-35-0-fr","21":"pa_diametro-interno-mm-38-0-fr","22":"pa_diametro-interno-mm-40-0-fr","23":"pa_diametro-interno-mm-45-0-fr","24":"pa_diametro-interno-mm-51-0-fr","25":"pa_diametro-interno-mm-60-0-fr","26":"pa_diametro-interno-mm-63-0-fr","27":"pa_diametro-interno-mm-76-0-fr","28":"pa_diametro-interno-mm-80-0-fr","29":"pa_diametro-interno-mm-90-0-fr","30":"pa_diametro-interno-mm-102-0-fr","31":"pa_diametro-interno-mm-105-0-fr","32":"pa_diametro-interno-mm-110-0-fr","33":"pa_diametro-interno-mm-120-0-fr","34":"pa_diametro-interno-mm-127-0-fr","35":"pa_diametro-interno-mm-152-0-fr","36":"pa_diametro-interno-pulg-1-fr","37":"pa_diametro-interno-pulg-1-1-2-fr","38":"pa_diametro-interno-pulg-1-1-4-fr","39":"pa_diametro-interno-pulg-1-3-4-fr","40":"pa_diametro-interno-pulg-1-3-8-fr","41":"pa_diametro-interno-pulg-1-5-8-fr","42":"pa_diametro-interno-pulg-2-fr","43":"pa_diametro-interno-pulg-2-1-2-fr","44":"pa_diametro-interno-pulg-2-1-32-fr","45":"pa_diametro-interno-pulg-3-fr","46":"pa_diametro-interno-pulg-3-1-2-fr","47":"pa_diametro-interno-pulg-3-1-8-fr","48":"pa_diametro-interno-pulg-3-4-fr","49":"pa_diametro-interno-pulg-4-fr","50":"pa_diametro-interno-pulg-4-3-4-fr","51":"pa_diametro-interno-pulg-5-3-fr","52":"pa_diametro-interno-pulg-6-3-fr","53":"pa_espesor-total-de-pared-mm-4-0-fr","54":"pa_espesor-total-de-pared-mm-5-0-fr","55":"pa_espesor-total-de-pared-mm-6-0-fr","56":"pa_espesor-total-de-pared-mm-6-5-fr","57":"pa_espesor-total-de-pared-mm-7-0-fr","58":"pa_espesor-total-de-pared-mm-8-0-fr","59":"pa_espesor-total-de-pared-mm-8-5-fr","60":"pa_espesor-total-de-pared-mm-9-0-fr","61":"pa_material-flexible-caucho-termoplastico-fr","62":"pa_material-manguera-tpv-fr","63":"pa_opacidad-opaque-fr","64":"pa_presion-rotura-bar-21-0-fr","65":"pa_presion-rotura-bar-24-0-fr","66":"pa_presion-rotura-bar-27-0-fr","67":"pa_presion-rotura-bar-30-0-fr","68":"pa_presion-rotura-bar-36-0-fr","69":"pa_presion-rotura-bar-42-0-fr","70":"pa_presion-rotura-bar-48-0-fr","71":"pa_refuerzo-tissu-en-polyester-et-acier-galvanise","72":"pa_resistencia-r-1-propanol-fr","73":"pa_resistencia-r-14-dioxane-fr","74":"pa_resistencia-r-2-ethylhexanol-fr","75":"pa_resistencia-r-2-pilorridone","76":"pa_resistencia-r-24-pentanediol-fr","77":"pa_resistencia-r-acetate-de-butyle","78":"pa_resistencia-r-acido-acetico-10-fr","79":"pa_resistencia-r-acido-acetico-3-fr","80":"pa_resistencia-r-acido-acetico-30-fr","81":"pa_resistencia-r-acido-acetico-5-fr","82":"pa_resistencia-r-acido-acetico-50-fr","83":"pa_resistencia-r-acido-acetico-80-fr","84":"pa_resistencia-r-acido-acetico-conc-fr","85":"pa_resistencia-r-acido-butirico-20-fr","86":"pa_resistencia-r-acido-butirico-conc-fr","87":"pa_resistencia-r-acido-clorhidrico-10-fr","88":"pa_resistencia-r-acido-clorhidrico-20-fr","89":"pa_resistencia-r-acido-clorhidrico-5-fr","90":"pa_resistencia-r-acido-clorhidrico-conc-fr","91":"pa_resistencia-r-acido-formico-10-fr","92":"pa_resistencia-r-acido-formico-20-fr","93":"pa_resistencia-r-acido-formico-25-fr","94":"pa_resistencia-r-acido-formico-85-fr","95":"pa_resistencia-r-acido-formico-conc-fr","96":"pa_resistencia-r-acido-nitrico-10-fr","97":"pa_resistencia-r-acido-nitrico-20-fr","98":"pa_resistencia-r-acido-nitrico-5-fr","99":"pa_resistencia-r-acido-sulfurico-20-fr","100":"pa_resistencia-r-acido-sulfurico-25-fr","101":"pa_resistencia-r-acido-sulfurico-5-fr","102":"pa_resistencia-r-acido-sulfurico-50-fr","103":"pa_resistencia-r-acido-sulfurico-70-fr","104":"pa_resistencia-r-acido-sulfurico-80-fr","105":"pa_resistencia-r-acido-sulfurico-96-fr","106":"pa_resistencia-r-acido-sulfurico-98-fr","107":"pa_resistencia-r-acrylate-dethyle","108":"pa_resistencia-r-acrylonitrile-fr","109":"pa_resistencia-r-adipate-de-dioctyle","110":"pa_resistencia-r-aire-fr","111":"pa_resistencia-r-alcool-allylique-2-propenol-1","112":"pa_resistencia-r-alcool-amylique","113":"pa_resistencia-r-alcool-ethylique-10","114":"pa_resistencia-r-alcool-ethylique-35","115":"pa_resistencia-r-alcool-ethylique-40","116":"pa_resistencia-r-alcool-ethylique-50","117":"pa_resistencia-r-alcool-ethylique-96","118":"pa_resistencia-r-alcool-ethylique-conc-max","119":"pa_resistencia-r-alcool-methylique-5","120":"pa_resistencia-r-alcool-methylique-6","121":"pa_resistencia-r-alcool-methylique-a-50","122":"pa_resistencia-r-alcohol-metilico-max-conc-fr","123":"pa_resistencia-r-amoniaco-liquido-fr","124":"pa_resistencia-r-anilina-fr","125":"pa_resistencia-r-nitrogeno-fr","126":"pa_resistencia-r-caprolactona-fr","127":"pa_resistencia-r-cloroparafinas-c14-c17-fr","128":"pa_resistencia-r-cloruro-de-calcio-20-fr","129":"pa_resistencia-r-cloruro-de-sodio-20-fr","130":"pa_resistencia-r-cloruro-de-zinc-20-fr","131":"pa_resistencia-r-ciclohexanol-fr","132":"pa_resistencia-r-detergentes-concentrados-fr","133":"pa_resistencia-r-dibutileter-fr","134":"pa_resistencia-r-dietilenglicol-fr","135":"pa_resistencia-r-dimetilformaldehido-fr","136":"pa_resistencia-r-dimetil-formamida-fr","137":"pa_resistencia-r-dipropilenglicol-fr","138":"pa_resistencia-r-eau","139":"pa_resistencia-r-eau-de-mer","140":"pa_resistencia-r-eter-dietilico-fr","141":"pa_resistencia-r-glicol-de-etileno-fr","142":"pa_resistencia-r-formamida-fr","143":"pa_resistencia-r-glicerol-fr","144":"pa_resistencia-r-hidroxido-de-amonio-10-fr","145":"pa_resistencia-r-hidroxido-de-amonio-25-fr","146":"pa_resistencia-r-hidroxido-de-amonio-28-fr","147":"pa_resistencia-r-hidroxido-de-amonio-30-fr","148":"pa_resistencia-r-hidroxido-de-amonio-5-fr","149":"pa_resistencia-r-hidroxido-de-amonio-conc-fr","150":"pa_resistencia-r-hidroxido-de-potasio-10-fr","151":"pa_resistencia-r-hidroxido-de-potasio-5-fr","152":"pa_resistencia-r-hidroxido-de-sodio-sosa-20-fr","153":"pa_resistencia-r-hidroxido-de-sodio-sosa-5-fr","154":"pa_resistencia-r-hipoclorito-de-sodio-14-cl2-fr","155":"pa_resistencia-r-fuel-oil-fr","156":"pa_resistencia-r-metacrilato-de-metilo-fr","157":"pa_resistencia-r-oxigeno-fr","158":"pa_resistencia-r-fenol-fr","159":"pa_resistencia-r-piridina-fr","160":"pa_resistencia-r-trimelitato-de-trioctilo-totm-fr","161":"pa_resistente-lr-acetate-dethyle","162":"pa_resistente-lr-acetone-fr","163":"pa_resistente-lr-acetonitrile-fr","164":"pa_resistente-lr-acido-nitrico-30-fr","165":"pa_resistente-lr-acido-nitrico-50-fr","166":"pa_resistente-lr-cloruro-de-acetilo-fr","167":"pa_resistente-lr-disulfuro-de-carbono-fr","168":"pa_resistente-lr-diisopropil-eter-fr","169":"pa_resistente-lr-furano-fr","170":"pa_resistente-lr-huile-animale","171":"pa_resistente-lr-huile-astm-1","172":"pa_resistente-lr-huile-minerale","173":"pa_resistente-lr-yoduro-de-metilo-fr","174":"pa_resistente-lr-metiletilcetona-fr","175":"pa_resistente-lr-oxido-de-propileno-fr","176":"pa_resistente-lr-tetrahidrofurano-fr","177":"pa_resistente-nr-acido-nitrico-70-fr","178":"pa_resistente-nr-acido-nitrico-95-fr","179":"pa_resistente-nr-acido-peracetico-fr","180":"pa_resistente-nr-cloruro-de-etilo-fr","181":"pa_resistente-nr-cloruro-de-metileno-fr","182":"pa_resistente-nr-ciclohexano-fr","183":"pa_resistente-nr-decalina-fr","184":"pa_resistente-nr-dibromo-metano-fr","185":"pa_resistente-nr-diisobutileno-fr","186":"pa_resistente-nr-freon-11-refrigerante-fr","187":"pa_resistente-nr-freon-12-refrigerante-fr","188":"pa_resistente-nr-freon-22-refrigerante-fr","189":"pa_resistente-nr-aceite-de-oliva-fr","190":"pa_resistente-nr-aceite-de-silicona-fr","191":"pa_resistente-nr-aceite-de-transformador-fr","192":"pa_resistente-nr-hidrocarburos-aromaticos-fr","193":"pa_resistente-nr-naftalina-fr","194":"pa_resistente-nr-percloroetileno-fr","195":"pa_resistente-nr-proprionitrilo-fr","196":"pa_resistente-nr-trementina-fr","197":"pa_resistente-nr-tetracloruro-de-carbono-fr","198":"pa_resistente-nr-tricloroetileno-fr","199":"pa_resistente-nr-triclorometano-fr","200":"pa_resistente-nr-xileno-fr","201":"pa_superficie-exterior-lisse","202":"pa_superficie-interior-lisse","203":"pa_temperatura-maxima-oc-80c-fr","204":"pa_temperatura-minima-oc-25c-fr","205":"pa_vacio-m-h2o-9-0-fr","207":"first","208":"instock","209":"shipping-taxable","210":"product-type-variable"},"_links":{"self":[{"href":"https:\/\/www.espiroflex.com\/fr\/wp-json\/wp\/v2\/product\/15794","targetHints":{"allow":["GET"]}}],"collection":[{"href":"https:\/\/www.espiroflex.com\/fr\/wp-json\/wp\/v2\/product"}],"about":[{"href":"https:\/\/www.espiroflex.com\/fr\/wp-json\/wp\/v2\/types\/product"}],"wp:featuredmedia":[{"embeddable":true,"href":"https:\/\/www.espiroflex.com\/fr\/wp-json\/wp\/v2\/media\/6323"}],"wp:attachment":[{"href":"https:\/\/www.espiroflex.com\/fr\/wp-json\/wp\/v2\/media?parent=15794"}],"wp:term":[{"taxonomy":"product_brand","embeddable":true,"href":"https:\/\/www.espiroflex.com\/fr\/wp-json\/wp\/v2\/product_brand?post=15794"},{"taxonomy":"product_cat","embeddable":true,"href":"https:\/\/www.espiroflex.com\/fr\/wp-json\/wp\/v2\/product_cat?post=15794"},{"taxonomy":"product_tag","embeddable":true,"href":"https:\/\/www.espiroflex.com\/fr\/wp-json\/wp\/v2\/product_tag?post=15794"}],"curies":[{"name":"wp","href":"https:\/\/api.w.org\/{rel}","templated":true}]}}