{"id":15714,"date":"2025-07-22T18:42:59","date_gmt":"2025-07-22T16:42:59","guid":{"rendered":"https:\/\/www.espiroflex.com\/\/product\/transfort-superelastic-antiestatico\/"},"modified":"2025-11-26T12:21:29","modified_gmt":"2025-11-26T11:21:29","slug":"transfort-superelastic-antiestatico","status":"publish","type":"product","link":"https:\/\/www.espiroflex.com\/fr\/produit\/transfort-superelastic-antiestatico\/","title":{"rendered":"Transfort Super\u00e9lastique antistatique"},"content":{"rendered":"<p>Tuyau tr\u00e8s flexible pour l&rsquo;irrigation industrielle et les citernes mobiles. Particuli\u00e8rement recommand\u00e9 pour les installations \u00e0 basses temp\u00e9ratures. Utilisation pour le pompage par aspiration et refoulement de purins et de produits \u00e0 indice \u00e9lev\u00e9 d&rsquo;agressivit\u00e9. Convient pour des temp\u00e9ratures allant jusqu&rsquo;\u00e0 -25\u00b0C<\/p>\n","protected":false},"excerpt":{"rendered":"<p>Tuyau tr\u00e8s flexible pour l&rsquo;irrigation industrielle et les citernes mobiles. Particuli\u00e8rement recommand\u00e9 pour les installations \u00e0 basses temp\u00e9ratures. Utilisation pour le pompage par aspiration et refoulement de purins et de produits \u00e0 indice \u00e9lev\u00e9 d&rsquo;agressivit\u00e9. Convient pour des temp\u00e9ratures allant jusqu&rsquo;\u00e0 -25\u00b0C<\/p>\n","protected":false},"featured_media":6356,"template":"","meta":[],"product_brand":[971],"product_cat":[292,2408,344,285,245,234],"product_tag":[],"class_list":{"0":"post-15714","1":"product","2":"type-product","3":"status-publish","4":"has-post-thumbnail","6":"product_brand-transfort","7":"product_cat-aspiration-de-liquide2","8":"product_cat-industrial-3-fr","9":"product_cat-industriel2","10":"product_cat-tuyau-en-pvc","11":"product_cat-aspiration-de-liquide","12":"product_cat-agricole","13":"pa_antiestatico-antistatique","14":"pa_aplicaciones-agricola-fr","15":"pa_aplicaciones-industrial-fr","16":"pa_aplicaciones-petrolier","17":"pa_color-azul-y-negro-fr","18":"pa_color-gris-y-verde-fr","19":"pa_construccion-manguera-spirale","20":"pa_diametro-interno-mm-40-0-fr","21":"pa_diametro-interno-mm-45-0-fr","22":"pa_diametro-interno-mm-51-0-fr","23":"pa_diametro-interno-mm-60-0-fr","24":"pa_diametro-interno-mm-63-0-fr","25":"pa_diametro-interno-mm-70-0-fr","26":"pa_diametro-interno-mm-76-0-fr","27":"pa_diametro-interno-mm-80-0-fr","28":"pa_diametro-interno-mm-90-0-fr","29":"pa_diametro-interno-mm-102-0-fr","30":"pa_diametro-interno-mm-110-0-fr","31":"pa_diametro-interno-mm-120-0-fr","32":"pa_diametro-interno-mm-127-0-fr","33":"pa_diametro-interno-mm-152-0-fr","34":"pa_diametro-interno-mm-203-0-fr","35":"pa_diametro-interno-mm-254-0-fr","36":"pa_diametro-interno-pulg-1-3-4-fr","37":"pa_diametro-interno-pulg-1-5-8-fr","38":"pa_diametro-interno-pulg-10-fr","39":"pa_diametro-interno-pulg-2-fr","40":"pa_diametro-interno-pulg-2-1-2-fr","41":"pa_diametro-interno-pulg-2-1-32-fr","42":"pa_diametro-interno-pulg-2-3-4-fr","43":"pa_diametro-interno-pulg-3-fr","44":"pa_diametro-interno-pulg-3-1-2-fr","45":"pa_diametro-interno-pulg-3-1-8-fr","46":"pa_diametro-interno-pulg-4-fr","47":"pa_diametro-interno-pulg-4-5-16-fr","48":"pa_diametro-interno-pulg-5-fr","49":"pa_diametro-interno-pulg-6-fr","50":"pa_diametro-interno-pulg-8-fr","51":"pa_espesor-total-de-pared-mm-12-1-fr","52":"pa_espesor-total-de-pared-mm-4-5-fr","53":"pa_espesor-total-de-pared-mm-5-0-fr","54":"pa_espesor-total-de-pared-mm-5-2-fr","55":"pa_espesor-total-de-pared-mm-5-5-fr","56":"pa_espesor-total-de-pared-mm-6-0-fr","57":"pa_espesor-total-de-pared-mm-6-5-fr","58":"pa_espesor-total-de-pared-mm-6-7-fr","59":"pa_espesor-total-de-pared-mm-7-3-fr","60":"pa_espesor-total-de-pared-mm-7-5-fr","61":"pa_espesor-total-de-pared-mm-8-0-fr","62":"pa_espesor-total-de-pared-mm-8-3-fr","63":"pa_espesor-total-de-pared-mm-9-5-fr","64":"pa_material-flexible-pvc-flexible-fr","65":"pa_material-manguera-pvc-fr","66":"pa_opacidad-opaque-fr","67":"pa_presion-rotura-bar-10-0-fr","68":"pa_presion-rotura-bar-12-0-fr","69":"pa_presion-rotura-bar-14-0-fr","70":"pa_presion-rotura-bar-15-0-fr","71":"pa_presion-rotura-bar-18-0-fr","72":"pa_presion-rotura-bar-4-0-fr","73":"pa_presion-rotura-bar-6-0-fr","74":"pa_presion-rotura-bar-8-0-fr","75":"pa_presion-rotura-bar-9-0-fr","76":"pa_refuerzo-pvc-rigido-fr","77":"pa_resistente-a-la-abrasion-resistant-a-labrasion","78":"pa_superficie-exterior-rugueux","79":"pa_superficie-interior-lisse","80":"pa_temperatura-maxima-oc-60c-fr","81":"pa_temperatura-minima-oc-25c-fr","82":"pa_vacio-m-h2o-9-0-fr","84":"first","85":"instock","86":"shipping-taxable","87":"product-type-variable"},"_links":{"self":[{"href":"https:\/\/www.espiroflex.com\/fr\/wp-json\/wp\/v2\/product\/15714","targetHints":{"allow":["GET"]}}],"collection":[{"href":"https:\/\/www.espiroflex.com\/fr\/wp-json\/wp\/v2\/product"}],"about":[{"href":"https:\/\/www.espiroflex.com\/fr\/wp-json\/wp\/v2\/types\/product"}],"wp:featuredmedia":[{"embeddable":true,"href":"https:\/\/www.espiroflex.com\/fr\/wp-json\/wp\/v2\/media\/6356"}],"wp:attachment":[{"href":"https:\/\/www.espiroflex.com\/fr\/wp-json\/wp\/v2\/media?parent=15714"}],"wp:term":[{"taxonomy":"product_brand","embeddable":true,"href":"https:\/\/www.espiroflex.com\/fr\/wp-json\/wp\/v2\/product_brand?post=15714"},{"taxonomy":"product_cat","embeddable":true,"href":"https:\/\/www.espiroflex.com\/fr\/wp-json\/wp\/v2\/product_cat?post=15714"},{"taxonomy":"product_tag","embeddable":true,"href":"https:\/\/www.espiroflex.com\/fr\/wp-json\/wp\/v2\/product_tag?post=15714"}],"curies":[{"name":"wp","href":"https:\/\/api.w.org\/{rel}","templated":true}]}}