{"id":15636,"date":"2025-07-22T19:03:15","date_gmt":"2025-07-22T17:03:15","guid":{"rendered":"https:\/\/www.espiroflex.com\/\/product\/espirokit-limpiafondos\/"},"modified":"2025-11-15T09:45:51","modified_gmt":"2025-11-15T08:45:51","slug":"espirokit-limpiafondos","status":"publish","type":"product","link":"https:\/\/www.espiroflex.com\/fr\/produit\/espirokit-limpiafondos\/","title":{"rendered":"Espirokit limpiafondos"},"content":{"rendered":"<p>Pipe d&rsquo;autoflant autofoliant tr\u00e8s flexible fabriqu\u00e9 \u00e0 base de copolym\u00e8res d&rsquo;\u00e9thyl\u00e8ne. Non-pois\u00e9. Tr\u00e8s g\u00e9rable. Son rayon de courbure est le double de son diam\u00e8tre int\u00e9rieur. Grand \u00e9tang dans l&rsquo;adh\u00e9sion des buses au tube. R\u00e9sistant aux rayons UV, au froid et \u00e0 la rupture de l&rsquo;allongement.<\/p>\n","protected":false},"excerpt":{"rendered":"<p>Pipe d&rsquo;autoflant autofoliant tr\u00e8s flexible fabriqu\u00e9 \u00e0 base de copolym\u00e8res d&rsquo;\u00e9thyl\u00e8ne. Non-pois\u00e9. Tr\u00e8s g\u00e9rable. Son rayon de courbure est le double de son diam\u00e8tre int\u00e9rieur. Grand \u00e9tang dans l&rsquo;adh\u00e9sion des buses au tube. R\u00e9sistant aux rayons UV, au froid et \u00e0 la rupture de l&rsquo;allongement.<\/p>\n","protected":false},"featured_media":20602,"template":"","meta":[],"product_brand":[421],"product_cat":[324,314,285,309],"product_tag":[],"class_list":{"0":"post-15636","1":"product","2":"type-product","3":"status-publish","4":"has-post-thumbnail","6":"product_brand-transflot","7":"product_cat-construction2","8":"product_cat-piscines","9":"product_cat-tuyau-en-pvc","10":"product_cat-tuyau-pvc-usage-domestique","11":"pa_aplicaciones-piscines","12":"pa_color-blanc","13":"pa_construccion-manguera-flotante-fr-2","14":"pa_diametro-interno-mm-38-0-fr","15":"pa_diametro-interno-pulg-1-1-4-fr","16":"pa_espesor-total-de-pared-mm-3-75-fr","17":"pa_material-flexible-pe-fr","18":"pa_material-manguera-pvc-fr","19":"pa_resistencia-r-acetate-daluminium","20":"pa_resistencia-r-acetate-de-calcium","21":"pa_resistencia-r-acetate-de-sodium","22":"pa_resistencia-r-acido-acetico-10-fr","23":"pa_resistencia-r-acido-acetico-3-fr","24":"pa_resistencia-r-acido-acetico-5-fr","25":"pa_resistencia-r-acido-adipico-fr","26":"pa_resistencia-r-acido-borico-10-fr","27":"pa_resistencia-r-acido-borico-5-fr","28":"pa_resistencia-r-acido-borico-conc-fr","29":"pa_resistencia-r-acido-bromhidrico-sol-acu-30-fr","30":"pa_resistencia-r-acido-bromhidrico-sol-acu-50-fr","31":"pa_resistencia-r-acido-butirico-20-fr","32":"pa_resistencia-r-acido-carbonico-5-fr","33":"pa_resistencia-r-acido-carbonico-conc-fr","34":"pa_resistencia-r-acido-clorhidrico-10-fr","35":"pa_resistencia-r-acido-clorhidrico-20-fr","36":"pa_resistencia-r-acido-clorhidrico-22-fr","37":"pa_resistencia-r-acido-clorhidrico-5-fr","38":"pa_resistencia-r-acido-clorhidrico-conc-fr","39":"pa_resistencia-r-acido-cromico-5-fr","40":"pa_resistencia-r-acido-citrico-5-fr","41":"pa_resistencia-r-acido-fluorhidrico-4-fr","42":"pa_resistencia-r-acido-hiplocoroso-20-fr","43":"pa_resistencia-r-acido-hiplocoroso-sol-acu-conc-fr","44":"pa_resistencia-r-acido-lactico-sol-acu-10-fr","45":"pa_resistencia-r-acido-lactico-sol-acu-3-fr","46":"pa_resistencia-r-acido-nitrico-10-fr","47":"pa_resistencia-r-acido-nitrico-20-fr","48":"pa_resistencia-r-acido-nitrico-30-fr","49":"pa_resistencia-r-acido-nitrico-5-fr","50":"pa_resistencia-r-acido-nitrico-50-fr","51":"pa_resistencia-r-acido-oxalico-fr","52":"pa_resistencia-r-acido-fosforico-20-fr","53":"pa_resistencia-r-acido-fosforico-30-fr","54":"pa_resistencia-r-acido-fosforico-5-fr","55":"pa_resistencia-r-acido-estearico-fr","56":"pa_resistencia-r-acido-sulfurico-20-fr","57":"pa_resistencia-r-acido-sulfurico-25-fr","58":"pa_resistencia-r-acido-sulfurico-5-fr","59":"pa_resistencia-r-acidos-grasos-c6-fr","60":"pa_resistencia-r-aire-fr","61":"pa_resistencia-r-alcool-amylique","62":"pa_resistencia-r-alcool-ethylique-10","63":"pa_resistencia-r-alcool-ethylique-35","64":"pa_resistencia-r-alcool-ethylique-40","65":"pa_resistencia-r-alcool-isobutylique","66":"pa_resistencia-r-alcool-isopropylique","67":"pa_resistencia-r-alcool-methylique-5","68":"pa_resistencia-r-alcool-methylique-6","69":"pa_resistencia-r-alumbre-fr","70":"pa_resistencia-r-anhidrido-sulfuroso-fr","71":"pa_resistencia-r-nitrogeno-fr","72":"pa_resistencia-r-cerveza-fr","73":"pa_resistencia-r-bisulfato-calcico-fr","74":"pa_resistencia-r-bisulfato-sodico-fr","75":"pa_resistencia-r-bisulfatos-y-bisulfatos-met-fr","76":"pa_resistencia-r-borax-5-fr","77":"pa_resistencia-r-borax-conc-fr","78":"pa_resistencia-r-carbonato-de-amonio-fr","79":"pa_resistencia-r-carbonato-calcico-fr","80":"pa_resistencia-r-carbonato-magnesico-fr","81":"pa_resistencia-r-carbonato-de-sodio-fr","82":"pa_resistencia-r-caseina-fr","83":"pa_resistencia-r-cloruro-de-calcio-20-fr","84":"pa_resistencia-r-cloruro-de-calcio-25-fr","85":"pa_resistencia-r-cloruro-de-sodio-20-fr","86":"pa_resistencia-r-cloruro-de-sodio-25-fr","87":"pa_resistencia-r-cloruro-de-sodio-conc-fr","88":"pa_resistencia-r-cloruro-de-zinc-20-fr","89":"pa_resistencia-r-cloruro-de-zinc-conc-fr","90":"pa_resistencia-r-cloruro-ferrico-fr","91":"pa_resistencia-r-sidra-fr","92":"pa_resistencia-r-cianuro-de-sodio-fr","93":"pa_resistencia-r-detergentes-concentrados-fr","94":"pa_resistencia-r-dextrina-fr","95":"pa_resistencia-r-dextrosa-fr","96":"pa_resistencia-r-dicromato-de-potasio-40-fr","97":"pa_resistencia-r-dicromato-de-potasio-todas-conc-fr","98":"pa_resistencia-r-dioxido-de-carbono-fr","99":"pa_resistencia-r-dodecanol-fr","100":"pa_resistencia-r-eau","101":"pa_resistencia-r-eau-de-mer","102":"pa_resistencia-r-emulsionantes-fr","103":"pa_resistencia-r-glicol-de-etileno-fr","104":"pa_resistencia-r-formaldehido-30-fr","105":"pa_resistencia-r-formaldehido-37-fr","106":"pa_resistencia-r-fructosa-fr","107":"pa_resistencia-r-sulfuro-de-hidrogeno-gaseoso-fr","108":"pa_resistencia-r-glicerina-fr","109":"pa_resistencia-r-glicerol-fr","110":"pa_resistencia-r-hidroquinona-fr","111":"pa_resistencia-r-hidroxido-de-aluminio-fr","112":"pa_resistencia-r-hidroxido-de-amonio-10-fr","113":"pa_resistencia-r-hidroxido-de-amonio-25-fr","114":"pa_resistencia-r-hidroxido-de-amonio-28-fr","115":"pa_resistencia-r-hidroxido-de-amonio-5-fr","116":"pa_resistencia-r-hidroxido-de-calcio-fr","117":"pa_resistencia-r-hidroxido-de-potasio-10-fr","118":"pa_resistencia-r-hidroxido-de-potasio-5-fr","119":"pa_resistencia-r-hidroxido-de-potasio-50-fr","120":"pa_resistencia-r-hidroxido-de-potasio-conc-fr","121":"pa_resistencia-r-hidroxido-de-sodio-sosa-10-fr","122":"pa_resistencia-r-hidroxido-de-sodio-sosa-20-fr","123":"pa_resistencia-r-hidroxido-de-sodio-sosa-5-fr","124":"pa_resistencia-r-hipoclorito-de-calcio-fr","125":"pa_resistencia-r-hipoclorito-de-sodio-14-cl2-fr","126":"pa_resistencia-r-hipoclorito-de-sodio-15-cl2-fr","127":"pa_resistencia-r-lanolina-fr","128":"pa_resistencia-r-manganato-potasico-fr","129":"pa_resistencia-r-nitrato-de-amonio-25-fr","130":"pa_resistencia-r-nitrato-sodico-fr","131":"pa_resistencia-r-anhidrido-carbonico-fr","132":"pa_resistencia-r-oxidos-sulfurosos-fr","133":"pa_resistencia-r-oxigeno-fr","134":"pa_resistencia-r-parafina-fr","135":"pa_resistencia-r-perborato-sodico-fr","136":"pa_resistencia-r-permanganatos-potasico-10-fr","137":"pa_resistencia-r-peroxido-de-hidrogeno-30-vol-fr","138":"pa_resistencia-r-persulfato-de-amonio-fr","139":"pa_resistencia-r-plomotetraetilo-fr","140":"pa_resistencia-r-potasio-fr","141":"pa_resistencia-r-jabones-liquidos-fr","142":"pa_resistencia-r-silicatos-aluminicos-fr","143":"pa_resistencia-r-silicatos-potasicos-fr","144":"pa_resistencia-r-silicatos-sodicos-fr","145":"pa_resistencia-r-cloruro-de-calcio-sol-sat-fr","146":"pa_resistencia-r-nitrato-de-amonio-sol-sat-fr","147":"pa_resistencia-r-hipoclorito-de-sodio-sol-sat-fr","148":"pa_resistencia-r-azufre-fr","149":"pa_resistencia-r-sulfuro-de-amonio-fr","150":"pa_resistencia-r-sulfuro-de-bario-fr","151":"pa_resistencia-r-sulfuro-ferrico-fr","152":"pa_resistencia-r-tanino-fr","153":"pa_resistencia-r-tricloruro-de-antimonio-fr","154":"pa_resistencia-r-vinagre-fr","155":"pa_resistencia-r-vinos-fr","156":"pa_resistente-lr-acido-acetico-30-fr","157":"pa_resistente-lr-acido-acetico-50-fr","158":"pa_resistente-lr-acido-acetico-80-fr","159":"pa_resistente-lr-acido-benzoico-fr","160":"pa_resistente-lr-acido-cromico-10-fr","161":"pa_resistente-lr-acido-fluorhidrico-20-fr","162":"pa_resistente-lr-acido-fluorhidrico-30-fr","163":"pa_resistente-lr-acido-formico-10-fr","164":"pa_resistente-lr-acido-formico-20-fr","165":"pa_resistente-lr-acido-sulfurico-50-fr","166":"pa_resistente-lr-alcool-butylique","167":"pa_resistente-lr-formaldehido-40-fr","168":"pa_resistente-lr-gas-licuado-de-petroleo-glp-fr","169":"pa_resistente-lr-aceite-astm-2-fr","170":"pa_resistente-lr-huile-astm-2","171":"pa_resistente-lr-huile-de-graines","172":"pa_resistente-lr-ozono-fr","173":"pa_resistente-nr-acetaldehido-fr","174":"pa_resistente-nr-acetato-de-amilo-fr","175":"pa_resistente-nr-acetato-de-etilo-fr","176":"pa_resistente-nr-acetatos-de-alquilo-fr","177":"pa_resistente-nr-acetona-fr","178":"pa_resistente-nr-acetonitrilo-fr","179":"pa_resistente-nr-acido-acetico-conc-fr","180":"pa_resistente-nr-acido-cloroacetico-fr","181":"pa_resistente-nr-acido-clorosulfonico-conc-fr","182":"pa_resistente-nr-acido-fluorhidrico-40-fr","183":"pa_resistente-nr-acido-fluorhidrico-60-fr","184":"pa_resistente-nr-acido-formico-25-fr","185":"pa_resistente-nr-acido-formico-85-fr","186":"pa_resistente-nr-acido-formico-conc-fr","187":"pa_resistente-nr-acido-nitrico-70-fr","188":"pa_resistente-nr-acido-nitrico-95-fr","189":"pa_resistente-nr-acido-oleico-fr","190":"pa_resistente-nr-acido-peracetico-fr","191":"pa_resistente-nr-acido-ftalico-fr","192":"pa_resistente-nr-acido-sulfurico-70-fr","193":"pa_resistente-nr-acido-sulfurico-80-fr","194":"pa_resistente-nr-acido-sulfurico-96-fr","195":"pa_resistente-nr-acido-sulfurico-98-fr","196":"pa_resistente-nr-acido-sulfurico-conc-fuming-fr","197":"pa_resistente-nr-acrilato-de-etilo-fr","198":"pa_resistente-nr-alcohol-alilico-2-propenol-1-fr","199":"pa_resistente-nr-alcohol-bencilico-fr","200":"pa_resistente-nr-alcohol-etilico-96-fr","201":"pa_resistente-nr-alcohol-etilico-max-conc-fr","202":"pa_resistente-nr-aldehidos-fr","203":"pa_resistente-nr-amoniaco-gas-fr","204":"pa_resistente-nr-anhidrido-acetico-fr","205":"pa_resistente-nr-benzaldehido-fr","206":"pa_resistente-nr-benceno-fr","207":"pa_resistente-nr-bromo-fr","208":"pa_resistente-nr-bromuro-de-alquilo-fr","209":"pa_resistente-nr-bromuro-de-etileno-fr","210":"pa_resistente-nr-butanodiol-100-fr","211":"pa_resistente-nr-cetonas-fr","212":"pa_resistente-nr-cloro-100-gas-seco-fr","213":"pa_resistente-nr-cloroformo-fr","214":"pa_resistente-nr-cloroparafinas-c14-c17-fr","215":"pa_resistente-nr-cloruro-de-mercurio-fr","216":"pa_resistente-nr-cresol-fr","217":"pa_resistente-nr-cicloalcoholes-fr","218":"pa_resistente-nr-cicloalcanos-fr","219":"pa_resistente-nr-ciclocetonas-fr","220":"pa_resistente-nr-ciclohexano-fr","221":"pa_resistente-nr-ciclohexanona-fr","222":"pa_resistente-nr-dietilcetona-fr","223":"pa_resistente-nr-dimetil-formamida-fr","224":"pa_resistente-nr-dioxano-fr","225":"pa_resistente-nr-white-spirit-fr","226":"pa_resistente-nr-esteres-alifaticos-fr","227":"pa_resistente-nr-fluoruro-fr","228":"pa_resistente-nr-fuel-oil-fr","229":"pa_resistente-nr-gasoleo-y-biodiesel-fr","230":"pa_resistente-nr-hexano-fr","231":"pa_resistente-nr-aceite-astm-3-fr","232":"pa_resistente-nr-aceite-mineral-fr","233":"pa_resistente-nr-aceites-lubricantes-petroleo-fr","234":"pa_resistente-nr-hidracina-fr","235":"pa_resistente-nr-hidrocarburos-aromaticos-fr","236":"pa_resistente-nr-queroseno-fr","237":"pa_resistente-nr-nitrito-sodico-fr","238":"pa_resistente-nr-sebacato-de-dioctilo-fr","239":"pa_resistente-nr-silicona-fr","240":"pa_resistente-nr-disolventes-clorados-fr","241":"pa_resistente-nr-tetracloruro-de-carbono2-fr","242":"pa_resistente-nr-trimelitato-de-trioctilo-totm-fr","243":"pa_resistente-nr-urea-ad-blue-fr","244":"pa_resistente-nr-urea-30-fr","245":"pa_resistente-sr-alcool-ethylique-50","246":"pa_resistente-sr-phtalates","247":"pa_resistente-sr-whisky-fr","248":"pa_superficie-exterior-ondule","249":"pa_superficie-interior-ondule","250":"pa_temperatura-maxima-oc-55oc-fr","251":"pa_temperatura-minima-oc-25c-fr","252":"pa_vacio-m-h2o-5-0-fr","254":"first","255":"instock","256":"shipping-taxable","257":"product-type-variable"},"_links":{"self":[{"href":"https:\/\/www.espiroflex.com\/fr\/wp-json\/wp\/v2\/product\/15636","targetHints":{"allow":["GET"]}}],"collection":[{"href":"https:\/\/www.espiroflex.com\/fr\/wp-json\/wp\/v2\/product"}],"about":[{"href":"https:\/\/www.espiroflex.com\/fr\/wp-json\/wp\/v2\/types\/product"}],"wp:featuredmedia":[{"embeddable":true,"href":"https:\/\/www.espiroflex.com\/fr\/wp-json\/wp\/v2\/media\/20602"}],"wp:attachment":[{"href":"https:\/\/www.espiroflex.com\/fr\/wp-json\/wp\/v2\/media?parent=15636"}],"wp:term":[{"taxonomy":"product_brand","embeddable":true,"href":"https:\/\/www.espiroflex.com\/fr\/wp-json\/wp\/v2\/product_brand?post=15636"},{"taxonomy":"product_cat","embeddable":true,"href":"https:\/\/www.espiroflex.com\/fr\/wp-json\/wp\/v2\/product_cat?post=15636"},{"taxonomy":"product_tag","embeddable":true,"href":"https:\/\/www.espiroflex.com\/fr\/wp-json\/wp\/v2\/product_tag?post=15636"}],"curies":[{"name":"wp","href":"https:\/\/api.w.org\/{rel}","templated":true}]}}