{"id":15568,"date":"2025-07-22T19:05:15","date_gmt":"2025-07-22T17:05:15","guid":{"rendered":"https:\/\/www.espiroflex.com\/\/product\/r-i-a\/"},"modified":"2025-11-14T12:31:29","modified_gmt":"2025-11-14T11:31:29","slug":"r-i-a","status":"publish","type":"product","link":"https:\/\/www.espiroflex.com\/fr\/produit\/r-i-a\/","title":{"rendered":"R.I.A."},"content":{"rendered":"<p>Tuyau multicape en PVC flexible avec renforcement int\u00e9rieur du fil de polyester tress\u00e9 \u00e0 utiliser dans les extincteurs. Fabriqu\u00e9 selon la norme en 694. Produit certifi\u00e9 par l&rsquo;Association de qualit\u00e9 fran\u00e7aise Afnor, suivant le protocole de certification NF021. Il prend en charge les pressions \u00e9lev\u00e9es.<\/p>\n","protected":false},"excerpt":{"rendered":"<p>Tuyau multicape en PVC flexible avec renforcement int\u00e9rieur du fil de polyester tress\u00e9 \u00e0 utiliser dans les extincteurs. Fabriqu\u00e9 selon la norme en 694. Produit certifi\u00e9 par l&rsquo;Association de qualit\u00e9 fran\u00e7aise Afnor, suivant le protocole de certification NF021. Il prend en charge les pressions \u00e9lev\u00e9es.<\/p>\n","protected":false},"featured_media":6562,"template":"","meta":[],"product_brand":[990],"product_cat":[2408,344,305,285,260,234],"product_tag":[],"class_list":{"0":"post-15568","1":"product","2":"type-product","3":"status-publish","4":"has-post-thumbnail","6":"product_brand-espiropres","7":"product_cat-industrial-3-fr","8":"product_cat-industriel2","9":"product_cat-travail-sous-pression2","10":"product_cat-tuyau-en-pvc","11":"product_cat-travail-sous-pression","12":"product_cat-agricole","13":"pa_aplicaciones-industrial-fr","14":"pa_color-noir","15":"pa_color-rouge","16":"pa_construccion-manguera-mallado-fr","17":"pa_diametro-interno-mm-19-0-fr","18":"pa_diametro-interno-mm-25-0-fr","19":"pa_diametro-interno-mm-33-0-fr","20":"pa_diametro-interno-pulg-1-fr","21":"pa_diametro-interno-pulg-1-5-16-fr","22":"pa_diametro-interno-pulg-3-4-fr","23":"pa_espesor-total-de-pared-mm-3-5-fr","24":"pa_espesor-total-de-pared-mm-4-0-fr","25":"pa_material-flexible-pvc-fr","26":"pa_material-manguera-pvc-fr","27":"pa_opacidad-opaque-fr","28":"pa_presion-rotura-bar-24-0-fr","29":"pa_presion-rotura-bar-42-0-fr","30":"pa_refuerzo-fil-polyester","31":"pa_resistencia-r-acetate-daluminium","32":"pa_resistencia-r-acetate-de-calcium","33":"pa_resistencia-r-acetate-de-sodium","34":"pa_resistencia-r-acido-acetico-10-fr","35":"pa_resistencia-r-acido-acetico-3-fr","36":"pa_resistencia-r-acido-acetico-5-fr","37":"pa_resistencia-r-acido-adipico-fr","38":"pa_resistencia-r-acido-borico-10-fr","39":"pa_resistencia-r-acido-borico-5-fr","40":"pa_resistencia-r-acido-borico-conc-fr","41":"pa_resistencia-r-acido-bromhidrico-sol-acu-30-fr","42":"pa_resistencia-r-acido-bromhidrico-sol-acu-50-fr","43":"pa_resistencia-r-acido-butirico-20-fr","44":"pa_resistencia-r-acido-carbonico-5-fr","45":"pa_resistencia-r-acido-carbonico-conc-fr","46":"pa_resistencia-r-acido-clorhidrico-10-fr","47":"pa_resistencia-r-acido-clorhidrico-20-fr","48":"pa_resistencia-r-acido-clorhidrico-22-fr","49":"pa_resistencia-r-acido-clorhidrico-5-fr","50":"pa_resistencia-r-acido-clorhidrico-conc-fr","51":"pa_resistencia-r-acido-cromico-5-fr","52":"pa_resistencia-r-acido-citrico-5-fr","53":"pa_resistencia-r-acido-fluorhidrico-4-fr","54":"pa_resistencia-r-acido-hiplocoroso-20-fr","55":"pa_resistencia-r-acido-hiplocoroso-sol-acu-conc-fr","56":"pa_resistencia-r-acido-lactico-sol-acu-10-fr","57":"pa_resistencia-r-acido-lactico-sol-acu-3-fr","58":"pa_resistencia-r-acido-nitrico-10-fr","59":"pa_resistencia-r-acido-nitrico-20-fr","60":"pa_resistencia-r-acido-nitrico-30-fr","61":"pa_resistencia-r-acido-nitrico-5-fr","62":"pa_resistencia-r-acido-nitrico-50-fr","63":"pa_resistencia-r-acido-oxalico-fr","64":"pa_resistencia-r-acido-fosforico-20-fr","65":"pa_resistencia-r-acido-fosforico-30-fr","66":"pa_resistencia-r-acido-fosforico-5-fr","67":"pa_resistencia-r-acido-estearico-fr","68":"pa_resistencia-r-acido-sulfurico-20-fr","69":"pa_resistencia-r-acido-sulfurico-25-fr","70":"pa_resistencia-r-acido-sulfurico-5-fr","71":"pa_resistencia-r-acidos-grasos-c6-fr","72":"pa_resistencia-r-aire-fr","73":"pa_resistencia-r-alcool-amylique","74":"pa_resistencia-r-alcool-ethylique-10","75":"pa_resistencia-r-alcool-ethylique-35","76":"pa_resistencia-r-alcool-ethylique-40","77":"pa_resistencia-r-alcool-isobutylique","78":"pa_resistencia-r-alcool-isopropylique","79":"pa_resistencia-r-alcool-methylique-5","80":"pa_resistencia-r-alcool-methylique-6","81":"pa_resistencia-r-alumbre-fr","82":"pa_resistencia-r-anhidrido-sulfuroso-fr","83":"pa_resistencia-r-nitrogeno-fr","84":"pa_resistencia-r-cerveza-fr","85":"pa_resistencia-r-bisulfato-calcico-fr","86":"pa_resistencia-r-bisulfato-sodico-fr","87":"pa_resistencia-r-bisulfatos-y-bisulfatos-met-fr","88":"pa_resistencia-r-borax-5-fr","89":"pa_resistencia-r-borax-conc-fr","90":"pa_resistencia-r-carbonato-de-amonio-fr","91":"pa_resistencia-r-carbonato-calcico-fr","92":"pa_resistencia-r-carbonato-magnesico-fr","93":"pa_resistencia-r-carbonato-de-sodio-fr","94":"pa_resistencia-r-caseina-fr","95":"pa_resistencia-r-cloruro-de-calcio-20-fr","96":"pa_resistencia-r-cloruro-de-calcio-25-fr","97":"pa_resistencia-r-cloruro-de-sodio-20-fr","98":"pa_resistencia-r-cloruro-de-sodio-25-fr","99":"pa_resistencia-r-cloruro-de-sodio-conc-fr","100":"pa_resistencia-r-cloruro-de-zinc-20-fr","101":"pa_resistencia-r-cloruro-de-zinc-conc-fr","102":"pa_resistencia-r-cloruro-ferrico-fr","103":"pa_resistencia-r-sidra-fr","104":"pa_resistencia-r-cianuro-de-sodio-fr","105":"pa_resistencia-r-detergentes-concentrados-fr","106":"pa_resistencia-r-dextrina-fr","107":"pa_resistencia-r-dextrosa-fr","108":"pa_resistencia-r-dicromato-de-potasio-40-fr","109":"pa_resistencia-r-dicromato-de-potasio-todas-conc-fr","110":"pa_resistencia-r-dioxido-de-carbono-fr","111":"pa_resistencia-r-dodecanol-fr","112":"pa_resistencia-r-eau","113":"pa_resistencia-r-eau-de-mer","114":"pa_resistencia-r-emulsionantes-fr","115":"pa_resistencia-r-glicol-de-etileno-fr","116":"pa_resistencia-r-formaldehido-30-fr","117":"pa_resistencia-r-formaldehido-37-fr","118":"pa_resistencia-r-fructosa-fr","119":"pa_resistencia-r-sulfuro-de-hidrogeno-gaseoso-fr","120":"pa_resistencia-r-glicerina-fr","121":"pa_resistencia-r-glicerol-fr","122":"pa_resistencia-r-hidroquinona-fr","123":"pa_resistencia-r-hidroxido-de-aluminio-fr","124":"pa_resistencia-r-hidroxido-de-amonio-10-fr","125":"pa_resistencia-r-hidroxido-de-amonio-25-fr","126":"pa_resistencia-r-hidroxido-de-amonio-28-fr","127":"pa_resistencia-r-hidroxido-de-amonio-5-fr","128":"pa_resistencia-r-hidroxido-de-calcio-fr","129":"pa_resistencia-r-hidroxido-de-potasio-10-fr","130":"pa_resistencia-r-hidroxido-de-potasio-5-fr","131":"pa_resistencia-r-hidroxido-de-potasio-50-fr","132":"pa_resistencia-r-hidroxido-de-potasio-conc-fr","133":"pa_resistencia-r-hidroxido-de-sodio-sosa-10-fr","134":"pa_resistencia-r-hidroxido-de-sodio-sosa-20-fr","135":"pa_resistencia-r-hidroxido-de-sodio-sosa-5-fr","136":"pa_resistencia-r-hipoclorito-de-calcio-fr","137":"pa_resistencia-r-hipoclorito-de-sodio-14-cl2-fr","138":"pa_resistencia-r-hipoclorito-de-sodio-15-cl2-fr","139":"pa_resistencia-r-lanolina-fr","140":"pa_resistencia-r-manganato-potasico-fr","141":"pa_resistencia-r-nitrato-de-amonio-25-fr","142":"pa_resistencia-r-nitrato-sodico-fr","143":"pa_resistencia-r-anhidrido-carbonico-fr","144":"pa_resistencia-r-oxidos-sulfurosos-fr","145":"pa_resistencia-r-oxigeno-fr","146":"pa_resistencia-r-parafina-fr","147":"pa_resistencia-r-perborato-sodico-fr","148":"pa_resistencia-r-permanganatos-potasico-10-fr","149":"pa_resistencia-r-peroxido-de-hidrogeno-30-vol-fr","150":"pa_resistencia-r-persulfato-de-amonio-fr","151":"pa_resistencia-r-plomotetraetilo-fr","152":"pa_resistencia-r-potasio-fr","153":"pa_resistencia-r-jabones-liquidos-fr","154":"pa_resistencia-r-silicatos-aluminicos-fr","155":"pa_resistencia-r-silicatos-potasicos-fr","156":"pa_resistencia-r-silicatos-sodicos-fr","157":"pa_resistencia-r-cloruro-de-calcio-sol-sat-fr","158":"pa_resistencia-r-nitrato-de-amonio-sol-sat-fr","159":"pa_resistencia-r-hipoclorito-de-sodio-sol-sat-fr","160":"pa_resistencia-r-azufre-fr","161":"pa_resistencia-r-sulfuro-de-amonio-fr","162":"pa_resistencia-r-sulfuro-de-bario-fr","163":"pa_resistencia-r-sulfuro-ferrico-fr","164":"pa_resistencia-r-tanino-fr","165":"pa_resistencia-r-tricloruro-de-antimonio-fr","166":"pa_resistencia-r-vinagre-fr","167":"pa_resistencia-r-vinos-fr","168":"pa_resistente-lr-acido-acetico-30-fr","169":"pa_resistente-lr-acido-acetico-50-fr","170":"pa_resistente-lr-acido-acetico-80-fr","171":"pa_resistente-lr-acido-benzoico-fr","172":"pa_resistente-lr-acido-cromico-10-fr","173":"pa_resistente-lr-acido-fluorhidrico-20-fr","174":"pa_resistente-lr-acido-fluorhidrico-30-fr","175":"pa_resistente-lr-acido-formico-10-fr","176":"pa_resistente-lr-acido-formico-20-fr","177":"pa_resistente-lr-acido-sulfurico-50-fr","178":"pa_resistente-lr-alcool-butylique","179":"pa_resistente-lr-formaldehido-40-fr","180":"pa_resistente-lr-gas-licuado-de-petroleo-glp-fr","181":"pa_resistente-lr-huile-astm-2","182":"pa_resistente-lr-aceite-astm-2-fr","183":"pa_resistente-lr-huile-de-graines","184":"pa_resistente-lr-ozono-fr","185":"pa_resistente-nr-acetaldehido-fr","186":"pa_resistente-nr-acetato-de-amilo-fr","187":"pa_resistente-nr-acetato-de-etilo-fr","188":"pa_resistente-nr-acetatos-de-alquilo-fr","189":"pa_resistente-nr-acetona-fr","190":"pa_resistente-nr-acetonitrilo-fr","191":"pa_resistente-nr-acido-acetico-conc-fr","192":"pa_resistente-nr-acido-cloroacetico-fr","193":"pa_resistente-nr-acido-clorosulfonico-conc-fr","194":"pa_resistente-nr-acido-fluorhidrico-40-fr","195":"pa_resistente-nr-acido-fluorhidrico-60-fr","196":"pa_resistente-nr-acido-formico-25-fr","197":"pa_resistente-nr-acido-formico-85-fr","198":"pa_resistente-nr-acido-formico-conc-fr","199":"pa_resistente-nr-acido-nitrico-70-fr","200":"pa_resistente-nr-acido-nitrico-95-fr","201":"pa_resistente-nr-acido-oleico-fr","202":"pa_resistente-nr-acido-peracetico-fr","203":"pa_resistente-nr-acido-ftalico-fr","204":"pa_resistente-nr-acido-sulfurico-70-fr","205":"pa_resistente-nr-acido-sulfurico-80-fr","206":"pa_resistente-nr-acido-sulfurico-96-fr","207":"pa_resistente-nr-acido-sulfurico-98-fr","208":"pa_resistente-nr-acido-sulfurico-conc-fuming-fr","209":"pa_resistente-nr-acrilato-de-etilo-fr","210":"pa_resistente-nr-alcohol-alilico-2-propenol-1-fr","211":"pa_resistente-nr-alcohol-bencilico-fr","212":"pa_resistente-nr-alcohol-etilico-96-fr","213":"pa_resistente-nr-alcohol-etilico-max-conc-fr","214":"pa_resistente-nr-aldehidos-fr","215":"pa_resistente-nr-amoniaco-gas-fr","216":"pa_resistente-nr-anhidrido-acetico-fr","217":"pa_resistente-nr-benzaldehido-fr","218":"pa_resistente-nr-benceno-fr","219":"pa_resistente-nr-bromo-fr","220":"pa_resistente-nr-bromuro-de-alquilo-fr","221":"pa_resistente-nr-bromuro-de-etileno-fr","222":"pa_resistente-nr-butanodiol-100-fr","223":"pa_resistente-nr-cetonas-fr","224":"pa_resistente-nr-cloro-100-gas-seco-fr","225":"pa_resistente-nr-cloroformo-fr","226":"pa_resistente-nr-cloroparafinas-c14-c17-fr","227":"pa_resistente-nr-cloruro-de-mercurio-fr","228":"pa_resistente-nr-cresol-fr","229":"pa_resistente-nr-cicloalcoholes-fr","230":"pa_resistente-nr-cicloalcanos-fr","231":"pa_resistente-nr-ciclocetonas-fr","232":"pa_resistente-nr-ciclohexano-fr","233":"pa_resistente-nr-ciclohexanona-fr","234":"pa_resistente-nr-dietilcetona-fr","235":"pa_resistente-nr-dimetil-formamida-fr","236":"pa_resistente-nr-dioxano-fr","237":"pa_resistente-nr-white-spirit-fr","238":"pa_resistente-nr-esteres-alifaticos-fr","239":"pa_resistente-nr-fluoruro-fr","240":"pa_resistente-nr-fuel-oil-fr","241":"pa_resistente-nr-gasoleo-y-biodiesel-fr","242":"pa_resistente-nr-hexano-fr","243":"pa_resistente-nr-aceite-astm-3-fr","244":"pa_resistente-nr-aceite-mineral-fr","245":"pa_resistente-nr-aceites-lubricantes-petroleo-fr","246":"pa_resistente-nr-hidracina-fr","247":"pa_resistente-nr-hidrocarburos-aromaticos-fr","248":"pa_resistente-nr-queroseno-fr","249":"pa_resistente-nr-nitrito-sodico-fr","250":"pa_resistente-nr-sebacato-de-dioctilo-fr","251":"pa_resistente-nr-silicona-fr","252":"pa_resistente-nr-disolventes-clorados-fr","253":"pa_resistente-nr-tetracloruro-de-carbono2-fr","254":"pa_resistente-nr-trimelitato-de-trioctilo-totm-fr","255":"pa_resistente-nr-urea-ad-blue-fr","256":"pa_resistente-nr-urea-30-fr","257":"pa_resistente-sr-alcool-ethylique-50","258":"pa_resistente-sr-phtalates","259":"pa_resistente-sr-whisky-fr","260":"pa_superficie-exterior-lisse","261":"pa_superficie-interior-lisse","262":"pa_temperatura-maxima-oc-60c-fr","263":"pa_temperatura-minima-oc-20c-fr","265":"first","266":"instock","267":"shipping-taxable","268":"product-type-variable"},"_links":{"self":[{"href":"https:\/\/www.espiroflex.com\/fr\/wp-json\/wp\/v2\/product\/15568","targetHints":{"allow":["GET"]}}],"collection":[{"href":"https:\/\/www.espiroflex.com\/fr\/wp-json\/wp\/v2\/product"}],"about":[{"href":"https:\/\/www.espiroflex.com\/fr\/wp-json\/wp\/v2\/types\/product"}],"wp:featuredmedia":[{"embeddable":true,"href":"https:\/\/www.espiroflex.com\/fr\/wp-json\/wp\/v2\/media\/6562"}],"wp:attachment":[{"href":"https:\/\/www.espiroflex.com\/fr\/wp-json\/wp\/v2\/media?parent=15568"}],"wp:term":[{"taxonomy":"product_brand","embeddable":true,"href":"https:\/\/www.espiroflex.com\/fr\/wp-json\/wp\/v2\/product_brand?post=15568"},{"taxonomy":"product_cat","embeddable":true,"href":"https:\/\/www.espiroflex.com\/fr\/wp-json\/wp\/v2\/product_cat?post=15568"},{"taxonomy":"product_tag","embeddable":true,"href":"https:\/\/www.espiroflex.com\/fr\/wp-json\/wp\/v2\/product_tag?post=15568"}],"curies":[{"name":"wp","href":"https:\/\/api.w.org\/{rel}","templated":true}]}}