{"id":15533,"date":"2025-07-22T19:06:03","date_gmt":"2025-07-22T17:06:03","guid":{"rendered":"https:\/\/www.espiroflex.com\/\/product\/mallatrans-gasolina\/"},"modified":"2025-11-14T13:08:01","modified_gmt":"2025-11-14T12:08:01","slug":"mallatrans-gasolina","status":"publish","type":"product","link":"https:\/\/www.espiroflex.com\/fr\/produit\/mallatrans-gasolina\/","title":{"rendered":"MALLATRANS GASOLINA"},"content":{"rendered":"<p>Tuyau multicouche en PVC plastifi\u00e9 transparent, renforc\u00e9 par une maille de polyester, sp\u00e9cialement con\u00e7u pour le transfert de liquides alimentaires. Tr\u00e8s maniable. Bonne r\u00e9sistance chimique, conform\u00e9ment au tableau de r\u00e9sistances du PVC. Tuyau tr\u00e8s souple de haute qualit\u00e9, renforc\u00e9 int\u00e9rieurement par une maille de polyester pour supporter des pressions de travail consid\u00e9rables et lui conf\u00e9rer une r\u00e9sistance \u00e0 l&rsquo;allongement \u00e0 la rupture.<\/p>\n","protected":false},"excerpt":{"rendered":"<p>Tuyau multicouche en PVC plastifi\u00e9 transparent, renforc\u00e9 par une maille de polyester, sp\u00e9cialement con\u00e7u pour le transfert de liquides alimentaires. Tr\u00e8s maniable. Bonne r\u00e9sistance chimique, conform\u00e9ment au tableau de r\u00e9sistances du PVC. Tuyau tr\u00e8s souple de haute qualit\u00e9, renforc\u00e9 int\u00e9rieurement par une maille de polyester pour supporter des pressions de travail consid\u00e9rables et lui conf\u00e9rer une r\u00e9sistance \u00e0 l&rsquo;allongement \u00e0 la rupture.<\/p>\n","protected":false},"featured_media":27342,"template":"","meta":[],"product_brand":[993],"product_cat":[2408,344,305,285,260,234,229],"product_tag":[],"class_list":{"0":"post-15533","1":"product","2":"type-product","3":"status-publish","4":"has-post-thumbnail","6":"product_brand-mallatrans","7":"product_cat-industrial-3-fr","8":"product_cat-industriel2","9":"product_cat-travail-sous-pression2","10":"product_cat-tuyau-en-pvc","11":"product_cat-travail-sous-pression","12":"product_cat-agricole","13":"product_cat-alimentaire","14":"pa_aplicaciones-industrial-fr","15":"pa_aplicaciones-transport-dessence","16":"pa_color-blanc","17":"pa_color-bleu","18":"pa_color-jaune","19":"pa_color-noir","20":"pa_color-rouge","21":"pa_construccion-manguera-mallado-fr","22":"pa_diametro-interno-mm-6-0-fr","23":"pa_diametro-interno-mm-8-0-fr","24":"pa_diametro-interno-mm-10-0-fr","25":"pa_diametro-interno-mm-12-0-fr","26":"pa_diametro-interno-mm-15-0-fr","27":"pa_diametro-interno-mm-19-0-fr","28":"pa_diametro-interno-mm-20-0-fr","29":"pa_diametro-interno-mm-25-0-fr","30":"pa_diametro-interno-mm-30-0-fr","31":"pa_diametro-interno-mm-40-0-fr","32":"pa_diametro-interno-mm-51-0-fr","33":"pa_diametro-interno-pulg-1-fr","34":"pa_diametro-interno-pulg-1-1-4-fr","35":"pa_diametro-interno-pulg-1-5-8-fr","36":"pa_diametro-interno-pulg-1-2-fr","37":"pa_diametro-interno-pulg-1-4-fr","38":"pa_diametro-interno-pulg-2-fr","39":"pa_diametro-interno-pulg-3-4-fr","40":"pa_diametro-interno-pulg-3-8-fr","41":"pa_diametro-interno-pulg-5-16-fr","42":"pa_diametro-interno-pulg-5-8-fr","43":"pa_espesor-total-de-pared-mm-1-5-fr","44":"pa_espesor-total-de-pared-mm-2-0-fr","45":"pa_espesor-total-de-pared-mm-2-5-fr","46":"pa_espesor-total-de-pared-mm-3-0-fr","47":"pa_espesor-total-de-pared-mm-3-5-fr","48":"pa_espesor-total-de-pared-mm-4-5-fr","49":"pa_espesor-total-de-pared-mm-5-0-fr","50":"pa_espesor-total-de-pared-mm-6-0-fr","51":"pa_material-flexible-pvc-fr","52":"pa_material-manguera-pvc-oil-fr","53":"pa_opacidad-transparent-fr","54":"pa_presion-rotura-bar-15-0-fr","55":"pa_presion-rotura-bar-18-0-fr","56":"pa_presion-rotura-bar-21-0-fr","57":"pa_presion-rotura-bar-30-0-fr","58":"pa_presion-rotura-bar-45-0-fr","59":"pa_refuerzo-fil-polyester","60":"pa_resistencia-r-acetate-daluminium","61":"pa_resistencia-r-acetate-de-calcium","62":"pa_resistencia-r-acetate-de-sodium","63":"pa_resistencia-r-acido-acetico-10-fr","64":"pa_resistencia-r-acido-acetico-3-fr","65":"pa_resistencia-r-acido-acetico-5-fr","66":"pa_resistencia-r-acido-adipico-fr","67":"pa_resistencia-r-acido-borico-10-fr","68":"pa_resistencia-r-acido-borico-5-fr","69":"pa_resistencia-r-acido-borico-conc-fr","70":"pa_resistencia-r-acido-bromhidrico-sol-acu-30-fr","71":"pa_resistencia-r-acido-bromhidrico-sol-acu-50-fr","72":"pa_resistencia-r-acido-butirico-20-fr","73":"pa_resistencia-r-acido-carbonico-5-fr","74":"pa_resistencia-r-acido-carbonico-conc-fr","75":"pa_resistencia-r-acido-clorhidrico-10-fr","76":"pa_resistencia-r-acido-clorhidrico-20-fr","77":"pa_resistencia-r-acido-clorhidrico-22-fr","78":"pa_resistencia-r-acido-clorhidrico-5-fr","79":"pa_resistencia-r-acido-clorhidrico-conc-fr","80":"pa_resistencia-r-acido-cromico-5-fr","81":"pa_resistencia-r-acido-citrico-5-fr","82":"pa_resistencia-r-acido-fluorhidrico-4-fr","83":"pa_resistencia-r-acido-hiplocoroso-20-fr","84":"pa_resistencia-r-acido-hiplocoroso-sol-acu-conc-fr","85":"pa_resistencia-r-acido-lactico-sol-acu-10-fr","86":"pa_resistencia-r-acido-lactico-sol-acu-3-fr","87":"pa_resistencia-r-acido-nitrico-10-fr","88":"pa_resistencia-r-acido-nitrico-20-fr","89":"pa_resistencia-r-acido-nitrico-30-fr","90":"pa_resistencia-r-acido-nitrico-5-fr","91":"pa_resistencia-r-acido-nitrico-50-fr","92":"pa_resistencia-r-acido-oleico-fr","93":"pa_resistencia-r-acido-oxalico-fr","94":"pa_resistencia-r-acido-fosforico-20-fr","95":"pa_resistencia-r-acido-fosforico-30-fr","96":"pa_resistencia-r-acido-fosforico-5-fr","97":"pa_resistencia-r-acido-estearico-fr","98":"pa_resistencia-r-acido-sulfurico-20-fr","99":"pa_resistencia-r-acido-sulfurico-25-fr","100":"pa_resistencia-r-acido-sulfurico-5-fr","101":"pa_resistencia-r-acidos-grasos-c6-fr","102":"pa_resistencia-r-aire-fr","103":"pa_resistencia-r-alcool-amylique","104":"pa_resistencia-r-alcool-ethylique-10","105":"pa_resistencia-r-alcool-ethylique-35","106":"pa_resistencia-r-alcool-ethylique-40","107":"pa_resistencia-r-alcool-ethylique-50","108":"pa_resistencia-r-alcool-isobutylique","109":"pa_resistencia-r-alcool-isopropylique","110":"pa_resistencia-r-alcool-methylique-5","111":"pa_resistencia-r-alcool-methylique-6","112":"pa_resistencia-r-alumbre-fr","113":"pa_resistencia-r-anhidrido-sulfuroso-fr","114":"pa_resistencia-r-nitrogeno-fr","115":"pa_resistencia-r-cerveza-fr","116":"pa_resistencia-r-bisulfato-calcico-fr","117":"pa_resistencia-r-bisulfato-sodico-fr","118":"pa_resistencia-r-bisulfatos-y-bisulfatos-met-fr","119":"pa_resistencia-r-borax-5-fr","120":"pa_resistencia-r-borax-conc-fr","121":"pa_resistencia-r-carbonato-de-amonio-fr","122":"pa_resistencia-r-carbonato-calcico-fr","123":"pa_resistencia-r-carbonato-magnesico-fr","124":"pa_resistencia-r-carbonato-de-sodio-fr","125":"pa_resistencia-r-caseina-fr","126":"pa_resistencia-r-cloruro-de-calcio-20-fr","127":"pa_resistencia-r-cloruro-de-calcio-25-fr","128":"pa_resistencia-r-cloruro-de-sodio-20-fr","129":"pa_resistencia-r-cloruro-de-sodio-25-fr","130":"pa_resistencia-r-cloruro-de-sodio-conc-fr","131":"pa_resistencia-r-cloruro-de-zinc-20-fr","132":"pa_resistencia-r-cloruro-de-zinc-conc-fr","133":"pa_resistencia-r-sidra-fr","134":"pa_resistencia-r-cianuro-de-sodio-fr","135":"pa_resistencia-r-detergentes-concentrados-fr","136":"pa_resistencia-r-dextrina-fr","137":"pa_resistencia-r-dextrosa-fr","138":"pa_resistencia-r-dicromato-de-potasio-40-fr","139":"pa_resistencia-r-dicromato-de-potasio-todas-conc-fr","140":"pa_resistencia-r-gasoleo-y-biodiesel-fr","141":"pa_resistencia-r-dioxido-de-carbono-fr","142":"pa_resistencia-r-dodecanol-fr","143":"pa_resistencia-r-eau","144":"pa_resistencia-r-eau-de-mer","145":"pa_resistencia-r-emulsionantes-fr","146":"pa_resistencia-r-glicol-de-etileno-fr","147":"pa_resistencia-r-formaldehido-30-fr","148":"pa_resistencia-r-formaldehido-37-fr","149":"pa_resistencia-r-fructosa-fr","150":"pa_resistencia-r-sulfuro-de-hidrogeno-gaseoso-fr","151":"pa_resistencia-r-glicerina-fr","152":"pa_resistencia-r-glicerol-fr","153":"pa_resistencia-r-huile-astm-1","154":"pa_resistencia-r-huile-astm-2","155":"pa_resistencia-r-huile-astm-3","156":"pa_resistencia-r-huile-de-graines","157":"pa_resistencia-r-huile-minerale","158":"pa_resistencia-r-huiles-lubrifiantes-petrole","159":"pa_resistencia-r-hidroquinona-fr","160":"pa_resistencia-r-hidroxido-de-aluminio-fr","161":"pa_resistencia-r-hidroxido-de-amonio-10-fr","162":"pa_resistencia-r-hidroxido-de-amonio-25-fr","163":"pa_resistencia-r-hidroxido-de-amonio-28-fr","164":"pa_resistencia-r-hidroxido-de-amonio-5-fr","165":"pa_resistencia-r-hidroxido-de-calcio-fr","166":"pa_resistencia-r-hidroxido-de-potasio-10-fr","167":"pa_resistencia-r-hidroxido-de-potasio-5-fr","168":"pa_resistencia-r-hidroxido-de-potasio-50-fr","169":"pa_resistencia-r-hidroxido-de-potasio-conc-fr","170":"pa_resistencia-r-hidroxido-de-sodio-sosa-10-fr","171":"pa_resistencia-r-hidroxido-de-sodio-sosa-20-fr","172":"pa_resistencia-r-hidroxido-de-sodio-sosa-5-fr","173":"pa_resistencia-r-hipoclorito-de-calcio-fr","174":"pa_resistencia-r-hipoclorito-de-sodio-14-cl2-fr","175":"pa_resistencia-r-hipoclorito-de-sodio-15-cl2-fr","176":"pa_resistencia-r-queroseno-fr","177":"pa_resistencia-r-lanolina-fr","178":"pa_resistencia-r-manganato-potasico-fr","179":"pa_resistencia-r-fuel-oil-fr","180":"pa_resistencia-r-nitrato-de-amonio-25-fr","181":"pa_resistencia-r-nitrato-sodico-fr","182":"pa_resistencia-r-anhidrido-carbonico-fr","183":"pa_resistencia-r-oxidos-sulfurosos-fr","184":"pa_resistencia-r-oxigeno-fr","185":"pa_resistencia-r-parafina-fr","186":"pa_resistencia-r-perborato-sodico-fr","187":"pa_resistencia-r-permanganatos-potasico-10-fr","188":"pa_resistencia-r-peroxido-de-hidrogeno-30-vol-fr","189":"pa_resistencia-r-persulfato-de-amonio-fr","190":"pa_resistencia-r-ftalatos-fr","191":"pa_resistencia-r-plomotetraetilo-fr","192":"pa_resistencia-r-potasio-fr","193":"pa_resistencia-r-jabones-liquidos-fr","194":"pa_resistencia-r-silicatos-aluminicos-fr","195":"pa_resistencia-r-silicatos-potasicos-fr","196":"pa_resistencia-r-silicatos-sodicos-fr","197":"pa_resistencia-r-cloruro-de-calcio-sol-sat-fr","198":"pa_resistencia-r-nitrato-de-amonio-sol-sat-fr","199":"pa_resistencia-r-hipoclorito-de-sodio-sol-sat-fr","200":"pa_resistencia-r-azufre-fr","201":"pa_resistencia-r-sulfuro-de-amonio-fr","202":"pa_resistencia-r-sulfuro-de-bario-fr","203":"pa_resistencia-r-sulfuro-ferrico-fr","204":"pa_resistencia-r-tanino-fr","205":"pa_resistencia-r-tricloruro-de-antimonio-fr","206":"pa_resistencia-r-urea-ad-blue-fr","207":"pa_resistencia-r-urea-30-fr","208":"pa_resistencia-r-vinagre-fr","209":"pa_resistencia-r-vinos-fr","210":"pa_resistencia-r-whisky-fr","211":"pa_resistente-lr-acido-acetico-30-fr","212":"pa_resistente-lr-acido-acetico-50-fr","213":"pa_resistente-lr-acido-acetico-80-fr","214":"pa_resistente-lr-acido-benzoico-fr","215":"pa_resistente-lr-acido-cromico-10-fr","216":"pa_resistente-lr-acido-fluorhidrico-20-fr","217":"pa_resistente-lr-acido-fluorhidrico-30-fr","218":"pa_resistente-lr-acido-formico-10-fr","219":"pa_resistente-lr-acido-formico-20-fr","220":"pa_resistente-lr-acido-sulfurico-50-fr","221":"pa_resistente-lr-alcool-butylique","222":"pa_resistente-lr-formaldehido-40-fr","223":"pa_resistente-lr-gas-licuado-de-petroleo-glp-fr","224":"pa_resistente-lr-ozono-fr","225":"pa_resistente-nr-acetaldehido-fr","226":"pa_resistente-nr-acetato-de-amilo-fr","227":"pa_resistente-nr-acetato-de-etilo-fr","228":"pa_resistente-nr-acetatos-de-alquilo-fr","229":"pa_resistente-nr-acetona-fr","230":"pa_resistente-nr-acetonitrilo-fr","231":"pa_resistente-nr-acido-acetico-conc-fr","232":"pa_resistente-nr-acido-cloroacetico-fr","233":"pa_resistente-nr-acido-clorosulfonico-conc-fr","234":"pa_resistente-nr-acido-fluorhidrico-40-fr","235":"pa_resistente-nr-acido-fluorhidrico-60-fr","236":"pa_resistente-nr-acido-formico-25-fr","237":"pa_resistente-nr-acido-formico-85-fr","238":"pa_resistente-nr-acido-formico-conc-fr","239":"pa_resistente-nr-acido-nitrico-70-fr","240":"pa_resistente-nr-acido-nitrico-95-fr","241":"pa_resistente-nr-acido-peracetico-fr","242":"pa_resistente-nr-acido-ftalico-fr","243":"pa_resistente-nr-acido-sulfurico-70-fr","244":"pa_resistente-nr-acido-sulfurico-80-fr","245":"pa_resistente-nr-acido-sulfurico-96-fr","246":"pa_resistente-nr-acido-sulfurico-98-fr","247":"pa_resistente-nr-acido-sulfurico-conc-fuming-fr","248":"pa_resistente-nr-acrilato-de-etilo-fr","249":"pa_resistente-nr-alcohol-alilico-2-propenol-1-fr","250":"pa_resistente-nr-alcohol-bencilico-fr","251":"pa_resistente-nr-alcohol-etilico-96-fr","252":"pa_resistente-nr-alcohol-etilico-max-conc-fr","253":"pa_resistente-nr-aldehidos-fr","254":"pa_resistente-nr-amoniaco-gas-fr","255":"pa_resistente-nr-anhidrido-acetico-fr","256":"pa_resistente-nr-benzaldehido-fr","257":"pa_resistente-nr-benceno-fr","258":"pa_resistente-nr-bromo-fr","259":"pa_resistente-nr-bromuro-de-alquilo-fr","260":"pa_resistente-nr-bromuro-de-etileno-fr","261":"pa_resistente-nr-butanodiol-100-fr","262":"pa_resistente-nr-cetonas-fr","263":"pa_resistente-nr-cloro-100-gas-seco-fr","264":"pa_resistente-nr-cloroformo-fr","265":"pa_resistente-nr-cloroparafinas-c14-c17-fr","266":"pa_resistente-nr-cloruro-de-mercurio-fr","267":"pa_resistente-nr-cresol-fr","268":"pa_resistente-nr-cicloalcoholes-fr","269":"pa_resistente-nr-cicloalcanos-fr","270":"pa_resistente-nr-ciclocetonas-fr","271":"pa_resistente-nr-ciclohexano-fr","272":"pa_resistente-nr-ciclohexanona-fr","273":"pa_resistente-nr-dietilcetona-fr","274":"pa_resistente-nr-dimetil-formamida-fr","275":"pa_resistente-nr-dioxano-fr","276":"pa_resistente-nr-white-spirit-fr","277":"pa_resistente-nr-esteres-alifaticos-fr","278":"pa_resistente-nr-fluoruro-fr","279":"pa_resistente-nr-hexano-fr","280":"pa_resistente-nr-hidracina-fr","281":"pa_resistente-nr-hidrocarburos-aromaticos-fr","282":"pa_resistente-nr-nitrito-sodico-fr","283":"pa_resistente-nr-sebacato-de-dioctilo-fr","284":"pa_resistente-nr-silicona-fr","285":"pa_resistente-nr-disolventes-clorados-fr","286":"pa_resistente-nr-tetracloruro-de-carbono2-fr","287":"pa_resistente-nr-trimelitato-de-trioctilo-totm-fr","288":"pa_superficie-exterior-lisse","289":"pa_superficie-interior-lisse","290":"pa_temperatura-maxima-oc-60c-fr","291":"pa_temperatura-minima-oc-10c-fr","293":"first","294":"instock","295":"shipping-taxable","296":"product-type-variable"},"_links":{"self":[{"href":"https:\/\/www.espiroflex.com\/fr\/wp-json\/wp\/v2\/product\/15533","targetHints":{"allow":["GET"]}}],"collection":[{"href":"https:\/\/www.espiroflex.com\/fr\/wp-json\/wp\/v2\/product"}],"about":[{"href":"https:\/\/www.espiroflex.com\/fr\/wp-json\/wp\/v2\/types\/product"}],"wp:featuredmedia":[{"embeddable":true,"href":"https:\/\/www.espiroflex.com\/fr\/wp-json\/wp\/v2\/media\/27342"}],"wp:attachment":[{"href":"https:\/\/www.espiroflex.com\/fr\/wp-json\/wp\/v2\/media?parent=15533"}],"wp:term":[{"taxonomy":"product_brand","embeddable":true,"href":"https:\/\/www.espiroflex.com\/fr\/wp-json\/wp\/v2\/product_brand?post=15533"},{"taxonomy":"product_cat","embeddable":true,"href":"https:\/\/www.espiroflex.com\/fr\/wp-json\/wp\/v2\/product_cat?post=15533"},{"taxonomy":"product_tag","embeddable":true,"href":"https:\/\/www.espiroflex.com\/fr\/wp-json\/wp\/v2\/product_tag?post=15533"}],"curies":[{"name":"wp","href":"https:\/\/api.w.org\/{rel}","templated":true}]}}