{"id":15521,"date":"2025-07-22T19:06:15","date_gmt":"2025-07-22T17:06:15","guid":{"rendered":"https:\/\/www.espiroflex.com\/\/product\/mallatrans\/"},"modified":"2025-11-14T23:47:15","modified_gmt":"2025-11-14T22:47:15","slug":"mallatrans","status":"publish","type":"product","link":"https:\/\/www.espiroflex.com\/fr\/produit\/mallatrans\/","title":{"rendered":"MALLATRANS"},"content":{"rendered":"<p>Tuyau multicouche en PVC plastifi\u00e9 transparent, renforc\u00e9 par une maille en polyester, sp\u00e9cialement con\u00e7u pour le transfert de liquides alimentaires. Tr\u00e8s maniable. Bonne r\u00e9sistance chimique conforme au tableau des r\u00e9sistances du PVC. Tuyau de tr\u00e8s haute qualit\u00e9, tr\u00e8s flexible, renforc\u00e9 \u00e0 l\u2019int\u00e9rieur par une maille en polyester pour supporter des pressions de travail consid\u00e9rables et offrir une haute r\u00e9sistance \u00e0 la rupture sous allongement.<\/p>\n","protected":false},"excerpt":{"rendered":"<p>Tuyau multicouche en PVC plastifi\u00e9 transparent, renforc\u00e9 par une maille en polyester, sp\u00e9cialement con\u00e7u pour le transfert de liquides alimentaires. Tr\u00e8s maniable. Bonne r\u00e9sistance chimique conforme au tableau des r\u00e9sistances du PVC. Tuyau de tr\u00e8s haute qualit\u00e9, tr\u00e8s flexible, renforc\u00e9 \u00e0 l\u2019int\u00e9rieur par une maille en polyester pour supporter des pressions de travail consid\u00e9rables et offrir une haute r\u00e9sistance \u00e0 la rupture sous allongement.<\/p>\n","protected":false},"featured_media":27342,"template":"","meta":[],"product_brand":[993],"product_cat":[2408,344,305,285,260,234,229],"product_tag":[],"class_list":{"0":"post-15521","1":"product","2":"type-product","3":"status-publish","4":"has-post-thumbnail","6":"product_brand-mallatrans","7":"product_cat-industrial-3-fr","8":"product_cat-industriel2","9":"product_cat-travail-sous-pression2","10":"product_cat-tuyau-en-pvc","11":"product_cat-travail-sous-pression","12":"product_cat-agricole","13":"product_cat-alimentaire","14":"pa_aplicaciones-industrial-fr","15":"pa_aplicaciones-nourriture","16":"pa_diametro-interno-mm-6-0-fr","17":"pa_diametro-interno-mm-8-0-fr","18":"pa_diametro-interno-mm-10-0-fr","19":"pa_diametro-interno-mm-12-0-fr","20":"pa_diametro-interno-mm-15-0-fr","21":"pa_diametro-interno-mm-19-0-fr","22":"pa_diametro-interno-mm-20-0-fr","23":"pa_diametro-interno-mm-25-0-fr","24":"pa_diametro-interno-mm-30-0-fr","25":"pa_diametro-interno-mm-40-0-fr","26":"pa_diametro-interno-mm-51-0-fr","27":"pa_diametro-interno-pulg-1-fr","28":"pa_diametro-interno-pulg-1-1-4-fr","29":"pa_diametro-interno-pulg-1-5-8-fr","30":"pa_diametro-interno-pulg-1-2-fr","31":"pa_diametro-interno-pulg-1-4-fr","32":"pa_diametro-interno-pulg-2-fr","33":"pa_diametro-interno-pulg-3-4-fr","34":"pa_diametro-interno-pulg-3-8-fr","35":"pa_diametro-interno-pulg-5-16-fr","36":"pa_diametro-interno-pulg-5-8-fr","37":"pa_espesor-total-de-pared-mm-1-5-fr","38":"pa_espesor-total-de-pared-mm-2-0-fr","39":"pa_espesor-total-de-pared-mm-2-5-fr","40":"pa_espesor-total-de-pared-mm-3-0-fr","41":"pa_espesor-total-de-pared-mm-3-5-fr","42":"pa_espesor-total-de-pared-mm-4-5-fr","43":"pa_espesor-total-de-pared-mm-5-0-fr","44":"pa_espesor-total-de-pared-mm-6-0-fr","45":"pa_material-flexible-pvc-fr","46":"pa_opacidad-transparent-fr","47":"pa_presion-rotura-bar-15-0-fr","48":"pa_presion-rotura-bar-18-0-fr","49":"pa_presion-rotura-bar-21-0-fr","50":"pa_presion-rotura-bar-30-0-fr","51":"pa_presion-rotura-bar-45-0-fr","52":"pa_refuerzo-fil-polyester","53":"pa_superficie-exterior-lisse","54":"pa_superficie-interior-lisse","55":"pa_temperatura-maxima-oc-60c-fr","56":"pa_temperatura-minima-oc-10c-fr","58":"first","59":"instock","60":"shipping-taxable","61":"product-type-variable"},"_links":{"self":[{"href":"https:\/\/www.espiroflex.com\/fr\/wp-json\/wp\/v2\/product\/15521","targetHints":{"allow":["GET"]}}],"collection":[{"href":"https:\/\/www.espiroflex.com\/fr\/wp-json\/wp\/v2\/product"}],"about":[{"href":"https:\/\/www.espiroflex.com\/fr\/wp-json\/wp\/v2\/types\/product"}],"wp:featuredmedia":[{"embeddable":true,"href":"https:\/\/www.espiroflex.com\/fr\/wp-json\/wp\/v2\/media\/27342"}],"wp:attachment":[{"href":"https:\/\/www.espiroflex.com\/fr\/wp-json\/wp\/v2\/media?parent=15521"}],"wp:term":[{"taxonomy":"product_brand","embeddable":true,"href":"https:\/\/www.espiroflex.com\/fr\/wp-json\/wp\/v2\/product_brand?post=15521"},{"taxonomy":"product_cat","embeddable":true,"href":"https:\/\/www.espiroflex.com\/fr\/wp-json\/wp\/v2\/product_cat?post=15521"},{"taxonomy":"product_tag","embeddable":true,"href":"https:\/\/www.espiroflex.com\/fr\/wp-json\/wp\/v2\/product_tag?post=15521"}],"curies":[{"name":"wp","href":"https:\/\/api.w.org\/{rel}","templated":true}]}}