{"id":15493,"date":"2025-07-22T19:15:40","date_gmt":"2025-07-22T17:15:40","guid":{"rendered":"https:\/\/www.espiroflex.com\/\/product\/espirogas\/"},"modified":"2025-11-15T10:39:26","modified_gmt":"2025-11-15T09:39:26","slug":"espirogas","status":"publish","type":"product","link":"https:\/\/www.espiroflex.com\/fr\/produit\/espirogas\/","title":{"rendered":"ESPIROGAS"},"content":{"rendered":"<p>Le tuyau multicapa de PVC plastifi\u00e9, sp\u00e9cialement formul\u00e9 pour la r\u00e9sistance aux hydrocarbures aliphatiques, en particulier le butane et le propane aux faibles pressions. Il est conforme \u00e0 la perm\u00e9abilit\u00e9, \u00e0 la flexibilit\u00e9 et \u00e0 l&rsquo;inflammabilit\u00e9 qui assure la haute qualit\u00e9 du produit. Grande r\u00e9sistance \u00e0 la rupture de l&rsquo;allongement, de la traction (7,5 MPa) et de la pression \u00e0 des temp\u00e9ratures \u00e9lev\u00e9es. Strangulation difficile. Mangua avec un certificat de produit accord\u00e9 par Aenor conform\u00e9ment \u00e0 la norme UNE 53539.<\/p>\n","protected":false},"excerpt":{"rendered":"<p>Le tuyau multicapa de PVC plastifi\u00e9, sp\u00e9cialement formul\u00e9 pour la r\u00e9sistance aux hydrocarbures aliphatiques, en particulier le butane et le propane aux faibles pressions. Il est conforme \u00e0 la perm\u00e9abilit\u00e9, \u00e0 la flexibilit\u00e9 et \u00e0 l&rsquo;inflammabilit\u00e9 qui assure la haute qualit\u00e9 du produit. Grande r\u00e9sistance \u00e0 la rupture de l&rsquo;allongement, de la traction (7,5 MPa) et de la pression \u00e0 des temp\u00e9ratures \u00e9lev\u00e9es. Strangulation difficile. Mangua avec un certificat de produit accord\u00e9 par Aenor conform\u00e9ment \u00e0 la norme UNE 53539.<\/p>\n","protected":false},"featured_media":6634,"template":"","meta":[],"product_brand":[996],"product_cat":[391,2285,324,344,2284,334,285,309],"product_tag":[],"class_list":{"0":"post-15493","1":"product","2":"type-product","3":"status-publish","4":"has-post-thumbnail","6":"product_brand-espirogas","7":"product_cat-arrosage","8":"product_cat-assainissement","9":"product_cat-construction2","10":"product_cat-industriel2","11":"product_cat-secteur-quincaillerie","12":"product_cat-sante","13":"product_cat-tuyau-en-pvc","14":"product_cat-tuyau-pvc-usage-domestique","15":"pa_aplicaciones-domestico-fr","16":"pa_color-blanc","17":"pa_color-orange-fr","18":"pa_construccion-manguera-tuyau-sans-renfort","19":"pa_diametro-interno-mm-9-0-fr","20":"pa_diametro-interno-mm-15-0-fr","21":"pa_diametro-interno-pulg-3-8-fr","22":"pa_diametro-interno-pulg-5-8-fr","23":"pa_espesor-total-de-pared-mm-3-0-fr","24":"pa_espesor-total-de-pared-mm-3-5-fr","25":"pa_material-flexible-pvc-fr","26":"pa_material-manguera-pvc-fr","27":"pa_opacidad-opaque-fr","28":"pa_refuerzo-pvc-fr","29":"pa_resistencia-r-acetate-daluminium","30":"pa_resistencia-r-acetate-de-calcium","31":"pa_resistencia-r-acetate-de-sodium","32":"pa_resistencia-r-acido-acetico-10-fr","33":"pa_resistencia-r-acido-acetico-3-fr","34":"pa_resistencia-r-acido-acetico-5-fr","35":"pa_resistencia-r-acido-adipico-fr","36":"pa_resistencia-r-acido-borico-10-fr","37":"pa_resistencia-r-acido-borico-5-fr","38":"pa_resistencia-r-acido-borico-conc-fr","39":"pa_resistencia-r-acido-bromhidrico-sol-acu-30-fr","40":"pa_resistencia-r-acido-bromhidrico-sol-acu-50-fr","41":"pa_resistencia-r-acido-butirico-20-fr","42":"pa_resistencia-r-acido-carbonico-5-fr","43":"pa_resistencia-r-acido-carbonico-conc-fr","44":"pa_resistencia-r-acido-clorhidrico-10-fr","45":"pa_resistencia-r-acido-clorhidrico-20-fr","46":"pa_resistencia-r-acido-clorhidrico-22-fr","47":"pa_resistencia-r-acido-clorhidrico-5-fr","48":"pa_resistencia-r-acido-clorhidrico-conc-fr","49":"pa_resistencia-r-acido-cromico-5-fr","50":"pa_resistencia-r-acido-citrico-5-fr","51":"pa_resistencia-r-acido-fluorhidrico-4-fr","52":"pa_resistencia-r-acido-hiplocoroso-20-fr","53":"pa_resistencia-r-acido-hiplocoroso-sol-acu-conc-fr","54":"pa_resistencia-r-acido-lactico-sol-acu-10-fr","55":"pa_resistencia-r-acido-lactico-sol-acu-3-fr","56":"pa_resistencia-r-acido-nitrico-10-fr","57":"pa_resistencia-r-acido-nitrico-20-fr","58":"pa_resistencia-r-acido-nitrico-30-fr","59":"pa_resistencia-r-acido-nitrico-5-fr","60":"pa_resistencia-r-acido-nitrico-50-fr","61":"pa_resistencia-r-acido-oxalico-fr","62":"pa_resistencia-r-acido-fosforico-20-fr","63":"pa_resistencia-r-acido-fosforico-30-fr","64":"pa_resistencia-r-acido-fosforico-5-fr","65":"pa_resistencia-r-acido-estearico-fr","66":"pa_resistencia-r-acido-sulfurico-20-fr","67":"pa_resistencia-r-acido-sulfurico-25-fr","68":"pa_resistencia-r-acido-sulfurico-5-fr","69":"pa_resistencia-r-acidos-grasos-c6-fr","70":"pa_resistencia-r-aire-fr","71":"pa_resistencia-r-alcool-amylique","72":"pa_resistencia-r-alcool-ethylique-10","73":"pa_resistencia-r-alcool-ethylique-35","74":"pa_resistencia-r-alcool-ethylique-40","75":"pa_resistencia-r-alcool-isobutylique","76":"pa_resistencia-r-alcool-isopropylique","77":"pa_resistencia-r-alcool-methylique-5","78":"pa_resistencia-r-alcool-methylique-6","79":"pa_resistencia-r-alumbre-fr","80":"pa_resistencia-r-anhidrido-sulfuroso-fr","81":"pa_resistencia-r-nitrogeno-fr","82":"pa_resistencia-r-cerveza-fr","83":"pa_resistencia-r-bisulfato-calcico-fr","84":"pa_resistencia-r-bisulfato-sodico-fr","85":"pa_resistencia-r-bisulfatos-y-bisulfatos-met-fr","86":"pa_resistencia-r-borax-5-fr","87":"pa_resistencia-r-borax-conc-fr","88":"pa_resistencia-r-carbonato-de-amonio-fr","89":"pa_resistencia-r-carbonato-calcico-fr","90":"pa_resistencia-r-carbonato-magnesico-fr","91":"pa_resistencia-r-carbonato-de-sodio-fr","92":"pa_resistencia-r-caseina-fr","93":"pa_resistencia-r-cloruro-de-calcio-20-fr","94":"pa_resistencia-r-cloruro-de-calcio-25-fr","95":"pa_resistencia-r-cloruro-de-sodio-20-fr","96":"pa_resistencia-r-cloruro-de-sodio-25-fr","97":"pa_resistencia-r-cloruro-de-sodio-conc-fr","98":"pa_resistencia-r-cloruro-de-zinc-20-fr","99":"pa_resistencia-r-cloruro-de-zinc-conc-fr","100":"pa_resistencia-r-cloruro-ferrico-fr","101":"pa_resistencia-r-sidra-fr","102":"pa_resistencia-r-cianuro-de-sodio-fr","103":"pa_resistencia-r-detergentes-concentrados-fr","104":"pa_resistencia-r-dextrina-fr","105":"pa_resistencia-r-dextrosa-fr","106":"pa_resistencia-r-dicromato-de-potasio-40-fr","107":"pa_resistencia-r-dicromato-de-potasio-todas-conc-fr","108":"pa_resistencia-r-dioxido-de-carbono-fr","109":"pa_resistencia-r-dodecanol-fr","110":"pa_resistencia-r-eau","111":"pa_resistencia-r-eau-de-mer","112":"pa_resistencia-r-emulsionantes-fr","113":"pa_resistencia-r-glicol-de-etileno-fr","114":"pa_resistencia-r-formaldehido-30-fr","115":"pa_resistencia-r-formaldehido-37-fr","116":"pa_resistencia-r-fructosa-fr","117":"pa_resistencia-r-sulfuro-de-hidrogeno-gaseoso-fr","118":"pa_resistencia-r-glicerina-fr","119":"pa_resistencia-r-glicerol-fr","120":"pa_resistencia-r-hidroquinona-fr","121":"pa_resistencia-r-hidroxido-de-aluminio-fr","122":"pa_resistencia-r-hidroxido-de-amonio-10-fr","123":"pa_resistencia-r-hidroxido-de-amonio-25-fr","124":"pa_resistencia-r-hidroxido-de-amonio-28-fr","125":"pa_resistencia-r-hidroxido-de-amonio-5-fr","126":"pa_resistencia-r-hidroxido-de-calcio-fr","127":"pa_resistencia-r-hidroxido-de-potasio-10-fr","128":"pa_resistencia-r-hidroxido-de-potasio-5-fr","129":"pa_resistencia-r-hidroxido-de-potasio-50-fr","130":"pa_resistencia-r-hidroxido-de-potasio-conc-fr","131":"pa_resistencia-r-hidroxido-de-sodio-sosa-10-fr","132":"pa_resistencia-r-hidroxido-de-sodio-sosa-20-fr","133":"pa_resistencia-r-hidroxido-de-sodio-sosa-5-fr","134":"pa_resistencia-r-hipoclorito-de-calcio-fr","135":"pa_resistencia-r-hipoclorito-de-sodio-14-cl2-fr","136":"pa_resistencia-r-hipoclorito-de-sodio-15-cl2-fr","137":"pa_resistencia-r-lanolina-fr","138":"pa_resistencia-r-manganato-potasico-fr","139":"pa_resistencia-r-nitrato-de-amonio-25-fr","140":"pa_resistencia-r-nitrato-sodico-fr","141":"pa_resistencia-r-anhidrido-carbonico-fr","142":"pa_resistencia-r-oxidos-sulfurosos-fr","143":"pa_resistencia-r-oxigeno-fr","144":"pa_resistencia-r-parafina-fr","145":"pa_resistencia-r-perborato-sodico-fr","146":"pa_resistencia-r-permanganatos-potasico-10-fr","147":"pa_resistencia-r-peroxido-de-hidrogeno-30-vol-fr","148":"pa_resistencia-r-persulfato-de-amonio-fr","149":"pa_resistencia-r-plomotetraetilo-fr","150":"pa_resistencia-r-potasio-fr","151":"pa_resistencia-r-jabones-liquidos-fr","152":"pa_resistencia-r-silicatos-aluminicos-fr","153":"pa_resistencia-r-silicatos-potasicos-fr","154":"pa_resistencia-r-silicatos-sodicos-fr","155":"pa_resistencia-r-cloruro-de-calcio-sol-sat-fr","156":"pa_resistencia-r-nitrato-de-amonio-sol-sat-fr","157":"pa_resistencia-r-hipoclorito-de-sodio-sol-sat-fr","158":"pa_resistencia-r-azufre-fr","159":"pa_resistencia-r-sulfuro-de-amonio-fr","160":"pa_resistencia-r-sulfuro-de-bario-fr","161":"pa_resistencia-r-sulfuro-ferrico-fr","162":"pa_resistencia-r-tanino-fr","163":"pa_resistencia-r-tricloruro-de-antimonio-fr","164":"pa_resistencia-r-vinagre-fr","165":"pa_resistencia-r-vinos-fr","166":"pa_resistente-lr-acido-acetico-30-fr","167":"pa_resistente-lr-acido-acetico-50-fr","168":"pa_resistente-lr-acido-acetico-80-fr","169":"pa_resistente-lr-acido-benzoico-fr","170":"pa_resistente-lr-acido-cromico-10-fr","171":"pa_resistente-lr-acido-fluorhidrico-20-fr","172":"pa_resistente-lr-acido-fluorhidrico-30-fr","173":"pa_resistente-lr-acido-formico-10-fr","174":"pa_resistente-lr-acido-formico-20-fr","175":"pa_resistente-lr-acido-sulfurico-50-fr","176":"pa_resistente-lr-alcool-butylique","177":"pa_resistente-lr-formaldehido-40-fr","178":"pa_resistente-lr-gas-licuado-de-petroleo-glp-fr","179":"pa_resistente-lr-aceite-astm-2-fr","180":"pa_resistente-lr-huile-astm-2","181":"pa_resistente-lr-huile-de-graines","182":"pa_resistente-lr-ozono-fr","183":"pa_resistente-nr-acetaldehido-fr","184":"pa_resistente-nr-acetato-de-amilo-fr","185":"pa_resistente-nr-acetato-de-etilo-fr","186":"pa_resistente-nr-acetatos-de-alquilo-fr","187":"pa_resistente-nr-acetona-fr","188":"pa_resistente-nr-acetonitrilo-fr","189":"pa_resistente-nr-acido-acetico-conc-fr","190":"pa_resistente-nr-acido-cloroacetico-fr","191":"pa_resistente-nr-acido-clorosulfonico-conc-fr","192":"pa_resistente-nr-acido-fluorhidrico-40-fr","193":"pa_resistente-nr-acido-fluorhidrico-60-fr","194":"pa_resistente-nr-acido-formico-25-fr","195":"pa_resistente-nr-acido-formico-85-fr","196":"pa_resistente-nr-acido-formico-conc-fr","197":"pa_resistente-nr-acido-nitrico-70-fr","198":"pa_resistente-nr-acido-nitrico-95-fr","199":"pa_resistente-nr-acido-oleico-fr","200":"pa_resistente-nr-acido-peracetico-fr","201":"pa_resistente-nr-acido-ftalico-fr","202":"pa_resistente-nr-acido-sulfurico-70-fr","203":"pa_resistente-nr-acido-sulfurico-80-fr","204":"pa_resistente-nr-acido-sulfurico-96-fr","205":"pa_resistente-nr-acido-sulfurico-98-fr","206":"pa_resistente-nr-acido-sulfurico-conc-fuming-fr","207":"pa_resistente-nr-acrilato-de-etilo-fr","208":"pa_resistente-nr-alcohol-alilico-2-propenol-1-fr","209":"pa_resistente-nr-alcohol-bencilico-fr","210":"pa_resistente-nr-alcohol-etilico-96-fr","211":"pa_resistente-nr-alcohol-etilico-max-conc-fr","212":"pa_resistente-nr-aldehidos-fr","213":"pa_resistente-nr-amoniaco-gas-fr","214":"pa_resistente-nr-anhidrido-acetico-fr","215":"pa_resistente-nr-benzaldehido-fr","216":"pa_resistente-nr-benceno-fr","217":"pa_resistente-nr-bromo-fr","218":"pa_resistente-nr-bromuro-de-alquilo-fr","219":"pa_resistente-nr-bromuro-de-etileno-fr","220":"pa_resistente-nr-butanodiol-100-fr","221":"pa_resistente-nr-cetonas-fr","222":"pa_resistente-nr-cloro-100-gas-seco-fr","223":"pa_resistente-nr-cloroformo-fr","224":"pa_resistente-nr-cloroparafinas-c14-c17-fr","225":"pa_resistente-nr-cloruro-de-mercurio-fr","226":"pa_resistente-nr-cresol-fr","227":"pa_resistente-nr-cicloalcoholes-fr","228":"pa_resistente-nr-cicloalcanos-fr","229":"pa_resistente-nr-ciclocetonas-fr","230":"pa_resistente-nr-ciclohexano-fr","231":"pa_resistente-nr-ciclohexanona-fr","232":"pa_resistente-nr-dietilcetona-fr","233":"pa_resistente-nr-dimetil-formamida-fr","234":"pa_resistente-nr-dioxano-fr","235":"pa_resistente-nr-white-spirit-fr","236":"pa_resistente-nr-esteres-alifaticos-fr","237":"pa_resistente-nr-fluoruro-fr","238":"pa_resistente-nr-fuel-oil-fr","239":"pa_resistente-nr-gasoleo-y-biodiesel-fr","240":"pa_resistente-nr-hexano-fr","241":"pa_resistente-nr-aceite-astm-3-fr","242":"pa_resistente-nr-aceite-mineral-fr","243":"pa_resistente-nr-aceites-lubricantes-petroleo-fr","244":"pa_resistente-nr-hidracina-fr","245":"pa_resistente-nr-hidrocarburos-aromaticos-fr","246":"pa_resistente-nr-queroseno-fr","247":"pa_resistente-nr-nitrito-sodico-fr","248":"pa_resistente-nr-sebacato-de-dioctilo-fr","249":"pa_resistente-nr-silicona-fr","250":"pa_resistente-nr-disolventes-clorados-fr","251":"pa_resistente-nr-tetracloruro-de-carbono2-fr","252":"pa_resistente-nr-trimelitato-de-trioctilo-totm-fr","253":"pa_resistente-nr-urea-ad-blue-fr","254":"pa_resistente-nr-urea-30-fr","255":"pa_resistente-sr-alcool-ethylique-50","256":"pa_resistente-sr-phtalates","257":"pa_resistente-sr-whisky-fr","258":"pa_superficie-exterior-lisse","259":"pa_superficie-interior-lisse","261":"first","262":"instock","263":"shipping-taxable","264":"product-type-variable"},"_links":{"self":[{"href":"https:\/\/www.espiroflex.com\/fr\/wp-json\/wp\/v2\/product\/15493","targetHints":{"allow":["GET"]}}],"collection":[{"href":"https:\/\/www.espiroflex.com\/fr\/wp-json\/wp\/v2\/product"}],"about":[{"href":"https:\/\/www.espiroflex.com\/fr\/wp-json\/wp\/v2\/types\/product"}],"wp:featuredmedia":[{"embeddable":true,"href":"https:\/\/www.espiroflex.com\/fr\/wp-json\/wp\/v2\/media\/6634"}],"wp:attachment":[{"href":"https:\/\/www.espiroflex.com\/fr\/wp-json\/wp\/v2\/media?parent=15493"}],"wp:term":[{"taxonomy":"product_brand","embeddable":true,"href":"https:\/\/www.espiroflex.com\/fr\/wp-json\/wp\/v2\/product_brand?post=15493"},{"taxonomy":"product_cat","embeddable":true,"href":"https:\/\/www.espiroflex.com\/fr\/wp-json\/wp\/v2\/product_cat?post=15493"},{"taxonomy":"product_tag","embeddable":true,"href":"https:\/\/www.espiroflex.com\/fr\/wp-json\/wp\/v2\/product_tag?post=15493"}],"curies":[{"name":"wp","href":"https:\/\/api.w.org\/{rel}","templated":true}]}}