{"id":28264,"date":"2026-03-31T14:35:04","date_gmt":"2026-03-31T12:41:10","guid":{"rendered":"https:\/\/www.espiroflex.com\/cobra-superelastic\/"},"modified":"2026-03-31T14:50:39","modified_gmt":"2026-03-31T12:50:39","slug":"cobra-superelastic","status":"publish","type":"product","link":"https:\/\/www.espiroflex.com\/cs\/produkt\/cobra-superelastic\/","title":{"rendered":"COBRA SUPERELASTIC"},"content":{"rendered":"","protected":false},"excerpt":{"rendered":"<p>Zahradn\u00ed hadice z PVC, vyztu\u017een\u00e1 polyesterovou s\u00ed\u0165ovinou, aby odol\u00e1vala tlaku vody z vodovodn\u00ed s\u00edt\u011b. Vyu\u017e\u00edv\u00e1 nejmodern\u011bj\u0161\u00ed konstruk\u010dn\u00ed technologii. Bezprecedentn\u00ed pru\u017enost a snadn\u00e1 manipulace.<\/p>\n<ul>\n<li>Velmi lehk\u00fd, s hladk\u00fdm povrchem a velmi pru\u017en\u00fd.<\/li>\n<li>Dobr\u00e1 chemick\u00e1 odolnost v souladu s tabulkou odolnosti PVC.<\/li>\n<li>La temperatura recomendada de empleo es ente -10\u00baC y 60\u00baC.<\/li>\n<\/ul>\n","protected":false},"featured_media":28012,"template":"","meta":[],"product_brand":[],"product_cat":[395,412],"product_tag":[],"class_list":{"0":"post-28264","1":"product","2":"type-product","3":"status-publish","4":"has-post-thumbnail","6":"product_cat-pvc-hadice","7":"product_cat-zahrady","8":"pa_diametro-externo-mm-17-0-cs","9":"pa_diametro-externo-mm-19-0-cs","10":"pa_diametro-externo-mm-24-5-cs","11":"pa_diametro-externo-mm-38-0-cs","12":"pa_diametro-externo-mm-32-0-cs","13":"pa_diametro-interno-mm-12-5-cs","14":"pa_diametro-interno-mm-15-0-cs","15":"pa_diametro-interno-mm-19-0-cs","16":"pa_diametro-interno-mm-25-0-cs","17":"pa_diametro-interno-mm-30-0-cs","18":"pa_diametro-interno-pulg-1-1-8-cs-2","19":"pa_diametro-interno-pulg-1-cs","20":"pa_diametro-interno-pulg-1-2-cs","21":"pa_diametro-interno-pulg-3-4-2-cs","22":"pa_diametro-interno-pulg-5-8-cs","23":"pa_peso-gr-m-150-0-cs","24":"pa_peso-gr-m-420-0-cs","25":"pa_peso-gr-m-120-0-cs","26":"pa_peso-gr-m-250-0-cs","27":"pa_peso-gr-m-580-0-cs","28":"pa_presion-rotura-bar-18-0-cs","29":"pa_presion-rotura-bar-24-0-cs","30":"pa_presion-rotura-bar-30-0-cs","32":"first","33":"instock","34":"shipping-taxable","35":"product-type-variable"},"_links":{"self":[{"href":"https:\/\/www.espiroflex.com\/cs\/wp-json\/wp\/v2\/product\/28264","targetHints":{"allow":["GET"]}}],"collection":[{"href":"https:\/\/www.espiroflex.com\/cs\/wp-json\/wp\/v2\/product"}],"about":[{"href":"https:\/\/www.espiroflex.com\/cs\/wp-json\/wp\/v2\/types\/product"}],"wp:featuredmedia":[{"embeddable":true,"href":"https:\/\/www.espiroflex.com\/cs\/wp-json\/wp\/v2\/media\/28012"}],"wp:attachment":[{"href":"https:\/\/www.espiroflex.com\/cs\/wp-json\/wp\/v2\/media?parent=28264"}],"wp:term":[{"taxonomy":"product_brand","embeddable":true,"href":"https:\/\/www.espiroflex.com\/cs\/wp-json\/wp\/v2\/product_brand?post=28264"},{"taxonomy":"product_cat","embeddable":true,"href":"https:\/\/www.espiroflex.com\/cs\/wp-json\/wp\/v2\/product_cat?post=28264"},{"taxonomy":"product_tag","embeddable":true,"href":"https:\/\/www.espiroflex.com\/cs\/wp-json\/wp\/v2\/product_tag?post=28264"}],"curies":[{"name":"wp","href":"https:\/\/api.w.org\/{rel}","templated":true}]}}