{"id":28236,"date":"2026-03-24T13:24:27","date_gmt":"2026-03-31T12:04:58","guid":{"rendered":"https:\/\/www.espiroflex.com\/?post_type=product&#038;p=28236"},"modified":"2026-04-06T09:52:43","modified_gmt":"2026-04-06T07:52:43","slug":"espirolatex","status":"publish","type":"product","link":"https:\/\/www.espiroflex.com\/cs\/produkt\/espirolatex\/","title":{"rendered":"ESPIROLATEX"},"content":{"rendered":"","protected":false},"excerpt":{"rendered":"<p>PVC hadice se speci\u00e1ln\u00edm latexov\u00fdm slo\u017een\u00edm pro pou\u017eit\u00ed v potravin\u00e1\u0159stv\u00ed, velmi odoln\u00e1 proti ohyb\u016fm a kroucen\u00ed, mimo\u0159\u00e1dn\u011b snadno ovladateln\u00e1. Odoln\u00e1 proti UV z\u00e1\u0159en\u00ed.<br \/>\nUr\u010den\u00e1 zejm\u00e9na pro dom\u00e1c\u00ed pou\u017eit\u00ed a zahradnictv\u00ed.<\/p>\n<p>Velmi pru\u017en\u00e1, jednovrstv\u00e1 a zcela hladk\u00e1.<\/p>\n","protected":false},"featured_media":28129,"template":"","meta":[],"product_brand":[],"product_cat":[420,412],"product_tag":[],"class_list":{"0":"post-28236","1":"product","2":"type-product","3":"status-publish","4":"has-post-thumbnail","6":"product_cat-potravinarstvi","7":"product_cat-zahrady","8":"pa_diametro-externo-mm-21-0-cs","9":"pa_diametro-externo-mm-27-0-cs","10":"pa_diametro-externo-mm-33-0-cs","11":"pa_diametro-externo-mm-38-0-cs","12":"pa_diametro-interno-mm-15-0-cs","13":"pa_diametro-interno-mm-19-0-cs","14":"pa_diametro-interno-mm-25-0-cs","15":"pa_diametro-interno-mm-30-0-cs","16":"pa_diametro-interno-pulg-1-cs","17":"pa_diametro-interno-pulg-1-1-8-cs","18":"pa_diametro-interno-pulg-3-4-cs","19":"pa_diametro-interno-pulg-5-8-cs","20":"pa_peso-gr-m-205-0-cs","21":"pa_peso-gr-m-515-0-cs","22":"pa_peso-gr-m-350-0-cs","23":"pa_peso-gr-m-440-0-cs","24":"pa_presion-rotura-bar-9-0-cs","26":"first","27":"instock","28":"shipping-taxable","29":"product-type-variable"},"_links":{"self":[{"href":"https:\/\/www.espiroflex.com\/cs\/wp-json\/wp\/v2\/product\/28236","targetHints":{"allow":["GET"]}}],"collection":[{"href":"https:\/\/www.espiroflex.com\/cs\/wp-json\/wp\/v2\/product"}],"about":[{"href":"https:\/\/www.espiroflex.com\/cs\/wp-json\/wp\/v2\/types\/product"}],"wp:featuredmedia":[{"embeddable":true,"href":"https:\/\/www.espiroflex.com\/cs\/wp-json\/wp\/v2\/media\/28129"}],"wp:attachment":[{"href":"https:\/\/www.espiroflex.com\/cs\/wp-json\/wp\/v2\/media?parent=28236"}],"wp:term":[{"taxonomy":"product_brand","embeddable":true,"href":"https:\/\/www.espiroflex.com\/cs\/wp-json\/wp\/v2\/product_brand?post=28236"},{"taxonomy":"product_cat","embeddable":true,"href":"https:\/\/www.espiroflex.com\/cs\/wp-json\/wp\/v2\/product_cat?post=28236"},{"taxonomy":"product_tag","embeddable":true,"href":"https:\/\/www.espiroflex.com\/cs\/wp-json\/wp\/v2\/product_tag?post=28236"}],"curies":[{"name":"wp","href":"https:\/\/api.w.org\/{rel}","templated":true}]}}