{"id":25404,"date":"2025-07-22T18:40:38","date_gmt":"2025-07-22T16:40:38","guid":{"rendered":"https:\/\/www.espiroflex.com\/transliquid-pu-antiestatico\/"},"modified":"2025-11-26T12:09:38","modified_gmt":"2025-11-26T11:09:38","slug":"transliquid-pu-antiestatico","status":"publish","type":"product","link":"https:\/\/www.espiroflex.com\/cs\/produkt\/transliquid-pu-antiestatico\/","title":{"rendered":"Transliquid PU Antiestatico"},"content":{"rendered":"<p>Polyuretanov\u00e1 hadice se spir\u00e1lou z PVC pro \u010derp\u00e1n\u00ed a dopravu kapalin s vysok\u00fdm obsahem abrazivn\u00edch l\u00e1tek. Antistatick\u00fd v\u00fdrobek vhodn\u00fd pro instalace podl\u00e9haj\u00edc\u00ed norm\u011b ATEX. Vysok\u00e1 odolnost a flexibilita i p\u0159i n\u00edzk\u00fdch teplot\u00e1ch. Velmi dobr\u00e1 odolnost proti hydrol\u00fdze.<\/p>\n","protected":false},"excerpt":{"rendered":"<p>Polyuretanov\u00e1 hadice se spir\u00e1lou z PVC pro \u010derp\u00e1n\u00ed a dopravu kapalin s vysok\u00fdm obsahem abrazivn\u00edch l\u00e1tek. Antistatick\u00fd v\u00fdrobek vhodn\u00fd pro instalace podl\u00e9haj\u00edc\u00ed norm\u011b ATEX. Vysok\u00e1 odolnost a flexibilita i p\u0159i n\u00edzk\u00fdch teplot\u00e1ch. Velmi dobr\u00e1 odolnost proti hydrol\u00fdze.<\/p>\n","protected":false},"featured_media":6249,"template":"","meta":[],"product_brand":[982],"product_cat":[3923,401,406,415,414,407,395,396,398,419],"product_tag":[],"class_list":{"0":"post-25404","1":"product","2":"type-product","3":"status-publish","4":"has-post-thumbnail","6":"product_brand-transliquid","7":"product_cat-prumyslove","8":"product_cat-sani-kapalin","9":"product_cat-pu-hadice","10":"product_cat-peletovy","11":"product_cat-prumyslove-pouziti","12":"product_cat-pu-sani-abraziv","13":"product_cat-pvc-hadice","14":"product_cat-pvc-sani-abraziv","15":"product_cat-pvc-sani-kapalin","16":"product_cat-zemedelstvi","17":"pa_antiestatico-antistaticky","18":"pa_aplicaciones-prumyslove","19":"pa_aplicaciones-agricultural","20":"pa_aplicaciones-pelety","21":"pa_aplicaciones-potravinarsky","22":"pa_construccion-manguera-spiralovity","23":"pa_diametro-interno-mm-30-0-cs","24":"pa_diametro-interno-mm-32-0-cs","25":"pa_diametro-interno-mm-38-0-cs","26":"pa_diametro-interno-mm-40-0-cs","27":"pa_diametro-interno-mm-45-0-cs","28":"pa_diametro-interno-mm-51-0-cs","29":"pa_diametro-interno-mm-55-0-cs","30":"pa_diametro-interno-mm-60-0-cs","31":"pa_diametro-interno-mm-63-0-cs","32":"pa_diametro-interno-mm-70-0-cs","33":"pa_diametro-interno-mm-76-0-cs","34":"pa_diametro-interno-mm-80-0-cs","35":"pa_diametro-interno-mm-90-0-cs","36":"pa_diametro-interno-mm-102-0-cs","37":"pa_diametro-interno-mm-110-0-cs","38":"pa_diametro-interno-mm-127-0-cs","39":"pa_diametro-interno-mm-152-0-cs","40":"pa_diametro-interno-pulg-1-3-4-cs","41":"pa_diametro-interno-pulg-1-5-8-cs","42":"pa_diametro-interno-pulg-2-cs","43":"pa_diametro-interno-pulg-2-1-2-cs","44":"pa_diametro-interno-pulg-2-1-32-cs","45":"pa_diametro-interno-pulg-2-3-4-cs","46":"pa_diametro-interno-pulg-3-cs","47":"pa_diametro-interno-pulg-3-1-2-cs","48":"pa_diametro-interno-pulg-3-1-8-cs","49":"pa_diametro-interno-pulg-4-cs","50":"pa_diametro-interno-pulg-4-5-16-cs","51":"pa_diametro-interno-pulg-5-cs","52":"pa_diametro-interno-pulg-6-cs","53":"pa_diametro-interno-pulg-1-1-2-cs","54":"pa_diametro-interno-pulg-1-1-4-cs","55":"pa_diametro-interno-pulg-1-1-8-cs","56":"pa_diametro-interno-pulg-2-1-8-cs","57":"pa_espesor-total-de-pared-mm-5-0-cs","58":"pa_espesor-total-de-pared-mm-6-0-cs","59":"pa_espesor-total-de-pared-mm-6-7-cs","60":"pa_espesor-total-de-pared-mm-3-0-cs","61":"pa_espesor-total-de-pared-mm-3-2-cs","62":"pa_espesor-total-de-pared-mm-3-5-cs","63":"pa_espesor-total-de-pared-mm-3-7-cs","64":"pa_espesor-total-de-pared-mm-3-8-cs","65":"pa_espesor-total-de-pared-mm-4-0-cs","66":"pa_espesor-total-de-pared-mm-4-2-cs","67":"pa_espesor-total-de-pared-mm-4-4-cs","68":"pa_espesor-total-de-pared-mm-4-6-cs","69":"pa_espesor-total-de-pared-mm-4-7-cs","70":"pa_material-flexible-poliuretan","71":"pa_material-manguera-tpu-cs","72":"pa_opacidad-prusvitny","73":"pa_presion-rotura-bar-12-0-cs","74":"pa_presion-rotura-bar-15-0-cs","75":"pa_presion-rotura-bar-9-0-cs","76":"pa_refuerzo-tvrde-pvc-med","77":"pa_resistencia-r-borax-5-cs","78":"pa_resistencia-r-cloruro-de-calcio-20-cs","79":"pa_resistencia-r-cloruro-de-calcio-25-cs","80":"pa_resistencia-r-cloruro-ferrico-cs","81":"pa_resistencia-r-dicromato-de-potasio-40-cs","82":"pa_resistencia-r-dicromato-de-potasio-todas-conc-cs","83":"pa_resistencia-r-nitrato-sodico-cs","84":"pa_resistencia-r-potasio-cs","85":"pa_resistencia-r-nitrato-de-amonio-25-cs","86":"pa_resistencia-r-glicol-de-etileno-cs","87":"pa_resistencia-r-glicerina-cs","88":"pa_resistencia-r-silicatos-aluminicos-cs","89":"pa_resistencia-r-hidroxido-de-potasio-5-cs","90":"pa_resistencia-r-hidroxido-de-sodio-sosa-5-cs","91":"pa_resistencia-r-sidra-cs","92":"pa_resistencia-r-silicatos-potasicos-cs","93":"pa_resistencia-r-alumbre-cs","94":"pa_resistencia-r-detergentes-concentrados-cs","95":"pa_resistencia-r-acido-clorhidrico-5-cs","96":"pa_resistencia-r-acido-sulfurico-5-cs","97":"pa_resistencia-r-acido-borico-5-cs","98":"pa_resistencia-r-acido-cromico-5-cs","99":"pa_resistencia-r-acido-citrico-5-cs","100":"pa_resistencia-r-acido-lactico-sol-acu-10-cs","101":"pa_resistencia-r-acido-acetico-3-cs","102":"pa_resistencia-r-acido-carbonico-5-cs","103":"pa_resistencia-r-oxigeno-cs","104":"pa_resistencia-r-manganato-potasico-cs","105":"pa_resistencia-r-morska-voda","106":"pa_resistencia-r-nitrogeno-cs","107":"pa_resistencia-r-anhidrido-carbonico-cs","108":"pa_resistencia-r-dioxido-de-carbono-cs","109":"pa_resistencia-r-oxidos-sulfurosos-cs","110":"pa_resistencia-r-parafina-cs","111":"pa_resistencia-r-perborato-sodico-cs","112":"pa_resistencia-r-cerveza-cs","113":"pa_resistencia-r-plomotetraetilo-cs","114":"pa_resistencia-r-azufre-cs","115":"pa_resistencia-r-sulfuro-de-bario-cs","116":"pa_resistencia-r-cianuro-de-sodio-cs","117":"pa_resistencia-r-silicatos-sodicos-cs","118":"pa_resistencia-r-carbonato-magnesico-cs","119":"pa_resistencia-r-carbonato-de-sodio-cs","120":"pa_resistencia-r-carbonato-calcico-cs","121":"pa_resistencia-r-voda","122":"pa_resistencia-r-vzduch","123":"pa_resistencia-r-sulfuro-ferrico-cs","124":"pa_resistencia-r-50-dusicnan-vapenaty","125":"pa_resistencia-r-acetamid","126":"pa_resistencia-r-aceton","127":"pa_resistencia-r-amoniak-gaz","128":"pa_resistencia-r-belidlo-slunce-alkalicke","129":"pa_resistencia-r-butylalkohol","130":"pa_resistencia-r-chlorid-amonny-25","131":"pa_resistencia-r-chlorid-draselny","132":"pa_resistencia-r-chlorid-rtutnaty","133":"pa_resistencia-r-dichlorethan","134":"pa_resistencia-r-dioctylsebacat","135":"pa_resistencia-r-ethyl-oxalat","136":"pa_resistencia-r-fenylamin","137":"pa_resistencia-r-freon-12-chladivo","138":"pa_resistencia-r-ftalaty","139":"pa_resistencia-r-hexan","140":"pa_resistencia-r-hlinity-chlorid-25","141":"pa_resistencia-r-hydraulicky-olej","142":"pa_resistencia-r-isopropylalkohol-cs","143":"pa_resistencia-r-kerosin","144":"pa_resistencia-r-koncentrovany-dusicnan-vapenaty","145":"pa_resistencia-r-laky-na-bazi-rozpoustedel","146":"pa_resistencia-r-lithiove-sodikove-a-vapnikove-tuky","147":"pa_resistencia-r-metan","148":"pa_resistencia-r-methyl-ethylketon","149":"pa_resistencia-r-mocovina-ad-blue","150":"pa_resistencia-r-motorova-nafta-a-bionafta","151":"pa_resistencia-r-mydlova-roztok-vsechny-koncentrace","152":"pa_resistencia-r-olej-astm-1","153":"pa_resistencia-r-olej-astm-2","154":"pa_resistencia-r-olej-astm-3","155":"pa_resistencia-r-ozon","156":"pa_resistencia-r-rostlinne-oleje","157":"pa_resistencia-r-silikonove-tuky","158":"pa_resistencia-r-silikonovy-olej","159":"pa_resistencia-r-siran-draselny","160":"pa_resistencia-r-siran-mednaty-sol-sat","161":"pa_resistencia-r-siran-vapenaty","162":"pa_resistencia-r-terpentyn","163":"pa_resistencia-r-trisulfat-sodny","164":"pa_resistencia-r-vodik","165":"pa_resistencia-r-zelatina","166":"pa_resistencia-r-zivocisne-tuky","167":"pa_resistente-a-la-abrasion-odolny-proti-oderu","168":"pa_resistente-lr-50-ethylalkohol","169":"pa_resistente-lr-benzin","170":"pa_resistente-lr-butylamin","171":"pa_resistente-lr-chlorid-sodny-25","172":"pa_resistente-lr-chlorid-vapenaty","173":"pa_resistente-lr-cyklohexan","174":"pa_resistente-lr-diethylenglykol","175":"pa_resistente-lr-ethan","176":"pa_resistente-lr-formaldehyd-20","177":"pa_resistente-lr-formaldehyd-30","178":"pa_resistente-lr-glykoly","179":"pa_resistente-lr-hydroxid-sodny-soda-10","180":"pa_resistente-lr-isobutylalkohol","181":"pa_resistente-lr-isopropylalkohol","182":"pa_resistente-lr-kyselina-borita-10","183":"pa_resistente-lr-kyselina-chlorovodikova-10","184":"pa_resistente-lr-kyselina-dusicna-5","185":"pa_resistente-lr-mazaci-oleje-ropa","186":"pa_resistente-lr-nafta-cs","187":"pa_resistente-lr-permanganates-potassique-10","188":"pa_resistente-lr-ropa","189":"pa_resistente-lr-sira","190":"pa_resistente-lr-topny-olej","191":"pa_resistente-lr-vodikovy-peroxid-30-obj","192":"pa_resistente-lr-white-spirit-cs","193":"pa_resistente-lr-zemni-plyn","194":"pa_resistente-nr-alcohol-etilico-96-cs","195":"pa_resistente-nr-acetaldehido-cs","196":"pa_resistente-nr-anhidrido-acetico-cs","197":"pa_resistente-nr-bromuro-de-alquilo-cs","198":"pa_resistente-nr-aldehidos-cs","199":"pa_resistente-nr-acetatos-de-alquilo-cs","200":"pa_resistente-nr-benzaldehido-cs","201":"pa_resistente-nr-bromo-cs","202":"pa_resistente-nr-cloro-100-gas-seco-cs","203":"pa_resistente-nr-tetracloruro-de-carbono2-cs","204":"pa_resistente-nr-cicloalcanos-cs","205":"pa_resistente-nr-cicloalcoholes-cs","206":"pa_resistente-nr-ciclohexanona-cs","207":"pa_resistente-nr-ciclocetonas-cs","208":"pa_resistente-nr-dimetil-formamida-cs","209":"pa_resistente-nr-sebacato-de-dioctilo-cs","210":"pa_resistente-nr-acido-nitrico-70-cs","211":"pa_resistente-nr-nitrito-sodico-cs","212":"pa_resistente-nr-acido-ftalico-cs","213":"pa_resistente-nr-hidracina-cs","214":"pa_resistente-nr-cetonas-cs","215":"pa_resistente-nr-acido-acetico-conc-cs","216":"pa_resistente-nr-cresol-cs","217":"pa_resistente-nr-acido-nitrico-95-cs","218":"pa_resistente-nr-acido-fluorhidrico-40-cs","219":"pa_resistente-nr-acido-fluorhidrico-60-cs","220":"pa_resistente-nr-acido-formico-25-cs","221":"pa_resistente-nr-acido-formico-85-cs","222":"pa_resistente-nr-acido-formico-conc-cs","223":"pa_resistente-nr-acido-oleico-cs","224":"pa_resistente-nr-acido-sulfurico-conc-fuming-cs","225":"pa_resistente-nr-alcohol-etilico-max-conc-cs","226":"pa_resistente-nr-urea-30-cs","227":"pa_resistente-nr-acido-peracetico-cs","228":"pa_resistente-nr-silicona-cs","229":"pa_resistente-nr-acido-sulfurico-70-cs","230":"pa_resistente-nr-acido-sulfurico-80-cs","231":"pa_resistente-nr-acido-sulfurico-96-cs","232":"pa_resistente-nr-acido-sulfurico-98-cs","233":"pa_resistente-nr-30-kyselina-octova","234":"pa_resistente-nr-bisulfat-sodny","235":"pa_resistente-nr-bisulfat-vapenaty","236":"pa_resistente-nr-chlorid-sodny-14-cl2","237":"pa_resistente-nr-chlorid-sodny-15-cl2","238":"pa_resistente-nr-cyklohexanol","239":"pa_resistente-nr-diethylamin","240":"pa_resistente-nr-dietyleter","241":"pa_resistente-nr-kyselina-dusicna-10","242":"pa_resistente-nr-kwas-azotowy-20-cs","243":"pa_resistente-nr-kwas-azotowy-30-cs","244":"pa_resistente-nr-dusicna-kyselina-50","245":"pa_resistente-nr-epoxidova-pryskyrice","246":"pa_resistente-nr-ethyl-ether","247":"pa_resistente-nr-fenol-cs","248":"pa_resistente-nr-formaldehyd-37","249":"pa_resistente-nr-formaldehyd-40-cs","250":"pa_resistente-nr-freon-11-chladivo","251":"pa_resistente-nr-freon-22-chladivo","252":"pa_resistente-nr-hlinity-sulfat","253":"pa_resistente-nr-hydrochinon","254":"pa_resistente-nr-hydroxid-sodny-soda-20","255":"pa_resistente-nr-hydroxid-sodny-soda-50","256":"pa_resistente-nr-koncentrovana-kyselina-chlorovodikova","257":"pa_resistente-nr-koncentrovany-hydroxid-sodny-louh","258":"pa_resistente-nr-kyselina-bromovodikova-roztok-50","259":"pa_resistente-nr-kyselina-chlorovodikova-20","260":"pa_resistente-nr-kyselina-chlorovodikova-22","261":"pa_resistente-nr-kyselina-fluorovodikova-20","262":"pa_resistente-nr-kyselina-fluorovodikova-30","263":"pa_resistente-nr-kyselina-mravenci-10","264":"pa_resistente-nr-kyselina-mravenci-20","265":"pa_resistente-nr-kyselina-octova-50","266":"pa_resistente-nr-kyselina-stavelova","267":"pa_resistente-nr-methylalkohol-6","268":"pa_resistente-nr-methylchlorid","269":"pa_resistente-nr-methylenchlorid","270":"pa_resistente-nr-ocetova-kyselina-80","271":"pa_resistente-nr-oleum-cs","272":"pa_resistente-nr-pentan","273":"pa_resistente-nr-perchloroethylen","274":"pa_resistente-nr-rozpustny-siran-amonny","275":"pa_resistente-nr-sira-20","276":"pa_resistente-nr-sira-25","277":"pa_resistente-nr-sira-50","278":"pa_resistente-nr-tanin","279":"pa_resistente-nr-tekuta-mydla","280":"pa_resistente-nr-tetrahydrofuran","281":"pa_resistente-nr-toluen","282":"pa_resistente-nr-triethanolamin","283":"pa_resistente-nr-vlhky-chlor","284":"pa_resistente-nr-xylen","285":"pa_resistente-nr-zivocisny-olej","286":"pa_resistente-sr-whisky-cs","287":"pa_resistente-sr-mineralni-olej","288":"pa_resistente-sr-olej-semena","289":"pa_resistente-sr-vina","290":"pa_superficie-exterior-drsny","291":"pa_superficie-interior-hladky","292":"pa_temperatura-maxima-oc-80c-cs","293":"pa_temperatura-minima-oc-20c-cs","294":"pa_vacio-m-h2o-9-0-cs","296":"first","297":"instock","298":"shipping-taxable","299":"product-type-variable"},"_links":{"self":[{"href":"https:\/\/www.espiroflex.com\/cs\/wp-json\/wp\/v2\/product\/25404","targetHints":{"allow":["GET"]}}],"collection":[{"href":"https:\/\/www.espiroflex.com\/cs\/wp-json\/wp\/v2\/product"}],"about":[{"href":"https:\/\/www.espiroflex.com\/cs\/wp-json\/wp\/v2\/types\/product"}],"wp:featuredmedia":[{"embeddable":true,"href":"https:\/\/www.espiroflex.com\/cs\/wp-json\/wp\/v2\/media\/6249"}],"wp:attachment":[{"href":"https:\/\/www.espiroflex.com\/cs\/wp-json\/wp\/v2\/media?parent=25404"}],"wp:term":[{"taxonomy":"product_brand","embeddable":true,"href":"https:\/\/www.espiroflex.com\/cs\/wp-json\/wp\/v2\/product_brand?post=25404"},{"taxonomy":"product_cat","embeddable":true,"href":"https:\/\/www.espiroflex.com\/cs\/wp-json\/wp\/v2\/product_cat?post=25404"},{"taxonomy":"product_tag","embeddable":true,"href":"https:\/\/www.espiroflex.com\/cs\/wp-json\/wp\/v2\/product_tag?post=25404"}],"curies":[{"name":"wp","href":"https:\/\/api.w.org\/{rel}","templated":true}]}}