{"id":25283,"date":"2025-07-22T18:42:59","date_gmt":"2025-07-22T16:42:59","guid":{"rendered":"https:\/\/www.espiroflex.com\/transfort-superelastic-antiestatico\/"},"modified":"2025-11-26T11:57:44","modified_gmt":"2025-11-26T10:57:44","slug":"transfort-superelastic-antiestatico","status":"publish","type":"product","link":"https:\/\/www.espiroflex.com\/cs\/produkt\/transfort-superelastic-antiestatico\/","title":{"rendered":"Transfort Superelastic antistatick\u00e1"},"content":{"rendered":"<p>Hadice s vysokou flexibilitou pro pr\u016fmyslov\u00e9 zavla\u017eov\u00e1n\u00ed a mobiln\u00ed cisterny. Speci\u00e1ln\u011b doporu\u010deno pro instalace p\u0159i n\u00edzk\u00fdch teplot\u00e1ch. Pou\u017eit\u00ed pro \u010derp\u00e1n\u00ed ods\u00e1v\u00e1n\u00edm a dopravou kejdy a produkt\u016f s vysok\u00fdm indexem agresivity. Vhodn\u00e9 pro teploty a\u017e -25 \u00b0C.<\/p>\n","protected":false},"excerpt":{"rendered":"<p>Hadice s vysokou flexibilitou pro pr\u016fmyslov\u00e9 zavla\u017eov\u00e1n\u00ed a mobiln\u00ed cisterny. Speci\u00e1ln\u011b doporu\u010deno pro instalace p\u0159i n\u00edzk\u00fdch teplot\u00e1ch. Pou\u017eit\u00ed pro \u010derp\u00e1n\u00ed ods\u00e1v\u00e1n\u00edm a dopravou kejdy a produkt\u016f s vysok\u00fdm indexem agresivity. Vhodn\u00e9 pro teploty a\u017e -25 \u00b0C.<\/p>\n","protected":false},"featured_media":6354,"template":"","meta":[],"product_brand":[971],"product_cat":[3923,401,414,395,398,419],"product_tag":[],"class_list":{"0":"post-25283","1":"product","2":"type-product","3":"status-publish","4":"has-post-thumbnail","6":"product_brand-transfort","7":"product_cat-prumyslove","8":"product_cat-sani-kapalin","9":"product_cat-prumyslove-pouziti","10":"product_cat-pvc-hadice","11":"product_cat-pvc-sani-kapalin","12":"product_cat-zemedelstvi","13":"pa_antiestatico-antistaticky","14":"pa_aplicaciones-cisternovy-nakladni-vuz","15":"pa_aplicaciones-prumyslove","16":"pa_aplicaciones-agricultural","17":"pa_color-modra-a-cerna","18":"pa_color-seda-a-zelena","19":"pa_construccion-manguera-spiralovity","20":"pa_diametro-interno-mm-40-0-cs","21":"pa_diametro-interno-mm-45-0-cs","22":"pa_diametro-interno-mm-51-0-cs","23":"pa_diametro-interno-mm-60-0-cs","24":"pa_diametro-interno-mm-63-0-cs","25":"pa_diametro-interno-mm-70-0-cs","26":"pa_diametro-interno-mm-76-0-cs","27":"pa_diametro-interno-mm-80-0-cs","28":"pa_diametro-interno-mm-90-0-cs","29":"pa_diametro-interno-mm-102-0-cs","30":"pa_diametro-interno-mm-110-0-cs","31":"pa_diametro-interno-mm-120-0-cs","32":"pa_diametro-interno-mm-127-0-cs","33":"pa_diametro-interno-mm-152-0-cs","34":"pa_diametro-interno-mm-203-0-cs","35":"pa_diametro-interno-mm-254-0-cs","36":"pa_diametro-interno-pulg-1-3-4-cs","37":"pa_diametro-interno-pulg-1-5-8-cs","38":"pa_diametro-interno-pulg-10-cs","39":"pa_diametro-interno-pulg-2-cs","40":"pa_diametro-interno-pulg-2-1-2-cs","41":"pa_diametro-interno-pulg-2-1-32-cs","42":"pa_diametro-interno-pulg-2-3-4-cs","43":"pa_diametro-interno-pulg-3-cs","44":"pa_diametro-interno-pulg-3-1-2-cs","45":"pa_diametro-interno-pulg-3-1-8-cs","46":"pa_diametro-interno-pulg-4-cs","47":"pa_diametro-interno-pulg-4-5-16-cs","48":"pa_diametro-interno-pulg-5-cs","49":"pa_diametro-interno-pulg-6-cs","50":"pa_diametro-interno-pulg-8-cs","51":"pa_espesor-total-de-pared-mm-12-1-cs","52":"pa_espesor-total-de-pared-mm-4-5-cs","53":"pa_espesor-total-de-pared-mm-5-0-cs","54":"pa_espesor-total-de-pared-mm-5-2-cs","55":"pa_espesor-total-de-pared-mm-5-5-cs","56":"pa_espesor-total-de-pared-mm-6-0-cs","57":"pa_espesor-total-de-pared-mm-6-5-cs","58":"pa_espesor-total-de-pared-mm-6-7-cs","59":"pa_espesor-total-de-pared-mm-7-3-cs","60":"pa_espesor-total-de-pared-mm-7-5-cs","61":"pa_espesor-total-de-pared-mm-8-0-cs","62":"pa_espesor-total-de-pared-mm-8-3-cs","63":"pa_espesor-total-de-pared-mm-9-5-cs","64":"pa_material-flexible-flexibilni-pvc","65":"pa_material-manguera-pvc-cs","66":"pa_opacidad-nepruhledny","67":"pa_presion-rotura-bar-10-0-cs","68":"pa_presion-rotura-bar-12-0-cs","69":"pa_presion-rotura-bar-14-0-cs","70":"pa_presion-rotura-bar-15-0-cs","71":"pa_presion-rotura-bar-18-0-cs","72":"pa_presion-rotura-bar-4-0-cs","73":"pa_presion-rotura-bar-6-0-cs","74":"pa_presion-rotura-bar-8-0-cs","75":"pa_presion-rotura-bar-9-0-cs","76":"pa_refuerzo-pvc-rigido-cs","77":"pa_resistente-a-la-abrasion-odolny-proti-oderu","78":"pa_superficie-exterior-drsny","79":"pa_superficie-interior-hladky","80":"pa_temperatura-maxima-oc-60c-cs","81":"pa_temperatura-minima-oc-25c-cs","82":"pa_vacio-m-h2o-9-0-cs","84":"first","85":"instock","86":"shipping-taxable","87":"product-type-variable"},"_links":{"self":[{"href":"https:\/\/www.espiroflex.com\/cs\/wp-json\/wp\/v2\/product\/25283","targetHints":{"allow":["GET"]}}],"collection":[{"href":"https:\/\/www.espiroflex.com\/cs\/wp-json\/wp\/v2\/product"}],"about":[{"href":"https:\/\/www.espiroflex.com\/cs\/wp-json\/wp\/v2\/types\/product"}],"wp:featuredmedia":[{"embeddable":true,"href":"https:\/\/www.espiroflex.com\/cs\/wp-json\/wp\/v2\/media\/6354"}],"wp:attachment":[{"href":"https:\/\/www.espiroflex.com\/cs\/wp-json\/wp\/v2\/media?parent=25283"}],"wp:term":[{"taxonomy":"product_brand","embeddable":true,"href":"https:\/\/www.espiroflex.com\/cs\/wp-json\/wp\/v2\/product_brand?post=25283"},{"taxonomy":"product_cat","embeddable":true,"href":"https:\/\/www.espiroflex.com\/cs\/wp-json\/wp\/v2\/product_cat?post=25283"},{"taxonomy":"product_tag","embeddable":true,"href":"https:\/\/www.espiroflex.com\/cs\/wp-json\/wp\/v2\/product_tag?post=25283"}],"curies":[{"name":"wp","href":"https:\/\/api.w.org\/{rel}","templated":true}]}}