{"id":25244,"date":"2025-07-22T18:36:11","date_gmt":"2025-07-22T16:36:11","guid":{"rendered":"https:\/\/www.espiroflex.com\/transfort-pu\/"},"modified":"2025-11-26T11:52:07","modified_gmt":"2025-11-26T10:52:07","slug":"transfort-pu","status":"publish","type":"product","link":"https:\/\/www.espiroflex.com\/cs\/produkt\/transfort-pu\/","title":{"rendered":"Transfort PU"},"content":{"rendered":"<p>Hadice pro \u010derpadla k ods\u00e1v\u00e1n\u00ed a doprav\u011b kejdy, pr\u016fmyslov\u00e9 zavla\u017eov\u00e1n\u00ed, \u010dern\u00e9 studny, s\u00edt\u011b a produkty s velmi vysok\u00fdm indexem agresivity. Vnit\u0159n\u00ed vrstva z polyuretanu poskytuje v\u011bt\u0161\u00ed odolnost proti od\u011bru.<\/p>\n","protected":false},"excerpt":{"rendered":"<p>Hadice pro \u010derpadla k ods\u00e1v\u00e1n\u00ed a doprav\u011b kejdy, pr\u016fmyslov\u00e9 zavla\u017eov\u00e1n\u00ed, \u010dern\u00e9 studny, s\u00edt\u011b a produkty s velmi vysok\u00fdm indexem agresivity. Vnit\u0159n\u00ed vrstva z polyuretanu poskytuje v\u011bt\u0161\u00ed odolnost proti od\u011bru.<\/p>\n","protected":false},"featured_media":6049,"template":"","meta":[],"product_brand":[971],"product_cat":[3923,401,406,414,398,419],"product_tag":[],"class_list":{"0":"post-25244","1":"product","2":"type-product","3":"status-publish","4":"has-post-thumbnail","6":"product_brand-transfort","7":"product_cat-prumyslove","8":"product_cat-sani-kapalin","9":"product_cat-pu-hadice","10":"product_cat-prumyslove-pouziti","11":"product_cat-pvc-sani-kapalin","12":"product_cat-zemedelstvi","13":"pa_aplicaciones-prumyslove","14":"pa_aplicaciones-agricultural","15":"pa_aplicaciones-potravinarsky","16":"pa_color-seda-a-cervena","17":"pa_construccion-manguera-spiralovity","18":"pa_diametro-interno-mm-40-0-cs","19":"pa_diametro-interno-mm-51-0-cs","20":"pa_diametro-interno-mm-60-0-cs","21":"pa_diametro-interno-mm-63-0-cs","22":"pa_diametro-interno-mm-70-0-cs","23":"pa_diametro-interno-mm-76-0-cs","24":"pa_diametro-interno-mm-80-0-cs","25":"pa_diametro-interno-mm-90-0-cs","26":"pa_diametro-interno-mm-102-0-cs","27":"pa_diametro-interno-mm-110-0-cs","28":"pa_diametro-interno-mm-127-0-cs","29":"pa_diametro-interno-mm-152-0-cs","30":"pa_diametro-interno-mm-203-0-cs","31":"pa_diametro-interno-pulg-1-5-8-cs","32":"pa_diametro-interno-pulg-2-cs","33":"pa_diametro-interno-pulg-2-1-2-cs","34":"pa_diametro-interno-pulg-2-1-32-cs","35":"pa_diametro-interno-pulg-2-3-4-cs","36":"pa_diametro-interno-pulg-3-cs","37":"pa_diametro-interno-pulg-3-1-2-cs","38":"pa_diametro-interno-pulg-3-1-8-cs","39":"pa_diametro-interno-pulg-4-cs","40":"pa_diametro-interno-pulg-4-5-16-cs","41":"pa_diametro-interno-pulg-5-cs","42":"pa_diametro-interno-pulg-6-cs","43":"pa_diametro-interno-pulg-8-cs","44":"pa_espesor-total-de-pared-mm-5-0-cs","45":"pa_espesor-total-de-pared-mm-5-5-cs","46":"pa_espesor-total-de-pared-mm-6-0-cs","47":"pa_espesor-total-de-pared-mm-6-5-cs","48":"pa_espesor-total-de-pared-mm-7-5-cs","49":"pa_espesor-total-de-pared-mm-8-0-cs","50":"pa_espesor-total-de-pared-mm-8-3-cs","51":"pa_espesor-total-de-pared-mm-10-5-cs","52":"pa_espesor-total-de-pared-mm-12-5-cs","53":"pa_espesor-total-de-pared-mm-7-0-cs","54":"pa_material-flexible-flexibilni-pvc-pu","55":"pa_material-manguera-tpu-cs","56":"pa_opacidad-nepruhledny","57":"pa_presion-rotura-bar-15-0-cs","58":"pa_presion-rotura-bar-18-0-cs","59":"pa_presion-rotura-bar-6-0-cs","60":"pa_presion-rotura-bar-9-0-cs","61":"pa_presion-rotura-bar-21-0-cs","62":"pa_presion-rotura-bar-24-0-cs","63":"pa_presion-rotura-bar-27-0-cs","64":"pa_refuerzo-pvc-rigido-cs","65":"pa_resistencia-r-borax-5-cs","66":"pa_resistencia-r-cloruro-de-calcio-20-cs","67":"pa_resistencia-r-cloruro-de-calcio-25-cs","68":"pa_resistencia-r-cloruro-ferrico-cs","69":"pa_resistencia-r-dicromato-de-potasio-40-cs","70":"pa_resistencia-r-dicromato-de-potasio-todas-conc-cs","71":"pa_resistencia-r-nitrato-sodico-cs","72":"pa_resistencia-r-potasio-cs","73":"pa_resistencia-r-nitrato-de-amonio-25-cs","74":"pa_resistencia-r-glicol-de-etileno-cs","75":"pa_resistencia-r-glicerina-cs","76":"pa_resistencia-r-silicatos-aluminicos-cs","77":"pa_resistencia-r-hidroxido-de-potasio-5-cs","78":"pa_resistencia-r-hidroxido-de-sodio-sosa-5-cs","79":"pa_resistencia-r-sidra-cs","80":"pa_resistencia-r-silicatos-potasicos-cs","81":"pa_resistencia-r-alumbre-cs","82":"pa_resistencia-r-detergentes-concentrados-cs","83":"pa_resistencia-r-acido-clorhidrico-5-cs","84":"pa_resistencia-r-acido-sulfurico-5-cs","85":"pa_resistencia-r-acido-borico-5-cs","86":"pa_resistencia-r-acido-cromico-5-cs","87":"pa_resistencia-r-acido-citrico-5-cs","88":"pa_resistencia-r-acido-lactico-sol-acu-10-cs","89":"pa_resistencia-r-acido-acetico-3-cs","90":"pa_resistencia-r-acido-carbonico-5-cs","91":"pa_resistencia-r-oxigeno-cs","92":"pa_resistencia-r-manganato-potasico-cs","93":"pa_resistencia-r-morska-voda","94":"pa_resistencia-r-nitrogeno-cs","95":"pa_resistencia-r-anhidrido-carbonico-cs","96":"pa_resistencia-r-dioxido-de-carbono-cs","97":"pa_resistencia-r-oxidos-sulfurosos-cs","98":"pa_resistencia-r-parafina-cs","99":"pa_resistencia-r-perborato-sodico-cs","100":"pa_resistencia-r-cerveza-cs","101":"pa_resistencia-r-plomotetraetilo-cs","102":"pa_resistencia-r-azufre-cs","103":"pa_resistencia-r-sulfuro-de-bario-cs","104":"pa_resistencia-r-cianuro-de-sodio-cs","105":"pa_resistencia-r-silicatos-sodicos-cs","106":"pa_resistencia-r-carbonato-magnesico-cs","107":"pa_resistencia-r-carbonato-de-sodio-cs","108":"pa_resistencia-r-carbonato-calcico-cs","109":"pa_resistencia-r-voda","110":"pa_resistencia-r-vzduch","111":"pa_resistencia-r-sulfuro-ferrico-cs","112":"pa_resistencia-r-50-dusicnan-vapenaty","113":"pa_resistencia-r-acetamid","114":"pa_resistencia-r-aceton","115":"pa_resistencia-r-amoniak-gaz","116":"pa_resistencia-r-belidlo-slunce-alkalicke","117":"pa_resistencia-r-butylalkohol","118":"pa_resistencia-r-chlorid-amonny-25","119":"pa_resistencia-r-chlorid-draselny","120":"pa_resistencia-r-chlorid-rtutnaty","121":"pa_resistencia-r-dichlorethan","122":"pa_resistencia-r-dioctylsebacat","123":"pa_resistencia-r-ethyl-oxalat","124":"pa_resistencia-r-fenylamin","125":"pa_resistencia-r-freon-12-chladivo","126":"pa_resistencia-r-ftalaty","127":"pa_resistencia-r-hexan","128":"pa_resistencia-r-hlinity-chlorid-25","129":"pa_resistencia-r-hydraulicky-olej","130":"pa_resistencia-r-isopropylalkohol-cs","131":"pa_resistencia-r-kerosin","132":"pa_resistencia-r-koncentrovany-dusicnan-vapenaty","133":"pa_resistencia-r-laky-na-bazi-rozpoustedel","134":"pa_resistencia-r-lithiove-sodikove-a-vapnikove-tuky","135":"pa_resistencia-r-metan","136":"pa_resistencia-r-methyl-ethylketon","137":"pa_resistencia-r-mocovina-ad-blue","138":"pa_resistencia-r-motorova-nafta-a-bionafta","139":"pa_resistencia-r-mydlova-roztok-vsechny-koncentrace","140":"pa_resistencia-r-olej-astm-1","141":"pa_resistencia-r-olej-astm-2","142":"pa_resistencia-r-olej-astm-3","143":"pa_resistencia-r-ozon","144":"pa_resistencia-r-rostlinne-oleje","145":"pa_resistencia-r-silikonove-tuky","146":"pa_resistencia-r-silikonovy-olej","147":"pa_resistencia-r-siran-draselny","148":"pa_resistencia-r-siran-mednaty-sol-sat","149":"pa_resistencia-r-siran-vapenaty","150":"pa_resistencia-r-terpentyn","151":"pa_resistencia-r-trisulfat-sodny","152":"pa_resistencia-r-vodik","153":"pa_resistencia-r-zelatina","154":"pa_resistencia-r-zivocisne-tuky","155":"pa_resistente-a-la-abrasion-odolny-proti-oderu","156":"pa_resistente-lr-50-ethylalkohol","157":"pa_resistente-lr-benzin","158":"pa_resistente-lr-butylamin","159":"pa_resistente-lr-chlorid-sodny-25","160":"pa_resistente-lr-chlorid-vapenaty","161":"pa_resistente-lr-cyklohexan","162":"pa_resistente-lr-diethylenglykol","163":"pa_resistente-lr-ethan","164":"pa_resistente-lr-formaldehyd-20","165":"pa_resistente-lr-formaldehyd-30","166":"pa_resistente-lr-glykoly","167":"pa_resistente-lr-hydroxid-sodny-soda-10","168":"pa_resistente-lr-isobutylalkohol","169":"pa_resistente-lr-isopropylalkohol","170":"pa_resistente-lr-kyselina-borita-10","171":"pa_resistente-lr-kyselina-chlorovodikova-10","172":"pa_resistente-lr-kyselina-dusicna-5","173":"pa_resistente-lr-mazaci-oleje-ropa","174":"pa_resistente-lr-nafta-cs","175":"pa_resistente-lr-permanganates-potassique-10","176":"pa_resistente-lr-ropa","177":"pa_resistente-lr-sira","178":"pa_resistente-lr-topny-olej","179":"pa_resistente-lr-vodikovy-peroxid-30-obj","180":"pa_resistente-lr-white-spirit-cs","181":"pa_resistente-lr-zemni-plyn","182":"pa_resistente-nr-alcohol-etilico-96-cs","183":"pa_resistente-nr-acetaldehido-cs","184":"pa_resistente-nr-anhidrido-acetico-cs","185":"pa_resistente-nr-bromuro-de-alquilo-cs","186":"pa_resistente-nr-aldehidos-cs","187":"pa_resistente-nr-acetatos-de-alquilo-cs","188":"pa_resistente-nr-benzaldehido-cs","189":"pa_resistente-nr-bromo-cs","190":"pa_resistente-nr-cloro-100-gas-seco-cs","191":"pa_resistente-nr-tetracloruro-de-carbono2-cs","192":"pa_resistente-nr-cicloalcanos-cs","193":"pa_resistente-nr-cicloalcoholes-cs","194":"pa_resistente-nr-ciclohexanona-cs","195":"pa_resistente-nr-ciclocetonas-cs","196":"pa_resistente-nr-dimetil-formamida-cs","197":"pa_resistente-nr-sebacato-de-dioctilo-cs","198":"pa_resistente-nr-acido-nitrico-70-cs","199":"pa_resistente-nr-nitrito-sodico-cs","200":"pa_resistente-nr-acido-ftalico-cs","201":"pa_resistente-nr-hidracina-cs","202":"pa_resistente-nr-cetonas-cs","203":"pa_resistente-nr-acido-acetico-conc-cs","204":"pa_resistente-nr-cresol-cs","205":"pa_resistente-nr-acido-nitrico-95-cs","206":"pa_resistente-nr-acido-fluorhidrico-40-cs","207":"pa_resistente-nr-acido-fluorhidrico-60-cs","208":"pa_resistente-nr-acido-formico-25-cs","209":"pa_resistente-nr-acido-formico-85-cs","210":"pa_resistente-nr-acido-formico-conc-cs","211":"pa_resistente-nr-acido-oleico-cs","212":"pa_resistente-nr-acido-sulfurico-conc-fuming-cs","213":"pa_resistente-nr-alcohol-etilico-max-conc-cs","214":"pa_resistente-nr-urea-30-cs","215":"pa_resistente-nr-acido-peracetico-cs","216":"pa_resistente-nr-silicona-cs","217":"pa_resistente-nr-acido-sulfurico-70-cs","218":"pa_resistente-nr-acido-sulfurico-80-cs","219":"pa_resistente-nr-acido-sulfurico-96-cs","220":"pa_resistente-nr-acido-sulfurico-98-cs","221":"pa_resistente-nr-30-kyselina-octova","222":"pa_resistente-nr-bisulfat-sodny","223":"pa_resistente-nr-bisulfat-vapenaty","224":"pa_resistente-nr-chlorid-sodny-14-cl2","225":"pa_resistente-nr-chlorid-sodny-15-cl2","226":"pa_resistente-nr-cyklohexanol","227":"pa_resistente-nr-diethylamin","228":"pa_resistente-nr-dietyleter","229":"pa_resistente-nr-kyselina-dusicna-10","230":"pa_resistente-nr-kwas-azotowy-20-cs","231":"pa_resistente-nr-kwas-azotowy-30-cs","232":"pa_resistente-nr-dusicna-kyselina-50","233":"pa_resistente-nr-epoxidova-pryskyrice","234":"pa_resistente-nr-ethyl-ether","235":"pa_resistente-nr-fenol-cs","236":"pa_resistente-nr-formaldehyd-37","237":"pa_resistente-nr-formaldehyd-40-cs","238":"pa_resistente-nr-freon-11-chladivo","239":"pa_resistente-nr-freon-22-chladivo","240":"pa_resistente-nr-hlinity-sulfat","241":"pa_resistente-nr-hydrochinon","242":"pa_resistente-nr-hydroxid-sodny-soda-20","243":"pa_resistente-nr-hydroxid-sodny-soda-50","244":"pa_resistente-nr-koncentrovana-kyselina-chlorovodikova","245":"pa_resistente-nr-koncentrovany-hydroxid-sodny-louh","246":"pa_resistente-nr-kyselina-bromovodikova-roztok-50","247":"pa_resistente-nr-kyselina-chlorovodikova-20","248":"pa_resistente-nr-kyselina-chlorovodikova-22","249":"pa_resistente-nr-kyselina-fluorovodikova-20","250":"pa_resistente-nr-kyselina-fluorovodikova-30","251":"pa_resistente-nr-kyselina-mravenci-10","252":"pa_resistente-nr-kyselina-mravenci-20","253":"pa_resistente-nr-kyselina-octova-50","254":"pa_resistente-nr-kyselina-stavelova","255":"pa_resistente-nr-methylalkohol-6","256":"pa_resistente-nr-methylchlorid","257":"pa_resistente-nr-methylenchlorid","258":"pa_resistente-nr-ocetova-kyselina-80","259":"pa_resistente-nr-oleum-cs","260":"pa_resistente-nr-pentan","261":"pa_resistente-nr-perchloroethylen","262":"pa_resistente-nr-rozpustny-siran-amonny","263":"pa_resistente-nr-sira-20","264":"pa_resistente-nr-sira-25","265":"pa_resistente-nr-sira-50","266":"pa_resistente-nr-tanin","267":"pa_resistente-nr-tekuta-mydla","268":"pa_resistente-nr-tetrahydrofuran","269":"pa_resistente-nr-toluen","270":"pa_resistente-nr-triethanolamin","271":"pa_resistente-nr-vlhky-chlor","272":"pa_resistente-nr-xylen","273":"pa_resistente-nr-zivocisny-olej","274":"pa_resistente-sr-whisky-cs","275":"pa_resistente-sr-mineralni-olej","276":"pa_resistente-sr-olej-semena","277":"pa_resistente-sr-vina","278":"pa_superficie-exterior-drsny","279":"pa_superficie-interior-hladky","280":"pa_temperatura-maxima-oc-60c-cs","281":"pa_temperatura-minima-oc-10c-cs","282":"pa_vacio-m-h2o-9-0-cs","284":"first","285":"instock","286":"shipping-taxable","287":"product-type-variable"},"_links":{"self":[{"href":"https:\/\/www.espiroflex.com\/cs\/wp-json\/wp\/v2\/product\/25244","targetHints":{"allow":["GET"]}}],"collection":[{"href":"https:\/\/www.espiroflex.com\/cs\/wp-json\/wp\/v2\/product"}],"about":[{"href":"https:\/\/www.espiroflex.com\/cs\/wp-json\/wp\/v2\/types\/product"}],"wp:featuredmedia":[{"embeddable":true,"href":"https:\/\/www.espiroflex.com\/cs\/wp-json\/wp\/v2\/media\/6049"}],"wp:attachment":[{"href":"https:\/\/www.espiroflex.com\/cs\/wp-json\/wp\/v2\/media?parent=25244"}],"wp:term":[{"taxonomy":"product_brand","embeddable":true,"href":"https:\/\/www.espiroflex.com\/cs\/wp-json\/wp\/v2\/product_brand?post=25244"},{"taxonomy":"product_cat","embeddable":true,"href":"https:\/\/www.espiroflex.com\/cs\/wp-json\/wp\/v2\/product_cat?post=25244"},{"taxonomy":"product_tag","embeddable":true,"href":"https:\/\/www.espiroflex.com\/cs\/wp-json\/wp\/v2\/product_tag?post=25244"}],"curies":[{"name":"wp","href":"https:\/\/api.w.org\/{rel}","templated":true}]}}