{"id":24824,"date":"2025-07-22T17:28:36","date_gmt":"2025-07-22T15:28:36","guid":{"rendered":"https:\/\/www.espiroflex.com\/poliuretano-flex-h-1-1-et\/"},"modified":"2025-11-26T10:48:02","modified_gmt":"2025-11-26T09:48:02","slug":"poliuretano-flex-h-1-1-et","status":"publish","type":"product","link":"https:\/\/www.espiroflex.com\/cs\/produkt\/poliuretano-flex-h-1-1-et\/","title":{"rendered":"Polyuretan Flex H 1.1 ET"},"content":{"rendered":"<p>Trubka vyroben\u00e1 z flexibiln\u00edho a pr\u016fhledn\u00e9ho polyuretanu, polyetherov\u00e1 b\u00e1ze, s vnit\u0159n\u00ed spir\u00e1lou z m\u011bd\u011bn\u00e9 oceli a antistatick\u00fdmi vlastnostmi, vhodn\u00e1 pro instalace podle normy ATEX, ur\u010den\u00e1 pro ods\u00e1v\u00e1n\u00ed produkt\u016f s vysokou abrazivitou. Velk\u00e1 odolnost proti od\u011bru, vlhkosti a mikroorganism\u016fm. Dobr\u00e1 chemick\u00e1 odolnost podle tabulky odolnosti PU. Mo\u017enost v\u00fdroby z polyesterov\u00e9 b\u00e1ze na vy\u017e\u00e1d\u00e1n\u00ed. Produkt dod\u00e1v\u00e1n v rol\u00edch.<\/p>\n","protected":false},"excerpt":{"rendered":"<p>Trubka vyroben\u00e1 z flexibiln\u00edho a pr\u016fhledn\u00e9ho polyuretanu, polyetherov\u00e1 b\u00e1ze, s vnit\u0159n\u00ed spir\u00e1lou z m\u011bd\u011bn\u00e9 oceli a antistatick\u00fdmi vlastnostmi, vhodn\u00e1 pro instalace podle normy ATEX, ur\u010den\u00e1 pro ods\u00e1v\u00e1n\u00ed produkt\u016f s vysokou abrazivitou. Velk\u00e1 odolnost proti od\u011bru, vlhkosti a mikroorganism\u016fm. Dobr\u00e1 chemick\u00e1 odolnost podle tabulky odolnosti PU. Mo\u017enost v\u00fdroby z polyesterov\u00e9 b\u00e1ze na vy\u017e\u00e1d\u00e1n\u00ed. Produkt dod\u00e1v\u00e1n v rol\u00edch.<\/p>\n","protected":false},"featured_media":5829,"template":"","meta":[],"product_brand":[919],"product_cat":[3923,418,406,420,414,407,400,396,4920,419],"product_tag":[],"class_list":{"0":"post-24824","1":"product","2":"type-product","3":"status-publish","4":"has-post-thumbnail","6":"product_brand-poliuretano","7":"product_cat-prumyslove","8":"product_cat-drevozpracovani","9":"product_cat-pu-hadice","10":"product_cat-potravinarstvi","11":"product_cat-prumyslove-pouziti","12":"product_cat-pu-sani-abraziv","13":"product_cat-pvc-aeracni-hadice","14":"product_cat-pvc-sani-abraziv","15":"product_cat-vzduch","16":"product_cat-zemedelstvi","17":"pa_antiestatico-antistaticky","18":"pa_aplicaciones-prumyslove","19":"pa_aplicaciones-aspirace","20":"pa_aplicaciones-pelety","21":"pa_aplicaciones-potravinarsky","22":"pa_color-seda","23":"pa_construccion-manguera-poliuretan-s-dratenou-spiralou","24":"pa_diametro-interno-mm-40-0-cs","25":"pa_diametro-interno-mm-45-0-cs","26":"pa_diametro-interno-mm-51-0-cs","27":"pa_diametro-interno-mm-60-0-cs","28":"pa_diametro-interno-mm-70-0-cs","29":"pa_diametro-interno-mm-76-0-cs","30":"pa_diametro-interno-mm-80-0-cs","31":"pa_diametro-interno-mm-90-0-cs","32":"pa_diametro-interno-mm-102-0-cs","33":"pa_diametro-interno-mm-110-0-cs","34":"pa_diametro-interno-mm-120-0-cs","35":"pa_diametro-interno-mm-127-0-cs","36":"pa_diametro-interno-mm-130-0-cs","37":"pa_diametro-interno-mm-140-0-cs","38":"pa_diametro-interno-mm-152-0-cs","39":"pa_diametro-interno-mm-180-0-cs","40":"pa_diametro-interno-mm-203-0-cs","41":"pa_diametro-interno-mm-225-0-cs","42":"pa_diametro-interno-mm-254-0-cs","43":"pa_diametro-interno-mm-305-0-cs","44":"pa_diametro-interno-mm-356-0-cs","45":"pa_diametro-interno-mm-406-0-cs","46":"pa_diametro-interno-mm-450-0-cs","47":"pa_diametro-interno-mm-500-0-cs","48":"pa_diametro-interno-mm-550-0-cs","49":"pa_diametro-interno-mm-600-0-cs","50":"pa_diametro-interno-pulg-1-3-4-cs","51":"pa_diametro-interno-pulg-1-5-8-cs","52":"pa_diametro-interno-pulg-10-cs","53":"pa_diametro-interno-pulg-2-cs","54":"pa_diametro-interno-pulg-2-3-4-cs","55":"pa_diametro-interno-pulg-3-cs","56":"pa_diametro-interno-pulg-3-1-2-cs","57":"pa_diametro-interno-pulg-3-1-8-cs","58":"pa_diametro-interno-pulg-4-cs","59":"pa_diametro-interno-pulg-4-5-16-cs","60":"pa_diametro-interno-pulg-5-cs","61":"pa_diametro-interno-pulg-6-cs","62":"pa_diametro-interno-pulg-8-cs","63":"pa_diametro-interno-pulg-12-cs","64":"pa_diametro-interno-pulg-14-cs","65":"pa_diametro-interno-pulg-16-cs","66":"pa_diametro-interno-pulg-18-cs","67":"pa_diametro-interno-pulg-2-1-4-cs","68":"pa_diametro-interno-pulg-20-cs","69":"pa_diametro-interno-pulg-22-cs","70":"pa_diametro-interno-pulg-24-cs","71":"pa_diametro-interno-pulg-4-3-4-cs","72":"pa_diametro-interno-pulg-5-1-2-cs","73":"pa_diametro-interno-pulg-5-1-4-cs","74":"pa_diametro-interno-pulg-7-cs","75":"pa_diametro-interno-pulg-9-cs","76":"pa_material-flexible-poliuretan","77":"pa_material-manguera-tpu-cs","78":"pa_opacidad-pruhledny","79":"pa_refuerzo-copper-plated-steel-cs","80":"pa_resistencia-r-borax-5-cs","81":"pa_resistencia-r-cloruro-de-calcio-20-cs","82":"pa_resistencia-r-cloruro-de-calcio-25-cs","83":"pa_resistencia-r-cloruro-ferrico-cs","84":"pa_resistencia-r-dicromato-de-potasio-40-cs","85":"pa_resistencia-r-dicromato-de-potasio-todas-conc-cs","86":"pa_resistencia-r-nitrato-sodico-cs","87":"pa_resistencia-r-potasio-cs","88":"pa_resistencia-r-nitrato-de-amonio-25-cs","89":"pa_resistencia-r-glicol-de-etileno-cs","90":"pa_resistencia-r-glicerina-cs","91":"pa_resistencia-r-silicatos-aluminicos-cs","92":"pa_resistencia-r-hidroxido-de-potasio-5-cs","93":"pa_resistencia-r-hidroxido-de-sodio-sosa-5-cs","94":"pa_resistencia-r-sidra-cs","95":"pa_resistencia-r-silicatos-potasicos-cs","96":"pa_resistencia-r-alumbre-cs","97":"pa_resistencia-r-detergentes-concentrados-cs","98":"pa_resistencia-r-acido-clorhidrico-5-cs","99":"pa_resistencia-r-acido-sulfurico-5-cs","100":"pa_resistencia-r-acido-borico-5-cs","101":"pa_resistencia-r-acido-cromico-5-cs","102":"pa_resistencia-r-acido-citrico-5-cs","103":"pa_resistencia-r-acido-lactico-sol-acu-10-cs","104":"pa_resistencia-r-acido-acetico-3-cs","105":"pa_resistencia-r-acido-carbonico-5-cs","106":"pa_resistencia-r-oxigeno-cs","107":"pa_resistencia-r-manganato-potasico-cs","108":"pa_resistencia-r-morska-voda","109":"pa_resistencia-r-nitrogeno-cs","110":"pa_resistencia-r-anhidrido-carbonico-cs","111":"pa_resistencia-r-dioxido-de-carbono-cs","112":"pa_resistencia-r-oxidos-sulfurosos-cs","113":"pa_resistencia-r-parafina-cs","114":"pa_resistencia-r-perborato-sodico-cs","115":"pa_resistencia-r-cerveza-cs","116":"pa_resistencia-r-plomotetraetilo-cs","117":"pa_resistencia-r-azufre-cs","118":"pa_resistencia-r-sulfuro-de-bario-cs","119":"pa_resistencia-r-cianuro-de-sodio-cs","120":"pa_resistencia-r-silicatos-sodicos-cs","121":"pa_resistencia-r-carbonato-magnesico-cs","122":"pa_resistencia-r-carbonato-de-sodio-cs","123":"pa_resistencia-r-carbonato-calcico-cs","124":"pa_resistencia-r-voda","125":"pa_resistencia-r-vzduch","126":"pa_resistencia-r-sulfuro-ferrico-cs","127":"pa_resistencia-r-50-dusicnan-vapenaty","128":"pa_resistencia-r-acetamid","129":"pa_resistencia-r-aceton","130":"pa_resistencia-r-amoniak-gaz","131":"pa_resistencia-r-belidlo-slunce-alkalicke","132":"pa_resistencia-r-butylalkohol","133":"pa_resistencia-r-chlorid-amonny-25","134":"pa_resistencia-r-chlorid-draselny","135":"pa_resistencia-r-chlorid-rtutnaty","136":"pa_resistencia-r-dichlorethan","137":"pa_resistencia-r-dioctylsebacat","138":"pa_resistencia-r-ethyl-oxalat","139":"pa_resistencia-r-fenylamin","140":"pa_resistencia-r-freon-12-chladivo","141":"pa_resistencia-r-ftalaty","142":"pa_resistencia-r-hexan","143":"pa_resistencia-r-hlinity-chlorid-25","144":"pa_resistencia-r-hydraulicky-olej","145":"pa_resistencia-r-isopropylalkohol-cs","146":"pa_resistencia-r-kerosin","147":"pa_resistencia-r-koncentrovany-dusicnan-vapenaty","148":"pa_resistencia-r-laky-na-bazi-rozpoustedel","149":"pa_resistencia-r-lithiove-sodikove-a-vapnikove-tuky","150":"pa_resistencia-r-metan","151":"pa_resistencia-r-methyl-ethylketon","152":"pa_resistencia-r-mocovina-ad-blue","153":"pa_resistencia-r-motorova-nafta-a-bionafta","154":"pa_resistencia-r-mydlova-roztok-vsechny-koncentrace","155":"pa_resistencia-r-olej-astm-1","156":"pa_resistencia-r-olej-astm-2","157":"pa_resistencia-r-olej-astm-3","158":"pa_resistencia-r-ozon","159":"pa_resistencia-r-rostlinne-oleje","160":"pa_resistencia-r-silikonove-tuky","161":"pa_resistencia-r-silikonovy-olej","162":"pa_resistencia-r-siran-draselny","163":"pa_resistencia-r-siran-mednaty-sol-sat","164":"pa_resistencia-r-siran-vapenaty","165":"pa_resistencia-r-terpentyn","166":"pa_resistencia-r-trisulfat-sodny","167":"pa_resistencia-r-vodik","168":"pa_resistencia-r-zelatina","169":"pa_resistencia-r-zivocisne-tuky","170":"pa_resistente-a-la-abrasion-odolny-proti-oderu","171":"pa_resistente-lr-50-ethylalkohol","172":"pa_resistente-lr-benzin","173":"pa_resistente-lr-butylamin","174":"pa_resistente-lr-chlorid-sodny-25","175":"pa_resistente-lr-chlorid-vapenaty","176":"pa_resistente-lr-cyklohexan","177":"pa_resistente-lr-diethylenglykol","178":"pa_resistente-lr-ethan","179":"pa_resistente-lr-formaldehyd-20","180":"pa_resistente-lr-formaldehyd-30","181":"pa_resistente-lr-glykoly","182":"pa_resistente-lr-hydroxid-sodny-soda-10","183":"pa_resistente-lr-isobutylalkohol","184":"pa_resistente-lr-isopropylalkohol","185":"pa_resistente-lr-kyselina-borita-10","186":"pa_resistente-lr-kyselina-chlorovodikova-10","187":"pa_resistente-lr-kyselina-dusicna-5","188":"pa_resistente-lr-mazaci-oleje-ropa","189":"pa_resistente-lr-nafta-cs","190":"pa_resistente-lr-permanganates-potassique-10","191":"pa_resistente-lr-ropa","192":"pa_resistente-lr-sira","193":"pa_resistente-lr-topny-olej","194":"pa_resistente-lr-vodikovy-peroxid-30-obj","195":"pa_resistente-lr-white-spirit-cs","196":"pa_resistente-lr-zemni-plyn","197":"pa_resistente-nr-alcohol-etilico-96-cs","198":"pa_resistente-nr-acetaldehido-cs","199":"pa_resistente-nr-anhidrido-acetico-cs","200":"pa_resistente-nr-bromuro-de-alquilo-cs","201":"pa_resistente-nr-aldehidos-cs","202":"pa_resistente-nr-acetatos-de-alquilo-cs","203":"pa_resistente-nr-benzaldehido-cs","204":"pa_resistente-nr-bromo-cs","205":"pa_resistente-nr-cloro-100-gas-seco-cs","206":"pa_resistente-nr-tetracloruro-de-carbono2-cs","207":"pa_resistente-nr-cicloalcanos-cs","208":"pa_resistente-nr-cicloalcoholes-cs","209":"pa_resistente-nr-ciclohexanona-cs","210":"pa_resistente-nr-ciclocetonas-cs","211":"pa_resistente-nr-dimetil-formamida-cs","212":"pa_resistente-nr-sebacato-de-dioctilo-cs","213":"pa_resistente-nr-acido-nitrico-70-cs","214":"pa_resistente-nr-nitrito-sodico-cs","215":"pa_resistente-nr-acido-ftalico-cs","216":"pa_resistente-nr-hidracina-cs","217":"pa_resistente-nr-cetonas-cs","218":"pa_resistente-nr-acido-acetico-conc-cs","219":"pa_resistente-nr-cresol-cs","220":"pa_resistente-nr-acido-nitrico-95-cs","221":"pa_resistente-nr-acido-fluorhidrico-40-cs","222":"pa_resistente-nr-acido-fluorhidrico-60-cs","223":"pa_resistente-nr-acido-formico-25-cs","224":"pa_resistente-nr-acido-formico-85-cs","225":"pa_resistente-nr-acido-formico-conc-cs","226":"pa_resistente-nr-acido-oleico-cs","227":"pa_resistente-nr-acido-sulfurico-conc-fuming-cs","228":"pa_resistente-nr-alcohol-etilico-max-conc-cs","229":"pa_resistente-nr-urea-30-cs","230":"pa_resistente-nr-acido-peracetico-cs","231":"pa_resistente-nr-silicona-cs","232":"pa_resistente-nr-acido-sulfurico-70-cs","233":"pa_resistente-nr-acido-sulfurico-80-cs","234":"pa_resistente-nr-acido-sulfurico-96-cs","235":"pa_resistente-nr-acido-sulfurico-98-cs","236":"pa_resistente-nr-30-kyselina-octova","237":"pa_resistente-nr-bisulfat-sodny","238":"pa_resistente-nr-bisulfat-vapenaty","239":"pa_resistente-nr-chlorid-sodny-14-cl2","240":"pa_resistente-nr-chlorid-sodny-15-cl2","241":"pa_resistente-nr-cyklohexanol","242":"pa_resistente-nr-diethylamin","243":"pa_resistente-nr-dietyleter","244":"pa_resistente-nr-kyselina-dusicna-10","245":"pa_resistente-nr-kwas-azotowy-20-cs","246":"pa_resistente-nr-kwas-azotowy-30-cs","247":"pa_resistente-nr-dusicna-kyselina-50","248":"pa_resistente-nr-epoxidova-pryskyrice","249":"pa_resistente-nr-ethyl-ether","250":"pa_resistente-nr-fenol-cs","251":"pa_resistente-nr-formaldehyd-37","252":"pa_resistente-nr-formaldehyd-40-cs","253":"pa_resistente-nr-freon-11-chladivo","254":"pa_resistente-nr-freon-22-chladivo","255":"pa_resistente-nr-hlinity-sulfat","256":"pa_resistente-nr-hydrochinon","257":"pa_resistente-nr-hydroxid-sodny-soda-20","258":"pa_resistente-nr-hydroxid-sodny-soda-50","259":"pa_resistente-nr-koncentrovana-kyselina-chlorovodikova","260":"pa_resistente-nr-koncentrovany-hydroxid-sodny-louh","261":"pa_resistente-nr-kyselina-bromovodikova-roztok-50","262":"pa_resistente-nr-kyselina-chlorovodikova-20","263":"pa_resistente-nr-kyselina-chlorovodikova-22","264":"pa_resistente-nr-kyselina-fluorovodikova-20","265":"pa_resistente-nr-kyselina-fluorovodikova-30","266":"pa_resistente-nr-kyselina-mravenci-10","267":"pa_resistente-nr-kyselina-mravenci-20","268":"pa_resistente-nr-kyselina-octova-50","269":"pa_resistente-nr-kyselina-stavelova","270":"pa_resistente-nr-methylalkohol-6","271":"pa_resistente-nr-methylchlorid","272":"pa_resistente-nr-methylenchlorid","273":"pa_resistente-nr-ocetova-kyselina-80","274":"pa_resistente-nr-oleum-cs","275":"pa_resistente-nr-pentan","276":"pa_resistente-nr-perchloroethylen","277":"pa_resistente-nr-rozpustny-siran-amonny","278":"pa_resistente-nr-sira-20","279":"pa_resistente-nr-sira-25","280":"pa_resistente-nr-sira-50","281":"pa_resistente-nr-tanin","282":"pa_resistente-nr-tekuta-mydla","283":"pa_resistente-nr-tetrahydrofuran","284":"pa_resistente-nr-toluen","285":"pa_resistente-nr-triethanolamin","286":"pa_resistente-nr-vlhky-chlor","287":"pa_resistente-nr-xylen","288":"pa_resistente-nr-zivocisny-olej","289":"pa_resistente-sr-whisky-cs","290":"pa_resistente-sr-mineralni-olej","291":"pa_resistente-sr-olej-semena","292":"pa_resistente-sr-vina","293":"pa_superficie-exterior-drsny","294":"pa_superficie-interior-drsny","295":"pa_temperatura-maxima-oc-80c-cs","296":"pa_temperatura-minima-oc-30c-cs","297":"pa_vacio-m-h2o-0-7-cs","298":"pa_vacio-m-h2o-0-8-cs","299":"pa_vacio-m-h2o-1-0-cs","300":"pa_vacio-m-h2o-1-5-cs","301":"pa_vacio-m-h2o-1-8-cs","302":"pa_vacio-m-h2o-2-0-cs","303":"pa_vacio-m-h2o-2-5-cs","304":"pa_vacio-m-h2o-3-0-cs","305":"pa_vacio-m-h2o-3-5-cs","306":"pa_vacio-m-h2o-4-0-cs","307":"pa_vacio-m-h2o-4-5-cs","308":"pa_vacio-m-h2o-5-0-cs","309":"pa_vacio-m-h2o-5-5-cs","310":"pa_vacio-m-h2o-6-0-cs","312":"first","313":"instock","314":"shipping-taxable","315":"product-type-variable"},"_links":{"self":[{"href":"https:\/\/www.espiroflex.com\/cs\/wp-json\/wp\/v2\/product\/24824","targetHints":{"allow":["GET"]}}],"collection":[{"href":"https:\/\/www.espiroflex.com\/cs\/wp-json\/wp\/v2\/product"}],"about":[{"href":"https:\/\/www.espiroflex.com\/cs\/wp-json\/wp\/v2\/types\/product"}],"wp:featuredmedia":[{"embeddable":true,"href":"https:\/\/www.espiroflex.com\/cs\/wp-json\/wp\/v2\/media\/5829"}],"wp:attachment":[{"href":"https:\/\/www.espiroflex.com\/cs\/wp-json\/wp\/v2\/media?parent=24824"}],"wp:term":[{"taxonomy":"product_brand","embeddable":true,"href":"https:\/\/www.espiroflex.com\/cs\/wp-json\/wp\/v2\/product_brand?post=24824"},{"taxonomy":"product_cat","embeddable":true,"href":"https:\/\/www.espiroflex.com\/cs\/wp-json\/wp\/v2\/product_cat?post=24824"},{"taxonomy":"product_tag","embeddable":true,"href":"https:\/\/www.espiroflex.com\/cs\/wp-json\/wp\/v2\/product_tag?post=24824"}],"curies":[{"name":"wp","href":"https:\/\/api.w.org\/{rel}","templated":true}]}}