{"id":24801,"date":"2025-07-22T17:28:02","date_gmt":"2025-07-22T15:28:02","guid":{"rendered":"https:\/\/www.espiroflex.com\/poliuretano-flex-bs-0-4-et\/"},"modified":"2025-11-26T10:47:51","modified_gmt":"2025-11-26T09:47:51","slug":"poliuretano-flex-bs-0-4-et","status":"publish","type":"product","link":"https:\/\/www.espiroflex.com\/cs\/produkt\/poliuretano-flex-bs-0-4-et\/","title":{"rendered":"Polyuretan Flex BS 0.4 ET"},"content":{"rendered":"<p>Trubka vyroben\u00e1 z flexibiln\u00edho a pr\u016fhledn\u00e9ho polyuretanu, polyetherov\u00e1 b\u00e1ze, s vnit\u0159n\u00ed spir\u00e1lou z m\u011bd\u011bn\u00e9 oceli a antistatick\u00fdmi vlastnostmi, vhodn\u00e1 pro instalace podle normy ATEX, ur\u010den\u00e1 pro ods\u00e1v\u00e1n\u00ed produkt\u016f s n\u00edzkou abrazivitou. Velk\u00e1 flexibilita, odolnost proti od\u011bru, vlhkosti a mikroorganism\u016fm. Dobr\u00e1 chemick\u00e1 odolnost podle tabulky odolnosti PU. Produkt dod\u00e1v\u00e1n kompaktn\u011b.<\/p>\n","protected":false},"excerpt":{"rendered":"<p>Trubka vyroben\u00e1 z flexibiln\u00edho a pr\u016fhledn\u00e9ho polyuretanu, polyetherov\u00e1 b\u00e1ze, s vnit\u0159n\u00ed spir\u00e1lou z m\u011bd\u011bn\u00e9 oceli a antistatick\u00fdmi vlastnostmi, vhodn\u00e1 pro instalace podle normy ATEX, ur\u010den\u00e1 pro ods\u00e1v\u00e1n\u00ed produkt\u016f s n\u00edzkou abrazivitou. Velk\u00e1 flexibilita, odolnost proti od\u011bru, vlhkosti a mikroorganism\u016fm. Dobr\u00e1 chemick\u00e1 odolnost podle tabulky odolnosti PU. Produkt dod\u00e1v\u00e1n kompaktn\u011b.<\/p>\n","protected":false},"featured_media":5813,"template":"","meta":[],"product_brand":[919],"product_cat":[3923,418,406,420,414,407,400,396,4920,419],"product_tag":[],"class_list":{"0":"post-24801","1":"product","2":"type-product","3":"status-publish","4":"has-post-thumbnail","6":"product_brand-poliuretano","7":"product_cat-prumyslove","8":"product_cat-drevozpracovani","9":"product_cat-pu-hadice","10":"product_cat-potravinarstvi","11":"product_cat-prumyslove-pouziti","12":"product_cat-pu-sani-abraziv","13":"product_cat-pvc-aeracni-hadice","14":"product_cat-pvc-sani-abraziv","15":"product_cat-vzduch","16":"product_cat-zemedelstvi","17":"pa_antiestatico-antistaticky","18":"pa_aplicaciones-prumyslove","19":"pa_aplicaciones-aspirace","20":"pa_aplicaciones-pelety","21":"pa_color-seda","22":"pa_construccion-manguera-poliuretan-s-dratenou-spiralou","23":"pa_diametro-interno-mm-40-0-cs","24":"pa_diametro-interno-mm-45-0-cs","25":"pa_diametro-interno-mm-51-0-cs","26":"pa_diametro-interno-mm-60-0-cs","27":"pa_diametro-interno-mm-63-0-cs","28":"pa_diametro-interno-mm-70-0-cs","29":"pa_diametro-interno-mm-76-0-cs","30":"pa_diametro-interno-mm-80-0-cs","31":"pa_diametro-interno-mm-90-0-cs","32":"pa_diametro-interno-mm-102-0-cs","33":"pa_diametro-interno-mm-110-0-cs","34":"pa_diametro-interno-mm-120-0-cs","35":"pa_diametro-interno-mm-127-0-cs","36":"pa_diametro-interno-mm-130-0-cs","37":"pa_diametro-interno-mm-140-0-cs","38":"pa_diametro-interno-mm-152-0-cs","39":"pa_diametro-interno-mm-160-0-cs","40":"pa_diametro-interno-mm-170-0-cs","41":"pa_diametro-interno-mm-180-0-cs","42":"pa_diametro-interno-mm-203-0-cs","43":"pa_diametro-interno-mm-225-0-cs","44":"pa_diametro-interno-mm-254-0-cs","45":"pa_diametro-interno-mm-305-0-cs","46":"pa_diametro-interno-mm-356-0-cs","47":"pa_diametro-interno-mm-406-0-cs","48":"pa_diametro-interno-mm-450-0-cs","49":"pa_diametro-interno-mm-500-0-cs","50":"pa_diametro-interno-mm-600-0-cs","51":"pa_diametro-interno-pulg-1-3-4-cs","52":"pa_diametro-interno-pulg-1-5-8-cs","53":"pa_diametro-interno-pulg-10-cs","54":"pa_diametro-interno-pulg-2-cs","55":"pa_diametro-interno-pulg-2-1-32-cs","56":"pa_diametro-interno-pulg-3-cs","57":"pa_diametro-interno-pulg-3-1-2-cs","58":"pa_diametro-interno-pulg-3-1-8-cs","59":"pa_diametro-interno-pulg-4-cs","60":"pa_diametro-interno-pulg-4-5-16-cs","61":"pa_diametro-interno-pulg-5-cs","62":"pa_diametro-interno-pulg-6-cs","63":"pa_diametro-interno-pulg-8-cs","64":"pa_diametro-interno-pulg-12-cs","65":"pa_diametro-interno-pulg-14-cs","66":"pa_diametro-interno-pulg-16-cs","67":"pa_diametro-interno-pulg-18-cs","68":"pa_diametro-interno-pulg-2-1-2-2-cs","69":"pa_diametro-interno-pulg-20-cs","70":"pa_diametro-interno-pulg-24-cs","71":"pa_diametro-interno-pulg-4-3-4-cs","72":"pa_diametro-interno-pulg-5-1-2-cs","73":"pa_diametro-interno-pulg-5-1-4-cs","74":"pa_diametro-interno-pulg-6-1-4-cs","75":"pa_diametro-interno-pulg-6-3-4-cs","76":"pa_diametro-interno-pulg-7-cs","77":"pa_diametro-interno-pulg-9-cs","78":"pa_material-flexible-poliuretan","79":"pa_material-manguera-tpu-cs","80":"pa_opacidad-pruhledny","81":"pa_refuerzo-copper-plated-steel-cs","82":"pa_resistente-a-la-abrasion-odolny-proti-oderu","83":"pa_superficie-exterior-drsny","84":"pa_superficie-interior-drsny","85":"pa_temperatura-maxima-oc-70c-cs","86":"pa_temperatura-minima-oc-20c-cs","87":"pa_vacio-m-h2o-0-5-cs","88":"pa_vacio-m-h2o-1-0-cs","89":"pa_vacio-m-h2o-1-5-cs","90":"pa_vacio-m-h2o-2-0-cs","91":"pa_vacio-m-h2o-3-0-cs","92":"pa_vacio-m-h2o-4-0-cs","93":"pa_vacio-m-h2o-4-5-cs","94":"pa_vacio-m-h2o-5-0-cs","96":"first","97":"instock","98":"shipping-taxable","99":"product-type-variable"},"_links":{"self":[{"href":"https:\/\/www.espiroflex.com\/cs\/wp-json\/wp\/v2\/product\/24801","targetHints":{"allow":["GET"]}}],"collection":[{"href":"https:\/\/www.espiroflex.com\/cs\/wp-json\/wp\/v2\/product"}],"about":[{"href":"https:\/\/www.espiroflex.com\/cs\/wp-json\/wp\/v2\/types\/product"}],"wp:featuredmedia":[{"embeddable":true,"href":"https:\/\/www.espiroflex.com\/cs\/wp-json\/wp\/v2\/media\/5813"}],"wp:attachment":[{"href":"https:\/\/www.espiroflex.com\/cs\/wp-json\/wp\/v2\/media?parent=24801"}],"wp:term":[{"taxonomy":"product_brand","embeddable":true,"href":"https:\/\/www.espiroflex.com\/cs\/wp-json\/wp\/v2\/product_brand?post=24801"},{"taxonomy":"product_cat","embeddable":true,"href":"https:\/\/www.espiroflex.com\/cs\/wp-json\/wp\/v2\/product_cat?post=24801"},{"taxonomy":"product_tag","embeddable":true,"href":"https:\/\/www.espiroflex.com\/cs\/wp-json\/wp\/v2\/product_tag?post=24801"}],"curies":[{"name":"wp","href":"https:\/\/api.w.org\/{rel}","templated":true}]}}