{"id":24730,"date":"2025-07-22T19:03:42","date_gmt":"2025-07-22T17:03:42","guid":{"rendered":"https:\/\/www.espiroflex.com\/oxigeno\/"},"modified":"2025-11-26T09:20:17","modified_gmt":"2025-11-26T08:20:17","slug":"oxigeno","status":"publish","type":"product","link":"https:\/\/www.espiroflex.com\/cs\/produkt\/oxigeno\/","title":{"rendered":"Kysl\u00edk"},"content":{"rendered":"<p>V\u00edcevrstv\u00e1 hadice z PVC flexibiln\u00edho, vyztu\u017een\u00e1 polyesterovou tkaninou, speci\u00e1ln\u011b ur\u010den\u00e1 pro veden\u00ed kysl\u00edku v sva\u0159ovac\u00edch za\u0159\u00edzen\u00edch. Mo\u017en\u00e1 varianta z pry\u017ee. Velmi flexibiln\u00ed a snadno ovladateln\u00e1. Vysok\u00e1 odolnost proti trh\u00e1n\u00ed p\u0159i nata\u017een\u00ed. Vysok\u00e1 odolnost proti tahu (7,5 MPa) a tlaku p\u0159i zv\u00fd\u0161en\u00fdch teplot\u00e1ch.<\/p>\n","protected":false},"excerpt":{"rendered":"<p>V\u00edcevrstv\u00e1 hadice z PVC flexibiln\u00edho, vyztu\u017een\u00e1 polyesterovou tkaninou, speci\u00e1ln\u011b ur\u010den\u00e1 pro veden\u00ed kysl\u00edku v sva\u0159ovac\u00edch za\u0159\u00edzen\u00edch. Mo\u017en\u00e1 varianta z pry\u017ee. Velmi flexibiln\u00ed a snadno ovladateln\u00e1. Vysok\u00e1 odolnost proti trh\u00e1n\u00ed p\u0159i nata\u017een\u00ed. Vysok\u00e1 odolnost proti tahu (7,5 MPa) a tlaku p\u0159i zv\u00fd\u0161en\u00fdch teplot\u00e1ch.<\/p>\n","protected":false},"featured_media":6488,"template":"","meta":[],"product_brand":[990],"product_cat":[3923,404,414,419],"product_tag":[],"class_list":{"0":"post-24730","1":"product","2":"type-product","3":"status-publish","4":"has-post-thumbnail","6":"product_brand-espiropres","7":"product_cat-prumyslove","8":"product_cat-tlakove-hadice","9":"product_cat-prumyslove-pouziti","10":"product_cat-zemedelstvi","11":"pa_aplicaciones-prumyslove","12":"pa_color-blue-cs","13":"pa_construccion-manguera-mallado-cs","14":"pa_diametro-interno-mm-8-0-cs","15":"pa_diametro-interno-mm-10-0-cs","16":"pa_diametro-interno-pulg-3-8-cs","17":"pa_diametro-interno-pulg-5-16-cs","18":"pa_espesor-total-de-pared-mm-3-5-cs","19":"pa_material-flexible-flexibilni-pvc","20":"pa_material-manguera-pvc-cs","21":"pa_opacidad-nepruhledny","22":"pa_presion-rotura-bar-60-0-cs-2","23":"pa_refuerzo-polyesterova-nit","24":"pa_resistencia-r-10-ethylalkohol","25":"pa_resistencia-r-40-ethylalkohol","26":"pa_resistencia-r-acetat-vapenaty","27":"pa_resistencia-r-kyselina-stavelova","28":"pa_resistencia-r-acido-sulfurico-25-cs","29":"pa_resistencia-r-sulfuro-de-amonio-cs","30":"pa_resistencia-r-nitrato-de-amonio-sol-sat-cs","31":"pa_resistencia-r-amylalkohol","32":"pa_resistencia-r-tricloruro-de-antimonio-cs","33":"pa_resistencia-r-bisulfato-sodico-cs","34":"pa_resistencia-r-bisulfato-calcico-cs","35":"pa_resistencia-r-bisulfatos-y-bisulfatos-met-cs","36":"pa_resistencia-r-borax-5-cs","37":"pa_resistencia-r-borax-conc-cs","38":"pa_resistencia-r-hipoclorito-de-sodio-14-cl2-cs","39":"pa_resistencia-r-hipoclorito-de-sodio-15-cl2-cs","40":"pa_resistencia-r-cloruro-de-sodio-20-cs","41":"pa_resistencia-r-cloruro-de-sodio-25-cs","42":"pa_resistencia-r-hipoclorito-de-calcio-cs","43":"pa_resistencia-r-cloruro-de-calcio-20-cs","44":"pa_resistencia-r-cloruro-de-calcio-25-cs","45":"pa_resistencia-r-cloruro-de-calcio-sol-sat-cs","46":"pa_resistencia-r-cloruro-ferrico-cs","47":"pa_resistencia-r-cloruro-de-zinc-20-cs","48":"pa_resistencia-r-dextrina-cs","49":"pa_resistencia-r-dextrosa-cs","50":"pa_resistencia-r-dicromato-de-potasio-40-cs","51":"pa_resistencia-r-dicromato-de-potasio-todas-conc-cs","52":"pa_resistencia-r-dodecanol-cs","53":"pa_resistencia-r-nitrato-sodico-cs","54":"pa_resistencia-r-potasio-cs","55":"pa_resistencia-r-nitrato-de-amonio-25-cs","56":"pa_resistencia-r-emulsionantes-cs","57":"pa_resistencia-r-ethylalkohol-35","58":"pa_resistencia-r-glicol-de-etileno-cs","59":"pa_resistencia-r-formaldehido-30-cs","60":"pa_resistencia-r-formaldehido-37-cs","61":"pa_resistencia-r-fructosa-cs","62":"pa_resistencia-r-glicerina-cs","63":"pa_resistencia-r-glicerol-cs","64":"pa_resistencia-r-acetato-de-aluminio-cs","65":"pa_resistencia-r-silicatos-aluminicos-cs","66":"pa_resistencia-r-hidroquinona-cs","67":"pa_resistencia-r-hidroxido-de-amonio-10-cs","68":"pa_resistencia-r-hidroxido-de-amonio-25-cs","69":"pa_resistencia-r-hidroxido-de-amonio-28-cs","70":"pa_resistencia-r-hidroxido-de-amonio-5-cs","71":"pa_resistencia-r-hidroxido-de-potasio-10-cs","72":"pa_resistencia-r-hidroxido-de-potasio-5-cs","73":"pa_resistencia-r-hidroxido-de-potasio-50-cs","74":"pa_resistencia-r-hidroxido-de-potasio-conc-cs","75":"pa_resistencia-r-hidroxido-de-aluminio-cs","76":"pa_resistencia-r-hidroxido-de-sodio-sosa-10-cs","77":"pa_resistencia-r-hidroxido-de-sodio-sosa-20-cs","78":"pa_resistencia-r-hidroxido-de-sodio-sosa-5-cs","79":"pa_resistencia-r-hidroxido-de-calcio-cs","80":"pa_resistencia-r-isobutylalkohol","81":"pa_resistencia-r-isopropylalkohol","82":"pa_resistencia-r-sidra-cs","83":"pa_resistencia-r-silicatos-potasicos-cs","84":"pa_resistencia-r-alumbre-cs","85":"pa_resistencia-r-caseina-cs","86":"pa_resistencia-r-acido-borico-conc-cs","87":"pa_resistencia-r-acido-clorhidrico-conc-cs","88":"pa_resistencia-r-acido-carbonico-conc-cs","89":"pa_resistencia-r-detergentes-concentrados-cs","90":"pa_resistencia-r-cloruro-de-sodio-conc-cs","91":"pa_resistencia-r-cloruro-de-zinc-conc-cs","92":"pa_resistencia-r-acido-clorhidrico-10-cs","93":"pa_resistencia-r-acido-clorhidrico-20-cs","94":"pa_resistencia-r-acido-clorhidrico-22-cs","95":"pa_resistencia-r-acido-clorhidrico-5-cs","96":"pa_resistencia-r-acido-sulfurico-20-cs","97":"pa_resistencia-r-acido-sulfurico-5-cs","98":"pa_resistencia-r-acido-adipico-cs","99":"pa_resistencia-r-acido-borico-10-cs","100":"pa_resistencia-r-acido-borico-5-cs","101":"pa_resistencia-r-acido-bromhidrico-sol-acu-30-cs","102":"pa_resistencia-r-acido-bromhidrico-sol-acu-50-cs","103":"pa_resistencia-r-acido-cromico-5-cs","104":"pa_resistencia-r-acido-citrico-5-cs","105":"pa_resistencia-r-acido-nitrico-10-cs","106":"pa_resistencia-r-acido-nitrico-20-cs","107":"pa_resistencia-r-acido-nitrico-30-cs","108":"pa_resistencia-r-acido-nitrico-5-cs","109":"pa_resistencia-r-acido-nitrico-50-cs","110":"pa_resistencia-r-acido-fluorhidrico-4-cs","111":"pa_resistencia-r-acido-fosforico-20-cs","112":"pa_resistencia-r-acido-fosforico-30-cs","113":"pa_resistencia-r-acido-fosforico-5-cs","114":"pa_resistencia-r-acido-hiplocoroso-20-cs","115":"pa_resistencia-r-acido-hiplocoroso-sol-acu-conc-cs","116":"pa_resistencia-r-acido-lactico-sol-acu-10-cs","117":"pa_resistencia-r-acido-lactico-sol-acu-3-cs","118":"pa_resistencia-r-acido-acetico-10-cs","119":"pa_resistencia-r-acido-acetico-3-cs","120":"pa_resistencia-r-acido-acetico-5-cs","121":"pa_resistencia-r-acido-estearico-cs","122":"pa_resistencia-r-acido-carbonico-5-cs","123":"pa_resistencia-r-oxigeno-cs","124":"pa_resistencia-r-lanolina-cs","125":"pa_resistencia-r-manganato-potasico-cs","126":"pa_resistencia-r-acido-butirico-20-cs","127":"pa_resistencia-r-acidos-grasos-c6-cs","128":"pa_resistencia-r-methylalkohol-5","129":"pa_resistencia-r-methylalkohol-6","130":"pa_resistencia-r-morska-voda","131":"pa_resistencia-r-nitrogeno-cs","132":"pa_resistencia-r-vinagre-cs","133":"pa_resistencia-r-anhidrido-carbonico-cs","134":"pa_resistencia-r-dioxido-de-carbono-cs","135":"pa_resistencia-r-oxidos-sulfurosos-cs","136":"pa_resistencia-r-parafina-cs","137":"pa_resistencia-r-perborato-sodico-cs","138":"pa_resistencia-r-permanganatos-potasico-10-cs","139":"pa_resistencia-r-persulfato-de-amonio-cs","140":"pa_resistencia-r-cerveza-cs","141":"pa_resistencia-r-plomotetraetilo-cs","142":"pa_resistencia-r-sulfuro-de-hidrogeno-gaseoso-cs","143":"pa_resistencia-r-hipoclorito-de-sodio-sol-sat-cs","144":"pa_resistencia-r-anhidrido-sulfuroso-cs","145":"pa_resistencia-r-azufre-cs","146":"pa_resistencia-r-sulfuro-de-bario-cs","147":"pa_resistencia-r-cianuro-de-sodio-cs","148":"pa_resistencia-r-silicatos-sodicos-cs","149":"pa_resistencia-r-sodny-acetat","150":"pa_resistencia-r-tanino-cs","151":"pa_resistencia-r-jabones-liquidos-cs","152":"pa_resistencia-r-carbonato-de-amonio-cs","153":"pa_resistencia-r-carbonato-magnesico-cs","154":"pa_resistencia-r-carbonato-de-sodio-cs","155":"pa_resistencia-r-carbonato-calcico-cs","156":"pa_resistencia-r-vinos-cs","157":"pa_resistencia-r-voda","158":"pa_resistencia-r-peroxido-de-hidrogeno-30-vol-cs","159":"pa_resistencia-r-vzduch","160":"pa_resistencia-r-sulfuro-ferrico-cs","161":"pa_resistente-lr-acido-acetico-50-cs","162":"pa_resistente-lr-acido-formico-20-cs","163":"pa_resistente-lr-butylalkohol","164":"pa_resistente-lr-acido-cromico-10-cs","165":"pa_resistente-lr-formaldehido-40-cs","166":"pa_resistente-lr-acido-benzoico-cs","167":"pa_resistente-lr-acido-fluorhidrico-20-cs","168":"pa_resistente-lr-acido-fluorhidrico-30-cs","169":"pa_resistente-lr-acido-formico-10-cs","170":"pa_resistente-lr-acido-acetico-30-cs","171":"pa_resistente-lr-acido-acetico-80-cs","172":"pa_resistente-lr-olej-astm-1","173":"pa_resistente-lr-olej-astm-2","174":"pa_resistente-lr-olej-semena","175":"pa_resistente-lr-ozono-cs","176":"pa_resistente-lr-acido-sulfurico-50-cs","177":"pa_resistente-lr-gas-licuado-de-petroleo-glp-cs","178":"pa_resistente-nr-alcohol-etilico-96-cs","179":"pa_resistente-nr-acetaldehido-cs","180":"pa_resistente-nr-anhidrido-acetico-cs","181":"pa_resistente-nr-acetona-cs","182":"pa_resistente-nr-acetonitrilo-cs","183":"pa_resistente-nr-acido-cloroacetico-cs","184":"pa_resistente-nr-acido-clorosulfonico-conc-cs","185":"pa_resistente-nr-bromuro-de-alquilo-cs","186":"pa_resistente-nr-aldehidos-cs","187":"pa_resistente-nr-esteres-alifaticos-cs","188":"pa_resistente-nr-acetatos-de-alquilo-cs","189":"pa_resistente-nr-alcohol-alilico-2-propenol-1-cs","190":"pa_resistente-nr-amoniaco-gas-cs","191":"pa_resistente-nr-acetato-de-amilo-cs","192":"pa_resistente-nr-hidrocarburos-aromaticos-cs","193":"pa_resistente-nr-benzaldehido-cs","194":"pa_resistente-nr-benceno-cs","195":"pa_resistente-nr-alcohol-bencilico-cs","196":"pa_resistente-nr-bromo-cs","197":"pa_resistente-nr-butanodiol-100-cs","198":"pa_resistente-nr-cloro-100-gas-seco-cs","199":"pa_resistente-nr-cloruro-de-mercurio-cs","200":"pa_resistente-nr-cloroformo-cs","201":"pa_resistente-nr-cloroparafinas-c14-c17-cs","202":"pa_resistente-nr-disolventes-clorados-cs","203":"pa_resistente-nr-tetracloruro-de-carbono2-cs","204":"pa_resistente-nr-cicloalcanos-cs","205":"pa_resistente-nr-cicloalcoholes-cs","206":"pa_resistente-nr-ciclohexano-cs","207":"pa_resistente-nr-ciclohexanona-cs","208":"pa_resistente-nr-ciclocetonas-cs","209":"pa_resistente-nr-dietilcetona-cs","210":"pa_resistente-nr-dimetil-formamida-cs","211":"pa_resistente-nr-sebacato-de-dioctilo-cs","212":"pa_resistente-nr-dioxano-cs","213":"pa_resistente-nr-acido-nitrico-70-cs","214":"pa_resistente-nr-nitrito-sodico-cs","215":"pa_resistente-nr-acetato-de-etilo-cs","216":"pa_resistente-nr-acrilato-de-etilo-cs","217":"pa_resistente-nr-bromuro-de-etileno-cs","218":"pa_resistente-nr-fluoruro-cs","219":"pa_resistente-nr-acido-ftalico-cs","220":"pa_resistente-nr-hexano-cs","221":"pa_resistente-nr-hidracina-cs","222":"pa_resistente-nr-queroseno-cs","223":"pa_resistente-nr-cetonas-cs","224":"pa_resistente-nr-acido-acetico-conc-cs","225":"pa_resistente-nr-cresol-cs","226":"pa_resistente-nr-acido-nitrico-95-cs","227":"pa_resistente-nr-acido-fluorhidrico-40-cs","228":"pa_resistente-nr-acido-fluorhidrico-60-cs","229":"pa_resistente-nr-acido-formico-25-cs","230":"pa_resistente-nr-acido-formico-85-cs","231":"pa_resistente-nr-acido-formico-conc-cs","232":"pa_resistente-nr-acido-oleico-cs","233":"pa_resistente-nr-acido-sulfurico-conc-fuming-cs","234":"pa_resistente-nr-alcohol-etilico-max-conc-cs","235":"pa_resistente-nr-aceites-lubricantes-petroleo-cs","236":"pa_resistente-nr-aceite-mineral-cs","237":"pa_resistente-nr-urea-ad-blue-cs","238":"pa_resistente-nr-urea-30-cs","239":"pa_resistente-nr-gasoleo-y-biodiesel-cs","240":"pa_resistente-nr-aceite-astm-3-cs","241":"pa_resistente-nr-acido-peracetico-cs","242":"pa_resistente-nr-silicona-cs","243":"pa_resistente-nr-acido-sulfurico-70-cs","244":"pa_resistente-nr-acido-sulfurico-80-cs","245":"pa_resistente-nr-acido-sulfurico-96-cs","246":"pa_resistente-nr-acido-sulfurico-98-cs","247":"pa_resistente-nr-fuel-oil-cs","248":"pa_resistente-nr-trimelitato-de-trioctilo-totm-cs","249":"pa_resistente-nr-white-spirit-cs","250":"pa_resistente-sr-50-ethylalkohol","251":"pa_resistente-sr-ftalaty","252":"pa_resistente-sr-whisky-cs","253":"pa_superficie-exterior-hladky","254":"pa_superficie-interior-hladky","255":"pa_temperatura-maxima-oc-60c-cs","256":"pa_temperatura-minima-oc-10c-cs","258":"first","259":"instock","260":"shipping-taxable","261":"product-type-variable"},"_links":{"self":[{"href":"https:\/\/www.espiroflex.com\/cs\/wp-json\/wp\/v2\/product\/24730","targetHints":{"allow":["GET"]}}],"collection":[{"href":"https:\/\/www.espiroflex.com\/cs\/wp-json\/wp\/v2\/product"}],"about":[{"href":"https:\/\/www.espiroflex.com\/cs\/wp-json\/wp\/v2\/types\/product"}],"wp:featuredmedia":[{"embeddable":true,"href":"https:\/\/www.espiroflex.com\/cs\/wp-json\/wp\/v2\/media\/6488"}],"wp:attachment":[{"href":"https:\/\/www.espiroflex.com\/cs\/wp-json\/wp\/v2\/media?parent=24730"}],"wp:term":[{"taxonomy":"product_brand","embeddable":true,"href":"https:\/\/www.espiroflex.com\/cs\/wp-json\/wp\/v2\/product_brand?post=24730"},{"taxonomy":"product_cat","embeddable":true,"href":"https:\/\/www.espiroflex.com\/cs\/wp-json\/wp\/v2\/product_cat?post=24730"},{"taxonomy":"product_tag","embeddable":true,"href":"https:\/\/www.espiroflex.com\/cs\/wp-json\/wp\/v2\/product_tag?post=24730"}],"curies":[{"name":"wp","href":"https:\/\/api.w.org\/{rel}","templated":true}]}}