{"id":24597,"date":"2025-07-22T18:41:48","date_gmt":"2025-11-20T13:49:31","guid":{"rendered":"https:\/\/www.espiroflex.com\/metalpress-milk\/"},"modified":"2025-11-26T08:55:14","modified_gmt":"2025-11-26T07:55:14","slug":"metalpress-milk","status":"publish","type":"product","link":"https:\/\/www.espiroflex.com\/cs\/produkt\/metalpress-milk\/","title":{"rendered":"Metalpress Milk"},"content":{"rendered":"<p>Hadice z termoplastick\u00e9ho kau\u010duku (TPV) s dvojitou textiln\u00ed v\u00fdztuhou a kovovou spir\u00e1lou, ur\u010den\u00e1 pro ods\u00e1v\u00e1n\u00ed a p\u0159e\u010derp\u00e1v\u00e1n\u00ed tu\u010dn\u00fdch potravin\u00e1\u0159sk\u00fdch tekutin, zejm\u00e9na ml\u00e9\u010dn\u00fdch v\u00fdrobk\u016f. Sterilizovateln\u00e1 p\u0159i 90 \u00b0C.<\/p>\n","protected":false},"excerpt":{"rendered":"<p>Hadice z termoplastick\u00e9ho kau\u010duku (TPV) s dvojitou textiln\u00ed v\u00fdztuhou a kovovou spir\u00e1lou, ur\u010den\u00e1 pro ods\u00e1v\u00e1n\u00ed a p\u0159e\u010derp\u00e1v\u00e1n\u00ed tu\u010dn\u00fdch potravin\u00e1\u0159sk\u00fdch tekutin, zejm\u00e9na ml\u00e9\u010dn\u00fdch v\u00fdrobk\u016f. Sterilizovateln\u00e1 p\u0159i 90 \u00b0C.<\/p>\n","protected":false},"featured_media":6305,"template":"","meta":[],"product_brand":[983],"product_cat":[3923,401,420,414,398,419],"product_tag":[],"class_list":{"0":"post-24597","1":"product","2":"type-product","3":"status-publish","4":"has-post-thumbnail","6":"product_brand-metalpress","7":"product_cat-prumyslove","8":"product_cat-sani-kapalin","9":"product_cat-potravinarstvi","10":"product_cat-prumyslove-pouziti","11":"product_cat-pvc-sani-kapalin","12":"product_cat-zemedelstvi","13":"pa_aplicaciones-prumyslove","14":"pa_aplicaciones-potravinarsky","15":"pa_aplicaciones-preprava-mlecnych-vyrobku","16":"pa_color-modra-a-seda","17":"pa_construccion-manguera-ocelova-spiralova-vyztuz-a-vyztuzna-sitovina","18":"pa_diametro-interno-mm-20-0-cs","19":"pa_diametro-interno-mm-25-0-cs","20":"pa_diametro-interno-mm-32-0-cs","21":"pa_diametro-interno-mm-35-0-cs","22":"pa_diametro-interno-mm-38-0-cs","23":"pa_diametro-interno-mm-40-0-cs","24":"pa_diametro-interno-mm-45-0-cs","25":"pa_diametro-interno-mm-51-0-cs","26":"pa_diametro-interno-mm-60-0-cs","27":"pa_diametro-interno-mm-63-0-cs","28":"pa_diametro-interno-mm-76-0-cs","29":"pa_diametro-interno-mm-80-0-cs","30":"pa_diametro-interno-mm-90-0-cs","31":"pa_diametro-interno-mm-102-0-cs","32":"pa_diametro-interno-mm-105-0-cs","33":"pa_diametro-interno-mm-110-0-cs","34":"pa_diametro-interno-mm-120-0-cs","35":"pa_diametro-interno-mm-127-0-cs","36":"pa_diametro-interno-mm-152-0-cs","37":"pa_diametro-interno-pulg-1-3-4-cs","38":"pa_diametro-interno-pulg-1-5-8-cs","39":"pa_diametro-interno-pulg-2-cs","40":"pa_diametro-interno-pulg-2-1-2-cs","41":"pa_diametro-interno-pulg-3-cs","42":"pa_diametro-interno-pulg-3-1-2-cs","43":"pa_diametro-interno-pulg-3-1-8-cs","44":"pa_diametro-interno-pulg-4-cs","45":"pa_diametro-interno-pulg-1-cs","46":"pa_diametro-interno-pulg-1-1-2-cs","47":"pa_diametro-interno-pulg-1-1-4-cs","48":"pa_diametro-interno-pulg-1-3-8-cs","49":"pa_diametro-interno-pulg-2-1-4-cs","50":"pa_diametro-interno-pulg-3-4-cs","51":"pa_diametro-interno-pulg-4-3-4-cs","52":"pa_diametro-interno-pulg-5-3-cs","53":"pa_diametro-interno-pulg-6-3-cs","54":"pa_espesor-total-de-pared-mm-5-0-cs","55":"pa_espesor-total-de-pared-mm-6-0-cs","56":"pa_espesor-total-de-pared-mm-6-5-cs","57":"pa_espesor-total-de-pared-mm-8-0-cs","58":"pa_espesor-total-de-pared-mm-4-0-cs","59":"pa_espesor-total-de-pared-mm-7-0-cs","60":"pa_espesor-total-de-pared-mm-8-5-cs","61":"pa_espesor-total-de-pared-mm-9-0-cs","62":"pa_material-flexible-termoplasticky-kaucuk","63":"pa_material-manguera-tpv-cs","64":"pa_opacidad-nepruhledny","65":"pa_presion-rotura-bar-21-0-cs","66":"pa_presion-rotura-bar-24-0-cs","67":"pa_presion-rotura-bar-27-0-cs","68":"pa_presion-rotura-bar-30-0-cs","69":"pa_presion-rotura-bar-36-0-cs","70":"pa_presion-rotura-bar-42-0-cs","71":"pa_presion-rotura-bar-48-0-cs","72":"pa_refuerzo-polyesterova-tkanina-a-pozinkovana-ocel-cs","73":"pa_resistencia-r-10-ethylalkohol","74":"pa_resistencia-r-40-ethylalkohol","75":"pa_resistencia-r-acido-sulfurico-25-cs","76":"pa_resistencia-r-amylalkohol","77":"pa_resistencia-r-hipoclorito-de-sodio-14-cl2-cs","78":"pa_resistencia-r-cloruro-de-sodio-20-cs","79":"pa_resistencia-r-cloruro-de-calcio-20-cs","80":"pa_resistencia-r-cloruro-de-zinc-20-cs","81":"pa_resistencia-r-ethylalkohol-35","82":"pa_resistencia-r-glicol-de-etileno-cs","83":"pa_resistencia-r-glicerol-cs","84":"pa_resistencia-r-hidroxido-de-amonio-10-cs","85":"pa_resistencia-r-hidroxido-de-amonio-25-cs","86":"pa_resistencia-r-hidroxido-de-amonio-28-cs","87":"pa_resistencia-r-hidroxido-de-amonio-5-cs","88":"pa_resistencia-r-hidroxido-de-potasio-10-cs","89":"pa_resistencia-r-hidroxido-de-potasio-5-cs","90":"pa_resistencia-r-hidroxido-de-sodio-sosa-20-cs","91":"pa_resistencia-r-hidroxido-de-sodio-sosa-5-cs","92":"pa_resistencia-r-acido-clorhidrico-conc-cs","93":"pa_resistencia-r-detergentes-concentrados-cs","94":"pa_resistencia-r-acido-clorhidrico-10-cs","95":"pa_resistencia-r-acido-clorhidrico-20-cs","96":"pa_resistencia-r-acido-clorhidrico-5-cs","97":"pa_resistencia-r-acido-sulfurico-20-cs","98":"pa_resistencia-r-acido-sulfurico-5-cs","99":"pa_resistencia-r-acido-nitrico-10-cs","100":"pa_resistencia-r-acido-nitrico-20-cs","101":"pa_resistencia-r-acido-nitrico-5-cs","102":"pa_resistencia-r-acido-acetico-10-cs","103":"pa_resistencia-r-acido-acetico-3-cs","104":"pa_resistencia-r-acido-acetico-5-cs","105":"pa_resistencia-r-oxigeno-cs","106":"pa_resistencia-r-acido-butirico-20-cs","107":"pa_resistencia-r-methylalkohol-5","108":"pa_resistencia-r-methylalkohol-6","109":"pa_resistencia-r-morska-voda","110":"pa_resistencia-r-nitrogeno-cs","111":"pa_resistencia-r-voda","112":"pa_resistencia-r-vzduch","113":"pa_resistencia-r-1-propanol-cs","114":"pa_resistencia-r-14-dioxan","115":"pa_resistencia-r-2-ethylhexanol","116":"pa_resistencia-r-2-pilorridon","117":"pa_resistencia-r-24-pentandiol","118":"pa_resistencia-r-50-ethylalkohol","119":"pa_resistencia-r-96-ethylalkohol","120":"pa_resistencia-r-akrylonitryl","121":"pa_resistencia-r-allylalkohol-2-propenol-1","122":"pa_resistencia-r-anilina-cs","123":"pa_resistencia-r-butylacetat","124":"pa_resistencia-r-chlorovane-parafiny-c14-c17","125":"pa_resistencia-r-cyklohexanol","126":"pa_resistencia-r-dibutylether","127":"pa_resistencia-r-diethylenglykol","128":"pa_resistencia-r-dietyleter","129":"pa_resistencia-r-dimethylformaldehyd","130":"pa_resistencia-r-dimethylformamid","131":"pa_resistencia-r-dioctyladipat","132":"pa_resistencia-r-dipropylenglykol","133":"pa_resistencia-r-ethylakrylat","134":"pa_resistencia-r-fenol-cs","135":"pa_resistencia-r-formamid","136":"pa_resistencia-r-hydroxid-amonny-30","137":"pa_resistencia-r-kapalny-amoniak","138":"pa_resistencia-r-kaprolakton","139":"pa_resistencia-r-koncentrovana-kyselina-octova","140":"pa_resistencia-r-koncentrovany-hydroxid-amonny","141":"pa_resistencia-r-acido-sulfurico-50-cs","142":"pa_resistencia-r-acido-sulfurico-70-cs","143":"pa_resistencia-r-acido-sulfurico-80-cs","144":"pa_resistencia-r-acido-sulfurico-96-cs","145":"pa_resistencia-r-acido-sulfurico-98-cs","146":"pa_resistencia-r-kyselina-maselna-koncentrovana","147":"pa_resistencia-r-kyselina-mravenci-10","148":"pa_resistencia-r-kyselina-mravenci-20","149":"pa_resistencia-r-kyselina-mravenci-25","150":"pa_resistencia-r-kyselina-mravenci-85","151":"pa_resistencia-r-kyselina-mravenci-koncentrovana","152":"pa_resistencia-r-kyselina-octova-30","153":"pa_resistencia-r-kyselina-octova-50","154":"pa_resistencia-r-kyselina-octova-80","155":"pa_resistencia-r-maximalni-koncentrace-ethylalkoholu","156":"pa_resistencia-r-methylalkohol-50","157":"pa_resistencia-r-methylalkohol-max-koncentrace","158":"pa_resistencia-r-methylmetakrylat","159":"pa_resistencia-r-pyridin","160":"pa_resistencia-r-topny-olej","161":"pa_resistencia-r-trioctyl-trimelitat-totm","162":"pa_resistente-lr-1-nitropropan","163":"pa_resistente-lr-aceton","164":"pa_resistente-lr-acetonitril","165":"pa_resistente-lr-cloreto-de-acetilo","166":"pa_resistente-lr-diisopropyl-ether","167":"pa_resistente-lr-ethylacetat","168":"pa_resistente-lr-furano-cs","169":"pa_resistente-lr-kyselina-dusicna-30","170":"pa_resistente-lr-kyselina-dusicna-50","171":"pa_resistente-lr-methyl-ethylketon","172":"pa_resistente-lr-methyljodid","173":"pa_resistente-lr-mineralni-olej","174":"pa_resistente-lr-propylenoxid","175":"pa_resistente-lr-tetrahydrofuran","176":"pa_resistente-lr-uhlik-disulfid","177":"pa_resistente-lr-zivocisny-olej","178":"pa_resistente-nr-hidrocarburos-aromaticos-cs","179":"pa_resistente-nr-ciclohexano-cs","180":"pa_resistente-nr-acido-nitrico-70-cs","181":"pa_resistente-nr-acido-nitrico-95-cs","182":"pa_resistente-nr-acido-peracetico-cs","183":"pa_resistente-nr-ctyrchlorid-uhliku","184":"pa_resistente-nr-decalina-cs","185":"pa_resistente-nr-dibrommethan","186":"pa_resistente-nr-diisobutylen","187":"pa_resistente-nr-ethylchlorid","188":"pa_resistente-nr-freon-11-chladivo","189":"pa_resistente-nr-freon-12-chladivo","190":"pa_resistente-nr-freon-22-chladivo","191":"pa_resistente-nr-methylenchlorid","192":"pa_resistente-nr-naftalin","193":"pa_resistente-nr-olivovy-olej","194":"pa_resistente-nr-olivovy-olej-cs","195":"pa_resistente-nr-perchloroethylen","196":"pa_resistente-nr-proprionitril","197":"pa_resistente-nr-terpentyn","198":"pa_resistente-nr-transformatorovy-olej","199":"pa_resistente-nr-trichlorethylen","200":"pa_resistente-nr-trichlormethan","201":"pa_resistente-nr-xylen","202":"pa_superficie-exterior-hladky","203":"pa_superficie-interior-hladky","204":"pa_temperatura-maxima-oc-90c-cs","205":"pa_temperatura-minima-oc-30c-cs","206":"pa_vacio-m-h2o-9-0-cs","208":"first","209":"instock","210":"shipping-taxable","211":"product-type-variable"},"_links":{"self":[{"href":"https:\/\/www.espiroflex.com\/cs\/wp-json\/wp\/v2\/product\/24597","targetHints":{"allow":["GET"]}}],"collection":[{"href":"https:\/\/www.espiroflex.com\/cs\/wp-json\/wp\/v2\/product"}],"about":[{"href":"https:\/\/www.espiroflex.com\/cs\/wp-json\/wp\/v2\/types\/product"}],"wp:featuredmedia":[{"embeddable":true,"href":"https:\/\/www.espiroflex.com\/cs\/wp-json\/wp\/v2\/media\/6305"}],"wp:attachment":[{"href":"https:\/\/www.espiroflex.com\/cs\/wp-json\/wp\/v2\/media?parent=24597"}],"wp:term":[{"taxonomy":"product_brand","embeddable":true,"href":"https:\/\/www.espiroflex.com\/cs\/wp-json\/wp\/v2\/product_brand?post=24597"},{"taxonomy":"product_cat","embeddable":true,"href":"https:\/\/www.espiroflex.com\/cs\/wp-json\/wp\/v2\/product_cat?post=24597"},{"taxonomy":"product_tag","embeddable":true,"href":"https:\/\/www.espiroflex.com\/cs\/wp-json\/wp\/v2\/product_tag?post=24597"}],"curies":[{"name":"wp","href":"https:\/\/api.w.org\/{rel}","templated":true}]}}