{"id":24564,"date":"2025-07-22T18:41:38","date_gmt":"2025-11-20T13:44:15","guid":{"rendered":"https:\/\/www.espiroflex.com\/metalpress-food\/"},"modified":"2025-11-26T08:51:08","modified_gmt":"2025-11-26T07:51:08","slug":"metalpress-food","status":"publish","type":"product","link":"https:\/\/www.espiroflex.com\/cs\/produkt\/metalpress-food\/","title":{"rendered":"Metalpress Food"},"content":{"rendered":"<p>Hadice z PVC bez ftal\u00e1t\u016f s dvojitou v\u00fdztuhou, textiln\u00ed a kovovou spir\u00e1lou, ur\u010den\u00e1 pro ods\u00e1v\u00e1n\u00ed a p\u0159e\u010derp\u00e1v\u00e1n\u00ed potravin\u00e1\u0159sk\u00fdch a alkoholick\u00fdch tekutin do 50 \u00b0C, stejn\u011b jako ml\u00e9\u010dn\u00fdch v\u00fdrobk\u016f.<\/p>\n","protected":false},"excerpt":{"rendered":"<p>Hadice z PVC bez ftal\u00e1t\u016f s dvojitou v\u00fdztuhou, textiln\u00ed a kovovou spir\u00e1lou, ur\u010den\u00e1 pro ods\u00e1v\u00e1n\u00ed a p\u0159e\u010derp\u00e1v\u00e1n\u00ed potravin\u00e1\u0159sk\u00fdch a alkoholick\u00fdch tekutin do 50 \u00b0C, stejn\u011b jako ml\u00e9\u010dn\u00fdch v\u00fdrobk\u016f.<\/p>\n","protected":false},"featured_media":6297,"template":"","meta":[],"product_brand":[983],"product_cat":[3923,401,420,414,395,398,419],"product_tag":[],"class_list":{"0":"post-24564","1":"product","2":"type-product","3":"status-publish","4":"has-post-thumbnail","6":"product_brand-metalpress","7":"product_cat-prumyslove","8":"product_cat-sani-kapalin","9":"product_cat-potravinarstvi","10":"product_cat-prumyslove-pouziti","11":"product_cat-pvc-hadice","12":"product_cat-pvc-sani-kapalin","13":"product_cat-zemedelstvi","14":"pa_aplicaciones-prumyslove","15":"pa_aplicaciones-agricultural","16":"pa_aplicaciones-plavba-lodi","17":"pa_aplicaciones-potravinarsky","18":"pa_aplicaciones-preprava-vina","19":"pa_color-przezroczysty-cs","20":"pa_construccion-manguera-ocelova-spiralova-vyztuz-a-vyztuzna-sitovina","21":"pa_diametro-interno-mm-19-0-cs","22":"pa_diametro-interno-mm-25-0-cs","23":"pa_diametro-interno-mm-32-0-cs","24":"pa_diametro-interno-mm-35-0-cs","25":"pa_diametro-interno-mm-38-0-cs","26":"pa_diametro-interno-mm-40-0-cs","27":"pa_diametro-interno-mm-45-0-cs","28":"pa_diametro-interno-mm-51-0-cs","29":"pa_diametro-interno-mm-60-0-cs","30":"pa_diametro-interno-mm-63-0-cs","31":"pa_diametro-interno-mm-76-0-cs","32":"pa_diametro-interno-mm-90-0-cs","33":"pa_diametro-interno-mm-102-0-cs","34":"pa_diametro-interno-mm-105-0-cs","35":"pa_diametro-interno-mm-110-0-cs","36":"pa_diametro-interno-mm-120-0-cs","37":"pa_diametro-interno-mm-127-0-cs","38":"pa_diametro-interno-mm-152-0-cs","39":"pa_diametro-interno-pulg-1-3-4-cs","40":"pa_diametro-interno-pulg-1-5-8-cs","41":"pa_diametro-interno-pulg-2-cs","42":"pa_diametro-interno-pulg-2-1-2-cs","43":"pa_diametro-interno-pulg-3-cs","44":"pa_diametro-interno-pulg-3-1-2-cs","45":"pa_diametro-interno-pulg-4-cs","46":"pa_diametro-interno-pulg-1-cs","47":"pa_diametro-interno-pulg-1-1-2-cs","48":"pa_diametro-interno-pulg-1-1-4-cs","49":"pa_diametro-interno-pulg-1-3-8-cs","50":"pa_diametro-interno-pulg-2-1-4-cs","51":"pa_diametro-interno-pulg-3-4-2-cs","52":"pa_diametro-interno-pulg-4-3-4-cs","53":"pa_diametro-interno-pulg-5-3-cs","54":"pa_diametro-interno-pulg-6-3-cs","55":"pa_espesor-total-de-pared-mm-4-5-cs","56":"pa_espesor-total-de-pared-mm-5-0-cs","57":"pa_espesor-total-de-pared-mm-6-0-cs","58":"pa_espesor-total-de-pared-mm-6-5-cs","59":"pa_espesor-total-de-pared-mm-8-0-cs","60":"pa_espesor-total-de-pared-mm-7-0-cs","61":"pa_espesor-total-de-pared-mm-8-5-cs","62":"pa_espesor-total-de-pared-mm-9-0-cs","63":"pa_material-flexible-flexibilni-pvc","64":"pa_material-manguera-pvc-cs","65":"pa_opacidad-prusvitny","66":"pa_presion-rotura-bar-21-0-cs","67":"pa_presion-rotura-bar-24-0-cs","68":"pa_presion-rotura-bar-27-0-cs","69":"pa_presion-rotura-bar-30-0-cs","70":"pa_presion-rotura-bar-36-0-cs","71":"pa_presion-rotura-bar-42-0-cs","72":"pa_presion-rotura-bar-48-0-cs","73":"pa_refuerzo-polyesterova-tkanina-a-pozinkovana-ocel","74":"pa_resistencia-r-10-ethylalkohol","75":"pa_resistencia-r-40-ethylalkohol","76":"pa_resistencia-r-acetat-vapenaty","77":"pa_resistencia-r-kyselina-stavelova","78":"pa_resistencia-r-acido-sulfurico-25-cs","79":"pa_resistencia-r-sulfuro-de-amonio-cs","80":"pa_resistencia-r-nitrato-de-amonio-sol-sat-cs","81":"pa_resistencia-r-amylalkohol","82":"pa_resistencia-r-tricloruro-de-antimonio-cs","83":"pa_resistencia-r-bisulfato-sodico-cs","84":"pa_resistencia-r-bisulfato-calcico-cs","85":"pa_resistencia-r-bisulfatos-y-bisulfatos-met-cs","86":"pa_resistencia-r-borax-5-cs","87":"pa_resistencia-r-borax-conc-cs","88":"pa_resistencia-r-hipoclorito-de-sodio-14-cl2-cs","89":"pa_resistencia-r-hipoclorito-de-sodio-15-cl2-cs","90":"pa_resistencia-r-cloruro-de-sodio-20-cs","91":"pa_resistencia-r-cloruro-de-sodio-25-cs","92":"pa_resistencia-r-hipoclorito-de-calcio-cs","93":"pa_resistencia-r-cloruro-de-calcio-20-cs","94":"pa_resistencia-r-cloruro-de-calcio-25-cs","95":"pa_resistencia-r-cloruro-de-calcio-sol-sat-cs","96":"pa_resistencia-r-cloruro-ferrico-cs","97":"pa_resistencia-r-cloruro-de-zinc-20-cs","98":"pa_resistencia-r-dextrina-cs","99":"pa_resistencia-r-dextrosa-cs","100":"pa_resistencia-r-dicromato-de-potasio-40-cs","101":"pa_resistencia-r-dicromato-de-potasio-todas-conc-cs","102":"pa_resistencia-r-dodecanol-cs","103":"pa_resistencia-r-nitrato-sodico-cs","104":"pa_resistencia-r-potasio-cs","105":"pa_resistencia-r-nitrato-de-amonio-25-cs","106":"pa_resistencia-r-emulsionantes-cs","107":"pa_resistencia-r-ethylalkohol-35","108":"pa_resistencia-r-glicol-de-etileno-cs","109":"pa_resistencia-r-formaldehido-30-cs","110":"pa_resistencia-r-formaldehido-37-cs","111":"pa_resistencia-r-fructosa-cs","112":"pa_resistencia-r-glicerina-cs","113":"pa_resistencia-r-glicerol-cs","114":"pa_resistencia-r-acetato-de-aluminio-cs","115":"pa_resistencia-r-silicatos-aluminicos-cs","116":"pa_resistencia-r-hidroquinona-cs","117":"pa_resistencia-r-hidroxido-de-amonio-10-cs","118":"pa_resistencia-r-hidroxido-de-amonio-25-cs","119":"pa_resistencia-r-hidroxido-de-amonio-28-cs","120":"pa_resistencia-r-hidroxido-de-amonio-5-cs","121":"pa_resistencia-r-hidroxido-de-potasio-10-cs","122":"pa_resistencia-r-hidroxido-de-potasio-5-cs","123":"pa_resistencia-r-hidroxido-de-potasio-50-cs","124":"pa_resistencia-r-hidroxido-de-potasio-conc-cs","125":"pa_resistencia-r-hidroxido-de-aluminio-cs","126":"pa_resistencia-r-hidroxido-de-sodio-sosa-10-cs","127":"pa_resistencia-r-hidroxido-de-sodio-sosa-20-cs","128":"pa_resistencia-r-hidroxido-de-sodio-sosa-5-cs","129":"pa_resistencia-r-hidroxido-de-calcio-cs","130":"pa_resistencia-r-isobutylalkohol","131":"pa_resistencia-r-isopropylalkohol","132":"pa_resistencia-r-sidra-cs","133":"pa_resistencia-r-silicatos-potasicos-cs","134":"pa_resistencia-r-alumbre-cs","135":"pa_resistencia-r-caseina-cs","136":"pa_resistencia-r-acido-borico-conc-cs","137":"pa_resistencia-r-acido-clorhidrico-conc-cs","138":"pa_resistencia-r-acido-carbonico-conc-cs","139":"pa_resistencia-r-detergentes-concentrados-cs","140":"pa_resistencia-r-cloruro-de-sodio-conc-cs","141":"pa_resistencia-r-cloruro-de-zinc-conc-cs","142":"pa_resistencia-r-acido-clorhidrico-10-cs","143":"pa_resistencia-r-acido-clorhidrico-20-cs","144":"pa_resistencia-r-acido-clorhidrico-22-cs","145":"pa_resistencia-r-acido-clorhidrico-5-cs","146":"pa_resistencia-r-acido-sulfurico-20-cs","147":"pa_resistencia-r-acido-sulfurico-5-cs","148":"pa_resistencia-r-acido-adipico-cs","149":"pa_resistencia-r-acido-borico-10-cs","150":"pa_resistencia-r-acido-borico-5-cs","151":"pa_resistencia-r-acido-bromhidrico-sol-acu-30-cs","152":"pa_resistencia-r-acido-bromhidrico-sol-acu-50-cs","153":"pa_resistencia-r-acido-cromico-5-cs","154":"pa_resistencia-r-acido-citrico-5-cs","155":"pa_resistencia-r-acido-nitrico-10-cs","156":"pa_resistencia-r-acido-nitrico-20-cs","157":"pa_resistencia-r-acido-nitrico-30-cs","158":"pa_resistencia-r-acido-nitrico-5-cs","159":"pa_resistencia-r-acido-nitrico-50-cs","160":"pa_resistencia-r-acido-fluorhidrico-4-cs","161":"pa_resistencia-r-acido-fosforico-20-cs","162":"pa_resistencia-r-acido-fosforico-30-cs","163":"pa_resistencia-r-acido-fosforico-5-cs","164":"pa_resistencia-r-acido-hiplocoroso-20-cs","165":"pa_resistencia-r-acido-hiplocoroso-sol-acu-conc-cs","166":"pa_resistencia-r-acido-lactico-sol-acu-10-cs","167":"pa_resistencia-r-acido-lactico-sol-acu-3-cs","168":"pa_resistencia-r-acido-acetico-10-cs","169":"pa_resistencia-r-acido-acetico-3-cs","170":"pa_resistencia-r-acido-acetico-5-cs","171":"pa_resistencia-r-acido-estearico-cs","172":"pa_resistencia-r-acido-carbonico-5-cs","173":"pa_resistencia-r-oxigeno-cs","174":"pa_resistencia-r-lanolina-cs","175":"pa_resistencia-r-manganato-potasico-cs","176":"pa_resistencia-r-acido-butirico-20-cs","177":"pa_resistencia-r-acidos-grasos-c6-cs","178":"pa_resistencia-r-methylalkohol-5","179":"pa_resistencia-r-methylalkohol-6","180":"pa_resistencia-r-morska-voda","181":"pa_resistencia-r-nitrogeno-cs","182":"pa_resistencia-r-vinagre-cs","183":"pa_resistencia-r-anhidrido-carbonico-cs","184":"pa_resistencia-r-dioxido-de-carbono-cs","185":"pa_resistencia-r-oxidos-sulfurosos-cs","186":"pa_resistencia-r-parafina-cs","187":"pa_resistencia-r-perborato-sodico-cs","188":"pa_resistencia-r-permanganatos-potasico-10-cs","189":"pa_resistencia-r-persulfato-de-amonio-cs","190":"pa_resistencia-r-cerveza-cs","191":"pa_resistencia-r-plomotetraetilo-cs","192":"pa_resistencia-r-sulfuro-de-hidrogeno-gaseoso-cs","193":"pa_resistencia-r-hipoclorito-de-sodio-sol-sat-cs","194":"pa_resistencia-r-anhidrido-sulfuroso-cs","195":"pa_resistencia-r-azufre-cs","196":"pa_resistencia-r-sulfuro-de-bario-cs","197":"pa_resistencia-r-cianuro-de-sodio-cs","198":"pa_resistencia-r-silicatos-sodicos-cs","199":"pa_resistencia-r-sodny-acetat","200":"pa_resistencia-r-tanino-cs","201":"pa_resistencia-r-jabones-liquidos-cs","202":"pa_resistencia-r-carbonato-de-amonio-cs","203":"pa_resistencia-r-carbonato-magnesico-cs","204":"pa_resistencia-r-carbonato-de-sodio-cs","205":"pa_resistencia-r-carbonato-calcico-cs","206":"pa_resistencia-r-vinos-cs","207":"pa_resistencia-r-voda","208":"pa_resistencia-r-peroxido-de-hidrogeno-30-vol-cs","209":"pa_resistencia-r-vzduch","210":"pa_resistencia-r-sulfuro-ferrico-cs","211":"pa_resistente-lr-acido-acetico-50-cs","212":"pa_resistente-lr-acido-formico-20-cs","213":"pa_resistente-lr-butylalkohol","214":"pa_resistente-lr-acido-cromico-10-cs","215":"pa_resistente-lr-formaldehido-40-cs","216":"pa_resistente-lr-acido-benzoico-cs","217":"pa_resistente-lr-acido-fluorhidrico-20-cs","218":"pa_resistente-lr-acido-fluorhidrico-30-cs","219":"pa_resistente-lr-acido-formico-10-cs","220":"pa_resistente-lr-acido-acetico-30-cs","221":"pa_resistente-lr-acido-acetico-80-cs","222":"pa_resistente-lr-olej-astm-1","223":"pa_resistente-lr-olej-astm-2","224":"pa_resistente-lr-olej-semena","225":"pa_resistente-lr-ozono-cs","226":"pa_resistente-lr-acido-sulfurico-50-cs","227":"pa_resistente-lr-gas-licuado-de-petroleo-glp-cs","228":"pa_resistente-nr-alcohol-etilico-96-cs","229":"pa_resistente-nr-acetaldehido-cs","230":"pa_resistente-nr-anhidrido-acetico-cs","231":"pa_resistente-nr-acetona-cs","232":"pa_resistente-nr-acetonitrilo-cs","233":"pa_resistente-nr-acido-cloroacetico-cs","234":"pa_resistente-nr-acido-clorosulfonico-conc-cs","235":"pa_resistente-nr-bromuro-de-alquilo-cs","236":"pa_resistente-nr-aldehidos-cs","237":"pa_resistente-nr-esteres-alifaticos-cs","238":"pa_resistente-nr-acetatos-de-alquilo-cs","239":"pa_resistente-nr-alcohol-alilico-2-propenol-1-cs","240":"pa_resistente-nr-amoniaco-gas-cs","241":"pa_resistente-nr-acetato-de-amilo-cs","242":"pa_resistente-nr-hidrocarburos-aromaticos-cs","243":"pa_resistente-nr-benzaldehido-cs","244":"pa_resistente-nr-benceno-cs","245":"pa_resistente-nr-alcohol-bencilico-cs","246":"pa_resistente-nr-bromo-cs","247":"pa_resistente-nr-butanodiol-100-cs","248":"pa_resistente-nr-cloro-100-gas-seco-cs","249":"pa_resistente-nr-cloruro-de-mercurio-cs","250":"pa_resistente-nr-cloroformo-cs","251":"pa_resistente-nr-cloroparafinas-c14-c17-cs","252":"pa_resistente-nr-disolventes-clorados-cs","253":"pa_resistente-nr-tetracloruro-de-carbono2-cs","254":"pa_resistente-nr-cicloalcanos-cs","255":"pa_resistente-nr-cicloalcoholes-cs","256":"pa_resistente-nr-ciclohexano-cs","257":"pa_resistente-nr-ciclohexanona-cs","258":"pa_resistente-nr-ciclocetonas-cs","259":"pa_resistente-nr-dietilcetona-cs","260":"pa_resistente-nr-dimetil-formamida-cs","261":"pa_resistente-nr-sebacato-de-dioctilo-cs","262":"pa_resistente-nr-dioxano-cs","263":"pa_resistente-nr-acido-nitrico-70-cs","264":"pa_resistente-nr-nitrito-sodico-cs","265":"pa_resistente-nr-acetato-de-etilo-cs","266":"pa_resistente-nr-acrilato-de-etilo-cs","267":"pa_resistente-nr-bromuro-de-etileno-cs","268":"pa_resistente-nr-fluoruro-cs","269":"pa_resistente-nr-acido-ftalico-cs","270":"pa_resistente-nr-hexano-cs","271":"pa_resistente-nr-hidracina-cs","272":"pa_resistente-nr-queroseno-cs","273":"pa_resistente-nr-cetonas-cs","274":"pa_resistente-nr-acido-acetico-conc-cs","275":"pa_resistente-nr-cresol-cs","276":"pa_resistente-nr-acido-nitrico-95-cs","277":"pa_resistente-nr-acido-fluorhidrico-40-cs","278":"pa_resistente-nr-acido-fluorhidrico-60-cs","279":"pa_resistente-nr-acido-formico-25-cs","280":"pa_resistente-nr-acido-formico-85-cs","281":"pa_resistente-nr-acido-formico-conc-cs","282":"pa_resistente-nr-acido-oleico-cs","283":"pa_resistente-nr-acido-sulfurico-conc-fuming-cs","284":"pa_resistente-nr-alcohol-etilico-max-conc-cs","285":"pa_resistente-nr-aceites-lubricantes-petroleo-cs","286":"pa_resistente-nr-aceite-mineral-cs","287":"pa_resistente-nr-urea-ad-blue-cs","288":"pa_resistente-nr-urea-30-cs","289":"pa_resistente-nr-gasoleo-y-biodiesel-cs","290":"pa_resistente-nr-aceite-astm-3-cs","291":"pa_resistente-nr-acido-peracetico-cs","292":"pa_resistente-nr-silicona-cs","293":"pa_resistente-nr-acido-sulfurico-70-cs","294":"pa_resistente-nr-acido-sulfurico-80-cs","295":"pa_resistente-nr-acido-sulfurico-96-cs","296":"pa_resistente-nr-acido-sulfurico-98-cs","297":"pa_resistente-nr-fuel-oil-cs","298":"pa_resistente-nr-trimelitato-de-trioctilo-totm-cs","299":"pa_resistente-nr-white-spirit-cs","300":"pa_resistente-sr-50-ethylalkohol","301":"pa_resistente-sr-ftalaty","302":"pa_resistente-sr-whisky-cs","303":"pa_superficie-exterior-hladky","304":"pa_superficie-interior-hladky","305":"pa_temperatura-maxima-oc-60c-cs","306":"pa_temperatura-minima-oc-25c-cs","307":"pa_vacio-m-h2o-9-0-cs","309":"first","310":"instock","311":"shipping-taxable","312":"product-type-variable"},"_links":{"self":[{"href":"https:\/\/www.espiroflex.com\/cs\/wp-json\/wp\/v2\/product\/24564","targetHints":{"allow":["GET"]}}],"collection":[{"href":"https:\/\/www.espiroflex.com\/cs\/wp-json\/wp\/v2\/product"}],"about":[{"href":"https:\/\/www.espiroflex.com\/cs\/wp-json\/wp\/v2\/types\/product"}],"wp:featuredmedia":[{"embeddable":true,"href":"https:\/\/www.espiroflex.com\/cs\/wp-json\/wp\/v2\/media\/6297"}],"wp:attachment":[{"href":"https:\/\/www.espiroflex.com\/cs\/wp-json\/wp\/v2\/media?parent=24564"}],"wp:term":[{"taxonomy":"product_brand","embeddable":true,"href":"https:\/\/www.espiroflex.com\/cs\/wp-json\/wp\/v2\/product_brand?post=24564"},{"taxonomy":"product_cat","embeddable":true,"href":"https:\/\/www.espiroflex.com\/cs\/wp-json\/wp\/v2\/product_cat?post=24564"},{"taxonomy":"product_tag","embeddable":true,"href":"https:\/\/www.espiroflex.com\/cs\/wp-json\/wp\/v2\/product_tag?post=24564"}],"curies":[{"name":"wp","href":"https:\/\/api.w.org\/{rel}","templated":true}]}}