{"id":24535,"date":"2025-07-22T19:06:15","date_gmt":"2025-11-20T13:25:27","guid":{"rendered":"https:\/\/www.espiroflex.com\/mallatrans\/"},"modified":"2026-02-12T14:31:00","modified_gmt":"2026-02-12T13:31:00","slug":"mallatrans","status":"publish","type":"product","link":"https:\/\/www.espiroflex.com\/cs\/produkt\/mallatrans\/","title":{"rendered":"MALLATRANS"},"content":{"rendered":"<p>V\u00edcevrstv\u00e1 hadice z plastifikovan\u00e9ho transparentn\u00edho PVC, vyztu\u017een\u00e1 polyesterovou s\u00edt\u00ed, speci\u00e1ln\u011b ur\u010den\u00e1 pro p\u0159e\u010derp\u00e1v\u00e1n\u00ed potravin\u00e1\u0159sk\u00fdch kapalin. Velmi snadno ovladateln\u00e1. Dobr\u00e1 chemick\u00e1 odolnost podle tabulky odolnosti PVC. Velmi flexibiln\u00ed, vysoce kvalitn\u00ed hadice, vyztu\u017een\u00e1 uvnit\u0159 polyesterovou s\u00edt\u00ed pro odolnost v\u016f\u010di vysok\u00e9mu pracovn\u00edmu tlaku a odolnost proti prasknut\u00ed p\u0159i nata\u017een\u00ed.<\/p>\n","protected":false},"excerpt":{"rendered":"<p>V\u00edcevrstv\u00e1 hadice z plastifikovan\u00e9ho transparentn\u00edho PVC, vyztu\u017een\u00e1 polyesterovou s\u00edt\u00ed, speci\u00e1ln\u011b ur\u010den\u00e1 pro p\u0159e\u010derp\u00e1v\u00e1n\u00ed potravin\u00e1\u0159sk\u00fdch kapalin. Velmi snadno ovladateln\u00e1. Dobr\u00e1 chemick\u00e1 odolnost podle tabulky odolnosti PVC. Velmi flexibiln\u00ed, vysoce kvalitn\u00ed hadice, vyztu\u017een\u00e1 uvnit\u0159 polyesterovou s\u00edt\u00ed pro odolnost v\u016f\u010di vysok\u00e9mu pracovn\u00edmu tlaku a odolnost proti prasknut\u00ed p\u0159i nata\u017een\u00ed.<\/p>\n","protected":false},"featured_media":27340,"template":"","meta":[],"product_brand":[993],"product_cat":[3923,404,420,414,395,399,419],"product_tag":[],"class_list":{"0":"post-24535","1":"product","2":"type-product","3":"status-publish","4":"has-post-thumbnail","6":"product_brand-mallatrans","7":"product_cat-prumyslove","8":"product_cat-tlakove-hadice","9":"product_cat-potravinarstvi","10":"product_cat-prumyslove-pouziti","11":"product_cat-pvc-hadice","12":"product_cat-pvc-prace-pod-tlakem","13":"product_cat-zemedelstvi","14":"pa_aplicaciones-prumyslove","15":"pa_aplicaciones-potravinarsky","16":"pa_diametro-interno-mm-6-0-cs","17":"pa_diametro-interno-mm-8-0-cs","18":"pa_diametro-interno-mm-10-0-cs","19":"pa_diametro-interno-mm-12-0-cs","20":"pa_diametro-interno-mm-15-0-cs","21":"pa_diametro-interno-mm-19-0-cs","22":"pa_diametro-interno-mm-20-0-cs","23":"pa_diametro-interno-mm-25-0-cs","24":"pa_diametro-interno-mm-30-0-cs","25":"pa_diametro-interno-mm-40-0-cs","26":"pa_diametro-interno-mm-51-0-cs","27":"pa_diametro-interno-pulg-1-5-8-cs","28":"pa_diametro-interno-pulg-2-cs","29":"pa_diametro-interno-pulg-1-cs","30":"pa_diametro-interno-pulg-1-1-4-cs","31":"pa_diametro-interno-pulg-1-2-cs","32":"pa_diametro-interno-pulg-1-4-cs","33":"pa_diametro-interno-pulg-3-4-cs","34":"pa_diametro-interno-pulg-3-8-cs","35":"pa_diametro-interno-pulg-5-16-cs","36":"pa_diametro-interno-pulg-5-8-cs","37":"pa_espesor-total-de-pared-mm-4-5-cs","38":"pa_espesor-total-de-pared-mm-5-0-cs","39":"pa_espesor-total-de-pared-mm-6-0-cs","40":"pa_espesor-total-de-pared-mm-1-5-cs","41":"pa_espesor-total-de-pared-mm-2-0-cs","42":"pa_espesor-total-de-pared-mm-2-5-cs","43":"pa_espesor-total-de-pared-mm-3-0-cs","44":"pa_espesor-total-de-pared-mm-3-5-cs","45":"pa_material-flexible-pvc-cs","46":"pa_opacidad-pruhledny","47":"pa_presion-rotura-bar-15-0-cs","48":"pa_presion-rotura-bar-18-0-cs","49":"pa_presion-rotura-bar-21-0-cs","50":"pa_presion-rotura-bar-30-0-cs","51":"pa_presion-rotura-bar-45-0-cs","52":"pa_refuerzo-polyesterova-nit","53":"pa_superficie-exterior-hladky","54":"pa_superficie-interior-hladky","55":"pa_temperatura-maxima-oc-60c-cs","56":"pa_temperatura-minima-oc-10c-cs","58":"first","59":"instock","60":"shipping-taxable","61":"product-type-variable"},"_links":{"self":[{"href":"https:\/\/www.espiroflex.com\/cs\/wp-json\/wp\/v2\/product\/24535","targetHints":{"allow":["GET"]}}],"collection":[{"href":"https:\/\/www.espiroflex.com\/cs\/wp-json\/wp\/v2\/product"}],"about":[{"href":"https:\/\/www.espiroflex.com\/cs\/wp-json\/wp\/v2\/types\/product"}],"wp:featuredmedia":[{"embeddable":true,"href":"https:\/\/www.espiroflex.com\/cs\/wp-json\/wp\/v2\/media\/27340"}],"wp:attachment":[{"href":"https:\/\/www.espiroflex.com\/cs\/wp-json\/wp\/v2\/media?parent=24535"}],"wp:term":[{"taxonomy":"product_brand","embeddable":true,"href":"https:\/\/www.espiroflex.com\/cs\/wp-json\/wp\/v2\/product_brand?post=24535"},{"taxonomy":"product_cat","embeddable":true,"href":"https:\/\/www.espiroflex.com\/cs\/wp-json\/wp\/v2\/product_cat?post=24535"},{"taxonomy":"product_tag","embeddable":true,"href":"https:\/\/www.espiroflex.com\/cs\/wp-json\/wp\/v2\/product_tag?post=24535"}],"curies":[{"name":"wp","href":"https:\/\/api.w.org\/{rel}","templated":true}]}}